 {"id":1009,"date":"2021-12-06T10:00:22","date_gmt":"2021-12-06T13:00:22","guid":{"rendered":"https:\/\/www.justiciasantafe.gov.ar\/?page_id=1009"},"modified":"2025-12-01T06:27:14","modified_gmt":"2025-12-01T09:27:14","slug":"comunicacion-electronica-interjurisdiccional","status":"publish","type":"page","link":"https:\/\/www.justiciasantafe.gov.ar\/index.php\/poder-judicial\/inicio\/servicios-y-comunicaciones\/comunicacion-electronica-interjurisdiccional\/","title":{"rendered":"Comunicaci\u00f3n Electr\u00f3nica Interjurisdiccional"},"content":{"rendered":"<div class=\"row\"  id=\"row-1331099840\">\n\n\t<div id=\"col-1133017319\" class=\"col small-12 large-12\"  >\n\t\t\t\t<div class=\"col-inner\"  >\n\t\t\t\n\t\t\t\n<p>&nbsp;<\/p>\n<ul>\n<li><strong><a href=\"https:\/\/www.justiciasantafe.gov.ar\/wp-content\/uploads\/2021\/12\/Acordada20Poder20Judicial20de20Santa20Fe20-20AdhesiC3B3n20a20la20ActualizaciC3B3n20del20Convenio20de20ComunicaciC3B3n20ElectrC3B3nica20Interjurisdiccional2028ley2022.17229.pdf\" target=\"_blank\" rel=\"noopener\">Acordada Poder Judicial de Santa Fe &#8211; Adhesi\u00f3n a la Actualizaci\u00f3n del Convenio de Comunicaci\u00f3n Electr\u00f3nica Interjurisdiccional (ley 22.172)<\/a><\/strong><\/li>\n<\/ul>\n<p>&nbsp;<\/p>\n<ul>\n<li><strong><a href=\"https:\/\/www.justiciasantafe.gov.ar\/wp-content\/uploads\/2021\/12\/ActualizaciC3B3n20del20Convenio20de20ComunicaciC3B3n20ElectrC3B3nica20Interjurisdiccional20-20Jufejus.pdf\" target=\"_blank\" rel=\"noopener\">Actualizaci\u00f3n del Convenio de Comunicaci\u00f3n Electr\u00f3nica Interjurisdiccional &#8211; Jufejus<\/a><\/strong><\/li>\n<\/ul>\n<p>&nbsp;<\/p>\n<ul>\n<li><strong><a href=\"https:\/\/www.justiciasantafe.gov.ar\/wp-content\/uploads\/2021\/12\/Circular20NC2B02020-2016.pdf\" target=\"_blank\" rel=\"noopener\">Circular N\u00b0 20\/2016\u00a0<\/a><\/strong><\/li>\n<\/ul>\n<p>&nbsp;<\/p>\n<ul>\n<li><strong><a href=\"https:\/\/www.justiciasantafe.gov.ar\/index.php\/poder-judicial\/inicio\/comunicacion-electronica-interjurisdiccional\/poderes-judiciales-adheridos\/\" target=\"_blank\" rel=\"noopener\">Poderes Judiciales Adheridos<\/a><\/strong><\/li>\n<\/ul>\n<p>&nbsp;<\/p>\n<ul>\n<li><strong><a href=\"https:\/\/www.justiciasantafe.gov.ar\/index.php\/circulares\/circular-nro-116-puesta-en-funcionamiento-del-bus-federal-de-justicia-en-el-poder-judicial-de-santa-fe\/\" target=\"_blank\" rel=\"noopener\">Circular N\u00b0 116\/2025<\/a><\/strong><\/li>\n<\/ul>\n<p>&nbsp;<\/p>\n<ul>\n<li><strong><a href=\"https:\/\/www.justiciasantafe.gov.ar\/wp-content\/uploads\/2025\/12\/Guia-de-tramites-Bus-Federal-SANTA-FE.pdf\">Poder Judicial de Santa Fe &#8211; Gu\u00eda de Tr\u00e1mites \u2013 Bus Federal de Justicia<\/a><\/strong><\/li>\n<\/ul>\n\t\t<\/div>\n\t\t\t\t\t<\/div>\n\n\t\n<\/div>\n<div class=\"gsp_post_data\" data-post_type=\"page\" data-cat=\"\" data-modified=\"120\" data-title=\"Comunicaci\u00f3n Electr\u00f3nica Interjurisdiccional\" data-home=\"https:\/\/www.justiciasantafe.gov.ar\"><\/div>","protected":false},"excerpt":{"rendered":"","protected":false},"author":1,"featured_media":0,"parent":11199,"menu_order":0,"comment_status":"closed","ping_status":"closed","template":"","meta":{"_acf_changed":false,"footnotes":""},"class_list":["post-1009","page","type-page","status-publish","hentry"],"acf":[],"_links":{"self":[{"href":"https:\/\/www.justiciasantafe.gov.ar\/index.php\/wp-json\/wp\/v2\/pages\/1009","targetHints":{"allow":["GET"]}}],"collection":[{"href":"https:\/\/www.justiciasantafe.gov.ar\/index.php\/wp-json\/wp\/v2\/pages"}],"about":[{"href":"https:\/\/www.justiciasantafe.gov.ar\/index.php\/wp-json\/wp\/v2\/types\/page"}],"author":[{"embeddable":true,"href":"https:\/\/www.justiciasantafe.gov.ar\/index.php\/wp-json\/wp\/v2\/users\/1"}],"replies":[{"embeddable":true,"href":"https:\/\/www.justiciasantafe.gov.ar\/index.php\/wp-json\/wp\/v2\/comments?post=1009"}],"version-history":[{"count":0,"href":"https:\/\/www.justiciasantafe.gov.ar\/index.php\/wp-json\/wp\/v2\/pages\/1009\/revisions"}],"up":[{"embeddable":true,"href":"https:\/\/www.justiciasantafe.gov.ar\/index.php\/wp-json\/wp\/v2\/pages\/11199"}],"wp:attachment":[{"href":"https:\/\/www.justiciasantafe.gov.ar\/index.php\/wp-json\/wp\/v2\/media?parent=1009"}],"curies":[{"name":"wp","href":"https:\/\/api.w.org\/{rel}","templated":true}]}}