 {"id":1021,"date":"2021-12-06T10:21:45","date_gmt":"2021-12-06T13:21:45","guid":{"rendered":"https:\/\/www.justiciasantafe.gov.ar\/?page_id=1021"},"modified":"2023-11-02T09:02:18","modified_gmt":"2023-11-02T12:02:18","slug":"la-corte-suprema-aportara-el-50-de-sus-salarios-para-la-emergencia","status":"publish","type":"page","link":"https:\/\/www.justiciasantafe.gov.ar\/index.php\/poder-judicial\/inicio\/coronavirus-covid-19\/la-corte-suprema-aportara-el-50-de-sus-salarios-para-la-emergencia\/","title":{"rendered":"LA CORTE SUPREMA APORTAR\u00c1 EL 50% DE SUS SALARIOS PARA LA EMERGENCIA"},"content":{"rendered":"<div>\n<p><strong><em>La resoluci\u00f3n que fue dictada este viernes tambi\u00e9n invita a magistrados y funcionarios a adherir a la medida.<\/em><\/strong><\/p>\n<p>La Corte Suprema de Justicia de Santa Fe dispuso este viernes que el 50 % del sueldo b\u00e1sico correspondiente a la liquidaci\u00f3n del mes de abril de sus miembros, lo que incluye al Procurador General, sea destinado como aporte solidario a solventar gastos vinculados a la emergencia sanitaria con motivo de la Pandemia Coronavirus &#8211; COVID 19.<\/p>\n<p>La resoluci\u00f3n invita a todos los\/as magistrados\/as y funcionarios\/as del Poder Judicial incluyendo en este \u00faltimo grupo a los\/as Jueces\/zas Comunitarios de las Peque\u00f1as Causas, Oficiales de Justicia, Jefes de Departamento y Jefes de Divisi\u00f3n inclusive a adherir a la medida. El Alto Tribunal aclara que no puede imponer descuento o afectaci\u00f3n alguna a los magistrados y funcionarios del Poder Judicial, por lo que se los ha invita a que adhieran voluntariamente a contribuir solidariamente.\u00a0<em><strong>(M\u00c1S ABAJO LINK AL FORMULARIO DE ADHESI\u00d3N VOLUNTARIA)<\/strong><\/em><\/p>\n<p>En tal sentido, los fondos resultantes del aporte dispuesto deber\u00e1n ser aplicados a reforzar partidas presupuestarias destinadas a salud p\u00fablica, identificando tal aporte con cargo a la emergencia sanitaria actual. Para ello, el Alto Cuerpo dispuso que la\u00a0 Secretar\u00eda de Gobierno instrumente las tareas inherentes para la materializaci\u00f3n del destino de los fondos conforme lo resuelto.<\/p>\n<p>Cabe destacar, que el Poder Judicial ha venido adoptando acciones tendientes a enfrentar la crisis provocada por la pandemia del COVID-19 en consonancia con las disposiciones sancionadas por el Poder Ejecutivo Nacional y Provincial;\u00a0 comprendiendo la situaci\u00f3n econ\u00f3mico financiera que se atraviesa. Por ello,\u00a0 esta Corte no puede ser ajena al actual contexto de emergencia que todos los argentinos nos encontramos atravesando, ni dejar de contribuir a los esfuerzos de la sociedad en su conjunto.<\/p>\n<p>Santa Fe, 3 de abril de 2020.<br \/><strong>PRENSA \/ PODER JUDICIAL DE SANTA FE<\/strong><\/p>\n<\/div>\n<p>&#8212;&#8212;&#8212;&#8212;&#8212;&#8212;&#8212;&#8212;&#8212;&#8212;&#8212;&#8212;&#8212;&#8212;&#8212;&#8212;&#8212;&#8212;&#8212;&#8212;&#8212;&#8212;&#8212;&#8212;&#8212;&#8212;&#8212;&#8212;&#8212;&#8212;&#8212;&#8212;&#8212;&#8212;&#8212;&#8212;<\/p>\n<div>\n<p><strong>DE INTER\u00c9S: PARA REALIZAR APORTES VOLUNTARIOS LEER RESOLUCI\u00d3N DE LA SECRETAR\u00cdA DE GOBIERNO Y COMPLETAR EL FORMULARIO COMO ALL\u00cd SE INDICA.<\/strong><\/p>\n<p>LINK A FORMULARIO:\u00a0<a href=\"http:\/\/www.justiciasantafe.gov.ar\/ckfinder\/userfiles\/files\/FORMULARIO%20ADHESI%C3%93N%20DESCUENTO%2050%20%25.odt\">\/ckfinder\/userfiles\/files\/FORMULARIO%20ADHESI%C3%93N%20DESCUENTO%2050%20%25.odt<\/a><\/p>\n<\/div>\n<div>\u00a0<\/div>\n<p>\u00a0<\/p>\n<p><strong>Archivos:<\/strong><\/p>\n<table class=\"twelve\">\n<tbody>\n<tr>\n<td>\n<ul class=\"link-list\">\n<li><a href=\"https:\/\/www.justiciasantafe.gov.ar\/wp-content\/uploads\/2021\/12\/6361.pdf\" target=\"_blank\" rel=\"noopener\">RES AFECTACI\u00d3N SALARIAL MINISTROS Y PROCURADOR CSJSF<\/a><\/li>\n<\/ul>\n<\/td>\n<\/tr>\n<tr>\n<td>\n<ul class=\"link-list\">\n<li><a href=\"https:\/\/www.justiciasantafe.gov.ar\/wp-content\/uploads\/2021\/12\/6362.pdf\" target=\"_blank\" rel=\"noopener\">Resoluci\u00f3n SEC GOB Form Adhesi\u00f3n descuento<\/a><\/li>\n<\/ul>\n<\/td>\n<\/tr>\n<tr>\n<td>\n<ul class=\"link-list\">\n<li><a href=\"https:\/\/www.justiciasantafe.gov.ar\/wp-content\/uploads\/2022\/02\/6364-1.odt\" target=\"_blank\" rel=\"noopener\">FORMULARIO ADHESI\u00d3N DESCUENTO 50 %<\/a><\/li>\n<\/ul>\n<\/td>\n<\/tr>\n<\/tbody>\n<\/table>\n<div class=\"gsp_post_data\" data-post_type=\"page\" data-cat=\"\" data-modified=\"120\" data-title=\"LA CORTE SUPREMA APORTAR\u00c1 EL 50% DE SUS SALARIOS PARA LA EMERGENCIA\" data-home=\"https:\/\/www.justiciasantafe.gov.ar\"><\/div>","protected":false},"excerpt":{"rendered":"<p>La resoluci\u00f3n que fue dictada este viernes tambi\u00e9n invita a magistrados y funcionarios a adherir a la medida. La Corte Suprema de Justicia de Santa Fe dispuso este viernes que el 50 % del sueldo b\u00e1sico correspondiente a la liquidaci\u00f3n del mes de abril de sus miembros, lo que incluye al Procurador General, sea destinado [&#8230;]\n","protected":false},"author":1,"featured_media":0,"parent":789,"menu_order":0,"comment_status":"closed","ping_status":"closed","template":"","meta":{"_acf_changed":false,"footnotes":""},"class_list":["post-1021","page","type-page","status-publish","hentry"],"acf":[],"_links":{"self":[{"href":"https:\/\/www.justiciasantafe.gov.ar\/index.php\/wp-json\/wp\/v2\/pages\/1021","targetHints":{"allow":["GET"]}}],"collection":[{"href":"https:\/\/www.justiciasantafe.gov.ar\/index.php\/wp-json\/wp\/v2\/pages"}],"about":[{"href":"https:\/\/www.justiciasantafe.gov.ar\/index.php\/wp-json\/wp\/v2\/types\/page"}],"author":[{"embeddable":true,"href":"https:\/\/www.justiciasantafe.gov.ar\/index.php\/wp-json\/wp\/v2\/users\/1"}],"replies":[{"embeddable":true,"href":"https:\/\/www.justiciasantafe.gov.ar\/index.php\/wp-json\/wp\/v2\/comments?post=1021"}],"version-history":[{"count":0,"href":"https:\/\/www.justiciasantafe.gov.ar\/index.php\/wp-json\/wp\/v2\/pages\/1021\/revisions"}],"up":[{"embeddable":true,"href":"https:\/\/www.justiciasantafe.gov.ar\/index.php\/wp-json\/wp\/v2\/pages\/789"}],"wp:attachment":[{"href":"https:\/\/www.justiciasantafe.gov.ar\/index.php\/wp-json\/wp\/v2\/media?parent=1021"}],"curies":[{"name":"wp","href":"https:\/\/api.w.org\/{rel}","templated":true}]}}