 {"id":10953,"date":"2022-03-09T12:25:25","date_gmt":"2022-03-09T15:25:25","guid":{"rendered":"https:\/\/www.justiciasantafe.gov.ar\/?page_id=10953"},"modified":"2025-09-12T14:32:50","modified_gmt":"2025-09-12T17:32:50","slug":"procuracion-general-de-la-corte-suprema-de-justicia","status":"publish","type":"page","link":"https:\/\/www.justiciasantafe.gov.ar\/index.php\/poder-judicial\/inicio\/procuracion-general-de-la-corte-suprema-de-justicia\/","title":{"rendered":"Procuraci\u00f3n General de la Corte Suprema de Justicia"},"content":{"rendered":"<div class=\"row\"  id=\"row-2050923825\">\n\n\t<div id=\"col-37663113\" class=\"col small-12 large-12\"  >\n\t\t\t\t<div class=\"col-inner\"  >\n\t\t\t\n\t\t\t\n<ul>\n<li><a href=\"https:\/\/www.justiciasantafe.gov.ar\/wp-content\/uploads\/2022\/03\/invitaciC3B3n.pdf\"><strong>Convocatoria del Ministerio P\u00fablico para un encuentro participativo (clic para m\u00e1s informaci\u00f3n)<\/strong><\/a><\/li>\n<li><a href=\"https:\/\/www.justiciasantafe.gov.ar\/wp-content\/uploads\/2022\/03\/MANIFIESTO20de20INTERC389S20F_firmado.pdf\"><strong>Solicitud para ser tenido como Amigo del Tribunal (clic para acceder al documento)<\/strong><\/a><\/li>\n<li><strong><a href=\"https:\/\/www.justiciasantafe.gov.ar\/index.php\/poder-judicial\/inicio\/defensoria-general-de-camaras\/\">Defensor\u00eda de C\u00e1maras &#8211; 2\u00b0 Circunscripci\u00f3n<\/a><\/strong><\/li>\n<\/ul>\n\t\t<\/div>\n\t\t\t\t\t<\/div>\n\n\t\n<\/div>\n\n\t<section class=\"section\" id=\"section_1612667798\">\n\t\t<div class=\"section-bg fill\" >\n\t\t\t\t\t\t\t\t\t\n\t\t\t\n\t<div class=\"is-border\"\n\t\tstyle=\"border-width:0px 0px 0px 0px;margin:0px 0px 0px 0;\">\n\t<\/div>\n\n\t\t<\/div>\n\n\t\t\n\n\t\t<div class=\"section-content relative\">\n\t\t\t\n<div class=\"row\"  id=\"row-1732635913\">\n\n\t<div id=\"col-1743085050\" class=\"col small-12 large-12\"  >\n\t\t\t\t<div class=\"col-inner\"  >\n\t\t\t\n\t\t\t\n<div class=\"row\"  id=\"row-1612218842\">\n\n\t<div id=\"col-903281077\" class=\"col medium-3 small-6 large-3\"  >\n\t\t\t\t<div class=\"col-inner text-left\"  >\n\t\t\t\n\t\t\t\n\t<div id=\"text-231112062\" class=\"text\">\n\t\t\n<p style=\"text-align: right;\"><span style=\"color: #ffffff; font-size: 120%;\">Secci\u00f3n<\/span><\/p>\n\t\t\n<style>\n#text-231112062 {\n  text-align: left;\n}\n<\/style>\n\t<\/div>\n\t\n\t\t<\/div>\n\t\t\t\t\n<style>\n#col-903281077 > .col-inner {\n  margin: 15px 0px 0px 0px;\n}\n<\/style>\n\t<\/div>\n\n\t\n\n\t<div id=\"col-1414994271\" class=\"col medium-3 small-6 large-3\"  >\n\t\t\t\t<div class=\"col-inner text-left\"  >\n\t\t\t\n\t\t\t\n\n<div class=\"facetwp-facet facetwp-facet-procuracion_general_categoria facetwp-type-dropdown\" data-name=\"procuracion_general_categoria\" data-type=\"dropdown\"><\/div>\n\n\t<div id=\"text-3916801474\" class=\"text hidden\">\n\t\t\n<p style=\"text-align: right;\"><span style=\"color: #ffffff; font-size: 120%;\"><strong>Estado<\/strong><\/span><\/p>\n\t\t\t<\/div>\n\t\n\t\t<\/div>\n\t\t\t\t\n<style>\n#col-1414994271 > .col-inner {\n  padding: 3px 0px 0px 0px;\n  margin: 7px 0px 0px -10px;\n}\n<\/style>\n\t<\/div>\n\n\t\n\n\t<div id=\"col-855638383\" class=\"col medium-3 small-6 large-3\"  >\n\t\t\t\t<div class=\"col-inner\"  >\n\t\t\t\n\t\t\t\n\t\t<\/div>\n\t\t\t\t\t<\/div>\n\n\t\n\n\t<div id=\"col-281326092\" class=\"col medium-3 small-6 large-3\"  >\n\t\t\t\t<div class=\"col-inner text-center\" style=\"background-color:rgb(255, 255, 255);\" >\n\t\t\t\n\t\t\t\n\n<p><a class=\"link\" href=\"https:\/\/www.justiciasantafe.gov.ar\/index.php\/procuracion-general-de-la-corte-suprema-de-justicia\/\" target=\"_self\" rel=\"nofollow noopener\"> REINICIAR FILTRO<\/a><br \/>\n\n\t\t<\/div>\n\t\t\t\t\n<style>\n#col-281326092 > .col-inner {\n  padding: 3px 0px 0px 0px;\n  margin: 16px 0px 0px -10px;\n}\n<\/style>\n\t<\/div>\n\n\t\n<\/div>\n\t\t<\/div>\n\t\t\t\t\n<style>\n#col-1743085050 > .col-inner {\n  padding: 0px 0px 0px 0px;\n  margin: -15px 0px -88px 0px;\n}\n<\/style>\n\t<\/div>\n\n\t\n<\/div>\n\t\t<\/div>\n\n\t\t\n<style>\n#section_1612667798 {\n  padding-top: 11px;\n  padding-bottom: 11px;\n  margin-bottom: -1px;\n  background-color: rgb(16, 75, 69);\n}\n<\/style>\n\t<\/section>\n\t\n\t<div id=\"gap-362938958\" class=\"gap-element clearfix\" style=\"display:block; height:auto;\">\n\t\t\n<style>\n#gap-362938958 {\n  padding-top: 30px;\n}\n<\/style>\n\t<\/div>\n\t\n\n\t<section class=\"section section_condicional\" id=\"section_1068530086\">\n\t\t<div class=\"section-bg fill\" >\n\t\t\t\t\t\t\t\t\t\n\t\t\t\n\t<div class=\"is-border\"\n\t\tstyle=\"border-width:0px 0px 0px 0px;margin:0px 0px 0px 0;\">\n\t<\/div>\n\n\t\t<\/div>\n\n\t\t\n\n\t\t<div class=\"section-content relative\">\n\t\t\t\n<div class=\"row\"  id=\"row-504845652\">\n\n\t<div id=\"col-126234932\" class=\"col small-12 large-12\"  >\n\t\t\t\t<div class=\"col-inner\"  >\n\t\t\t\n\t\t\t\n<div class=\"row\"  id=\"row-322122091\">\n\n\t<div id=\"col-2084922621\" class=\"col medium-3 small-6 large-3\"  >\n\t\t\t\t<div class=\"col-inner\"  >\n\t\t\t\n\t\t\t\n<p style=\"text-align: right;\"><span style=\"color: #ffffff; font-size: 120%;\">Secci\u00f3n<\/span><\/p>\n\t\t<\/div>\n\t\t\t\t\n<style>\n#col-2084922621 > .col-inner {\n  margin: 15px 0px 0px 0px;\n}\n<\/style>\n\t<\/div>\n\n\t\n\n\t<div id=\"col-565402949\" class=\"col medium-3 small-6 large-3\"  >\n\t\t\t\t<div class=\"col-inner\"  >\n\t\t\t\n\t\t\t\n\n<div class=\"facetwp-facet facetwp-facet-procuracion_general_etiquetas facetwp-type-dropdown\" data-name=\"procuracion_general_etiquetas\" data-type=\"dropdown\"><\/div>\n\n\t\t<\/div>\n\t\t\t\t\n<style>\n#col-565402949 > .col-inner {\n  padding: 3px 0px 0px 0px;\n  margin: 7px 0px 0px -10px;\n}\n<\/style>\n\t<\/div>\n\n\t\n\n\t<div id=\"col-340203109\" class=\"col medium-3 small-6 large-3\"  >\n\t\t\t\t<div class=\"col-inner\"  >\n\t\t\t\n\t\t\t\n<p style=\"text-align: right;\"><span style=\"color: #ffffff; font-size: 120%;\">A\u00f1o<\/span><\/p>\n\t\t<\/div>\n\t\t\t\t\n<style>\n#col-340203109 > .col-inner {\n  margin: 15px 0px 0px 0px;\n}\n<\/style>\n\t<\/div>\n\n\t\n\n\t<div id=\"col-1795500506\" class=\"col medium-3 small-6 large-3\"  >\n\t\t\t\t<div class=\"col-inner\"  >\n\t\t\t\n\t\t\t\n\t<div id=\"text-1098349975\" class=\"text\">\n\t\t\n<p style=\"text-align: right;\"><div class=\"facetwp-facet facetwp-facet-ao facetwp-type-dropdown\" data-name=\"ao\" data-type=\"dropdown\"><\/div>\n\t\t\n<style>\n#text-1098349975 {\n  line-height: 1.2;\n  text-align: right;\n}\n<\/style>\n\t<\/div>\n\t\n\t\t<\/div>\n\t\t\t\t\n<style>\n#col-1795500506 > .col-inner {\n  padding: 3px 0px 0px 0px;\n  margin: 7px 0px 0px -10px;\n}\n<\/style>\n\t<\/div>\n\n\t\n<\/div>\n\t\t<\/div>\n\t\t\t\t\n<style>\n#col-126234932 > .col-inner {\n  padding: 0px 0px 0px 0px;\n  margin: -15px 0px -88px 0px;\n}\n<\/style>\n\t<\/div>\n\n\t\n<\/div>\n\t\t<\/div>\n\n\t\t\n<style>\n#section_1068530086 {\n  padding-top: 11px;\n  padding-bottom: 11px;\n  margin-bottom: -1px;\n  background-color: rgb(16, 75, 69);\n}\n<\/style>\n\t<\/section>\n\t\n\t<div id=\"gap-2043949196\" class=\"gap-element clearfix\" style=\"display:block; height:auto;\">\n\t\t\n<style>\n#gap-2043949196 {\n  padding-top: 30px;\n}\n<\/style>\n\t<\/div>\n\t\n\n<div class=\"facetwp-template\" data-name=\"procuracion_general\">            <style>\n                .section_condicional{\n                    display: none;\n                }\n            <\/style>\n            <\/div>\n\n\t<div id=\"gap-144871115\" class=\"gap-element clearfix\" style=\"display:block; height:auto;\">\n\t\t\n<style>\n#gap-144871115 {\n  padding-top: 30px;\n}\n<\/style>\n\t<\/div>\n\t\n\n\t<section class=\"section section_condicional\" id=\"section_2020673437\">\n\t\t<div class=\"section-bg fill\" >\n\t\t\t\t\t\t\t\t\t\n\t\t\t\n\t<div class=\"is-border\"\n\t\tstyle=\"border-width:0px 0px 0px 0px;margin:0px 0px 0px 0px;\">\n\t<\/div>\n\n\t\t<\/div>\n\n\t\t\n\n\t\t<div class=\"section-content relative\">\n\t\t\t\n<div class=\"row row-collapse row-full-width align-middle align-center\"  id=\"row-517276431\">\n\n\t<div id=\"col-1675725546\" class=\"col hide-for-medium medium-2 large-2\"  >\n\t\t\t\t<div class=\"col-inner text-right\"  >\n\t\t\t\n\t\t\t\n\t<div id=\"text-3257461782\" class=\"text\">\n\t\t\n<p><span style=\"color: #ffffff;\">Resultado por paginas<\/span><br \/>\n\t\t\n<style>\n#text-3257461782 {\n  text-align: right;\n}\n<\/style>\n\t<\/div>\n\t\n\t\t<\/div>\n\t\t\t\t\n<style>\n#col-1675725546 > .col-inner {\n  padding: 20px 4px 0px 0px;\n}\n<\/style>\n\t<\/div>\n\n\t\n\n\t<div id=\"col-370001182\" class=\"col medium-8 large-8\"  >\n\t\t\t\t<div class=\"col-inner\"  >\n\t\t\t\n\t\t\t\n<div class=\"row row-collapse align-middle align-center\"  id=\"row-1537171587\">\n\n\t<div id=\"col-2100942318\" class=\"col hide-for-medium medium-3 small-12 large-3\"  >\n\t\t\t\t<div class=\"col-inner text-right\"  >\n\t\t\t\n\t\t\t\n\t<div id=\"text-1537866504\" class=\"text\">\n\t\t\n<div class=\"facetwp-facet facetwp-facet-filas_por_pagina facetwp-type-pager\" data-name=\"filas_por_pagina\" data-type=\"pager\"><\/div>\n\t\t\n<style>\n#text-1537866504 {\n  text-align: right;\n}\n<\/style>\n\t<\/div>\n\t\n\t\t<\/div>\n\t\t\t\t\n<style>\n#col-2100942318 > .col-inner {\n  padding: 12px 0px 0px 0px;\n}\n<\/style>\n\t<\/div>\n\n\t\n\n\t<div id=\"col-1066364912\" class=\"col medium-6 small-12 large-6\"  >\n\t\t\t\t<div class=\"col-inner text-center\"  >\n\t\t\t\n\t\t\t\n\t<div id=\"text-2032915214\" class=\"text hide-for-medium\">\n\t\t\n<div class=\"facetwp-facet facetwp-facet-paginador facetwp-type-pager\" data-name=\"paginador\" data-type=\"pager\"><\/div>\n\t\t\n<style>\n#text-2032915214 {\n  text-align: center;\n}\n<\/style>\n\t<\/div>\n\t\n\t<div id=\"text-3190118352\" class=\"text show-for-medium\">\n\t\t\n<div class=\"facetwp-facet facetwp-facet-paginador_movil facetwp-type-pager\" data-name=\"paginador_movil\" data-type=\"pager\"><\/div>\n\t\t\n<style>\n#text-3190118352 {\n  text-align: center;\n}\n<\/style>\n\t<\/div>\n\t\n\t\t<\/div>\n\t\t\t\t\t<\/div>\n\n\t\n\n\t<div id=\"col-356722727\" class=\"col hide-for-medium medium-3 small-12 large-3\"  >\n\t\t\t\t<div class=\"col-inner text-right\"  >\n\t\t\t\n\t\t\t\n\t\t<\/div>\n\t\t\t\t\t<\/div>\n\n\t\n<\/div>\n\t\t<\/div>\n\t\t\t\t\t<\/div>\n\n\t\n\n\t<div id=\"col-1125640803\" class=\"col hide-for-medium medium-2 large-2\"  >\n\t\t\t\t<div class=\"col-inner text-left\"  >\n\t\t\t\n\t\t\t\n\t<div id=\"text-3477035452\" class=\"text\">\n\t\t\n<div class=\"facetwp-facet facetwp-facet-total_resultados facetwp-type-pager\" data-name=\"total_resultados\" data-type=\"pager\"><\/div>\n\t\t\n<style>\n#text-3477035452 {\n  text-align: left;\n}\n<\/style>\n\t<\/div>\n\t\n\t\t<\/div>\n\t\t\t\t\t<\/div>\n\n\t\n<\/div>\n\t\t<\/div>\n\n\t\t\n<style>\n#section_2020673437 {\n  padding-top: 0px;\n  padding-bottom: 0px;\n  margin-bottom: 0px;\n  background-color: rgb(16, 75, 69);\n}\n<\/style>\n\t<\/section>\n\t\n<div class=\"gsp_post_data\" data-post_type=\"page\" data-cat=\"\" data-modified=\"120\" data-title=\"Procuraci\u00f3n General de la Corte Suprema de Justicia\" data-home=\"https:\/\/www.justiciasantafe.gov.ar\"><\/div>","protected":false},"excerpt":{"rendered":"","protected":false},"author":12,"featured_media":0,"parent":8182,"menu_order":0,"comment_status":"closed","ping_status":"closed","template":"","meta":{"_acf_changed":false,"footnotes":""},"class_list":["post-10953","page","type-page","status-publish","hentry"],"acf":[],"_links":{"self":[{"href":"https:\/\/www.justiciasantafe.gov.ar\/index.php\/wp-json\/wp\/v2\/pages\/10953","targetHints":{"allow":["GET"]}}],"collection":[{"href":"https:\/\/www.justiciasantafe.gov.ar\/index.php\/wp-json\/wp\/v2\/pages"}],"about":[{"href":"https:\/\/www.justiciasantafe.gov.ar\/index.php\/wp-json\/wp\/v2\/types\/page"}],"author":[{"embeddable":true,"href":"https:\/\/www.justiciasantafe.gov.ar\/index.php\/wp-json\/wp\/v2\/users\/12"}],"replies":[{"embeddable":true,"href":"https:\/\/www.justiciasantafe.gov.ar\/index.php\/wp-json\/wp\/v2\/comments?post=10953"}],"version-history":[{"count":0,"href":"https:\/\/www.justiciasantafe.gov.ar\/index.php\/wp-json\/wp\/v2\/pages\/10953\/revisions"}],"up":[{"embeddable":true,"href":"https:\/\/www.justiciasantafe.gov.ar\/index.php\/wp-json\/wp\/v2\/pages\/8182"}],"wp:attachment":[{"href":"https:\/\/www.justiciasantafe.gov.ar\/index.php\/wp-json\/wp\/v2\/media?parent=10953"}],"curies":[{"name":"wp","href":"https:\/\/api.w.org\/{rel}","templated":true}]}}