 {"id":12777,"date":"2022-04-29T11:00:15","date_gmt":"2022-04-29T14:00:15","guid":{"rendered":"https:\/\/www.justiciasantafe.gov.ar\/?page_id=12777"},"modified":"2023-11-02T09:02:16","modified_gmt":"2023-11-02T12:02:16","slug":"libro-digital-primeras-jornadas-nacionales","status":"publish","type":"page","link":"https:\/\/www.justiciasantafe.gov.ar\/index.php\/poder-judicial\/inicio\/mediacion\/publicaciones\/libro-digital-primeras-jornadas-nacionales\/","title":{"rendered":"Libro Digital &#8211; Primeras Jornadas Nacionales"},"content":{"rendered":"<h4 class=\"post-title\">Archivos<\/h4>\n<div class=\"row\"  id=\"row-1335248575\">\n\n\t<div id=\"col-1555084860\" class=\"col small-12 large-12\"  >\n\t\t\t\t<div class=\"col-inner\"  >\n\t\t\t\n\t\t\t\n<ul>\n<li><a href=\"http:\/\/www.justiciasantafe.gov.ar\/ckfinder\/userfiles\/files\/institucional\/mediacion\/publicaciones\/69-Autogesti%f3n%20en%20la%20Mediaci%f3n%20-%20Prov%20San%20Juan.pdf\" target=\"_blank\" rel=\"noopener\">Autogesti\u00f3n en la Mediaci\u00f3n &#8211; Prov San Juan.pdf<\/a><\/li>\n<li><a href=\"http:\/\/www.justiciasantafe.gov.ar\/ckfinder\/userfiles\/files\/institucional\/mediacion\/publicaciones\/70-Control%20de%20Calidad%20por%20Observaciones%20Seguidas%20-%20Prov%20Tucum%e1n.pdf\" target=\"_blank\" rel=\"noopener\">Control de Calidad por Observaciones Seguidas &#8211; Prov Tucum\u00e1n.pdf<\/a><\/li>\n<li><a href=\"http:\/\/www.justiciasantafe.gov.ar\/ckfinder\/userfiles\/files\/institucional\/mediacion\/publicaciones\/71-Control%20de%20Gesti%f3n%20del%20Sistema%20RAD%20-%20Prov%20Entre%20R%edos.pdf\" target=\"_blank\" rel=\"noopener\">Control de Gesti\u00f3n del Sistema RAD &#8211; Prov Entre R\u00edos.pdf<\/a><\/li>\n<li><a href=\"https:\/\/www.justiciasantafe.gov.ar\/wp-content\/uploads\/2022\/04\/72-El20Facilitador20-20Prov20Corrientes.pdf\" target=\"_blank\" rel=\"noopener\">El Facilitador &#8211; Prov Corrientes.pdf<\/a><\/li>\n<li><a href=\"http:\/\/www.justiciasantafe.gov.ar\/ckfinder\/userfiles\/files\/institucional\/mediacion\/publicaciones\/73-Evaluaci%f3n%20del%20Proceso%20de%20Impl.%20de%20Mediac.%20Penales%20-%20Prov%20Santa%20Fe.pdf\" target=\"_blank\" rel=\"noopener\">Evaluaci\u00f3n del Proceso de Impl. de Mediac. Penales &#8211; Prov Santa Fe.pdf<\/a><\/li>\n<li><a href=\"http:\/\/www.justiciasantafe.gov.ar\/ckfinder\/userfiles\/files\/institucional\/mediacion\/publicaciones\/74-La%20Revisi%f3n%20de%20la%20Pr%e1ctica%20-%20Prov%20Tierra%20del%20Fuego.pdf\" target=\"_blank\" rel=\"noopener\">La Revisi\u00f3n de la Pr\u00e1ctica &#8211; Prov Tierra del Fuego.pdf<\/a><\/li>\n<li><a href=\"http:\/\/www.justiciasantafe.gov.ar\/ckfinder\/userfiles\/files\/institucional\/mediacion\/publicaciones\/75-Mediaci%f3n%20Domiciliaria%20-%20Prov%20Formosa.pdf\" target=\"_blank\" rel=\"noopener\">Mediaci\u00f3n Domiciliaria &#8211; Prov Formosa.pdf<\/a><\/li>\n<li><a href=\"http:\/\/www.justiciasantafe.gov.ar\/ckfinder\/userfiles\/files\/institucional\/mediacion\/publicaciones\/76-Mediaci%f3n%20en%20Conflictos%20Sociales%20-%20Prov%20Santa%20Fe.pdf\" target=\"_blank\" rel=\"noopener\">Mediaci\u00f3n en Conflictos Sociales &#8211; Prov Santa Fe.pdf<\/a><\/li>\n<li><a href=\"http:\/\/www.justiciasantafe.gov.ar\/ckfinder\/userfiles\/files\/institucional\/mediacion\/publicaciones\/77-Obtenci%f3n%20del%20%edndice%20de%20calidad%20del%20servicio%20-%20Ciudad%20Aut%f3noma%20de%20Bs.As..pdf\" target=\"_blank\" rel=\"noopener\">Obtenci\u00f3n del \u00edndice de calidad del servicio &#8211; Ciudad Aut\u00f3noma de Bs.As..pdf<\/a><\/li>\n<li><a href=\"http:\/\/www.justiciasantafe.gov.ar\/ckfinder\/userfiles\/files\/institucional\/mediacion\/publicaciones\/78-Procesos%20de%20Facilitaci%f3n%20-%20Prov%20R%edo%20Negro.pdf\" target=\"_blank\" rel=\"noopener\">Procesos de Facilitaci\u00f3n &#8211; Prov R\u00edo Negro.pdf<\/a><\/li>\n<li><a href=\"http:\/\/www.justiciasantafe.gov.ar\/ckfinder\/userfiles\/files\/institucional\/mediacion\/publicaciones\/79-Programa%20de%20Mediaci%f3n%20Penal%20Juvenil%20-%20Prov%20de%20Neuqu%e9n.pdf\" target=\"_blank\" rel=\"noopener\">Programa de Mediaci\u00f3n Penal Juvenil &#8211; Prov de Neuqu\u00e9n.pdf<\/a><\/li>\n<li><a href=\"http:\/\/www.justiciasantafe.gov.ar\/ckfinder\/userfiles\/files\/institucional\/mediacion\/publicaciones\/80-Proyecto%20de%20Pautas%20de%20Mediaci%f3n%20Penal.pdf\" target=\"_blank\" rel=\"noopener\">Proyecto de Pautas de Mediaci\u00f3n Penal.pdf<\/a><\/li>\n<li><a href=\"http:\/\/www.justiciasantafe.gov.ar\/ckfinder\/userfiles\/files\/institucional\/mediacion\/publicaciones\/81-Servicio%20P%fablico%20de%20Mediaci%f3n%20-%20Prov%20Chubut.pdf\" target=\"_blank\" rel=\"noopener\">Servicio P\u00fablico de Mediaci\u00f3n &#8211; Prov Chubut.pdf<\/a><\/li>\n<li><a href=\"http:\/\/www.justiciasantafe.gov.ar\/ckfinder\/userfiles\/files\/institucional\/mediacion\/publicaciones\/82-Una%20Mediadora%20en%20el%20monte%20Chaque%f1o%20-%20Prov%20Chaco.pdf\" target=\"_blank\" rel=\"noopener\">Una Mediadora en el monte Chaque\u00f1o &#8211; Prov Chaco.pdf<\/a><\/li>\n<\/ul>\n\t\t<\/div>\n\t\t\t\t\t<\/div>\n\n\t\n<\/div>\n<div class=\"gsp_post_data\" data-post_type=\"page\" data-cat=\"\" data-modified=\"120\" data-title=\"Libro Digital &#8211; Primeras Jornadas Nacionales\" data-home=\"https:\/\/www.justiciasantafe.gov.ar\"><\/div>","protected":false},"excerpt":{"rendered":"<p>Archivos<\/p>\n","protected":false},"author":12,"featured_media":0,"parent":12750,"menu_order":0,"comment_status":"closed","ping_status":"closed","template":"","meta":{"_acf_changed":false,"footnotes":""},"class_list":["post-12777","page","type-page","status-publish","hentry"],"acf":[],"_links":{"self":[{"href":"https:\/\/www.justiciasantafe.gov.ar\/index.php\/wp-json\/wp\/v2\/pages\/12777","targetHints":{"allow":["GET"]}}],"collection":[{"href":"https:\/\/www.justiciasantafe.gov.ar\/index.php\/wp-json\/wp\/v2\/pages"}],"about":[{"href":"https:\/\/www.justiciasantafe.gov.ar\/index.php\/wp-json\/wp\/v2\/types\/page"}],"author":[{"embeddable":true,"href":"https:\/\/www.justiciasantafe.gov.ar\/index.php\/wp-json\/wp\/v2\/users\/12"}],"replies":[{"embeddable":true,"href":"https:\/\/www.justiciasantafe.gov.ar\/index.php\/wp-json\/wp\/v2\/comments?post=12777"}],"version-history":[{"count":0,"href":"https:\/\/www.justiciasantafe.gov.ar\/index.php\/wp-json\/wp\/v2\/pages\/12777\/revisions"}],"up":[{"embeddable":true,"href":"https:\/\/www.justiciasantafe.gov.ar\/index.php\/wp-json\/wp\/v2\/pages\/12750"}],"wp:attachment":[{"href":"https:\/\/www.justiciasantafe.gov.ar\/index.php\/wp-json\/wp\/v2\/media?parent=12777"}],"curies":[{"name":"wp","href":"https:\/\/api.w.org\/{rel}","templated":true}]}}