 {"id":13545,"date":"2022-09-02T16:52:45","date_gmt":"2022-09-02T19:52:45","guid":{"rendered":"https:\/\/www.justiciasantafe.gov.ar\/?page_id=13545"},"modified":"2023-12-13T13:01:48","modified_gmt":"2023-12-13T16:01:48","slug":"estadisticas-2021","status":"publish","type":"page","link":"https:\/\/www.justiciasantafe.gov.ar\/index.php\/poder-judicial\/institucional\/estadisticas-poder-judicial-santa-fe\/estadisticas-2021\/","title":{"rendered":"Estad\u00edsticas 2021"},"content":{"rendered":"<table class=\"cols\" border=\"0\" cellspacing=\"0\" cellpadding=\"2\">\n<tbody>\n<tr>\n<td>\n<table border=\"1\" cellspacing=\"1\" cellpadding=\"1\">\n<tbody>\n<tr>\n<td>Temas Principales<\/td>\n<td>Subdivisiones<\/td>\n<td>Subdivisiones<\/td>\n<\/tr>\n<tr>\n<td>\u00a0I &#8211; Mapa Judicial<\/td>\n<td>\u00a01. Poblaci\u00f3n<\/td>\n<td><a href=\"https:\/\/www.justiciasantafe.gov.ar\/wp-content\/uploads\/2022\/09\/I-1-1-CircunscripciC3B3n-2021.pdf\">1. Circunscripci\u00f3n<\/a><br \/>\n<a href=\"https:\/\/www.justiciasantafe.gov.ar\/wp-content\/uploads\/2022\/09\/I-1-2-Distritos-2021.pdf\">2. Distritos<\/a><br \/>\n<a href=\"https:\/\/www.justiciasantafe.gov.ar\/wp-content\/uploads\/2022\/09\/I-1-3-Circuitos-2021.pdf\">3. Circuitos<\/a><br \/>\n4. Juzgados Comunitarios de las<br \/>\nPeque\u00f1as Causas:<\/p>\n<ul>\n<li style=\"list-style-type: none\">\n<ul>\n<li>\u00a0<a href=\"https:\/\/www.justiciasantafe.gov.ar\/wp-content\/uploads\/2022\/09\/I-1-4-1-Santa20Fe-2021.pdf\">4.1. Circunscripci\u00f3n Santa Fe<\/a><\/li>\n<li>\u00a0<a href=\"https:\/\/www.justiciasantafe.gov.ar\/wp-content\/uploads\/2022\/09\/I-1-4-2-Rosario-2021.pdf\">4.2. Circunscripci\u00f3n Rosario<\/a><\/li>\n<li>\u00a0<a href=\"https:\/\/www.justiciasantafe.gov.ar\/wp-content\/uploads\/2022\/09\/I-1-4-3-Venado20Tuerto-2021.pdf\">4.3. Circunscripci\u00f3n Venado Tuerto<\/a><\/li>\n<li>\u00a0<a href=\"https:\/\/www.justiciasantafe.gov.ar\/wp-content\/uploads\/2022\/09\/I-1-4-4-Reconquista-2021.pdf\">4.4. Circunscripci\u00f3n Reconquista<\/a><\/li>\n<li><a href=\"https:\/\/www.justiciasantafe.gov.ar\/wp-content\/uploads\/2022\/09\/I-1-4-5-Rafaela-2021.pdf\">\u00a04.5. Circunscripci\u00f3n Rafaela<\/a><\/li>\n<\/ul>\n<\/li>\n<\/ul>\n<\/td>\n<\/tr>\n<tr>\n<td rowspan=\"2\">\u00a0II &#8211; Recursos Financieros<\/td>\n<td>\u00a01. Presupuesto Aprobado<\/td>\n<td>\u00a0 1. <a href=\"https:\/\/www.justiciasantafe.gov.ar\/wp-content\/uploads\/2023\/12\/II-1-1-Incidencia-del-Presupuesto-Judicial-Aprobado-en-el-Provincial-2021-4.pdf\" target=\"\" rel=\"attachment wp-att-28896 noopener\">II 1 1 Incidencia Del Presupuesto Judicial Aprobado En El Provincial 2021<\/a><\/td>\n<\/tr>\n<tr>\n<td>\u00a02. Presupuesto Ejecutado<\/td>\n<td><a href=\"http:\/\/www.justiciasantafe.gov.ar\/js\/.http:\/\/www.justiciasantafe.gov.ar\/estadisticas\/ESTADISTICAS%202017\/II-2-1-%20Presupuesto%20Ejecutado.pdf\" target=\"_blank\" rel=\"noopener\">\u00a0<\/a><a href=\"https:\/\/www.justiciasantafe.gov.ar\/wp-content\/uploads\/2022\/10\/II-2-1-Presupuesto-Ejecutado-del-Poder-Judicial-2021-1.pdf\">1.\u00a0Presupuesto ejecutado.\u00a0 Datos varios<\/a><\/td>\n<\/tr>\n<tr>\n<td colspan=\"1\" rowspan=\"3\">\u00a0III &#8211; Recursos Humanos<\/td>\n<td rowspan=\"2\">\u00a01. Datos referidos a<br \/>\ncargos<\/td>\n<td>\u00a01. <a href=\"https:\/\/www.justiciasantafe.gov.ar\/wp-content\/uploads\/2022\/09\/III-1-1-20Cantidad20de20cargos-2021.pdf\">Cantidad de Cargos por<br \/>\nCircunscripci\u00f3n y Niveles de Cargos<\/a><\/td>\n<\/tr>\n<tr>\n<td>\u00a02.\u00a0<a href=\"https:\/\/www.justiciasantafe.gov.ar\/wp-content\/uploads\/2022\/09\/III-1-2-20Cantidad20de20cargos20cada20cien20mil20hab-2021.pdf\">Cantidad de cargos por cada 100.000<br \/>\nhabitantes<\/a><\/td>\n<\/tr>\n<tr>\n<td>\u00a02. Datos referidos a<br \/>\ncantidad de agentes<br \/>\njudiciales<\/td>\n<td>\u00a01.\u00a0<a href=\"https:\/\/www.justiciasantafe.gov.ar\/wp-content\/uploads\/2022\/09\/III-2-1-20Cantidad20de20agentes20por20fuero-2021.pdf\">Cantidad de agentes por fuero<\/a><br \/>\n2. <a href=\"https:\/\/www.justiciasantafe.gov.ar\/wp-content\/uploads\/2022\/09\/III-2-2-20Cantidad20de20agentes20por20franja20etarea-2021.pdf\">Cantidad de cargos por franja et\u00e1rea<\/a><br \/>\n3. <a href=\"https:\/\/www.justiciasantafe.gov.ar\/wp-content\/uploads\/2022\/09\/III-2-3-20Cantidad20de20agentes20por20nivel20instr-2021.pdf\">Cantidad de cargos por nivel de instrucci\u00f3n<\/a><br \/>\n4. <a href=\"https:\/\/www.justiciasantafe.gov.ar\/wp-content\/uploads\/2022\/09\/III-2-4-20Cantidad20de20agentes20por20sexo-2021.pdf\">Cantidad de cargos por sexo<\/a><br \/>\n5. <a href=\"https:\/\/www.justiciasantafe.gov.ar\/wp-content\/uploads\/2022\/09\/III-2-5-20Agentes20por20ant20pod20jud-2021.pdf\">Cantidad de cargos por antig\u00fcedad en el P.J<\/a><\/td>\n<\/tr>\n<tr>\n<td rowspan=\"5\">\u00a0IV &#8211; Actividad Jurisdiccional<\/td>\n<td>\u00a01. Ingreso de Causas<\/td>\n<td>\n<table border=\"1\" cellspacing=\"1\" cellpadding=\"1\">\n<tbody>\n<tr>\n<td><a href=\"https:\/\/www.justiciasantafe.gov.ar\/wp-content\/uploads\/2022\/09\/IV-1-1-20ingreso20de20causas20total.pdf\" target=\"_blank\" rel=\"noopener\">\u00a0<\/a>1.\u00a0<a href=\"https:\/\/www.justiciasantafe.gov.ar\/wp-content\/uploads\/2022\/09\/IV-1-1-20Causas20ingresadas-total-pcia-2021.pdf\">Total de la Provincia<\/a><br \/>\n<a href=\"https:\/\/www.justiciasantafe.gov.ar\/wp-content\/uploads\/2022\/09\/IV-1-2-20ingreso20de20causas20por20fuero.pdf\" target=\"_blank\" rel=\"noopener\">\u00a0<\/a>2.\u00a0<a href=\"https:\/\/www.justiciasantafe.gov.ar\/wp-content\/uploads\/2022\/09\/IV-1-2-20Causas20ingresadas20por20fuero-2021.pdf\">Por Fuero<\/a><br \/>\n<a href=\"https:\/\/www.justiciasantafe.gov.ar\/wp-content\/uploads\/2022\/09\/IV-1-3-20ingreso20de20causas20por20circ20y20fuero.pdf\" target=\"_blank\" rel=\"noopener\">\u00a0<\/a>3.\u00a0<a href=\"https:\/\/www.justiciasantafe.gov.ar\/wp-content\/uploads\/2022\/09\/IV-1-3-20Causas20ingresadas20por20circ20y20fuero-2021.pdf\">Por Fuero y Circunscripci\u00f3n<\/a><br \/>\n<a href=\"https:\/\/www.justiciasantafe.gov.ar\/wp-content\/uploads\/2022\/09\/IV-1-4-20Causas20ingresadas20por20materia-2021.pdf\">\u00a04. Por materia<\/a><br \/>\n5. <a href=\"https:\/\/www.justiciasantafe.gov.ar\/wp-content\/uploads\/2022\/09\/IV-1-5-20Causas20ingresadas20por20tipo20causas-2021.pdf\">Por tipo de causas<\/a><\/td>\n<\/tr>\n<\/tbody>\n<\/table>\n<\/td>\n<\/tr>\n<tr>\n<td>\u00a02. Sentencias<\/td>\n<td><a href=\"https:\/\/www.justiciasantafe.gov.ar\/wp-content\/uploads\/2022\/09\/IV-2-1-sentencias-total20pcia.pdf\" target=\"_blank\" rel=\"noopener\">\u00a0<\/a>1.\u00a0<a href=\"https:\/\/www.justiciasantafe.gov.ar\/wp-content\/uploads\/2022\/09\/IV-2-1-Sentencias-total20pcia-2021.pdf\">Total de la Provincia<\/a><br \/>\n2. <a href=\"https:\/\/www.justiciasantafe.gov.ar\/wp-content\/uploads\/2022\/09\/IV-2-2-sentencias-circ20y20fuero-2021.pdf\">Por Fuero y Circunscripci\u00f3n<\/a><\/td>\n<\/tr>\n<tr>\n<td>\u00a03. Resoluciones Totales<\/td>\n<td>\u00a01.\u00a0<a href=\"https:\/\/www.justiciasantafe.gov.ar\/wp-content\/uploads\/2022\/09\/IV-3-1-Res-totales20pcia-2021.pdf\">Total de la Provincia<\/a><br \/>\n2. <a href=\"https:\/\/www.justiciasantafe.gov.ar\/wp-content\/uploads\/2022\/09\/IV-3-2-res-totales-20circ20y20fuero-2020.pdf\">Por Fuero y Circunscripci\u00f3n<\/a><\/td>\n<\/tr>\n<tr>\n<td>\u00a04. Oralidad en lo Civil<\/td>\n<td><a href=\"https:\/\/www.justiciasantafe.gov.ar\/wp-content\/uploads\/2022\/09\/IV-4-Oralidad20en20lo20Civil20y20Comercial2C20Extracontractual20y20Circuito-20Distrito20-202021.pdf\">\u00a01.\u00a0En los Juzgados de Distrito<br \/>\n2.<\/a><a href=\"https:\/\/www.justiciasantafe.gov.ar\/wp-content\/uploads\/2022\/09\/IV-4-2-oralidad20en20lo20civil20-20Circuito20-202020.pdf\">\u00a0<\/a><a href=\"https:\/\/www.justiciasantafe.gov.ar\/wp-content\/uploads\/2022\/09\/IV-4-Oralidad20en20lo20Civil20y20Comercial2C20Extracontractual20y20Circuito-20Distrito20-202021.pdf\">En los Juzgados de Circuito<br \/>\n3. En los Tribunales Colegiados de Responsabilidad Extracontractual<\/a><\/td>\n<\/tr>\n<tr>\n<td>\u00a05. Oficina de Procesos Sucesorios (O.P.S.)<\/td>\n<td>\u00a0<a href=\"https:\/\/www.justiciasantafe.gov.ar\/wp-content\/uploads\/2022\/09\/IV-4-4-Oficina20de20Procesos20Sucesorios-2021-20OPS.pdf\">1.\u00a0\u00a0Informaci\u00f3n general<\/a><\/td>\n<\/tr>\n<tr>\n<td>\u00a0V &#8211; Mediaci\u00f3n Judicial<\/td>\n<td>\u00a01. Estad\u00edsticas de<br \/>\nMediaci\u00f3n<\/td>\n<td>\u00a0<a href=\"https:\/\/www.justiciasantafe.gov.ar\/wp-content\/uploads\/2022\/09\/V-1-1-Mediaciones20por20aC3B1o202021.pdf\">1.\u00a0Por A\u00f1o<\/a><br \/>\n<a href=\"https:\/\/www.justiciasantafe.gov.ar\/wp-content\/uploads\/2022\/09\/V-1-2-Mediacion20por20fuero-2021.pdf\">\u00a02.\u00a0Por Fuero<\/a><br \/>\n<a href=\"http:\/\/os-2021%20http\/\/www.justiciasantafe.gov.ar\/ESTADISTICAS\/2021\/2\/V-1-3-Mediacion%20por%20estados-2021.pdf\">\u00a03.\u00a0Estados, Resultados y Objetos de la<br \/>\nMediaci\u00f3n<\/a><\/td>\n<\/tr>\n<tr>\n<td>\u00a0VI &#8211; Centro de Capacitaci\u00f3n<\/td>\n<td>\u00a01. Datos Estad\u00edsticos<\/td>\n<td>\u00a0<a href=\"https:\/\/www.justiciasantafe.gov.ar\/wp-content\/uploads\/2022\/09\/VI-1-120Centro20capacitaciC3B3n-2021.pdf\">1.\u00a0Cantidad de Agentes Capacitados y<br \/>\nCursos Dictados<\/a><\/td>\n<\/tr>\n<tr>\n<td rowspan=\"2\">\u00a0VII &#8211; Indicadores<\/td>\n<td>\u00a01. Litigiosidad (Causas<br \/>\nIngresadas cada<br \/>\n100.000\u00a0 habitantes)<\/td>\n<td><a href=\"https:\/\/www.justiciasantafe.gov.ar\/wp-content\/uploads\/2022\/09\/VII-1-1-12020Indice-litigiosidad-2021.pdf\">\u00a01.\u00a0Total de la Provincia<br \/>\n2.<\/a><a href=\"https:\/\/www.justiciasantafe.gov.ar\/wp-content\/uploads\/2022\/09\/VII-1-1-22020C38Dndice-litigiosidad-circ-2020.pdf\">\u00a0<\/a><a href=\"https:\/\/www.justiciasantafe.gov.ar\/wp-content\/uploads\/2022\/09\/VII-1-1-12020Indice-litigiosidad-2021.pdf\">Por Circunscripci\u00f3n y por Fuero<\/a><\/td>\n<\/tr>\n<tr>\n<td>\u00a02. Comparaci\u00f3n evoluci\u00f3n<br \/>\nPresupuesto con otras<br \/>\nvariables<\/td>\n<td>\u00a0<a href=\"https:\/\/www.justiciasantafe.gov.ar\/wp-content\/uploads\/2022\/09\/VII-2-1202020Indicadores-relacion20pres2020causa20ing-2021.pdf\">1.\u00a0Relaci\u00f3n Presupuesto con Causa<br \/>\nIngresada<\/a><\/td>\n<\/tr>\n<tr>\n<td rowspan=\"1\">\u00a0VIII- Pericias<\/td>\n<td rowspan=\"1\">\u00a0Informaci\u00f3n Estad\u00edstica<br \/>\nde la realizaci\u00f3n de Peri-<br \/>\ncias Gen\u00e9ticas<\/td>\n<td>\u00a0Cantidad de Pericias Gen\u00e9ticas<\/td>\n<\/tr>\n<tr>\n<td>\u00a0IX- Centro de Capacitaci\u00f3n<br \/>\nJudicial<\/td>\n<td>\u00a0Cantidad de Cursos, Ta-<br \/>\nlleres, Conferecias, etc.<\/td>\n<td>\u00a0<a href=\"https:\/\/www.justiciasantafe.gov.ar\/wp-content\/uploads\/2022\/09\/VI-1-120Centro20capacitaciC3B3n-2021.pdf\">Cantidad de Cursos, Talleres y Conferencias<br \/>\nrealizadas<\/a><\/td>\n<\/tr>\n<tr>\n<td>\u00a0X- Mandamientos y Noti-<br \/>\ncaciones.<\/td>\n<td>\u00a0Cantidad de Mandamien-<br \/>\ntos y Notificaciones rea-<br \/>\nlizadas.<\/td>\n<td>\u00a0<a href=\"https:\/\/www.justiciasantafe.gov.ar\/wp-content\/uploads\/2022\/09\/XII.1.20Mandamientos20y20notificaciones202021.pdf\">Cantidades de Mandamientos en la Provincia<\/a><\/td>\n<\/tr>\n<tr>\n<td>\u00a0XI- Oficina de Certificacio-<br \/>\nnes<\/td>\n<td>\u00a0Cantidad de Tr\u00e1mites re<u>a<\/u><br \/>\nlizados en la Oficina de<br \/>\nCertificaciones<\/td>\n<td>\u00a0<a href=\"https:\/\/www.justiciasantafe.gov.ar\/wp-content\/uploads\/2022\/09\/XIII.1.20Certificaciones202021.pdf\">Cantidades de Tr\u00e1mites realizados en las Ofi-<br \/>\ncinas de Certificaciones<\/a><\/td>\n<\/tr>\n<tr>\n<td>\u00a0XII- Peritos Contadores<br \/>\nOficiales<\/td>\n<td>\u00a0Cantidad de Pericias rea-<br \/>\nlizadas<\/td>\n<td>\u00a0<a href=\"https:\/\/www.justiciasantafe.gov.ar\/wp-content\/uploads\/2022\/09\/XIV.1.20Pericias20contables202021.pdf\">Cantidad de Pericias Contables realizadas<\/a><\/td>\n<\/tr>\n<tr>\n<td>\u00a0XIII- Peritos Cal\u00edgrafos Ofi-<br \/>\nciales<\/td>\n<td>\u00a0Cantidad de Pericias rea-<br \/>\nlizadas<\/td>\n<td>\u00a0<a href=\"https:\/\/www.justiciasantafe.gov.ar\/wp-content\/uploads\/2022\/09\/XV.1.2020Pericias20calC3ADgrC3A1ficas202021.pdf\">Cantidad de Pericias realizadas<\/a><\/td>\n<\/tr>\n<tr>\n<td>\u00a0XIV- Instituto M\u00e9dico Legal<br \/>\ny Oficinas Forenses<\/td>\n<td>\u00a0Cantidad de Autopsias y<br \/>\nEx\u00e1menes realizados<\/td>\n<td>\u00a0\u00a0Cantidad de Autopsias y Ex\u00e1menes realizados<\/td>\n<\/tr>\n<tr>\n<td>\u00a0XV- Jardines Maternales<\/td>\n<td>\u00a0Cantidad de Menores que<br \/>\nasisten a los mismos<\/td>\n<td>\u00a0<a href=\"https:\/\/www.justiciasantafe.gov.ar\/wp-content\/uploads\/2022\/09\/IX.120Jardines20Maternales202021.pdf\">Cantidad de Menores que<br \/>\nasisten a los mismos<\/a><\/td>\n<\/tr>\n<tr>\n<td>XVI &#8211; Juzgados Comunitarios<br \/>\nde las Peque\u00f1as Causas<\/td>\n<td>Cantidad de actuaciones realizadas<\/td>\n<td><a href=\"https:\/\/www.justiciasantafe.gov.ar\/wp-content\/uploads\/2022\/09\/XVI-juzgados20comunitarios202021.pdf\">Cantidad de actuaciones realizadas<\/a><\/td>\n<\/tr>\n<\/tbody>\n<\/table>\n<\/td>\n<\/tr>\n<\/tbody>\n<\/table>\n<div class=\"gsp_post_data\" data-post_type=\"page\" data-cat=\"\" data-modified=\"120\" data-title=\"Estad\u00edsticas 2021\" data-home=\"https:\/\/www.justiciasantafe.gov.ar\"><\/div>","protected":false},"excerpt":{"rendered":"<p>Temas Principales Subdivisiones Subdivisiones \u00a0I &#8211; Mapa Judicial \u00a01. Poblaci\u00f3n 1. Circunscripci\u00f3n 2. Distritos 3. Circuitos 4. Juzgados Comunitarios de las Peque\u00f1as Causas: \u00a04.1. Circunscripci\u00f3n Santa Fe \u00a04.2. Circunscripci\u00f3n Rosario \u00a04.3. Circunscripci\u00f3n Venado Tuerto \u00a04.4. Circunscripci\u00f3n Reconquista \u00a04.5. Circunscripci\u00f3n Rafaela \u00a0II &#8211; Recursos Financieros \u00a01. Presupuesto Aprobado \u00a0 1. II 1 1 Incidencia Del Presupuesto [&#8230;]\n","protected":false},"author":11,"featured_media":0,"parent":485,"menu_order":0,"comment_status":"closed","ping_status":"closed","template":"","meta":{"_acf_changed":false,"footnotes":""},"class_list":["post-13545","page","type-page","status-publish","hentry"],"acf":[],"_links":{"self":[{"href":"https:\/\/www.justiciasantafe.gov.ar\/index.php\/wp-json\/wp\/v2\/pages\/13545","targetHints":{"allow":["GET"]}}],"collection":[{"href":"https:\/\/www.justiciasantafe.gov.ar\/index.php\/wp-json\/wp\/v2\/pages"}],"about":[{"href":"https:\/\/www.justiciasantafe.gov.ar\/index.php\/wp-json\/wp\/v2\/types\/page"}],"author":[{"embeddable":true,"href":"https:\/\/www.justiciasantafe.gov.ar\/index.php\/wp-json\/wp\/v2\/users\/11"}],"replies":[{"embeddable":true,"href":"https:\/\/www.justiciasantafe.gov.ar\/index.php\/wp-json\/wp\/v2\/comments?post=13545"}],"version-history":[{"count":0,"href":"https:\/\/www.justiciasantafe.gov.ar\/index.php\/wp-json\/wp\/v2\/pages\/13545\/revisions"}],"up":[{"embeddable":true,"href":"https:\/\/www.justiciasantafe.gov.ar\/index.php\/wp-json\/wp\/v2\/pages\/485"}],"wp:attachment":[{"href":"https:\/\/www.justiciasantafe.gov.ar\/index.php\/wp-json\/wp\/v2\/media?parent=13545"}],"curies":[{"name":"wp","href":"https:\/\/api.w.org\/{rel}","templated":true}]}}