 {"id":27286,"date":"2022-09-23T12:30:20","date_gmt":"2022-09-23T15:30:20","guid":{"rendered":"https:\/\/www.justiciasantafe.gov.ar\/?page_id=27286"},"modified":"2026-02-12T09:03:10","modified_gmt":"2026-02-12T12:03:10","slug":"autoridades","status":"publish","type":"page","link":"https:\/\/www.justiciasantafe.gov.ar\/index.php\/poder-judicial\/institucional\/centro-de-capacitacion-judicial\/autoridades\/","title":{"rendered":"AUTORIDADES"},"content":{"rendered":"<p><b><i><\/i><\/b><strong>CENTRO DE CAPACITACI\u00d3N JUDICIAL<\/strong><br \/>\nMinistra Coordinadora:<b> Dra. Margarita Elsa Zabalza<\/b><br \/>\nDirector: <strong>Dr. Nicol\u00e1s Falkenberg<\/strong><br \/>\nSubdirector: <strong>Dr. Fabi\u00e1n Trovatto<\/strong><br \/>\nSecretario: <strong>Dr. Esteban Masino<\/strong><\/p>\n<p><strong>CONSEJO CONSULTIVO<\/strong>:<br \/>\nRepresentante del Colegio de Magistrados y Funcionarios del Poder Judicial:\u00a0<strong>Dr. KVASINA,\u00a0<\/strong>Iv\u00e1n<br \/>\nRepresentante de los Cinco Colegios de Abogados de la Prov. de Santa Fe:<br \/>\nRepresentante de los Dos Colegios de Procuradores de la Prov. de Santa Fe:\u00a0<strong>Proc. ROSATTO, Pablo<\/strong><br \/>\nRepresentante del Sindicato de Trabajadores Judiciales:\u00a0<strong>Proc. BUSTAMANTE, Cristian<\/strong><br \/>\nRepresentante de la Circunscripci\u00f3n Judicial N\u00b0 1 &#8211; Santa Fe- Coordinadores Acad\u00e9micos:\u00a0<strong>Dres.\u00a0MACHADO, Mariela y MASINO, Esteban<\/strong><br \/>\nRepresentante de la Circunscripci\u00f3n Judicial N\u00b0 2 &#8211; Rosario- Coordinador Acad\u00e9mico:\u00a0<strong>Dra. SARRIAS, Mariela<\/strong><br \/>\nRepresentante de la Circunscripci\u00f3n Judicial N\u00b0 3 &#8211; Venado Tuerto- Coordinador Acad\u00e9mico:\u00a0<strong>Dras. VIDAL, Mariana y ROSSO, Mar\u00eda Celeste<\/strong><br \/>\nRepresentante de la Circunscripci\u00f3n Judicial N\u00b0 4 &#8211; Reconquista &#8211; Coordinador Acad\u00e9mico:\u00a0<strong>C.P.N.\u00a0CHAPERO, Andr\u00e9s<\/strong><br \/>\nRepresentante de la Circunscripci\u00f3n Judicial N\u00b0 5 &#8211; Rafaela &#8211; Coordinador Acad\u00e9mico:\u00a0<strong>Dr. HAIL, Duilio<\/strong><\/p>\n<p><a href=\"https:\/\/www.justiciasantafe.gov.ar\/wp-content\/uploads\/2024\/03\/Estatuto-del-Centro-de-Capacitacion-2024.pdf\" target=\"_blank\" rel=\"noopener\">ESTATUTO CENTRO ACTUALIZADO 2024<\/a><\/p>\n<div class=\"gsp_post_data\" data-post_type=\"page\" data-cat=\"\" data-modified=\"120\" data-title=\"AUTORIDADES\" data-home=\"https:\/\/www.justiciasantafe.gov.ar\"><\/div>","protected":false},"excerpt":{"rendered":"<p>CENTRO DE CAPACITACI\u00d3N JUDICIAL Ministra Coordinadora: Dra. Margarita Elsa Zabalza Director: Dr. Nicol\u00e1s Falkenberg Subdirector: Dr. Fabi\u00e1n Trovatto Secretario: Dr. Esteban Masino CONSEJO CONSULTIVO: Representante del Colegio de Magistrados y Funcionarios del Poder Judicial:\u00a0Dr. KVASINA,\u00a0Iv\u00e1n Representante de los Cinco Colegios de Abogados de la Prov. de Santa Fe: Representante de los Dos Colegios de Procuradores [&#8230;]\n","protected":false},"author":10,"featured_media":0,"parent":483,"menu_order":0,"comment_status":"closed","ping_status":"closed","template":"","meta":{"_acf_changed":false,"footnotes":""},"class_list":["post-27286","page","type-page","status-publish","hentry"],"acf":[],"_links":{"self":[{"href":"https:\/\/www.justiciasantafe.gov.ar\/index.php\/wp-json\/wp\/v2\/pages\/27286","targetHints":{"allow":["GET"]}}],"collection":[{"href":"https:\/\/www.justiciasantafe.gov.ar\/index.php\/wp-json\/wp\/v2\/pages"}],"about":[{"href":"https:\/\/www.justiciasantafe.gov.ar\/index.php\/wp-json\/wp\/v2\/types\/page"}],"author":[{"embeddable":true,"href":"https:\/\/www.justiciasantafe.gov.ar\/index.php\/wp-json\/wp\/v2\/users\/10"}],"replies":[{"embeddable":true,"href":"https:\/\/www.justiciasantafe.gov.ar\/index.php\/wp-json\/wp\/v2\/comments?post=27286"}],"version-history":[{"count":5,"href":"https:\/\/www.justiciasantafe.gov.ar\/index.php\/wp-json\/wp\/v2\/pages\/27286\/revisions"}],"predecessor-version":[{"id":61747,"href":"https:\/\/www.justiciasantafe.gov.ar\/index.php\/wp-json\/wp\/v2\/pages\/27286\/revisions\/61747"}],"up":[{"embeddable":true,"href":"https:\/\/www.justiciasantafe.gov.ar\/index.php\/wp-json\/wp\/v2\/pages\/483"}],"wp:attachment":[{"href":"https:\/\/www.justiciasantafe.gov.ar\/index.php\/wp-json\/wp\/v2\/media?parent=27286"}],"curies":[{"name":"wp","href":"https:\/\/api.w.org\/{rel}","templated":true}]}}