 {"id":27997,"date":"2022-10-03T15:12:39","date_gmt":"2022-10-03T18:12:39","guid":{"rendered":"https:\/\/www.justiciasantafe.gov.ar\/?page_id=27997"},"modified":"2023-11-02T09:02:15","modified_gmt":"2023-11-02T12:02:15","slug":"capacitaciones","status":"publish","type":"page","link":"https:\/\/www.justiciasantafe.gov.ar\/index.php\/poder-judicial\/inicio\/sistema-de-autoconsulta-de-expedientes-del-poder-judicial-de-santa-fe\/capacitaciones\/","title":{"rendered":"CAPACITACIONES"},"content":{"rendered":"<div><strong><u>Ejes tem\u00e1ticos<\/u>:\u00a0<\/strong>\u00a0D\u00edas y horas h\u00e1biles; Presentaci\u00f3n de escritos y demandas por v\u00eda electr\u00f3nica; Domicilio procesal. Domicilio electr\u00f3nico y telef\u00f3nico; Actos de comunicaci\u00f3n. Notificaciones procesales; Actos de comunicaci\u00f3n con otras dependencias; Audiencias; Solicitud de turnos. Retiro de expedientes.<\/div>\n<p><strong>Circunscripciones 1, 4 y 5<\/strong><\/p>\n<ul>\n<li><a href=\"https:\/\/www.youtube.com\/watch?v=EFUNNkWSgpI&amp;t=1861s\"><u>Jueves\u00a0\u00a0 13.08.2020 &#8211; 16:00 hs. &#8211;\u00a0 Aspectos t\u00e9cnicos (Secretar\u00eda de Inform\u00e1tica)<\/u><\/a><\/li>\n<li><a href=\"https:\/\/www.youtube.com\/watch?v=aWLVtgcNXcw&amp;t=7s\"><u>Viernes\u00a0 14.08.2020 &#8211; 16:00 hs. &#8211;\u00a0 Aspectos jurisdiccionales (Centro de Capacitaci\u00f3n Judicial)<\/u><\/a><\/li>\n<li><a href=\"https:\/\/www.youtube.com\/watch?v=EzN3gZd2WzY\"><u>Jueves\u00a0\u00a0 10.09.2020 &#8211; 16:00 hs. &#8211;\u00a0 Aspectos t\u00e9cnicos (Secretar\u00eda de Inform\u00e1tica)<\/u><\/a><\/li>\n<li><a href=\"https:\/\/www.youtube.com\/watch?v=1Mg4eV8wdEo\"><u>Viernes\u00a0 11.09.2020 &#8211; 16:00 hs. &#8211;\u00a0 Aspectos jurisdiccionales (Centro de Capacitaci\u00f3n Judicial)<\/u><\/a><\/li>\n<\/ul>\n<p><strong>Circunscripciones 2 y 3<\/strong><\/p>\n<ul>\n<li><a href=\"https:\/\/www.youtube.com\/watch?v=ggqRMOU1G6c\"><u>Jueves \u00a0 20.08.2020 &#8211; 16:00 hs. &#8211;\u00a0 Aspectos t\u00e9cnicos (Secretar\u00eda de Inform\u00e1tica)<\/u><\/a><\/li>\n<li><a href=\"https:\/\/www.youtube.com\/watch?v=y0zOFGKmcNE\"><u>Viernes\u00a0 21.08.2020 &#8211; 16:00 hs. &#8211;\u00a0 Aspectos jurisdiccionales (Centro de Capacitaci\u00f3n Judicial)<\/u>\u00a0<\/a><\/li>\n<\/ul>\n<div class=\"gsp_post_data\" data-post_type=\"page\" data-cat=\"\" data-modified=\"120\" data-title=\"CAPACITACIONES\" data-home=\"https:\/\/www.justiciasantafe.gov.ar\"><\/div>","protected":false},"excerpt":{"rendered":"<p>Ejes tem\u00e1ticos:\u00a0\u00a0D\u00edas y horas h\u00e1biles; Presentaci\u00f3n de escritos y demandas por v\u00eda electr\u00f3nica; Domicilio procesal. Domicilio electr\u00f3nico y telef\u00f3nico; Actos de comunicaci\u00f3n. Notificaciones procesales; Actos de comunicaci\u00f3n con otras dependencias; Audiencias; Solicitud de turnos. Retiro de expedientes. Circunscripciones 1, 4 y 5 Jueves\u00a0\u00a0 13.08.2020 &#8211; 16:00 hs. &#8211;\u00a0 Aspectos t\u00e9cnicos (Secretar\u00eda de Inform\u00e1tica) Viernes\u00a0 14.08.2020 [&#8230;]\n","protected":false},"author":12,"featured_media":0,"parent":3488,"menu_order":0,"comment_status":"closed","ping_status":"closed","template":"","meta":{"_acf_changed":false,"footnotes":""},"class_list":["post-27997","page","type-page","status-publish","hentry"],"acf":[],"_links":{"self":[{"href":"https:\/\/www.justiciasantafe.gov.ar\/index.php\/wp-json\/wp\/v2\/pages\/27997","targetHints":{"allow":["GET"]}}],"collection":[{"href":"https:\/\/www.justiciasantafe.gov.ar\/index.php\/wp-json\/wp\/v2\/pages"}],"about":[{"href":"https:\/\/www.justiciasantafe.gov.ar\/index.php\/wp-json\/wp\/v2\/types\/page"}],"author":[{"embeddable":true,"href":"https:\/\/www.justiciasantafe.gov.ar\/index.php\/wp-json\/wp\/v2\/users\/12"}],"replies":[{"embeddable":true,"href":"https:\/\/www.justiciasantafe.gov.ar\/index.php\/wp-json\/wp\/v2\/comments?post=27997"}],"version-history":[{"count":0,"href":"https:\/\/www.justiciasantafe.gov.ar\/index.php\/wp-json\/wp\/v2\/pages\/27997\/revisions"}],"up":[{"embeddable":true,"href":"https:\/\/www.justiciasantafe.gov.ar\/index.php\/wp-json\/wp\/v2\/pages\/3488"}],"wp:attachment":[{"href":"https:\/\/www.justiciasantafe.gov.ar\/index.php\/wp-json\/wp\/v2\/media?parent=27997"}],"curies":[{"name":"wp","href":"https:\/\/api.w.org\/{rel}","templated":true}]}}