 {"id":28234,"date":"2022-10-12T10:48:31","date_gmt":"2022-10-12T13:48:31","guid":{"rendered":"https:\/\/www.justiciasantafe.gov.ar\/?page_id=28234"},"modified":"2024-03-22T09:48:03","modified_gmt":"2024-03-22T12:48:03","slug":"registro-publico","status":"publish","type":"page","link":"https:\/\/www.justiciasantafe.gov.ar\/index.php\/poder-judicial\/institucional\/registro-publico__trashed\/registro-publico\/","title":{"rendered":"REGISTRO P\u00daBLICO"},"content":{"rendered":"<p><em><strong>N\u00d3MINA DE SOCIEDADES DISCRIMINADAS POR CIRCUNSCRIPCI\u00d3N<\/strong><\/em><\/p>\n<p>&nbsp;<\/p>\n<ul>\n<li><a href=\"https:\/\/www.justiciasantafe.gov.ar\/wp-content\/uploads\/2024\/03\/listado-mayo-2024-3.pdf\" target=\"_blank\" rel=\"noopener\"><strong>Circunscripci\u00f3n N\u00b0 1 Santa Fe<\/strong><\/a><\/li>\n<li><a href=\"https:\/\/www.justiciasantafe.gov.ar\/wp-content\/uploads\/2022\/10\/Listado_Sociedades_Circunscripcion_Rosario.pdf\" target=\"_blank\" rel=\"noopener\"><strong>Circunscripci\u00f3n N\u00b0 2\u00a0 Rosario<\/strong><\/a><\/li>\n<li><strong>Circunscripci\u00f3n N\u00b0 3\u00a0 Venado Tuerto<\/strong><\/li>\n<li><a href=\"https:\/\/www.justiciasantafe.gov.ar\/wp-content\/uploads\/2022\/10\/LIS_SOC_04.pdf\" target=\"_blank\" rel=\"noopener\"><strong>Circunscripci\u00f3n N\u00b0 4\u00a0 Reconquista<\/strong><\/a><\/li>\n<li><strong>Circunscripci\u00f3n N\u00b0 5\u00a0 Rafaela<\/strong><\/li>\n<\/ul>\n<div class=\"gsp_post_data\" data-post_type=\"page\" data-cat=\"\" data-modified=\"120\" data-title=\"REGISTRO P\u00daBLICO\" data-home=\"https:\/\/www.justiciasantafe.gov.ar\"><\/div>","protected":false},"excerpt":{"rendered":"<p>N\u00d3MINA DE SOCIEDADES DISCRIMINADAS POR CIRCUNSCRIPCI\u00d3N &nbsp; Circunscripci\u00f3n N\u00b0 1 Santa Fe Circunscripci\u00f3n N\u00b0 2\u00a0 Rosario Circunscripci\u00f3n N\u00b0 3\u00a0 Venado Tuerto Circunscripci\u00f3n N\u00b0 4\u00a0 Reconquista Circunscripci\u00f3n N\u00b0 5\u00a0 Rafaela<\/p>\n","protected":false},"author":12,"featured_media":0,"parent":495,"menu_order":0,"comment_status":"closed","ping_status":"closed","template":"","meta":{"_acf_changed":false,"footnotes":""},"class_list":["post-28234","page","type-page","status-publish","hentry"],"acf":[],"_links":{"self":[{"href":"https:\/\/www.justiciasantafe.gov.ar\/index.php\/wp-json\/wp\/v2\/pages\/28234","targetHints":{"allow":["GET"]}}],"collection":[{"href":"https:\/\/www.justiciasantafe.gov.ar\/index.php\/wp-json\/wp\/v2\/pages"}],"about":[{"href":"https:\/\/www.justiciasantafe.gov.ar\/index.php\/wp-json\/wp\/v2\/types\/page"}],"author":[{"embeddable":true,"href":"https:\/\/www.justiciasantafe.gov.ar\/index.php\/wp-json\/wp\/v2\/users\/12"}],"replies":[{"embeddable":true,"href":"https:\/\/www.justiciasantafe.gov.ar\/index.php\/wp-json\/wp\/v2\/comments?post=28234"}],"version-history":[{"count":0,"href":"https:\/\/www.justiciasantafe.gov.ar\/index.php\/wp-json\/wp\/v2\/pages\/28234\/revisions"}],"up":[{"embeddable":true,"href":"https:\/\/www.justiciasantafe.gov.ar\/index.php\/wp-json\/wp\/v2\/pages\/495"}],"wp:attachment":[{"href":"https:\/\/www.justiciasantafe.gov.ar\/index.php\/wp-json\/wp\/v2\/media?parent=28234"}],"curies":[{"name":"wp","href":"https:\/\/api.w.org\/{rel}","templated":true}]}}