 {"id":33907,"date":"2023-03-03T11:57:59","date_gmt":"2023-03-03T14:57:59","guid":{"rendered":"https:\/\/www.justiciasantafe.gov.ar\/?page_id=33907"},"modified":"2026-04-08T11:01:19","modified_gmt":"2026-04-08T14:01:19","slug":"obtencion-firma-digital-primera-vez-alternativa","status":"publish","type":"page","link":"https:\/\/www.justiciasantafe.gov.ar\/index.php\/poder-judicial\/inicio\/firma-digital\/obtencion-firma-digital-primera-vez-alternativa\/","title":{"rendered":"Obtenci\u00f3n Firma Digital Primera Vez"},"content":{"rendered":"<div class=\"row\"  id=\"row-614814159\">\n\n\t<div id=\"col-1137621145\" class=\"col small-12 large-12\"  >\n\t\t\t\t<div class=\"col-inner\"  >\n\t\t\t\n\t\t\t\n<p>&nbsp;<\/p>\n<p><b>\u00bfQu\u00e9 necesito para obtener la Firma Digital por Hardware (token)?<\/b><\/p>\n<p>&nbsp;<\/p>\n<ul>\n<li style=\"list-style-type: none;\">\n<ul>\n<li style=\"font-weight: 400;\" aria-level=\"1\"><b>Poseer Documento Nacional de Identidad (DNI) y n\u00famero de CUIL o CUIT.<\/b><\/li>\n<li style=\"font-weight: 400;\" aria-level=\"1\"><b>Adquirir un dispositivo criptogr\u00e1fico (token) que cumpla con el est\u00e1ndar FIPS 140-2 nivel 2 o superior, que soporte claves RSA de 2048 bits. Los mismos deber\u00e1n estar homologados por NIST National Institute of Standards and Technology de acuerdo a lo establecido en la Politica \u00danica de Certificaci\u00f3n de la de la Autoridad Certificante de la Oficina Nacional de Tecnolog\u00edas de Informaci\u00f3n (AC ONTI).<\/b><\/li>\n<li style=\"font-weight: 400;\" aria-level=\"1\"><b>Sacar un turno <\/b><b style=\"color: #555555; font-size: 14.4px;\">desde <\/b><a style=\"font-size: 14.4px;\" href=\"https:\/\/turnos.justiciasantafe.gov.ar\/index.php\/\"><b>https:\/\/turnos.justiciasantafe.gov.ar\/index.php\/ <\/b><\/a><b style=\"color: #555555; font-size: 14.4px;\">o <\/b><a style=\"font-size: 14.4px;\" href=\"https:\/\/turnos.argentina.gob.ar\/turnos\/seleccionTurno\/327\"><b>https:\/\/turnos.argentina.gob.ar\/turnos\/seleccionTurno\/327<\/b><\/a><\/li>\n<\/ul>\n<\/li>\n<\/ul>\n<ul>\n<li style=\"list-style-type: none;\">\n<ul>\n<li style=\"font-weight: 400;\" aria-level=\"1\"><b>Completar la Nota de Env\u00edo de Datos en el siguiente link (<\/b><a href=\"https:\/\/pki.jgm.gov.ar\/app\/Signature\/Request\/Create\/CertificateRequest.aspx\"><b>https:\/\/pki.jgm.gov.ar\/app\/Signature\/Request\/Create\/CertificateRequest.aspx<\/b><\/a><b>). Aclaraci\u00f3n: los datos deben completarse al igual que como figuran en el Documento Nacional de Identidad. Adem\u00e1s, en Autoridad de Registro se debe seleccionar \u201cPoder Judicial de la Provincia de Santa Fe\u201d. Una vez que se env\u00edan los datos de solicitud del certificado, recibir\u00e1 un correo electr\u00f3nico <\/b><b style=\"color: #555555; font-size: 14.4px;\">de <\/b><a style=\"font-size: 14.4px;\" href=\"mailto:acap@pki.gob.ar\"><b>acap@pki.gob.ar <\/b><\/a><b style=\"color: #555555; font-size: 14.4px;\">bajo el asunto \u201cConfirmaci\u00f3n de tr\u00e1mite\u201d, el cual hay que abrirlo y hacer click en la leyenda \u201cConfirmar recepci\u00f3n de e-mail\u201d que aparece en azul.<\/b><\/li>\n<\/ul>\n<\/li>\n<\/ul>\n<ul>\n<li style=\"list-style-type: none;\">\n<ul>\n<li style=\"font-weight: 400;\" aria-level=\"1\"><b>Presentarse ante el Oficial del Registro \u2013<\/b><b>dentro de los 20 d\u00edas h\u00e1biles de<\/b> <b>confirmado el mail<\/b><b>\u2013 en el d\u00eda y horario del turno obtenido con el Documento Nacional de Identidad y el dispositivo criptogr\u00e1fico.<\/b><\/li>\n<\/ul>\n<\/li>\n<\/ul>\n<p><b>IMPORTANTE:<\/b><\/p>\n<ul>\n<li style=\"list-style-type: none;\">\n<ul>\n<li style=\"font-weight: 400;\" aria-level=\"1\"><b>El tr\u00e1mite es personal, de modalidad presencial y gratuito.<\/b><\/li>\n<li style=\"font-weight: 400;\" aria-level=\"1\"><b>Si durante la vigencia del plazo de validez del certificado se produce alguna modificaci\u00f3n en los datos incluidos en el mismo (nombre, apellido, CUIT o CUIL o correo electr\u00f3nico), deber\u00e1 revocar el certificado y solicitar uno nuevo<\/b><\/li>\n<\/ul>\n<\/li>\n<\/ul>\n\t\t<\/div>\n\t\t\t\t\n<style>\n#col-1137621145 > .col-inner {\n  margin: -21px 0px 0px 0px;\n}\n<\/style>\n\t<\/div>\n\n\t\n<\/div>\n<div class=\"gsp_post_data\" data-post_type=\"page\" data-cat=\"\" data-modified=\"120\" data-title=\"Obtenci\u00f3n Firma Digital Primera Vez\" data-home=\"https:\/\/www.justiciasantafe.gov.ar\"><\/div>","protected":false},"excerpt":{"rendered":"","protected":false},"author":12,"featured_media":0,"parent":945,"menu_order":0,"comment_status":"closed","ping_status":"closed","template":"","meta":{"_acf_changed":false,"footnotes":""},"class_list":["post-33907","page","type-page","status-publish","hentry"],"acf":[],"_links":{"self":[{"href":"https:\/\/www.justiciasantafe.gov.ar\/index.php\/wp-json\/wp\/v2\/pages\/33907","targetHints":{"allow":["GET"]}}],"collection":[{"href":"https:\/\/www.justiciasantafe.gov.ar\/index.php\/wp-json\/wp\/v2\/pages"}],"about":[{"href":"https:\/\/www.justiciasantafe.gov.ar\/index.php\/wp-json\/wp\/v2\/types\/page"}],"author":[{"embeddable":true,"href":"https:\/\/www.justiciasantafe.gov.ar\/index.php\/wp-json\/wp\/v2\/users\/12"}],"replies":[{"embeddable":true,"href":"https:\/\/www.justiciasantafe.gov.ar\/index.php\/wp-json\/wp\/v2\/comments?post=33907"}],"version-history":[{"count":2,"href":"https:\/\/www.justiciasantafe.gov.ar\/index.php\/wp-json\/wp\/v2\/pages\/33907\/revisions"}],"predecessor-version":[{"id":64787,"href":"https:\/\/www.justiciasantafe.gov.ar\/index.php\/wp-json\/wp\/v2\/pages\/33907\/revisions\/64787"}],"up":[{"embeddable":true,"href":"https:\/\/www.justiciasantafe.gov.ar\/index.php\/wp-json\/wp\/v2\/pages\/945"}],"wp:attachment":[{"href":"https:\/\/www.justiciasantafe.gov.ar\/index.php\/wp-json\/wp\/v2\/media?parent=33907"}],"curies":[{"name":"wp","href":"https:\/\/api.w.org\/{rel}","templated":true}]}}