 {"id":3936,"date":"2021-12-16T10:41:40","date_gmt":"2021-12-16T13:41:40","guid":{"rendered":"https:\/\/www.justiciasantafe.gov.ar\/?page_id=3936"},"modified":"2024-02-02T15:22:32","modified_gmt":"2024-02-02T18:22:32","slug":"defensoria-general-de-camaras","status":"publish","type":"page","link":"https:\/\/www.justiciasantafe.gov.ar\/index.php\/poder-judicial\/inicio\/defensoria-general-de-camaras\/","title":{"rendered":"DEFENSOR\u00cdA GENERAL DE C\u00c1MARAS"},"content":{"rendered":"<h4><a href=\"https:\/\/www.justiciasantafe.gov.ar\/index.php\/poder-judicial\/inicio\/defensoria-general-de-camaras\/funciones\/\">Funciones<\/a>\u00a0&#8211;\u00a0<a href=\"https:\/\/www.justiciasantafe.gov.ar\/index.php\/poder-judicial\/inicio\/defensoria-general-de-camaras\/estructura\/\">Estructura<\/a>\u00a0&#8211;\u00a0<a href=\"https:\/\/www.justiciasantafe.gov.ar\/index.php\/poder-judicial\/inicio\/defensoria-general-de-camaras\/guardia-y-feria-judicial\/\">Guardia y Feria<\/a>\u00a0&#8211;\u00a0<a href=\"https:\/\/www.justiciasantafe.gov.ar\/index.php\/poder-judicial\/inicio\/defensoria-general-de-camaras\/mapa-de-defensores\/\">Mapa<\/a>\u00a0&#8211;\u00a0<a href=\"https:\/\/www.justiciasantafe.gov.ar\/index.php\/poder-judicial\/inicio\/defensoria-general-de-camaras\/oficinas-de-atencion\/\">Oficinas<\/a>\u00a0&#8211;\u00a0<a href=\"https:\/\/docs.google.com\/forms\/d\/e\/1FAIpQLScqRKGfhvbd-S98KHXc47DhZRahM3CnA8VKR575fy6wO8_hwg\/viewform\" target=\"_blank\" rel=\"noopener\">Contacto<\/a><\/h4>\n<h1>Defensores<\/h1>\n<p><strong>\u00bfQui\u00e9nes somos?<\/strong>\u00a0Somos abogados que trabajamos como funcionarios del Poder Judicial de la Provincia de Santa Fe y tenemos a cargo la defensa de los derechos de las personas vulnerables.<\/p>\n<p><strong>\u00bfQu\u00e9 personas se consideran vulnerables?<\/strong>\u00a0Aquellas que por raz\u00f3n de su edad, g\u00e9nero, estado f\u00edsico o mental, o por circunstancias sociales, econ\u00f3micas, \u00e9tnicas y\/o culturales, encuentran especiales dificultades para ejercitar sus derechos.<\/p>\n<p><strong>\u00bfQui\u00e9nes pueden ser atendidos por los Defensores?<\/strong>\u00a0Ni\u00f1os, ni\u00f1as y adolescentes, personas en situaci\u00f3n de pobreza, adultos mayores, personas con capacidades diferentes, inmigrantes, personas privadas de su libertad e integrantes de comunidades de pueblos originarios, entre otros.<\/p>\n<p><strong>\u00bfEn qu\u00e9 podemos ayudarte?<\/strong>\u00a0En derecho de familia: divorcios, alimentos, reg\u00edmenes de visitas, guardas, tutelas, adopciones, venias, curatelas (restricciones a la capacidad), reintegro de menores, medidas de protecci\u00f3n de persona, entre otros. En materia civil: declaratoria de herederos (con fines previsionales), informaciones sumarias, inscripciones tard\u00edas, venias, rectificaciones de partidas, amparos, entre otros. Adem\u00e1s, podemos intervenir en reclamos laborales. En materia penal: defensa penal de ni\u00f1os, ni\u00f1as y adolescentes.<\/p>\n<p><strong>\u00bfEl servicio tiene alg\u00fan costo?<\/strong>\u00a0No. El servicio es completamente gratuito.<\/p>\n<p><strong>\u00bfD\u00f3nde encontrarnos?<\/strong>\u00a0Pod\u00e9s consultar el\u00a0<a href=\"https:\/\/www.justiciasantafe.gov.ar\/index.php\/poder-judicial\/inicio\/defensoria-general-de-camaras\/mapa-de-defensores\/\">mapa de defensores<\/a>\u00a0y la gu\u00eda de\u00a0<a href=\"https:\/\/www.justiciasantafe.gov.ar\/index.php\/poder-judicial\/inicio\/defensoria-general-de-camaras\/oficinas-de-atencion\/\">oficinas de atenci\u00f3n<\/a>.<\/p>\n<p>&nbsp;<\/p>\n<div class=\"listaitem\"><\/div>\n<div class=\"listaitem\">\n<h4 class=\"post-title\"><\/h4>\n<\/div>\n<p>&nbsp;<\/p>\n<div class=\"gsp_post_data\" data-post_type=\"page\" data-cat=\"\" data-modified=\"120\" data-title=\"DEFENSOR\u00cdA GENERAL DE C\u00c1MARAS\" data-home=\"https:\/\/www.justiciasantafe.gov.ar\"><\/div>","protected":false},"excerpt":{"rendered":"<p>Funciones\u00a0&#8211;\u00a0Estructura\u00a0&#8211;\u00a0Guardia y Feria\u00a0&#8211;\u00a0Mapa\u00a0&#8211;\u00a0Oficinas\u00a0&#8211;\u00a0Contacto Defensores \u00bfQui\u00e9nes somos?\u00a0Somos abogados que trabajamos como funcionarios del Poder Judicial de la Provincia de Santa Fe y tenemos a cargo la defensa de los derechos de las personas vulnerables. \u00bfQu\u00e9 personas se consideran vulnerables?\u00a0Aquellas que por raz\u00f3n de su edad, g\u00e9nero, estado f\u00edsico o mental, o por circunstancias sociales, econ\u00f3micas, \u00e9tnicas [&#8230;]\n","protected":false},"author":12,"featured_media":0,"parent":8182,"menu_order":0,"comment_status":"closed","ping_status":"closed","template":"","meta":{"_acf_changed":false,"footnotes":""},"class_list":["post-3936","page","type-page","status-publish","hentry"],"acf":[],"_links":{"self":[{"href":"https:\/\/www.justiciasantafe.gov.ar\/index.php\/wp-json\/wp\/v2\/pages\/3936","targetHints":{"allow":["GET"]}}],"collection":[{"href":"https:\/\/www.justiciasantafe.gov.ar\/index.php\/wp-json\/wp\/v2\/pages"}],"about":[{"href":"https:\/\/www.justiciasantafe.gov.ar\/index.php\/wp-json\/wp\/v2\/types\/page"}],"author":[{"embeddable":true,"href":"https:\/\/www.justiciasantafe.gov.ar\/index.php\/wp-json\/wp\/v2\/users\/12"}],"replies":[{"embeddable":true,"href":"https:\/\/www.justiciasantafe.gov.ar\/index.php\/wp-json\/wp\/v2\/comments?post=3936"}],"version-history":[{"count":0,"href":"https:\/\/www.justiciasantafe.gov.ar\/index.php\/wp-json\/wp\/v2\/pages\/3936\/revisions"}],"up":[{"embeddable":true,"href":"https:\/\/www.justiciasantafe.gov.ar\/index.php\/wp-json\/wp\/v2\/pages\/8182"}],"wp:attachment":[{"href":"https:\/\/www.justiciasantafe.gov.ar\/index.php\/wp-json\/wp\/v2\/media?parent=3936"}],"curies":[{"name":"wp","href":"https:\/\/api.w.org\/{rel}","templated":true}]}}