 {"id":40019,"date":"2024-03-26T09:34:40","date_gmt":"2024-03-26T12:34:40","guid":{"rendered":"https:\/\/www.justiciasantafe.gov.ar\/?page_id=40019"},"modified":"2024-11-06T09:17:30","modified_gmt":"2024-11-06T12:17:30","slug":"estadisticas-2023","status":"publish","type":"page","link":"https:\/\/www.justiciasantafe.gov.ar\/index.php\/poder-judicial\/institucional\/estadisticas-poder-judicial-santa-fe\/estadisticas-2023\/","title":{"rendered":"Estad\u00edsticas 2023"},"content":{"rendered":"<p>&nbsp;<\/p>\n<table class=\"cols\" border=\"0\" cellspacing=\"0\" cellpadding=\"2\">\n<tbody>\n<tr>\n<td>\n<table border=\"1\" cellspacing=\"1\" cellpadding=\"1\">\n<tbody>\n<tr>\n<td>Temas Principales<\/td>\n<td>Subdivisiones<\/td>\n<td>Subdivisiones<\/td>\n<\/tr>\n<tr>\n<td>\u00a0I &#8211; Mapa Judicial<\/td>\n<td>\u00a01. Poblaci\u00f3n<\/td>\n<td><a href=\"https:\/\/www.justiciasantafe.gov.ar\/wp-content\/uploads\/2024\/11\/I-1-1-Circunscripcion-2023.pdf\">1. Circunscripci\u00f3n<\/a><br \/>\n<a href=\"https:\/\/www.justiciasantafe.gov.ar\/wp-content\/uploads\/2024\/11\/I-1-2-Distritos-2023.pdf\">2. Distritos<\/a><br \/>\n<a href=\"https:\/\/www.justiciasantafe.gov.ar\/wp-content\/uploads\/2024\/11\/I-1-3-Circuitos-2023.pdf\">3. Circuitos<\/a><br \/>\n4. Juzgados Comunitarios de las Peque\u00f1as Causas:<\/p>\n<ul>\n<li style=\"list-style-type: none;\">\n<ul>\n<li>\u00a0<a href=\"https:\/\/www.justiciasantafe.gov.ar\/wp-content\/uploads\/2024\/11\/I-1-4-1-Santa-Fe-2023.pdf\">4.1. Circunscripci\u00f3n Santa Fe<\/a><\/li>\n<li>\u00a0<a href=\"https:\/\/www.justiciasantafe.gov.ar\/wp-content\/uploads\/2024\/11\/I-1-4-2-Rosario-2023.pdf\">4.2. Circunscripci\u00f3n Rosario<\/a><\/li>\n<li>\u00a0<a href=\"https:\/\/www.justiciasantafe.gov.ar\/wp-content\/uploads\/2024\/11\/I-1-4-3-Venado-Tuerto-2023.pdf\">4.3. Circunscripci\u00f3n Venado Tuerto<\/a><\/li>\n<li>\u00a0<a href=\"https:\/\/www.justiciasantafe.gov.ar\/wp-content\/uploads\/2024\/11\/I-1-4-4-Reconquista-2023.pdf\">4.4. Circunscripci\u00f3n Reconquista<\/a><\/li>\n<li><a href=\"https:\/\/www.justiciasantafe.gov.ar\/wp-content\/uploads\/2024\/11\/I-1-4-5-Rafaela-2023.pdf\">\u00a04.5. Circunscripci\u00f3n Rafaela<\/a><\/li>\n<\/ul>\n<\/li>\n<\/ul>\n<\/td>\n<\/tr>\n<tr>\n<td rowspan=\"2\">\u00a0II &#8211; Recursos Financieros<\/td>\n<td>\u00a01. Presupuesto Aprobado<\/td>\n<td>1. <a href=\"https:\/\/www.justiciasantafe.gov.ar\/wp-content\/uploads\/2024\/10\/II-1-1-Incidencia-del-Presupuesto-Judicial-Aprobado-en-el-Provincial-2023-6.pdf\" rel=\"attachment wp-att-28896 noopener\">Incidencia del Presupuesto Judicial Aprobado en el Provincial\u00a0<\/a><\/td>\n<\/tr>\n<tr>\n<td>\u00a02. Presupuesto Ejecutado<\/td>\n<td>1. <a href=\"https:\/\/www.justiciasantafe.gov.ar\/wp-content\/uploads\/2024\/04\/II-2-1-Presupuesto-Ejecutado-del-Poder-Judicial-2023.pdf\">Presupuesto ejecutado. Datos varios<\/a><\/td>\n<\/tr>\n<tr>\n<td colspan=\"1\" rowspan=\"3\">\u00a0III &#8211; Recursos Humanos<\/td>\n<td rowspan=\"2\">\u00a01. Datos referidos a cargos<\/td>\n<td>1. <a href=\"https:\/\/www.justiciasantafe.gov.ar\/wp-content\/uploads\/2024\/11\/III-1-1-Cantidad-de-cargos-2023.pdf\">Cantidad de agentes por Circunscripci\u00f3n y Niveles de Cargos<\/a><\/td>\n<\/tr>\n<tr>\n<td>2. <a href=\"https:\/\/www.justiciasantafe.gov.ar\/wp-content\/uploads\/2024\/04\/III-1-2-Cantidad-de-cargos-cada-cien-mil-hab-2023.pdf\">Cantidad de agentes por cada 100.000 habitantes<\/a><\/td>\n<\/tr>\n<tr>\n<td>\u00a02. Datos referidos a\u00a0cantidad de agentes<br \/>\njudiciales<\/td>\n<td>1. <a href=\"https:\/\/www.justiciasantafe.gov.ar\/wp-content\/uploads\/2024\/04\/III-2-1-Cantidad-de-agentes-por-fuero-2023.pdf\">Cantidad de agentes por fuero<\/a><br \/>\n2. <a href=\"https:\/\/www.justiciasantafe.gov.ar\/wp-content\/uploads\/2024\/11\/III-2-2-Cantidad-de-agentes-por-franja-etarea-2023.pdf\">Cantidad de agentes por franja et\u00e1rea<\/a><br \/>\n3. <a href=\"https:\/\/www.justiciasantafe.gov.ar\/wp-content\/uploads\/2024\/04\/III-2-3-Cantidad-de-agentes-por-nivel-instr-2023.pdf\">Cantidad de agentes por nivel de instrucci\u00f3n<\/a><br \/>\n4. <a href=\"https:\/\/www.justiciasantafe.gov.ar\/wp-content\/uploads\/2024\/04\/III-2-4-Cantidad-de-agentes-por-sexo-2023.pdf\">Cantidad de agentes por sexo<\/a><br \/>\n5. <a href=\"https:\/\/www.justiciasantafe.gov.ar\/wp-content\/uploads\/2024\/04\/III-2-5-Agentes-por-ant-pod-jud-2023.pdf\">Cantidad de agentes por antig\u00fcedad en el P.J<\/a><\/td>\n<\/tr>\n<tr>\n<td rowspan=\"4\">\u00a0IV &#8211; Actividad Jurisdiccional<\/td>\n<td>\u00a01. Ingreso de Causas<\/td>\n<td>1.\u00a0<a href=\"https:\/\/www.justiciasantafe.gov.ar\/wp-content\/uploads\/2024\/03\/IV-1-1-Causas-ingresadas-total-pcia-2023-2.pdf\">Total de la Provincia<\/a><br \/>\n2.\u00a0<a href=\"https:\/\/www.justiciasantafe.gov.ar\/wp-content\/uploads\/2024\/11\/IV-1-2-Causas-ingresadas-por-fuero-2023.pdf\">Por Fuero<\/a><br \/>\n3.\u00a0<a href=\"https:\/\/www.justiciasantafe.gov.ar\/wp-content\/uploads\/2024\/03\/IV-1-3-Causas-ingresadas-por-circ-y-fuero-2023-1.pdf\">Por Fuero y Circunscripci\u00f3n<\/a><br \/>\n4. <a href=\"https:\/\/www.justiciasantafe.gov.ar\/wp-content\/uploads\/2024\/11\/IV-1-4-Causas-ingresadas-por-materia-2023.pdf\">Por materia<\/a><br \/>\n5. <a href=\"https:\/\/www.justiciasantafe.gov.ar\/wp-content\/uploads\/2024\/04\/IV-1-5-Causas-ingresadas-por-tipo-causas-2023.pdf\">Por tipo de causas<\/a><br \/>\n6. <a href=\"https:\/\/www.justiciasantafe.gov.ar\/wp-content\/uploads\/2024\/03\/IV-1-6-Causas-ingresadas-por-Fuero-y-Juzgado-1.pdf\">Por \u00d3rgano Jurisdiccional<\/a><\/td>\n<\/tr>\n<tr>\n<td>\u00a0 2.\u00a0 Resoluciones Totales<\/td>\n<td>1.<a href=\"https:\/\/www.justiciasantafe.gov.ar\/wp-content\/uploads\/2024\/04\/IV-3-1-Res-totales-pcia-2023.pdf\"> Total de la Provincia<\/a><br \/>\n2. <a href=\"https:\/\/www.justiciasantafe.gov.ar\/wp-content\/uploads\/2024\/04\/IV-3-2-res-totales-circ-y-fuero-2023.pdf\">Por Fuero y Circunscripci\u00f3n<\/a><br \/>\n3. <a href=\"https:\/\/www.justiciasantafe.gov.ar\/wp-content\/uploads\/2024\/04\/IV-3-3-res-totales-circ-fuero-y-tipo-sentencia-2023.pdf\">Por Circunscripci\u00f3n, Fuero y Tipo de Resoluci\u00f3n<\/a><br \/>\n4. <a href=\"https:\/\/www.justiciasantafe.gov.ar\/wp-content\/uploads\/2024\/04\/IV-3-4-res-totales-circ-fuero-loc-y-juzg-2023.pdf\">Por Circunscripci\u00f3n, Fuero, Sede y \u00d3rgano jurisdiccional<\/a><\/td>\n<\/tr>\n<tr>\n<td>\u00a03. Oralidad en lo Civil<\/td>\n<td>1. <a href=\"https:\/\/www.justiciasantafe.gov.ar\/wp-content\/uploads\/2024\/03\/IV-4-Oralidad-en-lo-Civil-y-Comercial-Extracontractual-y-Circuito-Distrito-2023-2.pdf\">Oralidad en toda la provincia<\/a><a href=\"https:\/\/www-testing.justiciasantafe.gov.ar\/web\/wp-content\/uploads\/2023\/12\/IV-4-Oralidad-en-lo-Civil-y-Comercial-Extracontractual-y-Circuito-Distrito-2022.pdf\"><br \/>\n<\/a><\/td>\n<\/tr>\n<tr>\n<td>\u00a04. Oficina de Procesos Sucesorios (O.P.S.)<\/td>\n<td>1. <a href=\"https:\/\/www.justiciasantafe.gov.ar\/wp-content\/uploads\/2024\/03\/IV-4-4-Oficina-de-Procesos-Sucesorios-2023-OPS-2.pdf\">Informaci\u00f3n General<\/a><\/td>\n<\/tr>\n<tr>\n<td>\u00a0V &#8211; Mediaci\u00f3n Judicial<\/td>\n<td>\u00a01. Estad\u00edsticas de Mediaci\u00f3n<\/td>\n<td>1. <a href=\"https:\/\/www.justiciasantafe.gov.ar\/wp-content\/uploads\/2024\/04\/V-1-1-Mediaciones-por-ano-2023.pdf\">Por A\u00f1o<\/a><br \/>\n2. <a href=\"https:\/\/www.justiciasantafe.gov.ar\/wp-content\/uploads\/2024\/11\/V-1-2-Mediacion-por-fuero-2023.pdf\">Por Fuero<\/a><br \/>\n3. <a href=\"https:\/\/www.justiciasantafe.gov.ar\/wp-content\/uploads\/2024\/11\/V-1-3-Mediacion-por-estados-2023.pdf\">Estados, Resultados y Objetos de la Mediaci\u00f3n<\/a><\/td>\n<\/tr>\n<tr>\n<td>\u00a0VI &#8211; Centro de Capacitaci\u00f3n<\/td>\n<td>\u00a01. Datos Estad\u00edsticos<\/td>\n<td>1. <a href=\"https:\/\/www.justiciasantafe.gov.ar\/wp-content\/uploads\/2024\/11\/VI-1-1-Centro-capacitacion-2023.pdf\">Cantidad de Agentes Capacitados y Cursos Dictados<\/a><\/td>\n<\/tr>\n<tr>\n<td rowspan=\"2\">\u00a0VII &#8211; Indicadores<\/td>\n<td>\u00a01. Litigiosidad (Causas Ingresadas cada<br \/>\n100.000\u00a0 habitantes)<\/td>\n<td>1. <a href=\"https:\/\/www.justiciasantafe.gov.ar\/wp-content\/uploads\/2024\/11\/VII-1-1-1-Indice-litigiosidad-2023.pdf\">Total de la Provincia<\/a><\/td>\n<\/tr>\n<tr>\n<td>\u00a02. Comparaci\u00f3n evoluci\u00f3n Presupuesto con otras<br \/>\nvariables<\/td>\n<td>1. <a href=\"https:\/\/www.justiciasantafe.gov.ar\/wp-content\/uploads\/2024\/04\/VII-2-1-Indicadores-relacion-pres-causa-ing-2023-1.pdf\">Relaci\u00f3n Presupuesto con Causa Ingresada<\/a><\/td>\n<\/tr>\n<tr>\n<td rowspan=\"1\">\u00a0VIII- Pericias<\/td>\n<td rowspan=\"1\">\u00a0Informaci\u00f3n Estad\u00edstica de la realizaci\u00f3n de Peri-<br \/>\ncias Gen\u00e9ticas<\/td>\n<td>\u00a0<a href=\"https:\/\/www.justiciasantafe.gov.ar\/wp-content\/uploads\/2024\/04\/X.1.-Pericias-Geneticas-2023.pdf\">Cantidad de Pericias Gen\u00e9ticas<\/a><\/td>\n<\/tr>\n<tr>\n<td>\u00a0X- Mandamientos y Noti-<br \/>\ncaciones.<\/td>\n<td>\u00a0Cantidad de Mandamientos y Notificaciones rea-<br \/>\nlizadas.<\/td>\n<td>\u00a0<a href=\"https:\/\/www.justiciasantafe.gov.ar\/wp-content\/uploads\/2024\/03\/XII.1.-Mandamientos-y-notificaciones-2023-1.pdf\">Cantidades de Mandamientos en la Provincia<\/a><\/td>\n<\/tr>\n<tr>\n<td>\u00a0XI- Oficina de Certificacio-<br \/>\nnes<\/td>\n<td>\u00a0Cantidad de Tr\u00e1mites realizados en la Oficina de<br \/>\nCertificaciones<\/td>\n<td>\u00a0<a href=\"https:\/\/www.justiciasantafe.gov.ar\/wp-content\/uploads\/2024\/11\/XIII.1.-Certificaciones-2023.pdf\">Cantidades de Tr\u00e1mites realizados en las Oficinas de Certificaciones<\/a><\/td>\n<\/tr>\n<tr>\n<td>\u00a0XII- Peritos Contadores<br \/>\nOficiales<\/td>\n<td>\u00a0Cantidad de Pericias realizadas<\/td>\n<td>\u00a0<a href=\"https:\/\/www.justiciasantafe.gov.ar\/wp-content\/uploads\/2024\/11\/XIV.1.-Pericias-contables-2023.pdf\">Cantidad de Pericias Contables realizadas<\/a><\/td>\n<\/tr>\n<tr>\n<td>\u00a0XIII- Peritos Cal\u00edgrafos Ofi-<br \/>\nciales<\/td>\n<td>\u00a0Cantidad de Pericias realizadas<\/td>\n<td>\u00a0<a href=\"https:\/\/www.justiciasantafe.gov.ar\/wp-content\/uploads\/2024\/04\/XV.1.-Pericias-caligraficas-2023.pdf\">Cantidad de Pericias realizadas<\/a><\/td>\n<\/tr>\n<tr>\n<td>\u00a0XIV- Instituto M\u00e9dico Legal<br \/>\ny Oficinas Forenses<\/td>\n<td>\u00a0Cantidad de Autopsias y Ex\u00e1menes realizados<\/td>\n<td>\u00a0\u00a0<a href=\"https:\/\/www.justiciasantafe.gov.ar\/wp-content\/uploads\/2024\/03\/XVI.1.-Autopsias-y-otros-examentes-de-medicos-forenses-2023-1.pdf\">Cantidad de Autopsias y Ex\u00e1menes realizados<\/a><\/td>\n<\/tr>\n<tr>\n<td>\u00a0XV- Jardines Maternales<\/td>\n<td>\u00a0Cantidad de Menores que asisten a los mismos<\/td>\n<td>\u00a0<a href=\"https:\/\/www.justiciasantafe.gov.ar\/wp-content\/uploads\/2024\/04\/IX.1-Jardines-Maternales-2023.pdf\">Cantidad de Menores que asisten a los mismos<\/a><\/td>\n<\/tr>\n<tr>\n<td>XVI &#8211; Juzgados Comunitarios<br \/>\nde las Peque\u00f1as Causas<\/td>\n<td>Cantidad de actuaciones realizadas<\/td>\n<td>\u00a0<a href=\"https:\/\/www.justiciasantafe.gov.ar\/wp-content\/uploads\/2024\/04\/XVI-juzgados-comunitarios-2023.pdf\">Cantidad de actuaciones realizadas<\/a><\/td>\n<\/tr>\n<\/tbody>\n<\/table>\n<p>&nbsp;<\/td>\n<\/tr>\n<\/tbody>\n<\/table>\n<div class=\"gsp_post_data\" data-post_type=\"page\" data-cat=\"\" data-modified=\"120\" data-title=\"Estad\u00edsticas 2023\" data-home=\"https:\/\/www.justiciasantafe.gov.ar\"><\/div>","protected":false},"excerpt":{"rendered":"<p>&nbsp; Temas Principales Subdivisiones Subdivisiones \u00a0I &#8211; Mapa Judicial \u00a01. Poblaci\u00f3n 1. Circunscripci\u00f3n 2. Distritos 3. Circuitos 4. Juzgados Comunitarios de las Peque\u00f1as Causas: \u00a04.1. Circunscripci\u00f3n Santa Fe \u00a04.2. Circunscripci\u00f3n Rosario \u00a04.3. Circunscripci\u00f3n Venado Tuerto \u00a04.4. Circunscripci\u00f3n Reconquista \u00a04.5. Circunscripci\u00f3n Rafaela \u00a0II &#8211; Recursos Financieros \u00a01. Presupuesto Aprobado 1. Incidencia del Presupuesto Judicial Aprobado en [&#8230;]\n","protected":false},"author":72,"featured_media":0,"parent":485,"menu_order":0,"comment_status":"closed","ping_status":"closed","template":"","meta":{"_acf_changed":false,"footnotes":""},"class_list":["post-40019","page","type-page","status-publish","hentry"],"acf":[],"_links":{"self":[{"href":"https:\/\/www.justiciasantafe.gov.ar\/index.php\/wp-json\/wp\/v2\/pages\/40019","targetHints":{"allow":["GET"]}}],"collection":[{"href":"https:\/\/www.justiciasantafe.gov.ar\/index.php\/wp-json\/wp\/v2\/pages"}],"about":[{"href":"https:\/\/www.justiciasantafe.gov.ar\/index.php\/wp-json\/wp\/v2\/types\/page"}],"author":[{"embeddable":true,"href":"https:\/\/www.justiciasantafe.gov.ar\/index.php\/wp-json\/wp\/v2\/users\/72"}],"replies":[{"embeddable":true,"href":"https:\/\/www.justiciasantafe.gov.ar\/index.php\/wp-json\/wp\/v2\/comments?post=40019"}],"version-history":[{"count":0,"href":"https:\/\/www.justiciasantafe.gov.ar\/index.php\/wp-json\/wp\/v2\/pages\/40019\/revisions"}],"up":[{"embeddable":true,"href":"https:\/\/www.justiciasantafe.gov.ar\/index.php\/wp-json\/wp\/v2\/pages\/485"}],"wp:attachment":[{"href":"https:\/\/www.justiciasantafe.gov.ar\/index.php\/wp-json\/wp\/v2\/media?parent=40019"}],"curies":[{"name":"wp","href":"https:\/\/api.w.org\/{rel}","templated":true}]}}