 {"id":40167,"date":"2024-03-27T15:15:43","date_gmt":"2024-03-27T18:15:43","guid":{"rendered":"https:\/\/www.justiciasantafe.gov.ar\/?page_id=40167"},"modified":"2025-03-17T10:56:25","modified_gmt":"2025-03-17T13:56:25","slug":"libro-estadistico-formato-pdf","status":"publish","type":"page","link":"https:\/\/www.justiciasantafe.gov.ar\/index.php\/poder-judicial\/inicio\/estadisticas\/libro-estadistico-formato-pdf\/","title":{"rendered":"LIBRO ESTAD\u00cdSTICO FORMATO PDF"},"content":{"rendered":"<div class=\"row\">\n<div class=\"col span__sm-12\">\n<p><img decoding=\"async\" src=\"https:\/\/www.justiciasantafe.gov.ar\/wp-content\/uploads\/2021\/11\/presentacion20pag20estad202018.png\" alt=\"Estad\u00edsticas Judiciales\" \/><\/p>\n<ul>\n<li><span style=\"font-size: 140%;\"><a href=\"https:\/\/www.justiciasantafe.gov.ar\/index.php\/estadisticas-2024\/\"><strong>A\u00d1O 2024<\/strong><\/a><\/span><\/li>\n<li><span style=\"font-size: 140%;\"><a href=\"https:\/\/www.justiciasantafe.gov.ar\/index.php\/poder-judicial\/institucional\/estadisticas-poder-judicial-santa-fe\/estadisticas-2023\/\"><strong>A\u00d1O 2023<\/strong><\/a><\/span><\/li>\n<li><span style=\"font-size: 140%;\"><a href=\"https:\/\/www.justiciasantafe.gov.ar\/index.php\/poder-judicial\/institucional\/estadisticas-poder-judicial-santa-fe\/estadisticas-2022\/\"><strong>A\u00d1O 2022<\/strong><\/a><\/span><\/li>\n<li><span style=\"font-size: 140%;\"><a href=\"https:\/\/www.justiciasantafe.gov.ar\/index.php\/poder-judicial\/institucional\/estadisticas-poder-judicial-santa-fe\/estadisticas-2021\/\"><strong>A\u00d1O 2021<\/strong><\/a><\/span><\/li>\n<li><span style=\"font-size: 140%;\"><a href=\"https:\/\/www.justiciasantafe.gov.ar\/index.php\/poder-judicial\/institucional\/estadisticas-poder-judicial-santa-fe\/estadisticas-2020\/\"><strong>A\u00d1O 2020<\/strong><\/a><\/span><\/li>\n<li><span style=\"font-size: 140%;\"><a href=\"https:\/\/www.justiciasantafe.gov.ar\/index.php\/poder-judicial\/institucional\/estadisticas-poder-judicial-santa-fe\/estadisticas-2019\/\"><strong>A\u00d1O 2019<\/strong><\/a><\/span><\/li>\n<li><span style=\"font-size: 140%;\"><a href=\"https:\/\/www.justiciasantafe.gov.ar\/index.php\/poder-judicial\/institucional\/estadisticas-poder-judicial-santa-fe\/8474-2\/\"><strong>A\u00d1O 2018<\/strong><\/a><\/span><\/li>\n<li><span style=\"font-size: 140%;\"><a href=\"https:\/\/www.justiciasantafe.gov.ar\/index.php\/poder-judicial\/institucional\/estadisticas-poder-judicial-santa-fe\/estadisticas-2017-2\/\"><strong>A\u00d1O 2017<\/strong><\/a><\/span><\/li>\n<\/ul>\n<\/div>\n<\/div>\n<div class=\"gsp_post_data\" data-post_type=\"page\" data-cat=\"\" data-modified=\"120\" data-title=\"LIBRO ESTAD\u00cdSTICO FORMATO PDF\" data-home=\"https:\/\/www.justiciasantafe.gov.ar\"><\/div>","protected":false},"excerpt":{"rendered":"<p>A\u00d1O 2024 A\u00d1O 2023 A\u00d1O 2022 A\u00d1O 2021 A\u00d1O 2020 A\u00d1O 2019 A\u00d1O 2018 A\u00d1O 2017<\/p>\n","protected":false},"author":105,"featured_media":0,"parent":40151,"menu_order":0,"comment_status":"closed","ping_status":"closed","template":"","meta":{"_acf_changed":false,"footnotes":""},"class_list":["post-40167","page","type-page","status-publish","hentry"],"acf":[],"_links":{"self":[{"href":"https:\/\/www.justiciasantafe.gov.ar\/index.php\/wp-json\/wp\/v2\/pages\/40167","targetHints":{"allow":["GET"]}}],"collection":[{"href":"https:\/\/www.justiciasantafe.gov.ar\/index.php\/wp-json\/wp\/v2\/pages"}],"about":[{"href":"https:\/\/www.justiciasantafe.gov.ar\/index.php\/wp-json\/wp\/v2\/types\/page"}],"author":[{"embeddable":true,"href":"https:\/\/www.justiciasantafe.gov.ar\/index.php\/wp-json\/wp\/v2\/users\/105"}],"replies":[{"embeddable":true,"href":"https:\/\/www.justiciasantafe.gov.ar\/index.php\/wp-json\/wp\/v2\/comments?post=40167"}],"version-history":[{"count":0,"href":"https:\/\/www.justiciasantafe.gov.ar\/index.php\/wp-json\/wp\/v2\/pages\/40167\/revisions"}],"up":[{"embeddable":true,"href":"https:\/\/www.justiciasantafe.gov.ar\/index.php\/wp-json\/wp\/v2\/pages\/40151"}],"wp:attachment":[{"href":"https:\/\/www.justiciasantafe.gov.ar\/index.php\/wp-json\/wp\/v2\/media?parent=40167"}],"curies":[{"name":"wp","href":"https:\/\/api.w.org\/{rel}","templated":true}]}}