 {"id":40181,"date":"2024-04-03T07:54:06","date_gmt":"2024-04-03T10:54:06","guid":{"rendered":"https:\/\/www.justiciasantafe.gov.ar\/?page_id=40181"},"modified":"2024-04-03T07:58:37","modified_gmt":"2024-04-03T10:58:37","slug":"v-otras-oficinas-judiciales-2","status":"publish","type":"page","link":"https:\/\/www.justiciasantafe.gov.ar\/index.php\/poder-judicial\/inicio\/estadisticas\/v-otras-oficinas-judiciales-2\/","title":{"rendered":"V. Otras oficinas judiciales"},"content":{"rendered":"\t<div id=\"gap-1974237348\" class=\"gap-element clearfix\" style=\"display:block; height:auto;\">\n\t\t\n<style>\n#gap-1974237348 {\n  padding-top: 30px;\n}\n<\/style>\n\t<\/div>\n\t\n\n<div class=\"facetwp-template\" data-name=\"v_otras_oficinas_judiciales\"><div class=\"contenedor-tabla\"><div class=\"tabla\"><table><thead><tr><th>Estad\u00edsticas<\/th><\/tr><\/thead><tbody><tr><td class='estadisticas' style='border-bottom: 1px solid #184c44;'><a class='link-estadisticas' rel='nofollow' target='_self' href='https:\/\/www.justiciasantafe.gov.ar\/index.php\/estadisticas\/1-pericias-peritos-caligrafos-peritos-contables-medicos-forenses-medicos-visitadores-y-pericias-geneticas\/'>1. Pericias- Peritos Cal\u00edgrafos, Peritos Contables, M\u00e9dicos Forenses, M\u00e9dicos Visitadores y Pericias gen\u00e9ticas.<\/a><\/td><\/tr><tr><td class='estadisticas' style='border-bottom: 1px solid #184c44;'><a class='link-estadisticas' rel='nofollow' target='_self' href='https:\/\/www.justiciasantafe.gov.ar\/index.php\/estadisticas\/2-otras-oficinas-judiciales-centro-de-capacitacion-mediacion-mandamientos-y-notificaciones-certificaciones-y-jardines-maternales\/'>2. Otras Oficinas Judiciales- Centro de Capacitaci\u00f3n, Mediaci\u00f3n, Mandamientos y Notificaciones, Certificaciones y Jardines Maternales<\/a><\/td><\/tr><\/tbody><\/table><\/div><\/div><\/div>\n\n\t<div id=\"gap-2001773991\" class=\"gap-element clearfix\" style=\"display:block; height:auto;\">\n\t\t\n<style>\n#gap-2001773991 {\n  padding-top: 30px;\n}\n<\/style>\n\t<\/div>\n\t\n<p>&nbsp;<\/p>\n<div class=\"gsp_post_data\" data-post_type=\"page\" data-cat=\"\" data-modified=\"120\" data-title=\"V. Otras oficinas judiciales\" data-home=\"https:\/\/www.justiciasantafe.gov.ar\"><\/div>","protected":false},"excerpt":{"rendered":"<p>&nbsp;<\/p>\n","protected":false},"author":105,"featured_media":0,"parent":40151,"menu_order":0,"comment_status":"closed","ping_status":"closed","template":"","meta":{"_acf_changed":false,"footnotes":""},"class_list":["post-40181","page","type-page","status-publish","hentry"],"acf":[],"_links":{"self":[{"href":"https:\/\/www.justiciasantafe.gov.ar\/index.php\/wp-json\/wp\/v2\/pages\/40181","targetHints":{"allow":["GET"]}}],"collection":[{"href":"https:\/\/www.justiciasantafe.gov.ar\/index.php\/wp-json\/wp\/v2\/pages"}],"about":[{"href":"https:\/\/www.justiciasantafe.gov.ar\/index.php\/wp-json\/wp\/v2\/types\/page"}],"author":[{"embeddable":true,"href":"https:\/\/www.justiciasantafe.gov.ar\/index.php\/wp-json\/wp\/v2\/users\/105"}],"replies":[{"embeddable":true,"href":"https:\/\/www.justiciasantafe.gov.ar\/index.php\/wp-json\/wp\/v2\/comments?post=40181"}],"version-history":[{"count":0,"href":"https:\/\/www.justiciasantafe.gov.ar\/index.php\/wp-json\/wp\/v2\/pages\/40181\/revisions"}],"up":[{"embeddable":true,"href":"https:\/\/www.justiciasantafe.gov.ar\/index.php\/wp-json\/wp\/v2\/pages\/40151"}],"wp:attachment":[{"href":"https:\/\/www.justiciasantafe.gov.ar\/index.php\/wp-json\/wp\/v2\/media?parent=40181"}],"curies":[{"name":"wp","href":"https:\/\/api.w.org\/{rel}","templated":true}]}}