 {"id":40987,"date":"2024-05-23T14:26:22","date_gmt":"2024-05-23T17:26:22","guid":{"rendered":"https:\/\/www.justiciasantafe.gov.ar\/?page_id=40987"},"modified":"2026-02-06T10:55:37","modified_gmt":"2026-02-06T13:55:37","slug":"certificacion-de-firmas","status":"publish","type":"page","link":"https:\/\/www.justiciasantafe.gov.ar\/index.php\/poder-judicial\/informacion-general\/oficina-de-certificaciones\/certificacion-de-firmas\/","title":{"rendered":"CERTIFICACION DE FIRMAS"},"content":{"rendered":"<p>1) Previamente, y ante todo, debe dejarse bien en claro que para poder realizar la certificaci\u00f3n de la firma de la persona que concurre a hacerlo, debe contar con su Documento Nacional de Identidad, vigente y en perfectas condiciones.<\/p>\n<p>2) Asimismo, tambi\u00e9n es v\u00e1lido para realizar tr\u00e1mites ante esta Oficina, el DNI DIGITAL, esto es, el que se encuentra en la aplicaci\u00f3n MI ARGENTINA.<\/p>\n<p><strong>3) El DNI es el \u00fanico instrumento v\u00e1lido para acreditar identidad (art. 13 Ley <\/strong><strong>17.671): \u201cLa presentaci\u00f3n del documento nacional de identidad expedido por el Registro Nacional de las Personas ser\u00e1 obligatoria en todas las circunstancias en que sea necesario probar la identidad de las personas comprendidas en esta ley, sin que pueda ser suplido por ning\u00fan otro documento de identidad cualquiera fuere su naturaleza y origen\u201d.<\/strong><\/p>\n<p>4) La persona que va a realizar el tr\u00e1mite debe concurrir con el formulario pertinente para poder firmar, y siempre debe hacerlo en el momento de su presentaci\u00f3n ante la autoridad certificante. Nunca antes. No deben traer los papeles firmados.<\/p>\n<p>5) Cuando se trata de certificaci\u00f3n de firmas en contratos de alquiler, boletos de compra-venta, formularios automotor, autorizaciones privadas, formularios de AFIP, API, etc, se los considera documentos privados y el costo de la certificaci\u00f3n es de $13.000 por persona que firma y por documento que firme.<\/p>\n<p>6) Cuando se trata de formularios pertenecientes a la ANSES, Caja de Jubilaciones, IAPOS, obras sociales, etc. se los considera Documentos previsionales y su costo es de $1.000 por firma.<\/p>\n<div class=\"gsp_post_data\" data-post_type=\"page\" data-cat=\"\" data-modified=\"120\" data-title=\"CERTIFICACION DE FIRMAS\" data-home=\"https:\/\/www.justiciasantafe.gov.ar\"><\/div>","protected":false},"excerpt":{"rendered":"<p>1) Previamente, y ante todo, debe dejarse bien en claro que para poder realizar la certificaci\u00f3n de la firma de la persona que concurre a hacerlo, debe contar con su Documento Nacional de Identidad, vigente y en perfectas condiciones. 2) Asimismo, tambi\u00e9n es v\u00e1lido para realizar tr\u00e1mites ante esta Oficina, el DNI DIGITAL, esto es, [&#8230;]\n","protected":false},"author":105,"featured_media":0,"parent":136,"menu_order":0,"comment_status":"closed","ping_status":"closed","template":"","meta":{"_acf_changed":false,"footnotes":""},"class_list":["post-40987","page","type-page","status-publish","hentry"],"acf":[],"_links":{"self":[{"href":"https:\/\/www.justiciasantafe.gov.ar\/index.php\/wp-json\/wp\/v2\/pages\/40987","targetHints":{"allow":["GET"]}}],"collection":[{"href":"https:\/\/www.justiciasantafe.gov.ar\/index.php\/wp-json\/wp\/v2\/pages"}],"about":[{"href":"https:\/\/www.justiciasantafe.gov.ar\/index.php\/wp-json\/wp\/v2\/types\/page"}],"author":[{"embeddable":true,"href":"https:\/\/www.justiciasantafe.gov.ar\/index.php\/wp-json\/wp\/v2\/users\/105"}],"replies":[{"embeddable":true,"href":"https:\/\/www.justiciasantafe.gov.ar\/index.php\/wp-json\/wp\/v2\/comments?post=40987"}],"version-history":[{"count":2,"href":"https:\/\/www.justiciasantafe.gov.ar\/index.php\/wp-json\/wp\/v2\/pages\/40987\/revisions"}],"predecessor-version":[{"id":61316,"href":"https:\/\/www.justiciasantafe.gov.ar\/index.php\/wp-json\/wp\/v2\/pages\/40987\/revisions\/61316"}],"up":[{"embeddable":true,"href":"https:\/\/www.justiciasantafe.gov.ar\/index.php\/wp-json\/wp\/v2\/pages\/136"}],"wp:attachment":[{"href":"https:\/\/www.justiciasantafe.gov.ar\/index.php\/wp-json\/wp\/v2\/media?parent=40987"}],"curies":[{"name":"wp","href":"https:\/\/api.w.org\/{rel}","templated":true}]}}