 {"id":40989,"date":"2024-05-23T14:27:37","date_gmt":"2024-05-23T17:27:37","guid":{"rendered":"https:\/\/www.justiciasantafe.gov.ar\/?page_id=40989"},"modified":"2026-03-31T09:41:28","modified_gmt":"2026-03-31T12:41:28","slug":"autorizacion-de-viaje-al-exterior","status":"publish","type":"page","link":"https:\/\/www.justiciasantafe.gov.ar\/index.php\/poder-judicial\/informacion-general\/oficina-de-certificaciones\/autorizacion-de-viaje-al-exterior\/","title":{"rendered":"AUTORIZACI\u00d3N DE VIAJE AL EXTERIOR"},"content":{"rendered":"<p><strong>AUTORIZACI\u00d3N DE VIAJE AL EXTERIOR<\/strong><\/p>\n<p><strong><u>Es obligatoria la autorizaci\u00f3n de los padres para que un menor de 18 a\u00f1os pueda salir del pa\u00eds<\/u><\/strong>,<\/p>\n<ul>\n<li>Si el menor viaja solo o con un tercero, deben concurrir ambos padres a efectuar la debida autorizaci\u00f3n.<\/li>\n<li>Si el menor viaja con la madre o el padre, debe concurrir a autorizar la madre o el padre que no viajare.<\/li>\n<\/ul>\n<p><strong><u>\u00a0<\/u><\/strong><strong><u>REQUISITOS:<\/u><\/strong><br \/>\n1) DNI del menor de edad &#8211; ORIGINAL y VIGENTE; (verificar previamente la vigencia del DNI: <a href=\"https:\/\/www.argentina.gob.ar\/interior\/renaper\/dni\/consultar-renovacion\">https:\/\/www.argentina.gob.ar\/interior\/renaper\/dni\/consultar-renovacion<\/a><br \/>\n2) DNI y presencia de madre y\/o padre, seg\u00fan corresponda;<br \/>\n3) Partida de Nacimiento;<br \/>\n4) En caso que uno de los padres haya fallecido, se debe acompa\u00f1ar la partida de defunci\u00f3n debidamente expedida por el Registro Civil;<br \/>\n5) En caso de menores bajo tutela, copia actual certificada de la Resoluci\u00f3n judicial y la aceptaci\u00f3n del cargo por parte del tutor.<\/p>\n<p><strong><u>COMO SE REALIZA EL TRAMITE DE AUTORIZACI\u00d3N DE VIAJE<\/u><\/strong>:<br \/>\nCon la documentaci\u00f3n correspondiente, se deben presentar en la Oficina de Certificaciones, donde se completa el formulario y se abona.<br \/>\nUna vez realizado esto, se debe hacer la LEGALIZACION prevista en la Ley Provincial N\u00b0 8375. Esto consta de dos pasos:<\/p>\n<p><u><strong>SEDE SANTA FE<\/strong><\/u><br \/>\n1)Luego de realizar el tr\u00e1mite en la Oficina de Certificaciones, se debe concurrir a la C\u00e1mara de Apelaciones en lo Civil y Comercial Sala 1, ubicada en el 2 piso de estos Tribunales, donde recibir\u00e1 las instrucciones pertinentes para abonar el sellado de $650.<\/p>\n<p><u><strong>\u00a0SEDE ROSARIO<\/strong><\/u><br \/>\n1) Se debe abonar un sellado $650 PARA LEGALIZACIONES con el CODIGO: 92227 en cualquier Santa Fe Servicios; y luego en el horario de 7.15 a 12.45 hs, dirigirse al box 1 de la Oficina de Certificaciones (sacar n\u00famero en la opci\u00f3n \u201csello de agua\/tr\u00e1mite para apostillar\u201d)<\/p>\n<p>MUY IMPORTANTE:<\/p>\n<p>La autorizaci\u00f3n de viaje se puede realizar en cualquier momento del d\u00eda, desde las 7.15 hs hasta las 12.45 y de 14.15 a 19.45 hs (Santa Fe y Rosario), pero se debe tener en cuenta que el tr\u00e1mite de la legalizaci\u00f3n s\u00f3lo se puede realizar por la ma\u00f1ana. Se puede hacer la autorizaci\u00f3n durante la tarde, y luego, por la ma\u00f1ana, se debe realizar indefectiblemente la legalizaci\u00f3n para concluir con el tr\u00e1mite. Sin la legalizaci\u00f3n el tr\u00e1mite no est\u00e1 completo y el menor no podr\u00e1 salir del pa\u00eds.<\/p>\n<p><span style=\"color: #282828;\"><strong>Tasa retributiva del servicio judicial<\/strong><\/span><\/p>\n<table border=\"1\" cellspacing=\"3\" cellpadding=\"2\">\n<tbody>\n<tr>\n<td>Por cada autorizante firmante<\/td>\n<td>$13.000<\/td>\n<\/tr>\n<tr>\n<td>Formulario oficial<\/td>\n<td>$1.000<\/td>\n<\/tr>\n<\/tbody>\n<\/table>\n<ul>\n<li style=\"list-style-type: none;\">\n<ul>\n<li><a href=\"https:\/\/www.justiciasantafe.gov.ar\/wp-content\/uploads\/2026\/03\/EXT-VIAJE.pdf\"><b><u>DESCARGAR AQU\u00cd FORMULARIO DE AUTORIZACI\u00d3N DE VIAJE AL EXTERIOR DE MENORES DE 18 A\u00d1OS<\/u><\/b><\/a><\/li>\n<\/ul>\n<\/li>\n<\/ul>\n<div class=\"gsp_post_data\" data-post_type=\"page\" data-cat=\"\" data-modified=\"120\" data-title=\"AUTORIZACI\u00d3N DE VIAJE AL EXTERIOR\" data-home=\"https:\/\/www.justiciasantafe.gov.ar\"><\/div>","protected":false},"excerpt":{"rendered":"<p>AUTORIZACI\u00d3N DE VIAJE AL EXTERIOR Es obligatoria la autorizaci\u00f3n de los padres para que un menor de 18 a\u00f1os pueda salir del pa\u00eds, Si el menor viaja solo o con un tercero, deben concurrir ambos padres a efectuar la debida autorizaci\u00f3n. Si el menor viaja con la madre o el padre, debe concurrir a autorizar [&#8230;]\n","protected":false},"author":105,"featured_media":0,"parent":136,"menu_order":0,"comment_status":"closed","ping_status":"closed","template":"","meta":{"_acf_changed":false,"footnotes":""},"class_list":["post-40989","page","type-page","status-publish","hentry"],"acf":[],"_links":{"self":[{"href":"https:\/\/www.justiciasantafe.gov.ar\/index.php\/wp-json\/wp\/v2\/pages\/40989","targetHints":{"allow":["GET"]}}],"collection":[{"href":"https:\/\/www.justiciasantafe.gov.ar\/index.php\/wp-json\/wp\/v2\/pages"}],"about":[{"href":"https:\/\/www.justiciasantafe.gov.ar\/index.php\/wp-json\/wp\/v2\/types\/page"}],"author":[{"embeddable":true,"href":"https:\/\/www.justiciasantafe.gov.ar\/index.php\/wp-json\/wp\/v2\/users\/105"}],"replies":[{"embeddable":true,"href":"https:\/\/www.justiciasantafe.gov.ar\/index.php\/wp-json\/wp\/v2\/comments?post=40989"}],"version-history":[{"count":4,"href":"https:\/\/www.justiciasantafe.gov.ar\/index.php\/wp-json\/wp\/v2\/pages\/40989\/revisions"}],"predecessor-version":[{"id":64266,"href":"https:\/\/www.justiciasantafe.gov.ar\/index.php\/wp-json\/wp\/v2\/pages\/40989\/revisions\/64266"}],"up":[{"embeddable":true,"href":"https:\/\/www.justiciasantafe.gov.ar\/index.php\/wp-json\/wp\/v2\/pages\/136"}],"wp:attachment":[{"href":"https:\/\/www.justiciasantafe.gov.ar\/index.php\/wp-json\/wp\/v2\/media?parent=40989"}],"curies":[{"name":"wp","href":"https:\/\/api.w.org\/{rel}","templated":true}]}}