 {"id":40994,"date":"2024-05-23T14:29:52","date_gmt":"2024-05-23T17:29:52","guid":{"rendered":"https:\/\/www.justiciasantafe.gov.ar\/?page_id=40994"},"modified":"2026-02-06T10:53:26","modified_gmt":"2026-02-06T13:53:26","slug":"transcripcion-de-actas","status":"publish","type":"page","link":"https:\/\/www.justiciasantafe.gov.ar\/index.php\/poder-judicial\/informacion-general\/oficina-de-certificaciones\/transcripcion-de-actas\/","title":{"rendered":"TRANSCRIPCION DE ACTAS"},"content":{"rendered":"<p><strong>TRANSCRIPCI\u00d3N DE ACTAS:<\/strong><\/p>\n<p>1)La transcripci\u00f3n de actas se refiere a realizar una copia por computadora, transcribiendo textualmente lo que dice el texto del acta del libro respectivo.<\/p>\n<p>2) Como el acta en el libro original est\u00e1 firmada de pu\u00f1o y letra por los integrantes de la asociaci\u00f3n, sociedad, etc., la forma de volcar\/transcribir esas firmas en la transcripci\u00f3n hecha en computadora, se realiza de la siguiente forma:<\/p>\n<p>a). Generalmente, el acta se cierra con la siguiente frase \u201c&#8230;siendo las 19 hs del d\u00eda &#8230;del mes &#8230;.del a\u00f1o &#8230;. se da por finalizada la reuni\u00f3n, sesi\u00f3n, etc.<br \/>\nb) Entonces, seguido a ello se debe colocar lo siguiente: \u201c&#8230;siguen al pie, 2\/3\/4 firmas ilegibles (las que existieren) con sus respectivas aclaraciones que dicen Juan P\u00e9rez, Presidente, Jorge Gonzalez, Secretario, etc. Si las firmas no tienen aclaraci\u00f3n, solo se transcribe que existen dos, tres, etc. firmas ilegibles. Si en el mismo se encuentra un sello de la instituci\u00f3n, se debe transcribir de la siguiente manera: \u201c&#8230;un sello oval\/redondo, que dice \u201cAsociaci\u00f3n de los derechos&#8230;etc, con<br \/>\ntodo lo que dice dicho sello.<\/p>\n<p>3) As\u00ed, hasta ah\u00ed, se presenta en la Oficina de Certificaciones a fin de que se realice la certificaci\u00f3n de la transcripci\u00f3n.<\/p>\n<p>4) Una vez realizado ello, y si se lo solicita, se procede a firmar por las autoridades de la asociaci\u00f3n, fundaci\u00f3n, etc. NO se firma antes de la certificaci\u00f3n de la transcripci\u00f3n, siempre luego y frente a la autoridad certificante.<\/p>\n<p>5) El costo de este tr\u00e1mite es de $13.000.<\/p>\n<div class=\"gsp_post_data\" data-post_type=\"page\" data-cat=\"\" data-modified=\"120\" data-title=\"TRANSCRIPCION DE ACTAS\" data-home=\"https:\/\/www.justiciasantafe.gov.ar\"><\/div>","protected":false},"excerpt":{"rendered":"<p>TRANSCRIPCI\u00d3N DE ACTAS: 1)La transcripci\u00f3n de actas se refiere a realizar una copia por computadora, transcribiendo textualmente lo que dice el texto del acta del libro respectivo. 2) Como el acta en el libro original est\u00e1 firmada de pu\u00f1o y letra por los integrantes de la asociaci\u00f3n, sociedad, etc., la forma de volcar\/transcribir esas firmas [&#8230;]\n","protected":false},"author":105,"featured_media":0,"parent":136,"menu_order":0,"comment_status":"closed","ping_status":"closed","template":"","meta":{"_acf_changed":false,"footnotes":""},"class_list":["post-40994","page","type-page","status-publish","hentry"],"acf":[],"_links":{"self":[{"href":"https:\/\/www.justiciasantafe.gov.ar\/index.php\/wp-json\/wp\/v2\/pages\/40994","targetHints":{"allow":["GET"]}}],"collection":[{"href":"https:\/\/www.justiciasantafe.gov.ar\/index.php\/wp-json\/wp\/v2\/pages"}],"about":[{"href":"https:\/\/www.justiciasantafe.gov.ar\/index.php\/wp-json\/wp\/v2\/types\/page"}],"author":[{"embeddable":true,"href":"https:\/\/www.justiciasantafe.gov.ar\/index.php\/wp-json\/wp\/v2\/users\/105"}],"replies":[{"embeddable":true,"href":"https:\/\/www.justiciasantafe.gov.ar\/index.php\/wp-json\/wp\/v2\/comments?post=40994"}],"version-history":[{"count":1,"href":"https:\/\/www.justiciasantafe.gov.ar\/index.php\/wp-json\/wp\/v2\/pages\/40994\/revisions"}],"predecessor-version":[{"id":61313,"href":"https:\/\/www.justiciasantafe.gov.ar\/index.php\/wp-json\/wp\/v2\/pages\/40994\/revisions\/61313"}],"up":[{"embeddable":true,"href":"https:\/\/www.justiciasantafe.gov.ar\/index.php\/wp-json\/wp\/v2\/pages\/136"}],"wp:attachment":[{"href":"https:\/\/www.justiciasantafe.gov.ar\/index.php\/wp-json\/wp\/v2\/media?parent=40994"}],"curies":[{"name":"wp","href":"https:\/\/api.w.org\/{rel}","templated":true}]}}