 {"id":416,"date":"2021-11-29T09:04:36","date_gmt":"2021-11-29T12:04:36","guid":{"rendered":"https:\/\/www.justiciasantafe.gov.ar\/?page_id=416"},"modified":"2023-11-02T09:02:19","modified_gmt":"2023-11-02T12:02:19","slug":"compras-y-licitaciones","status":"publish","type":"page","link":"https:\/\/www.justiciasantafe.gov.ar\/index.php\/poder-judicial\/informacion-general\/compras-y-licitaciones\/","title":{"rendered":"Compras y Licitaciones"},"content":{"rendered":"\n\n\t<section class=\"section\" id=\"section_1182244278\">\n\t\t<div class=\"section-bg fill\" >\n\t\t\t\t\t\t\t\t\t\n\t\t\t\n\n\t\t<\/div>\n\n\t\t\n\n\t\t<div class=\"section-content relative\">\n\t\t\t\n<div class=\"row row-collapse row-full-width align-middle align-center\"  id=\"row-288684911\">\n\n\t<div id=\"col-109325666\" class=\"col medium-4 large-4\"  >\n\t\t\t\t<div class=\"col-inner\"  >\n\t\t\t\n\t\t\t\n<div class=\"facetwp-facet facetwp-facet-buscador_compras facetwp-type-search\" data-name=\"buscador_compras\" data-type=\"search\"><\/div>\n\t\t<\/div>\n\t\t\t\t\t<\/div>\n\n\t\n\n\t<div id=\"col-661168307\" class=\"col medium-4 large-4\"  >\n\t\t\t\t<div class=\"col-inner\"  >\n\t\t\t\n\t\t\t\n<div class=\"row row-collapse row-full-width align-middle align-center\"  id=\"row-1822531552\">\n\n\t<div id=\"col-724077712\" class=\"col medium-5 large-5\"  >\n\t\t\t\t<div class=\"col-inner\"  >\n\t\t\t\n\t\t\t\n<p style=\"text-align: right;\"><span style=\"color: #ffffff; font-size: 120%;\">Estado<\/span><\/p>\n\t\t<\/div>\n\t\t\t\t\n<style>\n#col-724077712 > .col-inner {\n  margin: 0px 0px 0px -6px;\n}\n<\/style>\n\t<\/div>\n\n\t\n\n\t<div id=\"col-374399678\" class=\"col medium-7 large-7\"  >\n\t\t\t\t<div class=\"col-inner\"  >\n\t\t\t\n\t\t\t\n\t<div id=\"text-2638867247\" class=\"text\">\n\t\t\n<p style=\"text-align: right;\"><div class=\"facetwp-facet facetwp-facet-compras_estado facetwp-type-dropdown\" data-name=\"compras_estado\" data-type=\"dropdown\"><\/div>\n\t\t\n<style>\n#text-2638867247 {\n  line-height: 1.2;\n  text-align: right;\n}\n<\/style>\n\t<\/div>\n\t\n\t\t<\/div>\n\t\t\t\t\t<\/div>\n\n\t\n\n<style>\n#row-1822531552 > .col > .col-inner {\n  padding: 14px 0px 0px 0px;\n}\n<\/style>\n<\/div>\n\t\t<\/div>\n\t\t\t\t\t<\/div>\n\n\t\n\n\t<div id=\"col-1428674125\" class=\"col medium-4 large-4\"  >\n\t\t\t\t<div class=\"col-inner\"  >\n\t\t\t\n\t\t\t\n<div class=\"row row-collapse row-full-width\"  id=\"row-424048933\">\n\n\t<div id=\"col-2015406039\" class=\"col medium-6 large-6\"  >\n\t\t\t\t<div class=\"col-inner\"  >\n\t\t\t\n\t\t\t\n<p style=\"text-align: right;\"><span style=\"color: #ffffff; font-size: 120%;\">A\u00f1o<\/span><\/p>\n\t\t<\/div>\n\t\t\t\t\n<style>\n#col-2015406039 > .col-inner {\n  margin: 0px 0px 0px -6px;\n}\n<\/style>\n\t<\/div>\n\n\t\n\n\t<div id=\"col-1676753152\" class=\"col medium-6 large-6\"  >\n\t\t\t\t<div class=\"col-inner\"  >\n\t\t\t\n\t\t\t\n\t<div id=\"text-1487695780\" class=\"text\">\n\t\t\n<p style=\"text-align: right;\"><div class=\"facetwp-facet facetwp-facet-ao facetwp-type-dropdown\" data-name=\"ao\" data-type=\"dropdown\"><\/div>\n\t\t\n<style>\n#text-1487695780 {\n  line-height: 1.2;\n  text-align: right;\n}\n<\/style>\n\t<\/div>\n\t\n\t\t<\/div>\n\t\t\t\t\t<\/div>\n\n\t\n\n<style>\n#row-424048933 > .col > .col-inner {\n  padding: 14px 0px 0px 0px;\n}\n<\/style>\n<\/div>\n\t\t<\/div>\n\t\t\t\t\t<\/div>\n\n\t\n<\/div>\n\t\t<\/div>\n\n\t\t\n<style>\n#section_1182244278 {\n  padding-top: 0px;\n  padding-bottom: 0px;\n  background-color: rgb(16, 75, 69);\n}\n<\/style>\n\t<\/section>\n\t\n\t<div id=\"gap-935966902\" class=\"gap-element clearfix\" style=\"display:block; height:auto;\">\n\t\t\n<style>\n#gap-935966902 {\n  padding-top: 30px;\n}\n<\/style>\n\t<\/div>\n\t\n\n\t<section class=\"section\" id=\"section_1328428267\">\n\t\t<div class=\"section-bg fill\" >\n\t\t\t\t\t\t\t\t\t\n\t\t\t\n\n\t\t<\/div>\n\n\t\t\n\n\t\t<div class=\"section-content relative\">\n\t\t\t\n\n<div class=\"row row-collapse\"  id=\"row-668856691\">\n\n\t<div id=\"col-479198428\" class=\"col small-12 large-12\"  >\n\t\t\t\t<div class=\"col-inner\"  >\n\t\t\t\n\t\t\t\n\n<div class=\"facetwp-template\" data-name=\"compras_2\"><table class=\"twelve\">\n<thead>\n   <tr>\n       <th>Gesti\u00f3n<\/th>\n       <th>Objeto<\/th>\n       <th>Resoluci\u00f3n<\/th>\n       <th>Estado<\/th>\n   <\/tr>\n<\/thead>\n\n<tbody>\n      <tr><td valign=\"top\"><a class=\"link\" rel=\"nofollow\" target=\"_blank\" href=\"https:\/\/www.justiciasantafe.gov.ar\/wp-content\/uploads\/2026\/04\/pliego-licitacion-publica-n\u00b0-12.pdf\">pliego licitaci\u00f3n p\u00fablica n\u00b0 12<\/a><\/td><td><h3>Licitaci\u00f3n p\u00fablica N\u00b0 12\/26<\/h3><p>Equipamiento especial y exclusivo para Salas T\u00e9cnicas del Anexo del Palacio de Justicia<\/p>\n<p><a href=\"https:\/\/www.justiciasantafe.gov.ar\/wp-content\/uploads\/2026\/04\/licitacion-publica-12-26.7z\">licitaci\u00f3n p\u00fablica 12-26<\/a><\/p>\n<div class=\"gsp_post_data\" data-post_type=\"compras\" data-cat=\"licitacion-publica\" data-modified=\"120\" data-title=\"Licitaci\u00f3n p\u00fablica N\u00b0 12\/26\" data-home=\"https:\/\/www.justiciasantafe.gov.ar\"><\/div><hr><p>Fecha de apertura: 22\/05\/2026<\/p><hr><\/td><td valign=\"top\"><\/td><td valign=\"top\">Pr\u00f3xima Apertura<\/td><\/tr>\n      <tr><td valign=\"top\"><a class=\"link\" rel=\"nofollow\" target=\"_blank\" href=\"https:\/\/www.justiciasantafe.gov.ar\/wp-content\/uploads\/2026\/04\/pliego-licitacion-publica-n\u00b0-10-1.pdf\">pliego licitaci\u00f3n p\u00fablica n\u00b0 10<\/a><\/td><td><h3>Licitaci\u00f3n p\u00fablica N\u00b0 10\/26<\/h3><p>Adquisici\u00f3n de equipamiento para el Anexo de los Tribunales de Santa Fe<\/p>\n<p>Hora de apertura: 9 hs.<\/p>\n<div class=\"gsp_post_data\" data-post_type=\"compras\" data-cat=\"licitacion-publica\" data-modified=\"120\" data-title=\"Licitaci\u00f3n p\u00fablica N\u00b0 10\/26\" data-home=\"https:\/\/www.justiciasantafe.gov.ar\"><\/div><hr><p>Fecha de apertura: 12\/05\/2026<\/p><hr><\/td><td valign=\"top\"><\/td><td valign=\"top\">Pr\u00f3xima Apertura<\/td><\/tr>\n      <tr><td valign=\"top\"><a class=\"link\" rel=\"nofollow\" target=\"_blank\" href=\"https:\/\/www.justiciasantafe.gov.ar\/wp-content\/uploads\/2026\/04\/pliego-licitacion-publica-n\u00b0-11.pdf\">pliego licitaci\u00f3n p\u00fablica n\u00b0 11<\/a><\/td><td><h3>Licitaci\u00f3n p\u00fablica N\u00b0 11\/26<\/h3><p>Adquisici\u00f3n de plataforma de videoconferencia con un dispositivo audiovisual m\u00f3vil para usos m\u00faltiples en los Tribunales de Santa Fe<\/p>\n<p>Horario de apertura: 10 hs.<\/p>\n<div class=\"gsp_post_data\" data-post_type=\"compras\" data-cat=\"licitacion-publica\" data-modified=\"120\" data-title=\"Licitaci\u00f3n p\u00fablica N\u00b0 11\/26\" data-home=\"https:\/\/www.justiciasantafe.gov.ar\"><\/div><hr><p>Fecha de apertura: 12\/05\/2026<\/p><hr><\/td><td valign=\"top\"><\/td><td valign=\"top\">Pr\u00f3xima Apertura<\/td><\/tr>\n      <tr><td valign=\"top\"><a class=\"link\" rel=\"nofollow\" target=\"_blank\" href=\"https:\/\/www.justiciasantafe.gov.ar\/wp-content\/uploads\/2026\/04\/pliego-licitacion-privada-22-26-Escritorios-5.pdf\">pliego licitaci\u00f3n privada 22-26 Escritorios<\/a><\/td><td><h3>Licitaci\u00f3n privada N\u00b0 22\/26<\/h3><p>Provisi\u00f3n de escritorios para Juzgado de Distrito de El Tr\u00e9bol, Ceres, San Justo, Vera, San Crist\u00f3bal y Villa Ocampo<\/p>\n<p><a href=\"https:\/\/www.justiciasantafe.gov.ar\/wp-content\/uploads\/2026\/04\/PETP-mobiliario-distrito-2026-3.pdf\" target=\"\" rel=\"attachment wp-att-66267\">PETP mobiliario distrito 2026<\/a><\/p>\n<p><a href=\"https:\/\/www.justiciasantafe.gov.ar\/wp-content\/uploads\/2026\/04\/MOBILIARIO-CIVILES-1.pdf\" target=\"\" rel=\"attachment wp-att-66268\">MOBILIARIO CIVILES<\/a><\/p>\n<div class=\"gsp_post_data\" data-post_type=\"compras\" data-cat=\"licitacion-privada\" data-modified=\"120\" data-title=\"Licitaci\u00f3n privada N\u00b0 22\/26\" data-home=\"https:\/\/www.justiciasantafe.gov.ar\"><\/div><hr><p>Fecha de apertura: 04\/05\/2026<\/p><hr><\/td><td valign=\"top\"><\/td><td valign=\"top\">Pr\u00f3xima Apertura<\/td><\/tr>\n      <tr><td valign=\"top\"><a class=\"link\" rel=\"nofollow\" target=\"_blank\" href=\"https:\/\/www.justiciasantafe.gov.ar\/wp-content\/uploads\/2026\/04\/Pliego-de-Bases-y-Condiciones-2.pdf\">Pliego de Bases y Condiciones<\/a><\/td><td><h3>Licitaci\u00f3n P\u00fablica N\u00b0 09\/26<\/h3><p>Adquisici\u00f3n art\u00edculos de limpieza Tribunales Provinciales de Rosario<\/p>\n<p>&nbsp;<\/p>\n<p><a href=\"https:\/\/www.justiciasantafe.gov.ar\/wp-content\/uploads\/2026\/04\/Pliego-de-Especificaciones-Tecnicas-1.pdf\" target=\"\" rel=\"attachment wp-att-64994\">Pliego de Especificaciones T\u00e9cnicas<\/a><\/p>\n<p>&nbsp;<\/p>\n<p><a href=\"https:\/\/www.justiciasantafe.gov.ar\/wp-content\/uploads\/2026\/04\/NOTA-ACLARATORIA-NRO-1.pdf\" target=\"\" rel=\"attachment wp-att-65533\">NOTA ACLARATORIA NRO 1<\/a><\/p>\n<div class=\"gsp_post_data\" data-post_type=\"compras\" data-cat=\"licitacion-publica\" data-modified=\"120\" data-title=\"Licitaci\u00f3n P\u00fablica N\u00b0 09\/26\" data-home=\"https:\/\/www.justiciasantafe.gov.ar\"><\/div><hr><p>Fecha de apertura: 28\/04\/2026 | <a class=\"link\" rel=\"nofollow\" target=\"_blank\" href=\"https:\/\/www.justiciasantafe.gov.ar\/wp-content\/uploads\/2026\/04\/Acta-de-Apertura-Lic-Publica-09-26.pdf\">Acta de Apertura Lic P\u00fablica 09-26<\/a><\/p><hr><\/td><td valign=\"top\"><\/td><td valign=\"top\">En Tramite<\/td><\/tr>\n      <tr><td valign=\"top\"><a class=\"link\" rel=\"nofollow\" target=\"_blank\" href=\"https:\/\/www.justiciasantafe.gov.ar\/wp-content\/uploads\/2026\/04\/pliego-licitacion-privada-21-26-servicio-recoleccion-de-residuos.pdf\">pliego licitaci\u00f3n privada 21-26 servicio recolecci\u00f3n de residuos<\/a><\/td><td><h3>Licitaci\u00f3n privada N\u00b0 21\/26<\/h3><p>Contrataci\u00f3n de un servicio de recolecci\u00f3n de residuos y alquiler de contenedores para el Poder Judicial de Santa Fe<\/p>\n<div class=\"gsp_post_data\" data-post_type=\"compras\" data-cat=\"licitacion-privada\" data-modified=\"120\" data-title=\"Licitaci\u00f3n privada N\u00b0 21\/26\" data-home=\"https:\/\/www.justiciasantafe.gov.ar\"><\/div><hr><p>Fecha de apertura: 24\/04\/2026<\/p><hr><\/td><td valign=\"top\"><\/td><td valign=\"top\">Pr\u00f3xima Apertura<\/td><\/tr>\n      <tr><td valign=\"top\"><a class=\"link\" rel=\"nofollow\" target=\"_blank\" href=\"https:\/\/www.justiciasantafe.gov.ar\/wp-content\/uploads\/2026\/04\/Pliego-de-Bases-y-Condiciones-3.pdf\">Pliego de Bases y Condiciones<\/a><\/td><td><h3>Licitaci\u00f3n Privada 19\/26<\/h3><p>Adquisici\u00f3n art\u00edculos de librer\u00eda Tribunales Provinciales de Rosario<\/p>\n<p>&nbsp;<\/p>\n<p><a href=\"https:\/\/www.justiciasantafe.gov.ar\/wp-content\/uploads\/2026\/04\/Pliego-de-Especificaciones-Tecnicas-3.pdf\" target=\"\" rel=\"attachment wp-att-65361\">Pliego de Especificaciones T\u00e9cnicas<\/a><\/p>\n<div class=\"gsp_post_data\" data-post_type=\"compras\" data-cat=\"licitacion-privada\" data-modified=\"120\" data-title=\"Licitaci\u00f3n Privada 19\/26\" data-home=\"https:\/\/www.justiciasantafe.gov.ar\"><\/div><hr><p>Fecha de apertura: 24\/04\/2026 | <a class=\"link\" rel=\"nofollow\" target=\"_blank\" href=\"https:\/\/www.justiciasantafe.gov.ar\/wp-content\/uploads\/2026\/04\/Acta-de-Apertura-Lic-Privada-19-26.pdf\">Acta de Apertura Lic Privada 19-26<\/a><\/p><hr><\/td><td valign=\"top\"><\/td><td valign=\"top\">En Tramite<\/td><\/tr>\n      <tr><td valign=\"top\"><a class=\"link\" rel=\"nofollow\" target=\"_blank\" href=\"https:\/\/www.justiciasantafe.gov.ar\/wp-content\/uploads\/2026\/04\/Pliego-bases-y-condiciones.pdf\">Pliego bases y condiciones<\/a><\/td><td><h3>Licitaci\u00f3n Privada 18\/26<\/h3><p>Provisi\u00f3n de monitores, webcams y auriculares Oficinas de Gesti\u00f3n Judicial de San Lorenzo y Rosario<\/p>\n<p>&nbsp;<\/p>\n<p><a href=\"https:\/\/www.justiciasantafe.gov.ar\/wp-content\/uploads\/2026\/04\/Pliego-de-Especificaciones-Tecnicas-2.pdf\" target=\"\" rel=\"attachment wp-att-65352\">Pliego de Especificaciones T\u00e9cnicas<\/a><\/p>\n<div class=\"gsp_post_data\" data-post_type=\"compras\" data-cat=\"licitacion-privada\" data-modified=\"120\" data-title=\"Licitaci\u00f3n Privada 18\/26\" data-home=\"https:\/\/www.justiciasantafe.gov.ar\"><\/div><hr><p>Fecha de apertura: 23\/04\/2026 | <a class=\"link\" rel=\"nofollow\" target=\"_blank\" href=\"https:\/\/www.justiciasantafe.gov.ar\/wp-content\/uploads\/2026\/04\/Acta-de-Apertura-Lic.-Privada-18-26.pdf\">Acta de Apertura Lic. Privada 18-26<\/a><\/p><hr><\/td><td valign=\"top\"><\/td><td valign=\"top\">En Tramite<\/td><\/tr>\n      <tr><td valign=\"top\"><a class=\"link\" rel=\"nofollow\" target=\"_blank\" href=\"https:\/\/www.justiciasantafe.gov.ar\/wp-content\/uploads\/2026\/04\/Pliego-bases-y-condiciones-1.pdf\">Pliego bases y condiciones<\/a><\/td><td><h3>Licitaci\u00f3n Privada 20\/26<\/h3><p>Adquisici\u00f3n Equipamiento Sala Gesell Tribunales Provinciales de Casilda<\/p>\n<p>&nbsp;<\/p>\n<p><a href=\"https:\/\/www.justiciasantafe.gov.ar\/wp-content\/uploads\/2026\/04\/Pliego-especificaciones-tecnicas.pdf\" target=\"\" rel=\"attachment wp-att-65356\">Pliego especificaciones t\u00e9cnicas<\/a><\/p>\n<div class=\"gsp_post_data\" data-post_type=\"compras\" data-cat=\"licitacion-privada\" data-modified=\"120\" data-title=\"Licitaci\u00f3n Privada 20\/26\" data-home=\"https:\/\/www.justiciasantafe.gov.ar\"><\/div><hr><p>Fecha de apertura: 22\/04\/2026 | <a class=\"link\" rel=\"nofollow\" target=\"_blank\" href=\"https:\/\/www.justiciasantafe.gov.ar\/wp-content\/uploads\/2026\/04\/Acta-de-Apertura-Lic-Privada-20-26.pdf\">Acta de Apertura Lic Privada 20-26<\/a><\/p><hr><\/td><td valign=\"top\"><\/td><td valign=\"top\">En Tramite<\/td><\/tr>\n      <tr><td valign=\"top\"><a class=\"link\" rel=\"nofollow\" target=\"_blank\" href=\"https:\/\/www.justiciasantafe.gov.ar\/wp-content\/uploads\/2026\/04\/Pliego-de-Bases-y-Condiciones.pdf\">Pliego de Bases y Condiciones<\/a><\/td><td><h3>Licitaci\u00f3n Privada N\u00b0 15\/26<\/h3><p>Provisi\u00f3n sillas puestos de trabajo Tribunales Provinciales de Rosario<\/p>\n<p>&nbsp;<\/p>\n<p><a href=\"https:\/\/www.justiciasantafe.gov.ar\/wp-content\/uploads\/2026\/04\/Pliego-de-especificaciones-tecnicas.pdf\" target=\"\" rel=\"attachment wp-att-64987\">Pliego de especificaciones t\u00e9cnicas<\/a><\/p>\n<p><a href=\"https:\/\/www.justiciasantafe.gov.ar\/wp-content\/uploads\/2026\/04\/Plano-ST2-1.pdf\" target=\"\" rel=\"attachment wp-att-64988\">Plano ST2<\/a><\/p>\n<div class=\"gsp_post_data\" data-post_type=\"compras\" data-cat=\"licitacion-privada\" data-modified=\"120\" data-title=\"Licitaci\u00f3n Privada N\u00b0 15\/26\" data-home=\"https:\/\/www.justiciasantafe.gov.ar\"><\/div><hr><p>Fecha de apertura: 22\/04\/2026 | <a class=\"link\" rel=\"nofollow\" target=\"_blank\" href=\"https:\/\/www.justiciasantafe.gov.ar\/wp-content\/uploads\/2026\/04\/Acta-de-Apertura-Lic.-Privada-15-26.pdf\">Acta de Apertura Lic. Privada 15-26<\/a><\/p><hr><\/td><td valign=\"top\"><\/td><td valign=\"top\">En Tramite<\/td><\/tr>\n\n<\/tbody>\n<\/table><\/div>\n\n\t\t<\/div>\n\t\t\t\t\t<\/div>\n\n\t\n<\/div>\n\t\t<div class=\"hidden\">\n\t\t\t\t\n\t\t<\/div>\n\t\n\n\t\t<\/div>\n\n\t\t\n<style>\n#section_1328428267 {\n  padding-top: 0px;\n  padding-bottom: 0px;\n}\n<\/style>\n\t<\/section>\n\t\n\t<div id=\"gap-1381669493\" class=\"gap-element clearfix\" style=\"display:block; height:auto;\">\n\t\t\n<style>\n#gap-1381669493 {\n  padding-top: 30px;\n}\n<\/style>\n\t<\/div>\n\t\n\n\t<section class=\"section\" id=\"section_2067118497\">\n\t\t<div class=\"section-bg fill\" >\n\t\t\t\t\t\t\t\t\t\n\t\t\t\n\t<div class=\"is-border\"\n\t\tstyle=\"border-width:0px 0px 0px 0px;margin:0px 0px 0px 0px;\">\n\t<\/div>\n\n\t\t<\/div>\n\n\t\t\n\n\t\t<div class=\"section-content relative\">\n\t\t\t\n<div class=\"row row-collapse row-full-width align-middle align-center\"  id=\"row-1512302669\">\n\n\t<div id=\"col-445130168\" class=\"col hide-for-medium medium-2 large-2\"  >\n\t\t\t\t<div class=\"col-inner text-right\"  >\n\t\t\t\n\t\t\t\n\t<div id=\"text-1186101484\" class=\"text\">\n\t\t\n<p><span style=\"color: #ffffff;\">Resultados por p\u00e1ginas<\/span><\/p>\n\t\t\n<style>\n#text-1186101484 {\n  text-align: right;\n}\n<\/style>\n\t<\/div>\n\t\n\t\t<\/div>\n\t\t\t\t\n<style>\n#col-445130168 > .col-inner {\n  padding: 20px 4px 0px 0px;\n}\n<\/style>\n\t<\/div>\n\n\t\n\n\t<div id=\"col-459539890\" class=\"col medium-8 large-8\"  >\n\t\t\t\t<div class=\"col-inner\"  >\n\t\t\t\n\t\t\t\n<div class=\"row row-collapse align-middle align-center\"  id=\"row-1129524281\">\n\n\t<div id=\"col-1142265414\" class=\"col hide-for-medium medium-3 small-12 large-3\"  >\n\t\t\t\t<div class=\"col-inner text-right\"  >\n\t\t\t\n\t\t\t\n\t<div id=\"text-990118284\" class=\"text\">\n\t\t\n<div class=\"facetwp-facet facetwp-facet-filas_por_pagina facetwp-type-pager\" data-name=\"filas_por_pagina\" data-type=\"pager\"><\/div>\n\t\t\n<style>\n#text-990118284 {\n  text-align: right;\n}\n<\/style>\n\t<\/div>\n\t\n\t\t<\/div>\n\t\t\t\t\n<style>\n#col-1142265414 > .col-inner {\n  padding: 12px 0px 0px 0px;\n}\n<\/style>\n\t<\/div>\n\n\t\n\n\t<div id=\"col-1929795202\" class=\"col medium-6 small-12 large-6\"  >\n\t\t\t\t<div class=\"col-inner text-center\"  >\n\t\t\t\n\t\t\t\n\t<div id=\"text-3137850494\" class=\"text hide-for-medium\">\n\t\t\n<div class=\"facetwp-facet facetwp-facet-paginador facetwp-type-pager\" data-name=\"paginador\" data-type=\"pager\"><\/div>\n\t\t\n<style>\n#text-3137850494 {\n  text-align: center;\n}\n<\/style>\n\t<\/div>\n\t\n\t<div id=\"text-1604706106\" class=\"text show-for-medium\">\n\t\t\n<div class=\"facetwp-facet facetwp-facet-paginador_movil facetwp-type-pager\" data-name=\"paginador_movil\" data-type=\"pager\"><\/div>\n\t\t\n<style>\n#text-1604706106 {\n  text-align: center;\n}\n<\/style>\n\t<\/div>\n\t\n\t\t<\/div>\n\t\t\t\t\t<\/div>\n\n\t\n\n\t<div id=\"col-1838290687\" class=\"col hide-for-medium medium-3 small-12 large-3\"  >\n\t\t\t\t<div class=\"col-inner text-right\"  >\n\t\t\t\n\t\t\t\n\t\t<\/div>\n\t\t\t\t\t<\/div>\n\n\t\n<\/div>\n\t\t<\/div>\n\t\t\t\t\t<\/div>\n\n\t\n\n\t<div id=\"col-517459018\" class=\"col hide-for-medium medium-2 large-2\"  >\n\t\t\t\t<div class=\"col-inner text-left\"  >\n\t\t\t\n\t\t\t\n\t<div id=\"text-999935236\" class=\"text\">\n\t\t\n<div class=\"facetwp-facet facetwp-facet-total_resultados facetwp-type-pager\" data-name=\"total_resultados\" data-type=\"pager\"><\/div>\n\t\t\n<style>\n#text-999935236 {\n  text-align: left;\n}\n<\/style>\n\t<\/div>\n\t\n\t\t<\/div>\n\t\t\t\t\t<\/div>\n\n\t\n<\/div>\n\t\t<\/div>\n\n\t\t\n<style>\n#section_2067118497 {\n  padding-top: 0px;\n  padding-bottom: 0px;\n  margin-bottom: 0px;\n  background-color: rgb(16, 75, 69);\n}\n<\/style>\n\t<\/section>\n\t\n<div class=\"gsp_post_data\" data-post_type=\"page\" data-cat=\"\" data-modified=\"120\" data-title=\"Compras y Licitaciones\" data-home=\"https:\/\/www.justiciasantafe.gov.ar\"><\/div>","protected":false},"excerpt":{"rendered":"","protected":false},"author":1,"featured_media":0,"parent":83,"menu_order":3,"comment_status":"closed","ping_status":"closed","template":"","meta":{"_acf_changed":false,"footnotes":""},"class_list":["post-416","page","type-page","status-publish","hentry"],"acf":[],"_links":{"self":[{"href":"https:\/\/www.justiciasantafe.gov.ar\/index.php\/wp-json\/wp\/v2\/pages\/416","targetHints":{"allow":["GET"]}}],"collection":[{"href":"https:\/\/www.justiciasantafe.gov.ar\/index.php\/wp-json\/wp\/v2\/pages"}],"about":[{"href":"https:\/\/www.justiciasantafe.gov.ar\/index.php\/wp-json\/wp\/v2\/types\/page"}],"author":[{"embeddable":true,"href":"https:\/\/www.justiciasantafe.gov.ar\/index.php\/wp-json\/wp\/v2\/users\/1"}],"replies":[{"embeddable":true,"href":"https:\/\/www.justiciasantafe.gov.ar\/index.php\/wp-json\/wp\/v2\/comments?post=416"}],"version-history":[{"count":0,"href":"https:\/\/www.justiciasantafe.gov.ar\/index.php\/wp-json\/wp\/v2\/pages\/416\/revisions"}],"up":[{"embeddable":true,"href":"https:\/\/www.justiciasantafe.gov.ar\/index.php\/wp-json\/wp\/v2\/pages\/83"}],"wp:attachment":[{"href":"https:\/\/www.justiciasantafe.gov.ar\/index.php\/wp-json\/wp\/v2\/media?parent=416"}],"curies":[{"name":"wp","href":"https:\/\/api.w.org\/{rel}","templated":true}]}}