 {"id":42012,"date":"2024-08-19T12:35:28","date_gmt":"2024-08-19T15:35:28","guid":{"rendered":"https:\/\/www.justiciasantafe.gov.ar\/?page_id=42012"},"modified":"2025-05-30T12:01:40","modified_gmt":"2025-05-30T15:01:40","slug":"juicios-por-jurados","status":"publish","type":"page","link":"https:\/\/www.justiciasantafe.gov.ar\/index.php\/juicios-por-jurados\/","title":{"rendered":"Juicios por Jurados"},"content":{"rendered":"<p><strong>\u00bfQu\u00e9 es el Juicio por Jurados?<\/strong><\/p>\n<p>El juicio por jurados es una forma de participaci\u00f3n ciudadana en la justicia penal.<\/p>\n<p>&nbsp;<\/p>\n<p><strong>Integraci\u00f3n del Jurado<\/strong><\/p>\n<p>El Jurado se integra por sorteo p\u00fablico. Lo conforman doce ciudadanos que decidir\u00e1n, en juicio oral y p\u00fablico por delitos penales, si un acusado es culpable o no lo es.<\/p>\n<p>&nbsp;<\/p>\n<p><strong>Participaci\u00f3n ciudadana<\/strong><\/p>\n<p>La participaci\u00f3n en los jurados no requiere conocimientos espec\u00edficos legales ni de ninguna otra \u00edndole. Es una forma ciudadana de contribuir con la prestaci\u00f3n del servicio de justicia, ejerciendo una funci\u00f3n -hasta ahora- reservada \u00fanicamente al Estado en la administraci\u00f3n de la justicia penal. La misma es una carga p\u00fablica y no afecta sus derechos ciudadanos.<\/p>\n<p>&nbsp;<\/p>\n<p><strong>Funcionamiento<\/strong><\/p>\n<p>Para el desempe\u00f1o de su rol el jurado recibe instrucciones generales del Juez penal quien es el responsable de guiar el proceso judicial.<br \/>\nEl jurado presencia las diferentes audiencias de un juicio donde se exponen las acusaciones, defensas y declaraciones de los testigos.<\/p>\n<p>&nbsp;<\/p>\n<p><strong>Veredicto<\/strong><\/p>\n<p>Para lograr el veredicto de culpabilidad o no culpabilidad el jurado delibera de forma secreta hasta obtener una decisi\u00f3n un\u00e1nime.<\/p>\n<p>Tras la decisi\u00f3n del jurado el juez es el encargado de continuar los pasos del juicio:<\/p>\n<p>a) si el veredicto es \u201cno culpable\u201d el juez dictar\u00e1 la absoluci\u00f3n del acusado;<\/p>\n<p>b) si el veredicto es \u201cculpable\u201d el juez determinar\u00e1 la pena correspondiente.<\/p>\n<p>&nbsp;<\/p>\n<p>&nbsp;<\/p>\n<p><strong>NORMATIVA VIGENTE\u00a0<\/strong><\/p>\n<p><a href=\"https:\/\/www.justiciasantafe.gov.ar\/wp-content\/uploads\/2024\/08\/LEY-14253.pdf\" target=\"_blank\" rel=\"noopener\">Ley de Instituci\u00f3n del Juicio por Jurados ley 14.253 y Decreto de Promulgaci\u00f3n<\/a><\/p>\n<p><a href=\"https:\/\/www.justiciasantafe.gov.ar\/wp-content\/uploads\/2024\/08\/Res.-Implementacion-fechas-y-sedes.pdf\" target=\"_blank\" rel=\"noopener\">Resoluci\u00f3n de Implementaci\u00f3n Progresiva<\/a><\/p>\n<p><a href=\"https:\/\/www.justiciasantafe.gov.ar\/wp-content\/uploads\/2024\/09\/Juicio_por_jurados_prorroga-implementacion-1.pdf\" target=\"_blank\" rel=\"noopener\">Resoluci\u00f3n de pr\u00f3rroga de Implementaci\u00f3n<\/a><\/p>\n<p><a href=\"https:\/\/www.justiciasantafe.gov.ar\/wp-content\/uploads\/2024\/10\/r0208295824.pdf\" target=\"_blank\" rel=\"noopener\">Resoluci\u00f3n del MJyS Nro. 2958 &#8211; Ref. Depuraci\u00f3n del listado de Ciudadanos sorteados. Notificaci\u00f3n por medios oficiales de comunicaci\u00f3n<\/a><\/p>\n<p>&nbsp;<\/p>\n<p>&nbsp;<\/p>\n<p><strong>CONVENIOS<\/strong><\/p>\n<p><a href=\"https:\/\/www.justiciasantafe.gov.ar\/wp-content\/uploads\/2024\/08\/CSJSF.Convenio-notificaciones-Juicio-por-Jurados.pdf\" target=\"_blank\" rel=\"noopener\">Convenio para notificaciones en Juicio por Jurados<\/a><\/p>\n<p>&nbsp;<\/p>\n<p><strong>ORIENTACI\u00d3N CIUDADANA<\/strong><\/p>\n<p><a href=\"https:\/\/www.justiciasantafe.gov.ar\/wp-content\/uploads\/2024\/08\/LEY-14253.-de-los-Derechos-y-Deberes-del-JURADO.pdf\" target=\"_blank\" rel=\"noopener\">Deberes y derechos del jurado<\/a><\/p>\n<p><a href=\"https:\/\/www.justiciasantafe.gov.ar\/wp-content\/uploads\/2025\/05\/REMUNERACION-INTEGRANTES-JUICIO-POR-JURADOS.pdf\" target=\"_blank\" rel=\"noopener\">Remuneraci\u00f3n a integrantes de Juicios por Jurados\u00a0<\/a><\/p>\n<p>&nbsp;<\/p>\n<p><strong>MANUAL DE AYUDA CIUDADANA JUICIO POR JURADOS<\/strong><\/p>\n<p><a href=\"https:\/\/www.justiciasantafe.gov.ar\/wp-content\/uploads\/2025\/05\/MANUAL-DE-AYUDA-CIUDADANA-JUICIO-POR-JURADOS.pdf\" target=\"_blank\" rel=\"noopener\"><img loading=\"lazy\" decoding=\"async\" class=\"wp-image-48045 alignnone\" src=\"https:\/\/www.justiciasantafe.gov.ar\/wp-content\/uploads\/2025\/05\/juicio-por-jurados.png\" alt=\"\" width=\"268\" height=\"382\" srcset=\"https:\/\/www.justiciasantafe.gov.ar\/wp-content\/uploads\/2025\/05\/juicio-por-jurados.png 480w, https:\/\/www.justiciasantafe.gov.ar\/wp-content\/uploads\/2025\/05\/juicio-por-jurados-211x300.png 211w\" sizes=\"auto, (max-width: 268px) 100vw, 268px\" \/><\/a><\/p>\n<p>&nbsp;<\/p>\n<p>&nbsp;<\/p>\n<p><strong>CAPACITACI\u00d3N \/ PROGRAMAS DE ENTRENAMIENTO<\/strong><\/p>\n<p><strong>1. Actas Acuerdo<\/strong><\/p>\n<p><a href=\"https:\/\/www.justiciasantafe.gov.ar\/wp-content\/uploads\/2024\/08\/CSJSF.-ACTA-ACUERDO-APROBACION-CAPACITACION-Y-PROGRAMA-OPERADORES-SISTEMA-PENAL.pdf\" target=\"_blank\" rel=\"noopener\">Acta N\u00b0 18 del 21.5.2024<\/a><\/p>\n<p><a href=\"https:\/\/www.justiciasantafe.gov.ar\/wp-content\/uploads\/2024\/08\/CSJSF.-ACTA-ACUERDO-APROBACION-CAPACITACION-Y-PROGRAMA-NOTIFICADORES.pdf\" target=\"_blank\" rel=\"noopener\">Acta N\u00b0 28 del 30.7.2024<\/a><\/p>\n<p>&nbsp;<\/p>\n<p><strong>2. Programas destinados a:<\/strong><\/p>\n<p><a href=\"https:\/\/www.justiciasantafe.gov.ar\/wp-content\/uploads\/2024\/08\/Programa-capacitacion-juicio-por-jurados-OPERADOS-SISTEMA-PENAL.pdf\" target=\"_blank\" rel=\"noopener\">A. Operadores del Sistema de Justicia penal (Magistrados, Funcionarios y Empleados).<\/a><\/p>\n<p><a href=\"https:\/\/www.justiciasantafe.gov.ar\/wp-content\/uploads\/2024\/08\/Programa-capacitacion-juicio-por-jurados-NOTIFICADORES.pdf\" target=\"_blank\" rel=\"noopener\">B. Oficiales Notificadores<\/a><\/p>\n<p>&nbsp;<\/p>\n<p><strong>COMUNICADOS DE PRENSA<\/strong><\/p>\n<p><a href=\"https:\/\/www.justiciasantafe.gov.ar\/wp-content\/uploads\/2024\/08\/CSJSF.-INICIAN-LAS-CAPACITACIONES-DE-JUICIO-POR-JURADOS.pdf\" target=\"_blank\" rel=\"noopener\">CSJSF. Inician las capacitaciones de Juicios por Jurados<\/a><\/p>\n<p><a href=\"https:\/\/www.justiciasantafe.gov.ar\/wp-content\/uploads\/2024\/08\/CSJSF.-INICIARON-LAS-CAPACITACIONES-DE-JUICIO-POR-JURADOS.pdf\" target=\"_blank\" rel=\"noopener\">CSJSF. Iniciaron las capacitaciones de Juicios por Jurados<\/a><\/p>\n<p><a href=\"https:\/\/www.justiciasantafe.gov.ar\/wp-content\/uploads\/2024\/08\/CSJSF.-CULMINO-LA-CAPACITACION-PARA-OPERADORES-JUDICIALES.pdf\" rel=\"attachment wp-att-42290\">CSJSF. Culmin\u00f3 la capacitaci\u00f3n para operadores judiciales. <\/a><\/p>\n<p>&nbsp;<\/p>\n<p><strong>COMUNICACI\u00d3N VISUAL Y GR\u00c1FICA<\/strong><\/p>\n<p><a href=\"https:\/\/www.justiciasantafe.gov.ar\/wp-content\/uploads\/2024\/08\/1.jpg\" target=\"_blank\" rel=\"noopener\"><img loading=\"lazy\" decoding=\"async\" class=\"alignleft wp-image-42247 size-medium\" src=\"https:\/\/www.justiciasantafe.gov.ar\/wp-content\/uploads\/2024\/08\/juicios-por-jurados-211x300.jpg\" alt=\"\" width=\"211\" height=\"300\" srcset=\"https:\/\/www.justiciasantafe.gov.ar\/wp-content\/uploads\/2024\/08\/juicios-por-jurados-211x300.jpg 211w, https:\/\/www.justiciasantafe.gov.ar\/wp-content\/uploads\/2024\/08\/juicios-por-jurados-722x1024.jpg 722w, https:\/\/www.justiciasantafe.gov.ar\/wp-content\/uploads\/2024\/08\/juicios-por-jurados-768x1089.jpg 768w, https:\/\/www.justiciasantafe.gov.ar\/wp-content\/uploads\/2024\/08\/juicios-por-jurados-1083x1536.jpg 1083w, https:\/\/www.justiciasantafe.gov.ar\/wp-content\/uploads\/2024\/08\/juicios-por-jurados.jpg 1166w\" sizes=\"auto, (max-width: 211px) 100vw, 211px\" \/><\/a><\/p>\n<p>&nbsp;<\/p>\n<div class=\"gsp_post_data\" data-post_type=\"page\" data-cat=\"\" data-modified=\"120\" data-title=\"Juicios por Jurados\" data-home=\"https:\/\/www.justiciasantafe.gov.ar\"><\/div>","protected":false},"excerpt":{"rendered":"<p>\u00bfQu\u00e9 es el Juicio por Jurados? El juicio por jurados es una forma de participaci\u00f3n ciudadana en la justicia penal. &nbsp; Integraci\u00f3n del Jurado El Jurado se integra por sorteo p\u00fablico. Lo conforman doce ciudadanos que decidir\u00e1n, en juicio oral y p\u00fablico por delitos penales, si un acusado es culpable o no lo es. &nbsp; [&#8230;]\n","protected":false},"author":50,"featured_media":0,"parent":0,"menu_order":0,"comment_status":"closed","ping_status":"closed","template":"","meta":{"_acf_changed":false,"footnotes":""},"class_list":["post-42012","page","type-page","status-publish","hentry"],"acf":[],"_links":{"self":[{"href":"https:\/\/www.justiciasantafe.gov.ar\/index.php\/wp-json\/wp\/v2\/pages\/42012","targetHints":{"allow":["GET"]}}],"collection":[{"href":"https:\/\/www.justiciasantafe.gov.ar\/index.php\/wp-json\/wp\/v2\/pages"}],"about":[{"href":"https:\/\/www.justiciasantafe.gov.ar\/index.php\/wp-json\/wp\/v2\/types\/page"}],"author":[{"embeddable":true,"href":"https:\/\/www.justiciasantafe.gov.ar\/index.php\/wp-json\/wp\/v2\/users\/50"}],"replies":[{"embeddable":true,"href":"https:\/\/www.justiciasantafe.gov.ar\/index.php\/wp-json\/wp\/v2\/comments?post=42012"}],"version-history":[{"count":0,"href":"https:\/\/www.justiciasantafe.gov.ar\/index.php\/wp-json\/wp\/v2\/pages\/42012\/revisions"}],"wp:attachment":[{"href":"https:\/\/www.justiciasantafe.gov.ar\/index.php\/wp-json\/wp\/v2\/media?parent=42012"}],"curies":[{"name":"wp","href":"https:\/\/api.w.org\/{rel}","templated":true}]}}