 {"id":42020,"date":"2025-12-05T13:57:00","date_gmt":"2025-12-05T16:57:00","guid":{"rendered":"https:\/\/www.justiciasantafe.gov.ar\/?page_id=42020"},"modified":"2025-12-05T13:57:00","modified_gmt":"2025-12-05T16:57:00","slug":"convenios-y-normativa-vigente","status":"publish","type":"page","link":"https:\/\/www.justiciasantafe.gov.ar\/index.php\/convenios-y-normativa-vigente\/","title":{"rendered":"Convenios y Normativa vigente"},"content":{"rendered":"<p>Ley de Instituci\u00f3n del Juicio por Jurados ley 14.253 y Decreto de Promulgaci\u00f3n<br \/>\nResoluci\u00f3n de Implementaci\u00f3n Progresiva<br \/>\nConvenios<br \/>\nCirculares [Comunicaciones]\n<div class=\"gsp_post_data\" data-post_type=\"page\" data-cat=\"\" data-modified=\"120\" data-title=\"Convenios y Normativa vigente\" data-home=\"https:\/\/www.justiciasantafe.gov.ar\"><\/div>","protected":false},"excerpt":{"rendered":"<p>Ley de Instituci\u00f3n del Juicio por Jurados ley 14.253 y Decreto de Promulgaci\u00f3n Resoluci\u00f3n de Implementaci\u00f3n Progresiva Convenios Circulares [Comunicaciones]\n","protected":false},"author":50,"featured_media":0,"parent":0,"menu_order":0,"comment_status":"closed","ping_status":"closed","template":"","meta":{"_acf_changed":false,"footnotes":""},"class_list":["post-42020","page","type-page","status-publish","hentry"],"acf":[],"_links":{"self":[{"href":"https:\/\/www.justiciasantafe.gov.ar\/index.php\/wp-json\/wp\/v2\/pages\/42020","targetHints":{"allow":["GET"]}}],"collection":[{"href":"https:\/\/www.justiciasantafe.gov.ar\/index.php\/wp-json\/wp\/v2\/pages"}],"about":[{"href":"https:\/\/www.justiciasantafe.gov.ar\/index.php\/wp-json\/wp\/v2\/types\/page"}],"author":[{"embeddable":true,"href":"https:\/\/www.justiciasantafe.gov.ar\/index.php\/wp-json\/wp\/v2\/users\/50"}],"replies":[{"embeddable":true,"href":"https:\/\/www.justiciasantafe.gov.ar\/index.php\/wp-json\/wp\/v2\/comments?post=42020"}],"version-history":[{"count":1,"href":"https:\/\/www.justiciasantafe.gov.ar\/index.php\/wp-json\/wp\/v2\/pages\/42020\/revisions"}],"predecessor-version":[{"id":59173,"href":"https:\/\/www.justiciasantafe.gov.ar\/index.php\/wp-json\/wp\/v2\/pages\/42020\/revisions\/59173"}],"wp:attachment":[{"href":"https:\/\/www.justiciasantafe.gov.ar\/index.php\/wp-json\/wp\/v2\/media?parent=42020"}],"curies":[{"name":"wp","href":"https:\/\/api.w.org\/{rel}","templated":true}]}}