 {"id":483,"date":"2021-11-30T14:33:38","date_gmt":"2021-11-30T17:33:38","guid":{"rendered":"https:\/\/www.justiciasantafe.gov.ar\/?page_id=483"},"modified":"2025-12-26T12:31:51","modified_gmt":"2025-12-26T15:31:51","slug":"centro-de-capacitacion-judicial","status":"publish","type":"page","link":"https:\/\/www.justiciasantafe.gov.ar\/index.php\/poder-judicial\/institucional\/centro-de-capacitacion-judicial\/","title":{"rendered":"Centro de Capacitaci\u00f3n Judicial"},"content":{"rendered":"\n\t<section class=\"section\" id=\"section_128611439\">\n\t\t<div class=\"section-bg fill\" >\n\t\t\t\t\t\t\t\t\t\n\t\t\t\n\n\t\t<\/div>\n\n\t\t\n\n\t\t<div class=\"section-content relative\">\n\t\t\t\n<div class=\"row row-collapse\"  id=\"row-1757580920\">\n\n\t<div id=\"col-1756032758\" class=\"col medium-2 small-12 large-2\"  >\n\t\t\t\t<div class=\"col-inner text-center\"  >\n\t\t\t\n\t\t\t\n<h4><a href=\"https:\/\/www.justiciasantafe.gov.ar\/index.php\/poder-judicial\/institucional\/centro-de-capacitacion-judicial\/autoridades\/\">AUTORIDADES<\/a><\/h4>\n\t\t<\/div>\n\t\t\t\t\t<\/div>\n\n\t\n\n\t<div id=\"col-1949940969\" class=\"col medium-2 small-12 large-2\"  >\n\t\t\t\t<div class=\"col-inner text-center\"  >\n\t\t\t\n\t\t\t\n<h4><a href=\"https:\/\/www.justiciasantafe.gov.ar\/index.php\/poder-judicial\/institucional\/centro-de-capacitacion-judicial\/plataforma-zoom\/\">PLATAFORMA ZOOM<\/a><\/h4>\n\t\t<\/div>\n\t\t\t\t\t<\/div>\n\n\t\n\n\t<div id=\"col-607501112\" class=\"col medium-2 small-12 large-2\"  >\n\t\t\t\t<div class=\"col-inner text-center\"  >\n\t\t\t\n\t\t\t\n<h4><a href=\"https:\/\/campus.justiciasantafe.gov.ar\/\" target=\"_blank\" rel=\"noopener\">CAMPUS VIRTUAL<\/a><\/h4>\n\t\t<\/div>\n\t\t\t\t\t<\/div>\n\n\t\n\n\t<div id=\"col-998451061\" class=\"col medium-2 small-12 large-2\"  >\n\t\t\t\t<div class=\"col-inner text-center\"  >\n\t\t\t\n\t\t\t\n<h4><a href=\"https:\/\/inscripcionccj.justiciasantafe.gov.ar\/\" target=\"_blank\" rel=\"noopener\">INSCRIPCI\u00d3N A CURSOS<\/a><\/h4>\n\t\t<\/div>\n\t\t\t\t\t<\/div>\n\n\t\n\n\t<div id=\"col-1014897057\" class=\"col medium-2 small-12 large-2\"  >\n\t\t\t\t<div class=\"col-inner text-center\"  >\n\t\t\t\n\t\t\t\n<h4><a href=\"https:\/\/www.justiciasantafe.gov.ar\/index.php\/poder-judicial\/institucional\/centro-de-capacitacion-judicial\/nomina-de-aprobados\/\">N\u00d3MINA DE APROBADOS<\/a><\/h4>\n\t\t<\/div>\n\t\t\t\t\t<\/div>\n\n\t\n<\/div>\n\t\t<\/div>\n\n\t\t\n<style>\n#section_128611439 {\n  padding-top: 30px;\n  padding-bottom: 30px;\n}\n<\/style>\n\t<\/section>\n\t\n\n\t<section class=\"section section_condicional\" id=\"section_472459086\">\n\t\t<div class=\"section-bg fill\" >\n\t\t\t\t\t\t\t\t\t\n\t\t\t\n\t<div class=\"is-border\"\n\t\tstyle=\"border-width:0px 0px 0px 0px;margin:0px 0px 0px 0;\">\n\t<\/div>\n\n\t\t<\/div>\n\n\t\t\n\n\t\t<div class=\"section-content relative\">\n\t\t\t\n<div class=\"row\"  id=\"row-2094077215\">\n\n\t<div id=\"col-289618792\" class=\"col small-12 large-12\"  >\n\t\t\t\t<div class=\"col-inner\"  >\n\t\t\t\n\t\t\t\n<div class=\"row\"  id=\"row-2036568129\">\n\n\t<div id=\"col-872319306\" class=\"col medium-3 small-6 large-3\"  >\n\t\t\t\t<div class=\"col-inner text-center\" style=\"background-color:rgba(255, 255, 255, 0);\" >\n\t\t\t\n\t\t\t\n\t\t<div class=\"hidden\">\n\t\t\t\t\n<p><a class=\"link\" href=\"https:\/\/www.justiciasantafe.gov.ar\/wp-login.php?redirect_to=https%3A%2F%2Fwww.justiciasantafe.gov.ar%2Fwp-admin%2F&amp;reauth=1\" target=\"_self\" rel=\"nofollow noopener\"> INICIAR SESI\u00d3N<\/a><br \/>\n\t\t<\/div>\n\t\n\t\t<\/div>\n\t\t\t\t\n<style>\n#col-872319306 > .col-inner {\n  padding: 3px 0px 0px 0px;\n  margin: 17px 0px 0px -10px;\n}\n<\/style>\n\t<\/div>\n\n\t\n\n\t<div id=\"col-1334735457\" class=\"col medium-3 small-6 large-3\"  >\n\t\t\t\t<div class=\"col-inner\"  >\n\t\t\t\n\t\t\t\n\t\t<\/div>\n\t\t\t\t\n<style>\n#col-1334735457 > .col-inner {\n  padding: 3px 0px 0px 0px;\n  margin: 7px 0px 0px -10px;\n}\n<\/style>\n\t<\/div>\n\n\t\n\n\t<div id=\"col-1662247715\" class=\"col medium-3 small-6 large-3\"  >\n\t\t\t\t<div class=\"col-inner\"  >\n\t\t\t\n\t\t\t\n<p style=\"text-align: right;\"><span style=\"color: #ffffff; font-size: 120%;\">A\u00f1o<\/span><\/p>\n\t\t<\/div>\n\t\t\t\t\n<style>\n#col-1662247715 > .col-inner {\n  margin: 15px 0px 0px 0px;\n}\n<\/style>\n\t<\/div>\n\n\t\n\n\t<div id=\"col-157420488\" class=\"col medium-3 small-6 large-3\"  >\n\t\t\t\t<div class=\"col-inner\"  >\n\t\t\t\n\t\t\t\n\t<div id=\"text-3963138613\" class=\"text\">\n\t\t\n<p style=\"text-align: right;\"><div class=\"facetwp-facet facetwp-facet-ao facetwp-type-dropdown\" data-name=\"ao\" data-type=\"dropdown\"><\/div>\n\t\t\n<style>\n#text-3963138613 {\n  line-height: 1.2;\n  text-align: right;\n}\n<\/style>\n\t<\/div>\n\t\n\t\t<\/div>\n\t\t\t\t\n<style>\n#col-157420488 > .col-inner {\n  padding: 3px 0px 0px 0px;\n  margin: 7px 0px 0px -10px;\n}\n<\/style>\n\t<\/div>\n\n\t\n<\/div>\n\t\t<\/div>\n\t\t\t\t\n<style>\n#col-289618792 > .col-inner {\n  padding: 0px 0px 0px 0px;\n  margin: -15px 0px -88px 0px;\n}\n<\/style>\n\t<\/div>\n\n\t\n<\/div>\n\t\t<\/div>\n\n\t\t\n<style>\n#section_472459086 {\n  padding-top: 11px;\n  padding-bottom: 11px;\n  margin-bottom: -1px;\n  background-color: rgb(16, 75, 69);\n}\n<\/style>\n\t<\/section>\n\t\n\t<div id=\"gap-1653000278\" class=\"gap-element clearfix\" style=\"display:block; height:auto;\">\n\t\t\n<style>\n#gap-1653000278 {\n  padding-top: 30px;\n}\n<\/style>\n\t<\/div>\n\t\n\n<div class=\"facetwp-template\" data-name=\"centro_de_capacitacion_judicial\"><div class=\"fwpl-layout el-3ymawf\"><div class=\"fwpl-result r1\"><div class=\"fwpl-row el-5huca\"><div class=\"fwpl-col fwpl-col el-udxoi\"><div class=\"fwpl-item el-jrierj\"><h3><a href=\"https:\/\/www.justiciasantafe.gov.ar\/index.php\/ccj\/capacitacion-sobre-capacidad-y-salud-mental-virtual-para-toda-la-provincia\/\">\u201cCapacitaci\u00f3n sobre CAPACIDAD y SALUD MENTAL\u201d virtual para toda la provincia<\/a><\/h3><\/div><div class=\"fwpl-item el-xrgs27 is-empty\"><\/div><div class=\"fwpl-row el-quhyo\"><div class=\"fwpl-col fwpl-col el-23us7c\"><\/div><div class=\"fwpl-col fwpl-col el-4aclu1\"><\/div><\/div><\/div><\/div><\/div><div class=\"fwpl-result r2\"><div class=\"fwpl-row el-5huca\"><div class=\"fwpl-col fwpl-col el-udxoi\"><div class=\"fwpl-item el-jrierj\"><h3><a href=\"https:\/\/www.justiciasantafe.gov.ar\/index.php\/ccj\/jornada-busqueda-de-jurisprudencia-y-doctrina-en-sistemas-informaticos-disponibles-para-integrantes-del-poder-judicial-de-la-pcia-de-santa-fe-circ-3\/\">Jornada \"B\u00fasqueda de jurisprudencia y doctrina en sistemas inform\u00e1ticos disponibles para integrantes del Poder Judicial de la Pcia. de Santa Fe\" Circ. 3<\/a><\/h3><\/div><div class=\"fwpl-item el-xrgs27 is-empty\"><\/div><div class=\"fwpl-row el-quhyo\"><div class=\"fwpl-col fwpl-col el-23us7c\"><\/div><div class=\"fwpl-col fwpl-col el-4aclu1\"><\/div><\/div><\/div><\/div><\/div><div class=\"fwpl-result r3\"><div class=\"fwpl-row el-5huca\"><div class=\"fwpl-col fwpl-col el-udxoi\"><div class=\"fwpl-item el-jrierj\"><h3><a href=\"https:\/\/www.justiciasantafe.gov.ar\/index.php\/ccj\/jornada-interdisciplinaria-del-instituto-medico-legal-de-rosario-pjsf-autopsia-molecular-y-muerte-arritmica-de-origen-cardiaco-avances-y-desafios-medico-legales\/\">Jornada Interdisciplinaria del Instituto M\u00e9dico Legal de Rosario. PJSF.\"Autopsia molecular y muerte arr\u00edtmica de origen card\u00edaco: Avances y desaf\u00edos m\u00e9dico-legales\".<\/a><\/h3><\/div><div class=\"fwpl-item el-xrgs27 is-empty\"><\/div><div class=\"fwpl-row el-quhyo\"><div class=\"fwpl-col fwpl-col el-23us7c\"><\/div><div class=\"fwpl-col fwpl-col el-4aclu1\"><\/div><\/div><\/div><\/div><\/div><div class=\"fwpl-result r4\"><div class=\"fwpl-row el-5huca\"><div class=\"fwpl-col fwpl-col el-udxoi\"><div class=\"fwpl-item el-jrierj\"><h3><a href=\"https:\/\/www.justiciasantafe.gov.ar\/index.php\/ccj\/pre-jornada-provincial-de-peritos-medicos-y-bioquimicos-del-poder-judicial-de-la-provincia-de-santa-fe-y-mpa\/\">Pre-Jornada Provincial de Peritos M\u00e9dicos y Bioqu\u00edmicos del Poder Judicial de la Provincia de Santa Fe y MPA.<\/a><\/h3><\/div><div class=\"fwpl-item el-xrgs27 is-empty\"><\/div><div class=\"fwpl-row el-quhyo\"><div class=\"fwpl-col fwpl-col el-23us7c\"><\/div><div class=\"fwpl-col fwpl-col el-4aclu1\"><\/div><\/div><\/div><\/div><\/div><div class=\"fwpl-result r5\"><div class=\"fwpl-row el-5huca\"><div class=\"fwpl-col fwpl-col el-udxoi\"><div class=\"fwpl-item el-jrierj\"><h3><a href=\"https:\/\/www.justiciasantafe.gov.ar\/index.php\/ccj\/difusion-cursos-anuales-2026-zona-sur\/\">Difusi\u00f3n Cursos Anuales 2026 zona sur<\/a><\/h3><\/div><div class=\"fwpl-item el-xrgs27 is-empty\"><\/div><div class=\"fwpl-row el-quhyo\"><div class=\"fwpl-col fwpl-col el-23us7c\"><\/div><div class=\"fwpl-col fwpl-col el-4aclu1\"><\/div><\/div><\/div><\/div><\/div><div class=\"fwpl-result r6\"><div class=\"fwpl-row el-5huca\"><div class=\"fwpl-col fwpl-col el-udxoi\"><div class=\"fwpl-item el-jrierj\"><h3><a href=\"https:\/\/www.justiciasantafe.gov.ar\/index.php\/ccj\/cursos-anuales-zona-norte-2026\/\">Cursos Anuales zona norte 2026<\/a><\/h3><\/div><div class=\"fwpl-item el-xrgs27 is-empty\"><\/div><div class=\"fwpl-row el-quhyo\"><div class=\"fwpl-col fwpl-col el-23us7c\"><\/div><div class=\"fwpl-col fwpl-col el-4aclu1\"><\/div><\/div><\/div><\/div><\/div><div class=\"fwpl-result r7\"><div class=\"fwpl-row el-5huca\"><div class=\"fwpl-col fwpl-col el-udxoi\"><div class=\"fwpl-item el-jrierj\"><h3><a href=\"https:\/\/www.justiciasantafe.gov.ar\/index.php\/ccj\/curso-anual-de-capacitacion-en-mediacion-judicial\/\">Curso Anual de Capacitaci\u00f3n en Mediaci\u00f3n Judicial<\/a><\/h3><\/div><div class=\"fwpl-item el-xrgs27 is-empty\"><\/div><div class=\"fwpl-row el-quhyo\"><div class=\"fwpl-col fwpl-col el-23us7c\"><\/div><div class=\"fwpl-col fwpl-col el-4aclu1\"><\/div><\/div><\/div><\/div><\/div><div class=\"fwpl-result r8\"><div class=\"fwpl-row el-5huca\"><div class=\"fwpl-col fwpl-col el-udxoi\"><div class=\"fwpl-item el-jrierj\"><h3><a href=\"https:\/\/www.justiciasantafe.gov.ar\/index.php\/ccj\/curso-de-capacitacion-en-derecho-ambiental-en-el-marco-de-la-ley-yolanda-virtual-asincronico\/\">Curso de capacitaci\u00f3n en DERECHO AMBIENTAL en el marco de la LEY YOLANDA - virtual asincr\u00f3nico<\/a><\/h3><\/div><div class=\"fwpl-item el-xrgs27 is-empty\"><\/div><div class=\"fwpl-row el-quhyo\"><div class=\"fwpl-col fwpl-col el-23us7c\"><\/div><div class=\"fwpl-col fwpl-col el-4aclu1\"><\/div><\/div><\/div><\/div><\/div><div class=\"fwpl-result r9\"><div class=\"fwpl-row el-5huca\"><div class=\"fwpl-col fwpl-col el-udxoi\"><div class=\"fwpl-item el-jrierj\"><h3><a href=\"https:\/\/www.justiciasantafe.gov.ar\/index.php\/ccj\/taller-online-programa-de-capacitacion-en-el-marco-de-la-ley-micaela-27-499-acceso-a-justicia-y-genero-res-n-64-2021-03-11-todas-las-circunscripciones-judiciales\/\">Taller online: Programa de Capacitaci\u00f3n en el marco de la Ley Micaela 27.499 Acceso a Justicia y G\u00e9nero.Res.N\u00b0 64\/2021. 03\/11 Todas las Circunscripciones Judiciales<\/a><\/h3><\/div><div class=\"fwpl-item el-xrgs27 is-empty\"><\/div><div class=\"fwpl-row el-quhyo\"><div class=\"fwpl-col fwpl-col el-23us7c\"><\/div><div class=\"fwpl-col fwpl-col el-4aclu1\"><\/div><\/div><\/div><\/div><\/div><div class=\"fwpl-result r10\"><div class=\"fwpl-row el-5huca\"><div class=\"fwpl-col fwpl-col el-udxoi\"><div class=\"fwpl-item el-jrierj\"><h3><a href=\"https:\/\/www.justiciasantafe.gov.ar\/index.php\/ccj\/jornada-academica-algunas-reflexiones-a-10-anos-del-codigo-civil-y-comercial-13-11-25-presencial-rosario-circ-2-y-3\/\">Jornada acad\u00e9mica: \"Algunas reflexiones a 10 a\u00f1os del C\u00f3digo Civil y Comercial\". 13\/11\/25. Presencial. Rosario. Circ. 2 y 3<\/a><\/h3><\/div><div class=\"fwpl-item el-xrgs27 is-empty\"><\/div><div class=\"fwpl-row el-quhyo\"><div class=\"fwpl-col fwpl-col el-23us7c\"><\/div><div class=\"fwpl-col fwpl-col el-4aclu1\"><\/div><\/div><\/div><\/div><\/div><\/div>\n<style>\n.fwpl-layout, .fwpl-row {\n    display: grid;\n}\n.fwpl-layout.el-3ymawf {\n    grid-template-columns: repeat(1, 1fr);\n    grid-gap: 10px;\n}\n.fwpl-btn {\n    text-decoration: none;\n}\n.fwpl-layout.el-3ymawf .fwpl-result {\n    text-align: left;\n}\n.fwpl-row.el-5huca {\n    grid-template-columns: 1fr;\n}\n.fwpl-row.el-quhyo {\n    grid-template-columns: 1fr 1fr;\n}\n@media (max-width: 480px) { \n    body .facetwp-template .fwpl-layout,  \n    body .facetwp-template-static .fwpl-layout { grid-template-columns: 1fr; } \n} \n\n<\/style>\n<\/div>\n\n\t<div id=\"gap-2066099366\" class=\"gap-element clearfix\" style=\"display:block; height:auto;\">\n\t\t\n<style>\n#gap-2066099366 {\n  padding-top: 30px;\n}\n<\/style>\n\t<\/div>\n\t\n\n\t<section class=\"section\" id=\"section_754461167\">\n\t\t<div class=\"section-bg fill\" >\n\t\t\t\t\t\t\t\t\t\n\t\t\t\n\t<div class=\"is-border\"\n\t\tstyle=\"border-width:0px 0px 0px 0px;margin:0px 0px 0px 0px;\">\n\t<\/div>\n\n\t\t<\/div>\n\n\t\t\n\n\t\t<div class=\"section-content relative\">\n\t\t\t\n<div class=\"row row-collapse row-full-width align-middle align-center\"  id=\"row-445569649\">\n\n\t<div id=\"col-723224509\" class=\"col hide-for-medium medium-2 large-2\"  >\n\t\t\t\t<div class=\"col-inner text-right\"  >\n\t\t\t\n\t\t\t\n\t<div id=\"text-1890020756\" class=\"text\">\n\t\t\n<p><span style=\"color: #ffffff;\">Resultados por p\u00e1ginas<\/span><br \/>\n\t\t\n<style>\n#text-1890020756 {\n  text-align: right;\n}\n<\/style>\n\t<\/div>\n\t\n\t\t<\/div>\n\t\t\t\t\n<style>\n#col-723224509 > .col-inner {\n  padding: 20px 4px 0px 0px;\n}\n<\/style>\n\t<\/div>\n\n\t\n\n\t<div id=\"col-694355934\" class=\"col medium-8 large-8\"  >\n\t\t\t\t<div class=\"col-inner\"  >\n\t\t\t\n\t\t\t\n<div class=\"row row-collapse align-middle align-center\"  id=\"row-860209557\">\n\n\t<div id=\"col-1258996804\" class=\"col hide-for-medium medium-3 small-12 large-3\"  >\n\t\t\t\t<div class=\"col-inner text-right\"  >\n\t\t\t\n\t\t\t\n\t<div id=\"text-1830385956\" class=\"text\">\n\t\t\n<div class=\"facetwp-facet facetwp-facet-filas_por_pagina facetwp-type-pager\" data-name=\"filas_por_pagina\" data-type=\"pager\"><\/div>\n\t\t\n<style>\n#text-1830385956 {\n  text-align: right;\n}\n<\/style>\n\t<\/div>\n\t\n\t\t<\/div>\n\t\t\t\t\n<style>\n#col-1258996804 > .col-inner {\n  padding: 12px 0px 0px 0px;\n}\n<\/style>\n\t<\/div>\n\n\t\n\n\t<div id=\"col-1522394518\" class=\"col medium-6 small-12 large-6\"  >\n\t\t\t\t<div class=\"col-inner text-center\"  >\n\t\t\t\n\t\t\t\n\t<div id=\"text-4055385607\" class=\"text hide-for-medium\">\n\t\t\n<div class=\"facetwp-facet facetwp-facet-paginador facetwp-type-pager\" data-name=\"paginador\" data-type=\"pager\"><\/div>\n\t\t\n<style>\n#text-4055385607 {\n  text-align: center;\n}\n<\/style>\n\t<\/div>\n\t\n\t<div id=\"text-1430992593\" class=\"text show-for-medium\">\n\t\t\n<div class=\"facetwp-facet facetwp-facet-paginador_movil facetwp-type-pager\" data-name=\"paginador_movil\" data-type=\"pager\"><\/div>\n\t\t\n<style>\n#text-1430992593 {\n  text-align: center;\n}\n<\/style>\n\t<\/div>\n\t\n\t\t<\/div>\n\t\t\t\t\t<\/div>\n\n\t\n\n\t<div id=\"col-1033135615\" class=\"col hide-for-medium medium-3 small-12 large-3\"  >\n\t\t\t\t<div class=\"col-inner text-right\"  >\n\t\t\t\n\t\t\t\n\t\t<\/div>\n\t\t\t\t\t<\/div>\n\n\t\n<\/div>\n\t\t<\/div>\n\t\t\t\t\t<\/div>\n\n\t\n\n\t<div id=\"col-751626570\" class=\"col hide-for-medium medium-2 large-2\"  >\n\t\t\t\t<div class=\"col-inner text-left\"  >\n\t\t\t\n\t\t\t\n\t<div id=\"text-4261833709\" class=\"text\">\n\t\t\n<div class=\"facetwp-facet facetwp-facet-total_resultados facetwp-type-pager\" data-name=\"total_resultados\" data-type=\"pager\"><\/div>\n\t\t\n<style>\n#text-4261833709 {\n  text-align: left;\n}\n<\/style>\n\t<\/div>\n\t\n\t\t<\/div>\n\t\t\t\t\t<\/div>\n\n\t\n<\/div>\n\t\t<\/div>\n\n\t\t\n<style>\n#section_754461167 {\n  padding-top: 0px;\n  padding-bottom: 0px;\n  margin-bottom: 0px;\n  background-color: rgb(16, 75, 69);\n}\n<\/style>\n\t<\/section>\n\t\n<div class=\"gsp_post_data\" data-post_type=\"page\" data-cat=\"\" data-modified=\"120\" data-title=\"Centro de Capacitaci\u00f3n Judicial\" data-home=\"https:\/\/www.justiciasantafe.gov.ar\"><\/div>","protected":false},"excerpt":{"rendered":"","protected":false},"author":1,"featured_media":0,"parent":73,"menu_order":1,"comment_status":"closed","ping_status":"closed","template":"","meta":{"_acf_changed":false,"footnotes":""},"class_list":["post-483","page","type-page","status-publish","hentry"],"acf":[],"_links":{"self":[{"href":"https:\/\/www.justiciasantafe.gov.ar\/index.php\/wp-json\/wp\/v2\/pages\/483","targetHints":{"allow":["GET"]}}],"collection":[{"href":"https:\/\/www.justiciasantafe.gov.ar\/index.php\/wp-json\/wp\/v2\/pages"}],"about":[{"href":"https:\/\/www.justiciasantafe.gov.ar\/index.php\/wp-json\/wp\/v2\/types\/page"}],"author":[{"embeddable":true,"href":"https:\/\/www.justiciasantafe.gov.ar\/index.php\/wp-json\/wp\/v2\/users\/1"}],"replies":[{"embeddable":true,"href":"https:\/\/www.justiciasantafe.gov.ar\/index.php\/wp-json\/wp\/v2\/comments?post=483"}],"version-history":[{"count":3,"href":"https:\/\/www.justiciasantafe.gov.ar\/index.php\/wp-json\/wp\/v2\/pages\/483\/revisions"}],"predecessor-version":[{"id":60763,"href":"https:\/\/www.justiciasantafe.gov.ar\/index.php\/wp-json\/wp\/v2\/pages\/483\/revisions\/60763"}],"up":[{"embeddable":true,"href":"https:\/\/www.justiciasantafe.gov.ar\/index.php\/wp-json\/wp\/v2\/pages\/73"}],"wp:attachment":[{"href":"https:\/\/www.justiciasantafe.gov.ar\/index.php\/wp-json\/wp\/v2\/media?parent=483"}],"curies":[{"name":"wp","href":"https:\/\/api.w.org\/{rel}","templated":true}]}}