 {"id":489,"date":"2021-11-30T14:38:00","date_gmt":"2021-11-30T17:38:00","guid":{"rendered":"https:\/\/www.justiciasantafe.gov.ar\/?page_id=489"},"modified":"2026-05-06T07:10:23","modified_gmt":"2026-05-06T10:10:23","slug":"nombramientos-de-oficio-peritos","status":"publish","type":"page","link":"https:\/\/www.justiciasantafe.gov.ar\/index.php\/nombramientos-de-oficio-peritos\/","title":{"rendered":"Nombramientos de Oficio &#8211; Peritos"},"content":{"rendered":"<p>&nbsp;<\/p>\n<p>&nbsp;<\/p>\n<p>&nbsp;<\/p>\n\n\t<section class=\"section hide-for-medium\" id=\"section_1312970282\">\n\t\t<div class=\"section-bg fill\" >\n\t\t\t\t\t\t\t\t\t\n\t\t\t\n\n\t\t<\/div>\n\n\t\t\n\n\t\t<div class=\"section-content relative\">\n\t\t\t\n<div class=\"row align-center\"  id=\"row-491152711\">\n\n\t<div id=\"col-809005217\" class=\"col small-12 large-12\"  >\n\t\t\t\t<div class=\"col-inner text-center\"  >\n\t\t\t\n\t\t\t\n<p style=\"text-align: center\"><span style=\"color: #282828\"><strong>LISTAS APROBADAS A\u00d1O 2026<\/strong>\u00a0<strong>(Acuerdo de fecha 10.12.2025, Acta N\u00b0 50, punto 4)<\/strong><\/span><\/p>\n<table border=\"4\" cellspacing=\"1\" cellpadding=\"1\">\n<tbody>\n<tr>\n<td><a href=\"https:\/\/www.justiciasantafe.gov.ar\/wp-content\/uploads\/2025\/12\/Peritos-Santa-Fe.pdf\"><strong>01- SANTA FE<\/strong><\/a><\/td>\n<td><a href=\"https:\/\/www.justiciasantafe.gov.ar\/wp-content\/uploads\/2025\/12\/Listados-Nombramientos-de-Oficio-Canada-de-Gomez-2026.pdf\"><strong>06 &#8211; C\u00d1DA DE G\u00d3MEZ<\/strong><\/a><\/td>\n<td><a href=\"https:\/\/www.justiciasantafe.gov.ar\/wp-content\/uploads\/2025\/12\/Peritos-San-Jorge.pdf\"><strong>11 &#8211; SAN JORGE<\/strong><\/a><\/td>\n<td><a href=\"https:\/\/www.justiciasantafe.gov.ar\/wp-content\/uploads\/2025\/12\/Listados-Nombramientos-de-Oficio-Firmat-2026.pdf\"><strong>16 &#8211; FIRMAT<\/strong><\/a><\/td>\n<\/tr>\n<tr>\n<td><a href=\"https:\/\/www.justiciasantafe.gov.ar\/wp-content\/uploads\/2025\/12\/Listados-Nombramientos-de-Oficio-Rosario-2026.pdf\"><strong>02 &#8211; ROSARIO<\/strong><\/a><\/td>\n<td><a href=\"https:\/\/www.justiciasantafe.gov.ar\/wp-content\/uploads\/2025\/12\/Listados-Nombramientos-de-Oficio-Casilda-2026.pdf\"><strong>07 &#8211; CASILDA<\/strong><\/a><\/td>\n<td><a href=\"https:\/\/www.justiciasantafe.gov.ar\/wp-content\/uploads\/2025\/12\/Listados-Nombramientos-de-Oficio-San-Lorenzo-2026.pdf\"><strong>12 &#8211; SAN LORENZO<\/strong><\/a><\/td>\n<td><a href=\"https:\/\/www.justiciasantafe.gov.ar\/wp-content\/uploads\/2025\/12\/Peritos-Villa-Ocampo.pdf\"><strong>17 &#8211; VILLA OCAMPO\/LAS TOSCAS<\/strong><\/a><\/td>\n<\/tr>\n<tr>\n<td><a href=\"https:\/\/www.justiciasantafe.gov.ar\/wp-content\/uploads\/2025\/12\/Listados-Nombramientos-de-Oficio-Venado-Tuerto-2026.pdf\"><strong>03 &#8211; VDO. TUERTO<\/strong><\/a><\/td>\n<td><a href=\"https:\/\/www.justiciasantafe.gov.ar\/wp-content\/uploads\/2025\/12\/Listados-Nombramientos-de-Oficio-Rufino-2026.pdf\"><strong>08 &#8211; RUFINO<\/strong><\/a><\/td>\n<td><a href=\"https:\/\/www.justiciasantafe.gov.ar\/wp-content\/uploads\/2025\/12\/Peritos-Vera.pdf\"><strong>13 &#8211; VERA<\/strong><\/a><\/td>\n<td><a href=\"https:\/\/www.justiciasantafe.gov.ar\/wp-content\/uploads\/2025\/12\/Peritos-San-Justo.pdf\"><strong>18 &#8211; SAN JUSTO<\/strong><\/a><\/td>\n<\/tr>\n<tr>\n<td><a href=\"https:\/\/www.justiciasantafe.gov.ar\/wp-content\/uploads\/2025\/12\/Peritos-Reconquista.pdf\"><strong>04 &#8211; RECONQUISTA<\/strong><\/a><\/td>\n<td><a href=\"https:\/\/www.justiciasantafe.gov.ar\/wp-content\/uploads\/2025\/12\/Listados-Nombramientos-de-Oficio-Melincue-2026.pdf\"><strong>09 &#8211; MELINCU\u00c9<\/strong><\/a><\/td>\n<td><a href=\"https:\/\/www.justiciasantafe.gov.ar\/wp-content\/uploads\/2025\/12\/Listados-Nombramientos-de-Oficio-Villa-Constitucion-2026.pdf\"><strong>14 &#8211; VILLA CONST.<\/strong><\/a><\/td>\n<td><a href=\"https:\/\/www.justiciasantafe.gov.ar\/wp-content\/uploads\/2025\/12\/Peritos-Esperanza.pdf\"><strong>19 &#8211; ESPERANZA<\/strong><\/a><\/td>\n<\/tr>\n<tr>\n<td><a href=\"https:\/\/www.justiciasantafe.gov.ar\/wp-content\/uploads\/2025\/12\/Peritos-Rafaela.pdf\"><strong>05 &#8211; RAFAELA<\/strong><\/a><\/td>\n<td><a href=\"https:\/\/www.justiciasantafe.gov.ar\/wp-content\/uploads\/2025\/12\/Peritos-San-Cristobal.pdf\"><strong>10 &#8211; SAN CRIST\u00d3BAL<\/strong><\/a><\/td>\n<td><a href=\"https:\/\/www.justiciasantafe.gov.ar\/wp-content\/uploads\/2025\/12\/Peritos-Tostado.pdf\"><strong>15 <\/strong><strong>&#8211; TOSTADO<\/strong><\/a><\/td>\n<td><a href=\"https:\/\/www.justiciasantafe.gov.ar\/wp-content\/uploads\/2025\/12\/Peritos-San-Javier.pdf\"><strong>20 &#8211; SAN JAVIER<\/strong><\/a><\/td>\n<\/tr>\n<\/tbody>\n<\/table>\n\t\t<\/div>\n\t\t\t\t\t<\/div>\n\n\t\n<\/div>\n\t\t<\/div>\n\n\t\t\n<style>\n#section_1312970282 {\n  padding-top: 30px;\n  padding-bottom: 30px;\n}\n<\/style>\n\t<\/section>\n\t\n\n\t<section class=\"section show-for-medium\" id=\"section_1873468256\">\n\t\t<div class=\"section-bg fill\" >\n\t\t\t\t\t\t\t\t\t\n\t\t\t\n\n\t\t<\/div>\n\n\t\t\n\n\t\t<div class=\"section-content relative\">\n\t\t\t\n<div class=\"row align-center\"  id=\"row-1851296750\">\n\n\t<div id=\"col-972954881\" class=\"col small-12 large-12\"  >\n\t\t\t\t<div class=\"col-inner text-center\"  >\n\t\t\t\n\t\t\t\n\t<div id=\"text-633782053\" class=\"text\">\n\t\t\n<p style=\"text-align: center\"><span style=\"color: #282828\"><strong>LISTAS APROBADAS A\u00d1O 2023<\/strong>\u00a0<strong>(Acuerdo de fecha 29.11.2022, Acta N\u00b0 43, punto 13)<\/strong><\/span><\/p>\n<table border=\"4\" cellspacing=\"1\" cellpadding=\"1\">\n<tbody>\n<tr>\n<td><a href=\"https:\/\/www.justiciasantafe.gov.ar\/wp-content\/uploads\/2022\/11\/Sede-Santa-Fe-1.pdf\"><strong>01- SANTA FE<\/strong><\/a><\/td>\n<td><a href=\"https:\/\/www.justiciasantafe.gov.ar\/wp-content\/uploads\/2022\/11\/Listas-Nombramientos-de-Oficio-CG-2023.pdf\"><strong>06 &#8211; C\u00d1DA DE G\u00d3MEZ<\/strong><\/a><\/td>\n<td><a href=\"https:\/\/www.justiciasantafe.gov.ar\/wp-content\/uploads\/2022\/11\/Sede-San-Jorge.pdf\"><strong>11 &#8211; SAN JORGE<\/strong><\/a><\/td>\n<td><a href=\"https:\/\/www.justiciasantafe.gov.ar\/wp-content\/uploads\/2022\/11\/Listas-Nombramienots-de-Oficio-Firmat-2023.pdf\"><strong>16 &#8211; FIRMAT<\/strong><\/a><\/td>\n<\/tr>\n<tr>\n<td><a href=\"https:\/\/www.justiciasantafe.gov.ar\/wp-content\/uploads\/2022\/11\/Listas-Nombramientos-de-Oficio-Rosario-2023.pdf\"><strong>02 &#8211; ROSARIO<\/strong><\/a><\/td>\n<td><a href=\"https:\/\/www.justiciasantafe.gov.ar\/wp-content\/uploads\/2022\/11\/Listas-Nombramientos-de-Oficio-Casilda-2023.pdf\"><strong>07 &#8211; CASILDA<\/strong><\/a><\/td>\n<td><a href=\"https:\/\/www.justiciasantafe.gov.ar\/wp-content\/uploads\/2022\/11\/Listas-Nombramientos-de-Oficio-SL-2023.pdf\"><strong>12 &#8211; SAN LORENZO<\/strong><\/a><\/td>\n<td><a href=\"https:\/\/www.justiciasantafe.gov.ar\/wp-content\/uploads\/2022\/11\/Sede-Villa-Ocampo.pdf\"><strong>17 &#8211; VILLA OCAMPO\/LAS TOSCAS<\/strong><\/a><\/td>\n<\/tr>\n<tr>\n<td><a href=\"https:\/\/www.justiciasantafe.gov.ar\/wp-content\/uploads\/2022\/11\/Listas-Nombramientos-de-Oficio-VT-2023.pdf\"><strong>03 &#8211; VDO. TUERTO<\/strong><\/a><\/td>\n<td><a href=\"https:\/\/www.justiciasantafe.gov.ar\/wp-content\/uploads\/2022\/11\/Listas-Nombramientos-de-Oficio-Rufino-2023.pdf\"><strong>08 &#8211; RUFINO<\/strong><\/a><\/td>\n<td><a href=\"https:\/\/www.justiciasantafe.gov.ar\/wp-content\/uploads\/2022\/11\/Sede-Vera.pdf\"><strong>13 &#8211; VERA<\/strong><\/a><\/td>\n<td><a href=\"https:\/\/www.justiciasantafe.gov.ar\/wp-content\/uploads\/2022\/11\/Sede-San-Justo.pdf\"><strong>18 &#8211; SAN JUSTO<\/strong><\/a><\/td>\n<\/tr>\n<tr>\n<td><a href=\"https:\/\/www.justiciasantafe.gov.ar\/wp-content\/uploads\/2022\/11\/Sede-Reconquista.pdf\"><strong>04 &#8211; RECONQUISTA<\/strong><\/a><\/td>\n<td><a href=\"https:\/\/www.justiciasantafe.gov.ar\/wp-content\/uploads\/2022\/11\/Listas-Nombramientos-de-Oficio-Melincue-2023.pdf\"><strong>09 &#8211; MELINCU\u00c9<\/strong><\/a><\/td>\n<td><a href=\"https:\/\/www.justiciasantafe.gov.ar\/wp-content\/uploads\/2022\/11\/Listas-Nombramientos-de-Oficio-VC-2023.pdf\"><strong>14 &#8211; VILLA CONST.<\/strong><\/a><\/td>\n<td><a href=\"https:\/\/www.justiciasantafe.gov.ar\/wp-content\/uploads\/2022\/11\/Sede-Esperanza.pdf\"><strong>19 &#8211; ESPERANZA<\/strong><\/a><\/td>\n<\/tr>\n<tr>\n<td><a href=\"https:\/\/www.justiciasantafe.gov.ar\/wp-content\/uploads\/2022\/11\/Sede-Rafaela.pdf\"><strong>05 &#8211; RAFAELA<\/strong><\/a><\/td>\n<td><a href=\"https:\/\/www.justiciasantafe.gov.ar\/wp-content\/uploads\/2022\/11\/Sede-San-Cristobal.pdf\"><strong>10 &#8211; SAN CRIST\u00d3BAL<\/strong><\/a><\/td>\n<td><a href=\"https:\/\/www.justiciasantafe.gov.ar\/wp-content\/uploads\/2022\/11\/Sede-Tostado.pdf\"><strong>15 &#8211; TOSTADO<\/strong><\/a><\/td>\n<td><a href=\"https:\/\/www.justiciasantafe.gov.ar\/wp-content\/uploads\/2022\/11\/Sede-San-Javier.pdf\"><strong>20 &#8211; SAN JAVIER<\/strong><\/a><\/td>\n<\/tr>\n<\/tbody>\n<\/table>\n<p>&nbsp;<\/p>\n<p style=\"text-align: left\"><span style=\"font-size: 14.4px\">\t\t\n<style>\n#text-633782053 {\n  font-size: 0.75rem;\n  text-align: center;\n}\n<\/style>\n\t<\/div>\n\t<\/span><\/p>\n\t\t<\/div>\n\t\t\t\t\t<\/div>\n\n\t\n<\/div>\n\t\t<\/div>\n\n\t\t\n<style>\n#section_1873468256 {\n  padding-top: 30px;\n  padding-bottom: 30px;\n}\n<\/style>\n\t<\/section>\n\t\n\n\t<section class=\"section hide-for-medium\" id=\"section_976595926\">\n\t\t<div class=\"section-bg fill\" >\n\t\t\t\t\t\t\t\t\t\n\t\t\t\n\n\t\t<\/div>\n\n\t\t\n\n\t\t<div class=\"section-content relative\">\n\t\t\t\n<div class=\"row\"  id=\"row-1635624456\">\n\n\t<div id=\"col-2107143727\" class=\"col small-12 large-12\"  >\n\t\t\t\t<div class=\"col-inner\" style=\"background-color:rgba(255, 226, 71, 0.43);\" >\n\t\t\t\n\t\t\t\n\t<div id=\"text-874591901\" class=\"text\">\n\t\t\n<p style=\"text-align: center\"><span style=\"color: #ed1c24;font-size: 80%\"><strong>SE HACE SABER QUE LAS MISMAS PUEDEN SUFRIR MODIFICACIONES ORIGINADAS POR CAMBIOS DE DOMICILIO, DE DATOS PERSONALES, EXCLUSIONES, RENUNCIAS, ETC. DICHAS MODIFICACIONES SER\u00c1N DEBIDAMENTE COMUNICADAS A LAS PRESIDENCIAS DE LAS C\u00c1MARAS Y A LAS SUPERINTENDENCIAS MENORES QUE CORRESPONDAN,\u00a0<u>NO<\/u>\u00a0ACTUALIZ\u00c1NDOSE A TALES FINES LAS LISTAS PRECEDENTES.<\/strong><\/span><\/p>\n\t\t\n<style>\n#text-874591901 {\n  font-size: 1.35rem;\n}\n<\/style>\n\t<\/div>\n\t\n\t\t<\/div>\n\t\t\t\t\n<style>\n#col-2107143727 > .col-inner {\n  padding: 0px 0px 0px 0px;\n  margin: 0px 0px -45px 0px;\n}\n<\/style>\n\t<\/div>\n\n\t\n\n<style>\n#row-1635624456 > .col > .col-inner {\n  padding: 0px 0px 0px 0px;\n}\n<\/style>\n<\/div>\n\t\t<\/div>\n\n\t\t\n<style>\n#section_976595926 {\n  padding-top: 30px;\n  padding-bottom: 30px;\n}\n<\/style>\n\t<\/section>\n\t\n\n\t<section class=\"section show-for-medium\" id=\"section_1068984290\">\n\t\t<div class=\"section-bg fill\" >\n\t\t\t\t\t\t\t\t\t\n\t\t\t\n\n\t\t<\/div>\n\n\t\t\n\n\t\t<div class=\"section-content relative\">\n\t\t\t\n<div class=\"row\"  id=\"row-1689892070\">\n\n\t<div id=\"col-1874987490\" class=\"col small-12 large-12\"  >\n\t\t\t\t<div class=\"col-inner\" style=\"background-color:rgba(255, 226, 71, 0.43);\" >\n\t\t\t\n\t\t\t\n\t<div id=\"text-3324316316\" class=\"text\">\n\t\t\n<p style=\"text-align: center\"><span style=\"color: #ed1c24;font-size: 80%\"><strong>SE HACE SABER QUE LAS MISMAS PUEDEN SUFRIR MODIFICACIONES ORIGINADAS POR CAMBIOS DE DOMICILIO, DE DATOS PERSONALES, EXCLUSIONES, RENUNCIAS, ETC. DICHAS MODIFICACIONES SER\u00c1N DEBIDAMENTE COMUNICADAS A LAS PRESIDENCIAS DE LAS C\u00c1MARAS Y A LAS SUPERINTENDENCIAS MENORES QUE CORRESPONDAN,\u00a0<u>NO<\/u>\u00a0ACTUALIZ\u00c1NDOSE A TALES FINES LAS LISTAS PRECEDENTES.<\/strong><\/span><\/p>\n\t\t\n<style>\n#text-3324316316 {\n  font-size: 0.95rem;\n}\n@media (min-width:550px) {\n  #text-3324316316 {\n    font-size: 1.35rem;\n  }\n}\n<\/style>\n\t<\/div>\n\t\n\t\t<\/div>\n\t\t\t\t\n<style>\n#col-1874987490 > .col-inner {\n  padding: 0px 0px 0px 0px;\n  margin: 0px 0px -45px 0px;\n}\n<\/style>\n\t<\/div>\n\n\t\n\n<style>\n#row-1689892070 > .col > .col-inner {\n  padding: 0px 0px 0px 0px;\n}\n<\/style>\n<\/div>\n\t\t<\/div>\n\n\t\t\n<style>\n#section_1068984290 {\n  padding-top: 30px;\n  padding-bottom: 30px;\n}\n<\/style>\n\t<\/section>\n\t\n\n\t<section class=\"section\" id=\"section_1303864089\">\n\t\t<div class=\"section-bg fill\" >\n\t\t\t\t\t\t\t\t\t\n\t\t\t\n\n\t\t<\/div>\n\n\t\t\n\n\t\t<div class=\"section-content relative\">\n\t\t\t\n\t<div id=\"text-3293804190\" class=\"text hidden\">\n\t\t\n<p><span style=\"font-size: 85%\"><strong><span style=\"color: #282828\">IMPORTANTE<\/span>: <\/strong>PARA LA PRESENTACI\u00d3N DE LOS FORMULARIOS DE INSCRIPCI\u00d3N EN LAS MESAS DE ENTRADAS DE LA CORTE EN SANTA FE Y ROSARIO, DE AQUELLOS PROFESIONALES QUE HABITUALMENTE PRESENTAN SUS FORMULARIOS EN ESTAS DEPENDENCIAS, SE ENCUENTRA DISPONIBLE UN TURNERO ON LINE.<\/span><\/p>\n\t\t\t<\/div>\n\t\n\n<p><span style=\"font-size: 85%\">La Ley 10160, en su Cap\u00edtulo II: &#8220;De la Competencia de la Corte Suprema de Justicia&#8221;, art. 19, inc. 6\u00b0 dispone:\u00a0<strong>Confeccionar antes del 31 de diciembre de cada a\u00f1o, las n\u00f3minas necesarias para que los magistrados y los jueces comunales puedan efectuar las correspondientes designaciones durante el a\u00f1o siguiente.<\/strong><\/span><br \/>\n<span style=\"font-size: 85%\">\u00a0<\/span><br \/>\n<span style=\"font-size: 85%\">En cumplimiento de tal norma, la Corte Suprema de Justicia dispuso que durante el mes de octubre de cada a\u00f1o se recepcionen las solicitudes de los profesionales interesados en realizar pericias e informes en causas judiciales en los formularios siguientes:<\/span><\/p>\n\t\t<\/div>\n\n\t\t\n<style>\n#section_1303864089 {\n  padding-top: 30px;\n  padding-bottom: 30px;\n}\n<\/style>\n\t<\/section>\n\t\n<div class=\"container section-title-container\" ><h3 class=\"section-title section-title-center\"><b><\/b><span class=\"section-title-main\" style=\"color:rgb(31, 29, 29);\">NO SE ADMITIR\u00c1N FORMULARIOS COMPLETADOS EN FORMA MANUSCRITA<\/span><b><\/b><\/h3><\/div>\n\n\t<section class=\"section\" id=\"section_1905690844\">\n\t\t<div class=\"section-bg fill\" >\n\t\t\t\t\t\t\t\t\t\n\t\t\t\n\n\t\t<\/div>\n\n\t\t\n\n\t\t<div class=\"section-content relative\">\n\t\t\t\n<div class=\"row\"  id=\"row-311310382\">\n\n\t<div id=\"col-1531219891\" class=\"col small-12 large-12\"  >\n\t\t\t\t<div class=\"col-inner\"  >\n\t\t\t\n\t\t\t\n<p><a href=\"https:\/\/www.justiciasantafe.gov.ar\/wp-content\/uploads\/2025\/09\/Formulario-Abogado-2026.pdf\"><strong>&#8211; <\/strong><strong>NOMBRAMIENTOS DE OFICIO &#8211; ABOGADOS<\/strong><\/a><\/p>\n<p><span style=\"color: #333333;font-size: 14.4px\">Formulario de Inscripci\u00f3n &#8211;<span style=\"color: #ff0000\">\u00a0COMPLETAR E IMPRIMIR<\/span><\/span><\/p>\n\t\t<\/div>\n\t\t\t\t\t<\/div>\n\n\t\n<\/div>\n<div class=\"row\"  id=\"row-1877254582\">\n\n\t<div id=\"col-341289504\" class=\"col small-12 large-12\"  >\n\t\t\t\t<div class=\"col-inner\"  >\n\t\t\t\n\t\t\t\n<p><a href=\"https:\/\/www.justiciasantafe.gov.ar\/wp-content\/uploads\/2025\/09\/Formulario-Contador-2026.pdf\"><span style=\"font-size: 95%\"><strong>&#8211; <\/strong><strong>NOMBRAMIENTOS DE OFICIO &#8211; CONTADORES P\u00daBLICOS NACIONALES<\/strong><\/span><\/a><\/p>\n<div>\n<div>\n<div>\n<div><span style=\"font-size: 95%\">Formulario de inscripci\u00f3n &#8211;\u00a0<span style=\"color: #ff0000\">COMPLETAR E IMPRIMIR<\/span><\/span><\/div>\n<\/div>\n<\/div>\n<\/div>\n\t\t<\/div>\n\t\t\t\t\t<\/div>\n\n\t\n\n\t<div id=\"col-1972747230\" class=\"col small-12 large-12\"  >\n\t\t\t\t<div class=\"col-inner\"  >\n\t\t\t\n\t\t\t\n<p><a href=\"https:\/\/www.justiciasantafe.gov.ar\/wp-content\/uploads\/2025\/09\/formulario-Interventor-Judicial-2026.pdf\"><strong>&#8211; <\/strong><strong>NOMBRAMIENTOS DE OFICIO &#8211; INTERVENTORES JUDICIALES, LIQUIDADORES DE SOCIEDADES, INTERVENTORES DE CAJA EN MEDIDA CAUTELARES Y COADMINISTRADORES<\/strong><\/a><\/p>\n<div>\n<div>\n<div>\n<div>Formulario de inscripci\u00f3n &#8211;\u00a0<span style=\"color: #ff0000\">COMPLETAR E IMPRIMIR<\/span><\/div>\n<\/div>\n<\/div>\n<\/div>\n\t\t<\/div>\n\t\t\t\t\t<\/div>\n\n\t\n\n\t<div id=\"col-866052902\" class=\"col small-12 large-12\"  >\n\t\t\t\t<div class=\"col-inner\"  >\n\t\t\t\n\t\t\t\n<p><a href=\"https:\/\/www.justiciasantafe.gov.ar\/wp-content\/uploads\/2025\/09\/Formulario-Medico-2026.pdf\"><strong>&#8211; NOMBRAMIENTOS DE OFICIO\u00a0&#8211; M\u00c9DICOS<\/strong><\/a><\/p>\n<div>\n<div>\n<div>\n<div>Formulario de inscripci\u00f3n &#8211;\u00a0<span style=\"color: #ff0000\">COMPLETAR E IMPRIMIR<\/span><\/div>\n<\/div>\n<\/div>\n<\/div>\n\t\t<\/div>\n\t\t\t\t\t<\/div>\n\n\t\n\n\t<div id=\"col-1955475337\" class=\"col small-12 large-12\"  >\n\t\t\t\t<div class=\"col-inner\"  >\n\t\t\t\n\t\t\t\n<p><a href=\"https:\/\/www.justiciasantafe.gov.ar\/wp-content\/uploads\/2025\/09\/Formulario-Perito-2026.pdf\"><strong>&#8211; NOMBRAMIENTOS DE OFICIO\u00a0<\/strong><\/a><\/p>\n<div>\n<div>\n<div>\n<div>Formulario de inscripci\u00f3n &#8211;\u00a0<span style=\"color: #ff0000\">COMPLETAR E IMPRIMIR<\/span><\/div>\n<\/div>\n<\/div>\n<\/div>\n\t\t<\/div>\n\t\t\t\t\t<\/div>\n\n\t\n<\/div>\n\t\t<\/div>\n\n\t\t\n<style>\n#section_1905690844 {\n  padding-top: 30px;\n  padding-bottom: 30px;\n}\n<\/style>\n\t<\/section>\n\t\n<p><span style=\"font-size: 85%\">Adem\u00e1s del formulario impreso<strong> en forma completa,<\/strong> -cuya firma deber\u00e1 ser certificada judicialmente-, los interesados deber\u00e1n presentar la documental detallada en cada formulario.<\/span><\/p>\n<p><span style=\"font-size: 85%\">Las n\u00f3minas ser\u00e1n confeccionadas en atenci\u00f3n al t\u00edtulo que el solicitante posee.<\/span><\/p>\n<p><span style=\"font-size: 85%\">Las listas confeccionadas tienen vigencia durante el a\u00f1o siguiente al de la inscripci\u00f3n<\/span>.<\/p>\n<p>&nbsp;<\/p>\n<h3 class=\"western\" align=\"JUSTIFY\"><span style=\"font-family: Arial, sans-serif\"><span style=\"font-size: medium\"><strong><span style=\"color: #000000\"><span style=\"font-family: Arial Black, sans-serif\"><span lang=\"es-AR\"><u><b>PROTOCOLO DE INTERVENCI\u00d3N DEL CUERPO M\u00c9DICO DE PERITOS ESPECIALIZADOS DE LA CORTE SUPREMA DE JUSTICIA \u2013 APLICACI\u00d3N A PERICIAS AJENAS AL CUERPO M\u00c9DICO (Aprobado por Acuerdo de la CSJ de fecha 28.4.2026-Acta Nro. 13, pto.8)<\/b><\/u><\/span><\/span><\/span><\/strong><\/span><\/span><\/h3>\n<p align=\"JUSTIFY\"><a href=\"https:\/\/www.justiciasantafe.gov.ar\/wp-content\/uploads\/2026\/05\/Certifico-Pto-de-Acuerdo-Protocolo-tecnico-de-intervencion-Peritos-Medicos.pdf\"><span style=\"font-size: 12.24px\">Acta CSJ Nro. 13, pto 8 de fecha 28.4.2026<\/span><\/a><\/p>\n<p align=\"JUSTIFY\"><a href=\"https:\/\/www.justiciasantafe.gov.ar\/wp-content\/uploads\/2026\/05\/Protocolo-tecnico-de-intervencion.pdf\"><span style=\"font-size: 12.24px\">&#8220;Protocolo t\u00e9cnico de intervenci\u00f3n&#8221; &#8211; Cuerpo M\u00e9dico de Peritos Especializados &#8211; Laboral\u00a0 (Aprobado por Acuerdo del 7.4.2026 &#8211; Acta Nro. 10, pto. 12)<\/span><\/a><\/p>\n<p align=\"JUSTIFY\"><a href=\"https:\/\/www.justiciasantafe.gov.ar\/wp-content\/uploads\/2026\/05\/Informe-de-Peritos.odt\"><span style=\"font-size: 12.24px\">Modelo de Informe Pericial\u00a0 (Aprobado por Acuerdo del 7.4.2026 &#8211; Acta Nro. 10, pto. 12)<\/span><\/a><\/p>\n<p align=\"JUSTIFY\">\n<div class=\"gsp_post_data\" data-post_type=\"page\" data-cat=\"\" data-modified=\"120\" data-title=\"Nombramientos de Oficio &#8211; Peritos\" data-home=\"https:\/\/www.justiciasantafe.gov.ar\"><\/div>","protected":false},"excerpt":{"rendered":"<p>&nbsp; &nbsp; &nbsp; Adem\u00e1s del formulario impreso en forma completa, -cuya firma deber\u00e1 ser certificada judicialmente-, los interesados deber\u00e1n presentar la documental detallada en cada formulario. Las n\u00f3minas ser\u00e1n confeccionadas en atenci\u00f3n al t\u00edtulo que el solicitante posee. Las listas confeccionadas tienen vigencia durante el a\u00f1o siguiente al de la inscripci\u00f3n. &nbsp; PROTOCOLO DE INTERVENCI\u00d3N [&#8230;]\n","protected":false},"author":1,"featured_media":0,"parent":0,"menu_order":0,"comment_status":"closed","ping_status":"closed","template":"","meta":{"_acf_changed":false,"footnotes":""},"class_list":["post-489","page","type-page","status-publish","hentry"],"acf":[],"_links":{"self":[{"href":"https:\/\/www.justiciasantafe.gov.ar\/index.php\/wp-json\/wp\/v2\/pages\/489","targetHints":{"allow":["GET"]}}],"collection":[{"href":"https:\/\/www.justiciasantafe.gov.ar\/index.php\/wp-json\/wp\/v2\/pages"}],"about":[{"href":"https:\/\/www.justiciasantafe.gov.ar\/index.php\/wp-json\/wp\/v2\/types\/page"}],"author":[{"embeddable":true,"href":"https:\/\/www.justiciasantafe.gov.ar\/index.php\/wp-json\/wp\/v2\/users\/1"}],"replies":[{"embeddable":true,"href":"https:\/\/www.justiciasantafe.gov.ar\/index.php\/wp-json\/wp\/v2\/comments?post=489"}],"version-history":[{"count":3,"href":"https:\/\/www.justiciasantafe.gov.ar\/index.php\/wp-json\/wp\/v2\/pages\/489\/revisions"}],"predecessor-version":[{"id":66933,"href":"https:\/\/www.justiciasantafe.gov.ar\/index.php\/wp-json\/wp\/v2\/pages\/489\/revisions\/66933"}],"wp:attachment":[{"href":"https:\/\/www.justiciasantafe.gov.ar\/index.php\/wp-json\/wp\/v2\/media?parent=489"}],"curies":[{"name":"wp","href":"https:\/\/api.w.org\/{rel}","templated":true}]}}