 {"id":491,"date":"2021-11-30T14:38:31","date_gmt":"2021-11-30T17:38:31","guid":{"rendered":"https:\/\/www.justiciasantafe.gov.ar\/?page_id=491"},"modified":"2026-03-18T12:53:39","modified_gmt":"2026-03-18T15:53:39","slug":"registro-de-deudores-alimentarios-morosos","status":"publish","type":"page","link":"https:\/\/www.justiciasantafe.gov.ar\/index.php\/poder-judicial\/institucional\/registro-de-deudores-alimentarios-morosos\/","title":{"rendered":"REGISTRO DE DEUDORES ALIMENTARIOS MOROSOS"},"content":{"rendered":"<div class=\"row\"  id=\"row-1334321404\">\n\n\t<div id=\"col-174655386\" class=\"col small-12 large-12\"  >\n\t\t\t\t<div class=\"col-inner\"  >\n\t\t\t\n\t\t\t\n<p>La Corte Suprema de Justicia de la Provincia puso en funcionamiento el Registro de Deudores Alimentarios Morosos, de acuerdo a lo establecido por\u00a0<a href=\"https:\/\/www.justiciasantafe.gov.ar\/wp-content\/uploads\/2021\/11\/LEY20nC2B02011945.pdf\" target=\"_blank\" rel=\"noopener\">Ley Provincial Nro. 11.945<\/a>\u00a0y\u00a0<a href=\"https:\/\/www.justiciasantafe.gov.ar\/wp-content\/uploads\/2021\/11\/DECRETO201005-06.pdf\" target=\"_blank\" rel=\"noopener\">Decreto del Poder Ejecutivo Nro. 1005 de fecha 27.04.06.<\/a><\/p>\n<p>En las sedes de Santa Fe y Rosario el Registro funciona en dependencias del Registro de Procesos Universales. En Rafaela, Reconquista y Venado Tuerto, lo hace en la Secretar\u00eda de la C\u00e1mara de Apelaci\u00f3n en lo Civil, Comercial y Laboral. En las dem\u00e1s sedes judiciales, los certificados se gestionan a trav\u00e9s de los juzgados Civiles y Comerciales; o de Circuito, donde aquellos no existieran.<\/p>\n<hr \/>\n<div><\/div>\n\t\t<\/div>\n\t\t\t\t\n<style>\n#col-174655386 > .col-inner {\n  margin: 0px 0px -50px 0px;\n}\n<\/style>\n\t<\/div>\n\n\t\n<\/div>\n<a href=\"https:\/\/rdam.justiciasantafe.gov.ar\/gestion-rdam\" class=\"button primary box-shadow-2\"  >\n\t\t<span>SOLICITAR CERTIFICADO ON-LINE<\/span>\n\t<\/a>\n\n<div class=\"row\"  id=\"row-1056392276\">\n\n\t<div id=\"col-1639265718\" class=\"col small-12 large-12\"  >\n\t\t\t\t<div class=\"col-inner\"  >\n\t\t\t\n\t\t\t\n<p>&nbsp;<\/p>\n<p>&nbsp;<\/p>\n<h3>SOLICITUD DE CERTIFICADO PRESENCIAL EN TRIBUNALES :<\/h3>\n<h2>\u2193 DESCARGA DE FORMULARIO DE DEUDOR ALIMENTARIO EN EL SIGUIENTE ARCHIVO\u2193:<\/h2>\n<p><a href=\"https:\/\/www.justiciasantafe.gov.ar\/wp-content\/uploads\/2021\/11\/Ci-36-06_Formulario.pdf\">\u2193RDAM Formulario Solicitud Deudor Alimentario<\/a><\/p>\n<p>El tr\u00e1mite es personal, debiendo acreditarse la identidad con el DNI original.<\/p>\n<p>En caso de solicitarlo un tercero, deber\u00e1 acompa\u00f1ar poder suficiente; o formulario o autorizaci\u00f3n con firma certificada; o en caso de ser el interesado un socio el solicitante debe acreditar car\u00e1cter de socio o miembro de la sociedad, asociaci\u00f3n o entidad que corresponda.<\/p>\n<hr \/>\n<h3>INSCRIPCIONES Y LEVANTAMIENTOS:<\/h3>\n<p>Acompa\u00f1ando copia simple de DNI en Rosario, y mostrando el documento original el interesado en la ciudad de Santa Fe o si viene un tercero mostrando poder; autorizaci\u00f3n con firma certificada del interesado; formulario con firma certificada del interesado, ser socio con documento que lo acredite por ej. contrato social, acta de la organizaci\u00f3n, etc. para acreditar inter\u00e9s leg\u00edtimo.<\/p>\n<p>Las inscripciones, modificaciones y bajas en el citado Registro se hacen a pedido de parte y previa orden del juez competente en materia alimentaria, una vez corroborado el cumplimiento de los requisitos legales exigidos. Quien as\u00ed lo solicite deber\u00e1 abonar el arancel reglamentario.<br \/>\nDesde el 03 de julio de 2006 comenzaron a recibirse las solicitudes de inscripci\u00f3n que son enviadas por los juzgados, y desde el 1\u00b0 de agosto del mismo a\u00f1o, comenzaron a expedirse los certificados.<br \/>\nAsimismo, por Acuerdos Ordinarios de fechas 10.09.2013 y 11.03.2014, la Excma.Corte Suprema de Justicia de Santa Fe, dispuso que las inscripciones, modificaciones y levantamientos de inscripciones ordenadas judicialmente, conforme Ley Provincial N\u00b0 11.945 que los Tribunales Colegiados de Familia de Rosario, en primer t\u00e9rmino y de Santa Fe, en segundo, realicen al Registro de Deudores Alimentarios Morosos sean libradas a trav\u00e9s de Correo Electr\u00f3nico con Firma Digital con la modalidad establecida en el Reglamento y el Instructivo aprobado por Acuerdo Nro.36 del 10.09.2013. Dicha modalidad se encuentra operativa para la sede Rosario desde el 01.10.2013, y para la sede Santa Fe desde el 01.04.2014.<br \/>\nTal es as\u00ed, que dado el grado de avance y la fiabilidad del medio empleado, el m\u00e1ximo Tribunal Provincial, decidi\u00f3 extender dicha modalidad de comunicaci\u00f3n a trav\u00e9s de correo electr\u00f3nico con Firma Digital, operativa desde el 19.05.2014, a los dem\u00e1s Juzgados con competencia en materia alimentaria del resto de la Provincia con los Registros de Deudores Alimentarios Morosos que corresponde.<br \/>\nEn ese sentido, esta \u00faltima etapa alcanza a las comunicaciones de inscripci\u00f3n, modificaci\u00f3n y levantamiento de inscripci\u00f3n realizadas entre: los Juzgados en lo Civil, Comercial y Laboral de San Jorge, San Justo y Esperanza, con el Registro de Deudores Alimentarios Morosos de Santa Fe; a las realizadas por los Juzgados de Familia de Ca\u00f1ada de G\u00f3mez, San Lorenzo, Villa Constituci\u00f3n y los Juzgados en lo Civil, Comercial y Laboral de Casilda, con el Registro de Deudores Alimentarios Morosos de Rosario; a las que realicen el Juzgado de Familia de Venado Tuerto y los Juzgados en lo Civil, Comercial y Laboral de Melincu\u00e9, Rufino y Firmat, con el Registro de Deudores Alimentarios Morosos de Venado Tuerto; a las que realicen el Juzgado de Familia de Reconquista y los Juzgados en lo Civil, Comercial y Laboral de Vera y de Villa Ocampo, con el Registro de Deudores Alimentarios Morosos de Reconquista; y a las que sean libradas entre el Juzgado de Familia de Rafaela y los Juzgados en lo Civil, Comercial y Laboral de San Crist\u00f3bal y de Tostado, con el Registro de Deudores Alimentarios Morosos de Rafaela.<\/p>\n<p>El Registro no recibe \u00f3rdenes de inscripci\u00f3n de jurisdicciones ajenas a la Provincia de Santa Fe, hasta tanto no sea regulada legalmente.<\/p>\n<hr \/>\n<p><strong>DOMICILIOS DE FUNCIONAMIENTO DEL REGISTRO DE DEUDORES ALIMENTARIOS MOROSOS<\/strong><\/p>\n<table class=\"renderedtable\" border=\"1\" cellspacing=\"0\" cellpadding=\"2\">\n<tbody>\n<tr>\n<td>Santa Fe<\/td>\n<td>San Jer\u00f3nimo 1551 \u2013 Planta Baja<\/td>\n<\/tr>\n<tr>\n<td>Rosario<\/td>\n<td>Balcarce 1651 \u2013 Planta Baja<\/td>\n<\/tr>\n<tr>\n<td>Rafaela<\/td>\n<td>Lavalle 139<\/td>\n<\/tr>\n<tr>\n<td>Reconquista<\/td>\n<td>San Mart\u00edn 1060<\/td>\n<\/tr>\n<tr>\n<td>Venado Tuerto<\/td>\n<td>Saavedra 455<\/td>\n<\/tr>\n<\/tbody>\n<\/table>\n<p><strong>COSTO DEL SERVICIO<\/strong><br \/>\nPrevia a la presentaci\u00f3n, se debe abonar el sellado, que se expide en cada uno de los distritos donde se solicita el informe<\/p>\n<table class=\"renderedtable\" border=\"1\" cellspacing=\"0\" cellpadding=\"2\">\n<tbody>\n<tr>\n<td>Solicitud de Certificado<\/td>\n<td>$ 5000<\/td>\n<\/tr>\n<tr>\n<td>Inscripci\u00f3n del Deudor Alimentario y\/o Empleador<\/td>\n<td>$ 3000<\/td>\n<\/tr>\n<tr>\n<td>Levantamiento de la Inscripci\u00f3n del Deudor Alimentario y\/o Empleador<\/td>\n<td>$ 8000<\/td>\n<\/tr>\n<\/tbody>\n<\/table>\n<h4 class=\"post-title\">Archivos:<\/h4>\n<ul>\n<li><a href=\"https:\/\/www.justiciasantafe.gov.ar\/wp-content\/uploads\/2021\/11\/Ci-36-06_Formulario.pdf\">RDAM Formulario Solicitud Deudor Alimentario<\/a><\/li>\n<\/ul>\n<table class=\"twelve\" style=\"height: 171px\" width=\"397\">\n<tbody>\n<tr>\n<td>\n<ul class=\"link-list\">\n<li><a href=\"https:\/\/www.justiciasantafe.gov.ar\/wp-content\/uploads\/2021\/11\/4651.pdf\" target=\"_blank\" rel=\"noopener\">RDAM Formulario I &#8211;\u00a0 Inscripci\u00f3n Deudor<\/a><\/li>\n<\/ul>\n<\/td>\n<\/tr>\n<tr>\n<td>\n<ul class=\"link-list\">\n<li><a href=\"https:\/\/www.justiciasantafe.gov.ar\/wp-content\/uploads\/2021\/11\/4372.pdf\" target=\"_blank\" rel=\"noopener\">RDAM Formulario II &#8211; Inscripci\u00f3n empresa<\/a><\/li>\n<\/ul>\n<\/td>\n<\/tr>\n<tr>\n<td>\n<ul>\n<li><a href=\"https:\/\/www.justiciasantafe.gov.ar\/wp-content\/uploads\/2021\/11\/4500.pdf\" target=\"_blank\" rel=\"noopener\">Levantamiento Deudor Alimentario<\/a><\/li>\n<\/ul>\n<\/td>\n<\/tr>\n<\/tbody>\n<\/table>\n<div class=\"clear\"><\/div>\n<div class=\"line\"><\/div>\n\t\t<\/div>\n\t\t\t\t\t<\/div>\n\n\t\n<\/div>\n<div class=\"gsp_post_data\" data-post_type=\"page\" data-cat=\"\" data-modified=\"120\" data-title=\"REGISTRO DE DEUDORES ALIMENTARIOS MOROSOS\" data-home=\"https:\/\/www.justiciasantafe.gov.ar\"><\/div>","protected":false},"excerpt":{"rendered":"","protected":false},"author":1,"featured_media":0,"parent":73,"menu_order":0,"comment_status":"closed","ping_status":"closed","template":"","meta":{"_acf_changed":false,"footnotes":""},"class_list":["post-491","page","type-page","status-publish","hentry"],"acf":[],"_links":{"self":[{"href":"https:\/\/www.justiciasantafe.gov.ar\/index.php\/wp-json\/wp\/v2\/pages\/491","targetHints":{"allow":["GET"]}}],"collection":[{"href":"https:\/\/www.justiciasantafe.gov.ar\/index.php\/wp-json\/wp\/v2\/pages"}],"about":[{"href":"https:\/\/www.justiciasantafe.gov.ar\/index.php\/wp-json\/wp\/v2\/types\/page"}],"author":[{"embeddable":true,"href":"https:\/\/www.justiciasantafe.gov.ar\/index.php\/wp-json\/wp\/v2\/users\/1"}],"replies":[{"embeddable":true,"href":"https:\/\/www.justiciasantafe.gov.ar\/index.php\/wp-json\/wp\/v2\/comments?post=491"}],"version-history":[{"count":9,"href":"https:\/\/www.justiciasantafe.gov.ar\/index.php\/wp-json\/wp\/v2\/pages\/491\/revisions"}],"predecessor-version":[{"id":63570,"href":"https:\/\/www.justiciasantafe.gov.ar\/index.php\/wp-json\/wp\/v2\/pages\/491\/revisions\/63570"}],"up":[{"embeddable":true,"href":"https:\/\/www.justiciasantafe.gov.ar\/index.php\/wp-json\/wp\/v2\/pages\/73"}],"wp:attachment":[{"href":"https:\/\/www.justiciasantafe.gov.ar\/index.php\/wp-json\/wp\/v2\/media?parent=491"}],"curies":[{"name":"wp","href":"https:\/\/api.w.org\/{rel}","templated":true}]}}