 {"id":514,"date":"2021-11-30T14:52:44","date_gmt":"2021-11-30T17:52:44","guid":{"rendered":"https:\/\/www.justiciasantafe.gov.ar\/?page_id=514"},"modified":"2023-11-02T09:02:19","modified_gmt":"2023-11-02T12:02:19","slug":"legislacion","status":"publish","type":"page","link":"https:\/\/www.justiciasantafe.gov.ar\/index.php\/poder-judicial\/legislacion-y-jurisprudencia\/legislacion\/","title":{"rendered":"Reglamentos"},"content":{"rendered":"<div class=\"row\"  id=\"row-1625336076\">\n\n\t<div id=\"col-997191331\" class=\"col small-12 large-12\"  >\n\t\t\t\t<div class=\"col-inner\"  >\n\t\t\t\n\t\t\t\n<div class=\"facetwp-template\" data-name=\"reglamentos\"><div class=\"fwpl-layout el-mf3lep\"><div class=\"fwpl-result r1\"><div class=\"fwpl-row el-2m73an\"><div class=\"fwpl-col fwpl-col el-q1p12\"><div class=\"fwpl-item el-imp0a\"><h3><a href=\"https:\/\/www.justiciasantafe.gov.ar\/index.php\/reglamentos\/codigo-de-etica\/\">Codigo de \u00c9tica<\/a><\/h3><\/div><div class=\"fwpl-item el-jn1i4h\">C\u00f3digo de \u00c9tica para Magistrados y Jueces de la Provincia de Santa Fe.<\/div><\/div><\/div><\/div><div class=\"fwpl-result r2\"><div class=\"fwpl-row el-2m73an\"><div class=\"fwpl-col fwpl-col el-q1p12\"><div class=\"fwpl-item el-imp0a\"><h3><a href=\"https:\/\/www.justiciasantafe.gov.ar\/index.php\/reglamentos\/destruccion-de-material-inutilizable-2\/\">Destrucci\u00f3n de material inutilizable<\/a><\/h3><\/div><div class=\"fwpl-item el-jn1i4h\">REGLAMENTO DE REMISI\u00d3N DE MATERIAL A LOS ARCHIVOS GENERALES. DESTRUCCI\u00d3N DE MATERIAL INUTILIZABLE. INDIZACI\u00d3N DE PROTOCOLOS (Acta N\u00b0 41, punto 11 del 11.10.2000 y sus modificatorias Acta N\u00b0 44 punto 4 del 17.10.2001; Acta N\u00b0 22 punto 7 del 25.6.2003; Acta N\u00b0 43 punto 7 del 9.8.2011; Acta N\u00b0 53 punto 12 del 3.12.2019 y [...]<\/div><\/div><\/div><\/div><div class=\"fwpl-result r3\"><div class=\"fwpl-row el-2m73an\"><div class=\"fwpl-col fwpl-col el-q1p12\"><div class=\"fwpl-item el-imp0a\"><h3><a href=\"https:\/\/www.justiciasantafe.gov.ar\/index.php\/reglamentos\/licencias-para-el-personal-del-poder-judicial\/\">Licencias para el personal del Poder Judicial<\/a><\/h3><\/div><div class=\"fwpl-item el-jn1i4h\">REGLAMENTO DE LICENCIAS PARA EL PERSONAL DEL PODER JUDICIAL APROBADO EN ACUERDO DEL 1.4.77 &#8211; ACTA NRO. 19 PUNTO 6\u00b0 y sus modificatorias, inclu\u00edda la de fecha 18.11.2025, Acta N\u00b0 43, p. 14. PARTE I &#8211; DISPOSICIONES GENERALES Art\u00edculo 1.- Quedan comprendidos en el presente reglamento los: magistrados, funcionarios, empleados, personal de maestranza y servicio y [...]<\/div><\/div><\/div><\/div><div class=\"fwpl-result r4\"><div class=\"fwpl-row el-2m73an\"><div class=\"fwpl-col fwpl-col el-q1p12\"><div class=\"fwpl-item el-imp0a\"><h3><a href=\"https:\/\/www.justiciasantafe.gov.ar\/index.php\/reglamentos\/oficina-de-certificaciones\/\">Oficina de Certificaciones<\/a><\/h3><\/div><div class=\"fwpl-item el-jn1i4h\">OFICINA DE CERTIFICACIONES &#8211; REGLAMENTO TRIBUNALES DE SANTA FE Y ROSARIO ACTA NRO. 50 PUNTO 6 DE FECHA 29.11.00.- SECRETAR\u00cdA DE GOBIERNO DE LA CORTE SUPREMA DE JUSTICIA S\/SOLICITA ESTUDIO DE FACTIBILIDAD SERVICIO DE CERTIFICACIONES EN HORARIO VESPERTINO EN SEDES DE DISTRITO. EXPTE. C.S.J. NRO. 1292\/00.- VISTAS: Las actuaciones del ep\u00edgrafe; y, CONSIDERANDO: Que por Resoluci\u00f3n [...]<\/div><\/div><\/div><\/div><div class=\"fwpl-result r5\"><div class=\"fwpl-row el-2m73an\"><div class=\"fwpl-col fwpl-col el-q1p12\"><div class=\"fwpl-item el-imp0a\"><h3><a href=\"https:\/\/www.justiciasantafe.gov.ar\/index.php\/reglamentos\/politica-de-uso-aceptable-de-los-recursos-de-tecnologia-de-la-informacion-poder-judicial-de-la-provincia-de-santa-fe\/\">Pol\u00edtica de uso aceptable de los recursos de Tecnolog\u00eda de la Informaci\u00f3n - Poder Judicial de la Provincia de Santa Fe<\/a><\/h3><\/div><div class=\"fwpl-item el-jn1i4h\">(Acuerdo de la Corte Suprema de Justicia, de fecha 2.7.2024, Acta N\u00b0 25, p. 14). 1.- Consideraciones generales a. El prop\u00f3sito de esta pol\u00edtica es establecer las reglas y directrices para el uso aceptable del equipamiento inform\u00e1tico que utilizan los usuarios en el Poder Judicial de Santa Fe. Esta reglamentaci\u00f3n se aplica a Magistrados, Funcionarios, [...]<\/div><\/div><\/div><\/div><div class=\"fwpl-result r6\"><div class=\"fwpl-row el-2m73an\"><div class=\"fwpl-col fwpl-col el-q1p12\"><div class=\"fwpl-item el-imp0a\"><h3><a href=\"https:\/\/www.justiciasantafe.gov.ar\/index.php\/reglamentos\/protocolizacion-de-dictamenes-y-actuaciones-del-ministerio-publico\/\">Protocolizaci\u00f3n de dict\u00e1menes y actuaciones del Ministerio P\u00fablico<\/a><\/h3><\/div><div class=\"fwpl-item el-jn1i4h\">REGLAMENTO DE PROTOCOLIZACION DE DICTAMENES Y ACTUACIONES DEL MINISTERIO PUBLICO Aprobado en Acuerdo del 8.9.04, Acta N\u00b0 36, Punto 5\u00b0 y sus modificatorias Art\u00edculo 1: Ser\u00e1 deber de los Fiscales, Defensores Generales y Asesores de Menores llevar protocolos inform\u00e1ticos de dict\u00e1menes y actuaciones previstos en la presente reglamentaci\u00f3n, por orden num\u00e9rico y cronol\u00f3gico. Art\u00edculo 2: Las [...]<\/div><\/div><\/div><\/div><div class=\"fwpl-result r7\"><div class=\"fwpl-row el-2m73an\"><div class=\"fwpl-col fwpl-col el-q1p12\"><div class=\"fwpl-item el-imp0a\"><h3><a href=\"https:\/\/www.justiciasantafe.gov.ar\/index.php\/reglamentos\/protocolizacion-de-resoluciones-de-los-distintos-organos-jurisdiccionales\/\">Protocolizaci\u00f3n de resoluciones de los distintos \u00f3rganos jurisdiccionales<\/a><\/h3><\/div><div class=\"fwpl-item el-jn1i4h\">REGLAMENTO DE PROTOCOLIZACI\u00d3N DE RESOLUCIONES DE LOS DISTINTOS \u00d3RGANOS JURISDICCIONALES Aprobado en Acuerdo del 8.9.04, Acta N\u00b0 36, P. 5. Modificado: Acuerdo del 7.8.2018, Acta N\u00b0 28, P. 13; Acuerdo del 12.12.2023, Acta N\u00b0 43, p. 28. Art\u00edculo 1: Conforme lo dispone el art. 174 de la Ley 10160, ser\u00e1 deber de los Secretarios llevar [...]<\/div><\/div><\/div><\/div><div class=\"fwpl-result r8\"><div class=\"fwpl-row el-2m73an\"><div class=\"fwpl-col fwpl-col el-q1p12\"><div class=\"fwpl-item el-imp0a\"><h3><a href=\"https:\/\/www.justiciasantafe.gov.ar\/index.php\/reglamentos\/regimen-de-ingreso-de-empleados-administrativos-choferes-y-personal-con-oficios-del-poder-judicial\/\">R\u00e9gimen de Ingreso de Empleados Administrativos, choferes y personal con oficios del Poder Judicial<\/a><\/h3><\/div><div class=\"fwpl-item el-jn1i4h\">R\u00c9GIMEN DE INGRESO DE EMPLEADOS ADMINISTRATIVOS, CHOFERES Y PERSONAL CON OFICIOS DEL PODER JUDICIAL ACTA N\u00b0 24 PUNTO 8 DEL 8.7.03 Y SUS MODIFICATORIAS, INCLU\u00cdDA LA DE FECHA 18.11.2025, ACTA N\u00b0 43, P. 14. Art\u00edculo 1.- INGRESO El ingreso en calidad de empleado administrativo al Poder Judicial, se har\u00e1 por la categor\u00eda inferior. Art\u00edculo 2.- [...]<\/div><\/div><\/div><\/div><div class=\"fwpl-result r9\"><div class=\"fwpl-row el-2m73an\"><div class=\"fwpl-col fwpl-col el-q1p12\"><div class=\"fwpl-item el-imp0a\"><h3><a href=\"https:\/\/www.justiciasantafe.gov.ar\/index.php\/reglamentos\/regimen-de-los-prosecretarios-practicantes-y-pasantes\/\">R\u00e9gimen de los prosecretarios, practicantes y pasantes<\/a><\/h3><\/div><div class=\"fwpl-item el-jn1i4h\">Reglamento de Prosecretarios, Practicantes y Pasantes del Poder Judicial de la Provincia de Santa Fe  ACTA NRO. 18 PUNTO 9 DEL 19.5.04 Y SUS MODIFICATORIAS, INCLU\u00cdDA LA DE FECHA 18.11.2025, ACTA N\u00b0 43, P. 14. CAP\u00cdTULO I: De los Prosecretarios Art\u00edculo 1. Asiento. En los Juzgados de Primera Instancia de Distrito , en los Tribunales [...]<\/div><\/div><\/div><\/div><div class=\"fwpl-result r10\"><div class=\"fwpl-row el-2m73an\"><div class=\"fwpl-col fwpl-col el-q1p12\"><div class=\"fwpl-item el-imp0a\"><h3><a href=\"https:\/\/www.justiciasantafe.gov.ar\/index.php\/reglamentos\/reglamento-biblioteca\/\">Reglamento Biblioteca<\/a><\/h3><\/div><div class=\"fwpl-item el-jn1i4h\">ACTA NRO. 20 PUNTO 12 DEL 9.3.78.- REGLAMENTO UNICO PARA LAS BIBLIOTECAS DEL PODER JUDICIAL.- Visto el proyecto de Reglamento Unico para las Bibliotecas del Poder Judicial elevado por las Comisiones de Bibliotecas de Santa Fe y Rosario; y conforme a lo dictaminado en este acto por el Procurador General, SE RESUELVE: I.- Aprobar dicho [...]<\/div><\/div><\/div><\/div><\/div>\n<style>\n.fwpl-layout, .fwpl-row {\n    display: grid;\n}\n.fwpl-layout.el-mf3lep {\n    grid-template-columns: repeat(1, 1fr);\n    grid-gap: 10px;\n}\n.fwpl-btn {\n    text-decoration: none;\n}\n.fwpl-row.el-2m73an {\n    grid-template-columns: 1fr;\n}\n@media (max-width: 480px) { \n    body .facetwp-template .fwpl-layout,  \n    body .facetwp-template-static .fwpl-layout { grid-template-columns: 1fr; } \n} \n\n<\/style>\n<\/div>\n\t\t<\/div>\n\t\t\t\t\t<\/div>\n\n\t\n<\/div>\n\t<div id=\"gap-995331711\" class=\"gap-element clearfix\" style=\"display:block; height:auto;\">\n\t\t\n<style>\n#gap-995331711 {\n  padding-top: 30px;\n}\n<\/style>\n\t<\/div>\n\t\n\n\t<section class=\"section\" id=\"section_1024982020\">\n\t\t<div class=\"section-bg fill\" >\n\t\t\t\t\t\t\t\t\t\n\t\t\t\n\t<div class=\"is-border\"\n\t\tstyle=\"border-width:0px 0px 0px 0px;margin:0px 0px 0px 0px;\">\n\t<\/div>\n\n\t\t<\/div>\n\n\t\t\n\n\t\t<div class=\"section-content relative\">\n\t\t\t\n<div class=\"row row-collapse row-full-width align-middle align-center\"  id=\"row-1745618722\">\n\n\t<div id=\"col-2125773997\" class=\"col hide-for-medium medium-2 large-2\"  >\n\t\t\t\t<div class=\"col-inner text-right\"  >\n\t\t\t\n\t\t\t\n\t<div id=\"text-1250543001\" class=\"text\">\n\t\t\n<p><span style=\"color: #ffffff;\">Resultados por p\u00e1ginas<\/span><\/p>\n\t\t\n<style>\n#text-1250543001 {\n  text-align: right;\n}\n<\/style>\n\t<\/div>\n\t\n\t\t<\/div>\n\t\t\t\t\n<style>\n#col-2125773997 > .col-inner {\n  padding: 20px 4px 0px 0px;\n}\n<\/style>\n\t<\/div>\n\n\t\n\n\t<div id=\"col-470452882\" class=\"col medium-8 large-8\"  >\n\t\t\t\t<div class=\"col-inner\"  >\n\t\t\t\n\t\t\t\n<div class=\"row row-collapse align-middle align-center\"  id=\"row-192318060\">\n\n\t<div id=\"col-1579180266\" class=\"col hide-for-medium medium-3 small-12 large-3\"  >\n\t\t\t\t<div class=\"col-inner text-right\"  >\n\t\t\t\n\t\t\t\n\t<div id=\"text-1293851266\" class=\"text\">\n\t\t\n<div class=\"facetwp-facet facetwp-facet-filas_por_pagina facetwp-type-pager\" data-name=\"filas_por_pagina\" data-type=\"pager\"><\/div>\n\t\t\n<style>\n#text-1293851266 {\n  text-align: right;\n}\n<\/style>\n\t<\/div>\n\t\n\t\t<\/div>\n\t\t\t\t\n<style>\n#col-1579180266 > .col-inner {\n  padding: 12px 0px 0px 0px;\n}\n<\/style>\n\t<\/div>\n\n\t\n\n\t<div id=\"col-1867171296\" class=\"col medium-6 small-12 large-6\"  >\n\t\t\t\t<div class=\"col-inner text-center\"  >\n\t\t\t\n\t\t\t\n\t<div id=\"text-3753097765\" class=\"text hide-for-medium\">\n\t\t\n<div class=\"facetwp-facet facetwp-facet-paginador facetwp-type-pager\" data-name=\"paginador\" data-type=\"pager\"><\/div>\n\t\t\n<style>\n#text-3753097765 {\n  text-align: center;\n}\n<\/style>\n\t<\/div>\n\t\n\t<div id=\"text-3704782431\" class=\"text show-for-medium\">\n\t\t\n<div class=\"facetwp-facet facetwp-facet-paginador_movil facetwp-type-pager\" data-name=\"paginador_movil\" data-type=\"pager\"><\/div>\n\t\t\n<style>\n#text-3704782431 {\n  text-align: center;\n}\n<\/style>\n\t<\/div>\n\t\n\t\t<\/div>\n\t\t\t\t\t<\/div>\n\n\t\n\n\t<div id=\"col-1173310944\" class=\"col hide-for-medium medium-3 small-12 large-3\"  >\n\t\t\t\t<div class=\"col-inner text-right\"  >\n\t\t\t\n\t\t\t\n\t\t<\/div>\n\t\t\t\t\t<\/div>\n\n\t\n<\/div>\n\t\t<\/div>\n\t\t\t\t\t<\/div>\n\n\t\n\n\t<div id=\"col-1768354845\" class=\"col hide-for-medium medium-2 large-2\"  >\n\t\t\t\t<div class=\"col-inner text-left\"  >\n\t\t\t\n\t\t\t\n\t<div id=\"text-268055691\" class=\"text\">\n\t\t\n<div class=\"facetwp-facet facetwp-facet-total_resultados facetwp-type-pager\" data-name=\"total_resultados\" data-type=\"pager\"><\/div>\n\t\t\n<style>\n#text-268055691 {\n  text-align: left;\n}\n<\/style>\n\t<\/div>\n\t\n\t\t<\/div>\n\t\t\t\t\t<\/div>\n\n\t\n<\/div>\n\t\t<\/div>\n\n\t\t\n<style>\n#section_1024982020 {\n  padding-top: 0px;\n  padding-bottom: 0px;\n  margin-bottom: 0px;\n  background-color: rgb(16, 75, 69);\n}\n<\/style>\n\t<\/section>\n\t\n<div class=\"gsp_post_data\" data-post_type=\"page\" data-cat=\"\" data-modified=\"120\" data-title=\"Reglamentos\" data-home=\"https:\/\/www.justiciasantafe.gov.ar\"><\/div>","protected":false},"excerpt":{"rendered":"","protected":false},"author":1,"featured_media":0,"parent":77,"menu_order":6,"comment_status":"closed","ping_status":"closed","template":"","meta":{"_acf_changed":false,"footnotes":""},"class_list":["post-514","page","type-page","status-publish","hentry"],"acf":[],"_links":{"self":[{"href":"https:\/\/www.justiciasantafe.gov.ar\/index.php\/wp-json\/wp\/v2\/pages\/514","targetHints":{"allow":["GET"]}}],"collection":[{"href":"https:\/\/www.justiciasantafe.gov.ar\/index.php\/wp-json\/wp\/v2\/pages"}],"about":[{"href":"https:\/\/www.justiciasantafe.gov.ar\/index.php\/wp-json\/wp\/v2\/types\/page"}],"author":[{"embeddable":true,"href":"https:\/\/www.justiciasantafe.gov.ar\/index.php\/wp-json\/wp\/v2\/users\/1"}],"replies":[{"embeddable":true,"href":"https:\/\/www.justiciasantafe.gov.ar\/index.php\/wp-json\/wp\/v2\/comments?post=514"}],"version-history":[{"count":0,"href":"https:\/\/www.justiciasantafe.gov.ar\/index.php\/wp-json\/wp\/v2\/pages\/514\/revisions"}],"up":[{"embeddable":true,"href":"https:\/\/www.justiciasantafe.gov.ar\/index.php\/wp-json\/wp\/v2\/pages\/77"}],"wp:attachment":[{"href":"https:\/\/www.justiciasantafe.gov.ar\/index.php\/wp-json\/wp\/v2\/media?parent=514"}],"curies":[{"name":"wp","href":"https:\/\/api.w.org\/{rel}","templated":true}]}}