 {"id":532,"date":"2021-11-30T15:00:37","date_gmt":"2021-11-30T18:00:37","guid":{"rendered":"https:\/\/www.justiciasantafe.gov.ar\/?page_id=532"},"modified":"2025-07-04T10:13:52","modified_gmt":"2025-07-04T13:13:52","slug":"difusion-de-actividades-de-interes","status":"publish","type":"page","link":"https:\/\/www.justiciasantafe.gov.ar\/index.php\/poder-judicial\/prensa\/difusion-de-actividades-de-interes\/","title":{"rendered":"Difusi\u00f3n de Inter\u00e9s P\u00fablico"},"content":{"rendered":"<div class=\"row\"  id=\"row-439870178\">\n\n\t<div id=\"col-626123043\" class=\"col small-12 large-12\"  >\n\t\t\t\t<div class=\"col-inner\"  >\n\t\t\t\n\t\t\t\n\n<div class=\"facetwp-template\" data-name=\"difusin_de_actividad\"><div class=\"fwpl-layout el-e42y3i\"><div class=\"fwpl-result r1\"><div class=\"fwpl-row el-2o822\"><div class=\"fwpl-col fwpl-col el-uqduii\"><div class=\"fwpl-item el-cvq5a\"><h4><a href=\"https:\/\/www.justiciasantafe.gov.ar\/index.php\/difusion_actividades\/destruccion-de-documental-juzg-laboral-2da-nominacion-trib-sta-fe\/\">Destrucci\u00f3n de Documental - Juzg. Laboral 2da. Nominaci\u00f3n Trib. Sta. Fe<\/a><\/h4><\/div><\/div><\/div><\/div><div class=\"fwpl-result r2\"><div class=\"fwpl-row el-2o822\"><div class=\"fwpl-col fwpl-col el-uqduii\"><div class=\"fwpl-item el-cvq5a\"><h4><a href=\"https:\/\/www.justiciasantafe.gov.ar\/index.php\/difusion_actividades\/destruccion-de-documental-juzgado-1ra-inst-dist-en-lo-laboral-sta-fe\/\">Destrucci\u00f3n de documental - Juzgado 1ra. Inst. Dist. en lo Laboral - Sta. Fe-<\/a><\/h4><\/div><\/div><\/div><\/div><div class=\"fwpl-result r3\"><div class=\"fwpl-row el-2o822\"><div class=\"fwpl-col fwpl-col el-uqduii\"><div class=\"fwpl-item el-cvq5a\"><h4><a href=\"https:\/\/www.justiciasantafe.gov.ar\/index.php\/difusion_actividades\/destruccion-de-documental-juzgado-resp-extracontractual-n-5-sta-fe\/\">Destrucci\u00f3n de documental - Juzgado Resp. Extracontractual n.\u00b05 -Sta. Fe-<\/a><\/h4><\/div><\/div><\/div><\/div><div class=\"fwpl-result r4\"><div class=\"fwpl-row el-2o822\"><div class=\"fwpl-col fwpl-col el-uqduii\"><div class=\"fwpl-item el-cvq5a\"><h4><a href=\"https:\/\/www.justiciasantafe.gov.ar\/index.php\/difusion_actividades\/destruccion-de-documental-juzgado-resp-extracontractual-n-4-sta-fe\/\">Destrucci\u00f3n de Documental - Juzgado Resp. Extracontractual n.\u00b04 -Sta.Fe-<\/a><\/h4><\/div><\/div><\/div><\/div><div class=\"fwpl-result r5\"><div class=\"fwpl-row el-2o822\"><div class=\"fwpl-col fwpl-col el-uqduii\"><div class=\"fwpl-item el-cvq5a\"><h4><a href=\"https:\/\/www.justiciasantafe.gov.ar\/index.php\/difusion_actividades\/destruccion-documental-juzgado-en-lo-civ-com-4ta-nominacion-reconquista\/\">Destrucci\u00f3n documental - Juzgado en lo Civ.Com. 4ta. Nominaci\u00f3n - Reconquista-<\/a><\/h4><\/div><\/div><\/div><\/div><div class=\"fwpl-result r6\"><div class=\"fwpl-row el-2o822\"><div class=\"fwpl-col fwpl-col el-uqduii\"><div class=\"fwpl-item el-cvq5a\"><h4><a href=\"https:\/\/www.justiciasantafe.gov.ar\/index.php\/difusion_actividades\/destruccion-de-documental-juzgado-civ-com-14-nom-santa-fe\/\">Destrucci\u00f3n de Documental - Juzgado 1ra. Inst. Dist. Civ.Com 14ta. Nom. - Santa Fe<\/a><\/h4><\/div><\/div><\/div><\/div><div class=\"fwpl-result r7\"><div class=\"fwpl-row el-2o822\"><div class=\"fwpl-col fwpl-col el-uqduii\"><div class=\"fwpl-item el-cvq5a\"><h4><a href=\"https:\/\/www.justiciasantafe.gov.ar\/index.php\/difusion_actividades\/destruccion-documental-juzg-1ra-inst-circuito-n-27-san-justo\/\">Destrucci\u00f3n de Documental - Juzg. 1ra. Inst. Circuito n.\u00b0 27 - San Justo<\/a><\/h4><\/div><\/div><\/div><\/div><div class=\"fwpl-result r8\"><div class=\"fwpl-row el-2o822\"><div class=\"fwpl-col fwpl-col el-uqduii\"><div class=\"fwpl-item el-cvq5a\"><h4><a href=\"https:\/\/www.justiciasantafe.gov.ar\/index.php\/difusion_actividades\/destruccion-de-documental-juzg-1ra-inst-de-circuito-n-36-avellaneda\/\">Destrucci\u00f3n de documental \u2013 Juzg. 1ra. Inst. de Circuito N\u00b0 36 - Avellaneda<\/a><\/h4><\/div><\/div><\/div><\/div><div class=\"fwpl-result r9\"><div class=\"fwpl-row el-2o822\"><div class=\"fwpl-col fwpl-col el-uqduii\"><div class=\"fwpl-item el-cvq5a\"><h4><a href=\"https:\/\/www.justiciasantafe.gov.ar\/index.php\/difusion_actividades\/destruccion-documental-juzgado-cyc-8-santa-fe\/\">Destrucci\u00f3n de documental - Juzg. 1ra. Inst. Civil y Comercial 8va. Nom. de Santa Fe<\/a><\/h4><\/div><\/div><\/div><\/div><div class=\"fwpl-result r10\"><div class=\"fwpl-row el-2o822\"><div class=\"fwpl-col fwpl-col el-uqduii\"><div class=\"fwpl-item el-cvq5a\"><h4><a href=\"https:\/\/www.justiciasantafe.gov.ar\/index.php\/difusion_actividades\/juzgado-primera-instanciade-circuito-n2-s-destruccion-documental\/\">Destrucci\u00f3n de documental - Juzgado de primera instancia de Circuito N\u00b02<\/a><\/h4><\/div><\/div><\/div><\/div><\/div>\n<style>\n.fwpl-layout, .fwpl-row {\n    display: grid;\n}\n.fwpl-layout.el-e42y3i {\n    grid-template-columns: repeat(1, 1fr);\n    grid-gap: 10px;\n}\n.fwpl-btn {\n    text-decoration: none;\n}\n.fwpl-row.el-2o822 {\n    grid-template-columns: 1fr;\n}\n@media (max-width: 480px) { \n    body .facetwp-template .fwpl-layout,  \n    body .facetwp-template-static .fwpl-layout { grid-template-columns: 1fr; } \n} \n\n<\/style>\n<\/div>\n\n\t\t<\/div>\n\t\t\t\t\t<\/div>\n\n\t\n<\/div>\n\t<div id=\"gap-1097739751\" class=\"gap-element clearfix\" style=\"display:block; height:auto;\">\n\t\t\n<style>\n#gap-1097739751 {\n  padding-top: 30px;\n}\n<\/style>\n\t<\/div>\n\t\n\n\t<section class=\"section\" id=\"section_99971830\">\n\t\t<div class=\"section-bg fill\" >\n\t\t\t\t\t\t\t\t\t\n\t\t\t\n\t<div class=\"is-border\"\n\t\tstyle=\"border-width:0px 0px 0px 0px;margin:0px 0px 0px 0px;\">\n\t<\/div>\n\n\t\t<\/div>\n\n\t\t\n\n\t\t<div class=\"section-content relative\">\n\t\t\t\n<div class=\"row row-collapse row-full-width align-middle align-center\"  id=\"row-734329889\">\n\n\t<div id=\"col-1138404985\" class=\"col hide-for-medium medium-2 large-2\"  >\n\t\t\t\t<div class=\"col-inner text-right\"  >\n\t\t\t\n\t\t\t\n\t<div id=\"text-1517898101\" class=\"text\">\n\t\t\n<p><span style=\"color: #ffffff;\">Resultado por paginas<\/span><\/p>\n\t\t\n<style>\n#text-1517898101 {\n  text-align: right;\n}\n<\/style>\n\t<\/div>\n\t\n\t\t<\/div>\n\t\t\t\t\n<style>\n#col-1138404985 > .col-inner {\n  padding: 20px 4px 0px 0px;\n}\n<\/style>\n\t<\/div>\n\n\t\n\n\t<div id=\"col-1982391903\" class=\"col medium-8 large-8\"  >\n\t\t\t\t<div class=\"col-inner\"  >\n\t\t\t\n\t\t\t\n<div class=\"row row-collapse align-middle align-center\"  id=\"row-859353476\">\n\n\t<div id=\"col-290881372\" class=\"col hide-for-medium medium-3 small-12 large-3\"  >\n\t\t\t\t<div class=\"col-inner text-right\"  >\n\t\t\t\n\t\t\t\n\t<div id=\"text-2489902845\" class=\"text\">\n\t\t\n<div class=\"facetwp-facet facetwp-facet-filas_por_pagina facetwp-type-pager\" data-name=\"filas_por_pagina\" data-type=\"pager\"><\/div>\n\t\t\n<style>\n#text-2489902845 {\n  text-align: right;\n}\n<\/style>\n\t<\/div>\n\t\n\t\t<\/div>\n\t\t\t\t\n<style>\n#col-290881372 > .col-inner {\n  padding: 12px 0px 0px 0px;\n}\n<\/style>\n\t<\/div>\n\n\t\n\n\t<div id=\"col-371263057\" class=\"col medium-6 small-12 large-6\"  >\n\t\t\t\t<div class=\"col-inner text-center\"  >\n\t\t\t\n\t\t\t\n\t<div id=\"text-1949921944\" class=\"text hide-for-medium\">\n\t\t\n<div class=\"facetwp-facet facetwp-facet-paginador facetwp-type-pager\" data-name=\"paginador\" data-type=\"pager\"><\/div>\n\t\t\n<style>\n#text-1949921944 {\n  text-align: center;\n}\n<\/style>\n\t<\/div>\n\t\n\t<div id=\"text-1810678595\" class=\"text show-for-medium\">\n\t\t\n<div class=\"facetwp-facet facetwp-facet-paginador_movil facetwp-type-pager\" data-name=\"paginador_movil\" data-type=\"pager\"><\/div>\n\t\t\n<style>\n#text-1810678595 {\n  text-align: center;\n}\n<\/style>\n\t<\/div>\n\t\n\t\t<\/div>\n\t\t\t\t\t<\/div>\n\n\t\n\n\t<div id=\"col-471882113\" class=\"col hide-for-medium medium-3 small-12 large-3\"  >\n\t\t\t\t<div class=\"col-inner text-right\"  >\n\t\t\t\n\t\t\t\n\t\t<\/div>\n\t\t\t\t\t<\/div>\n\n\t\n<\/div>\n\t\t<\/div>\n\t\t\t\t\t<\/div>\n\n\t\n\n\t<div id=\"col-578692451\" class=\"col hide-for-medium medium-2 large-2\"  >\n\t\t\t\t<div class=\"col-inner text-left\"  >\n\t\t\t\n\t\t\t\n\t<div id=\"text-1555663003\" class=\"text\">\n\t\t\n<div class=\"facetwp-facet facetwp-facet-total_resultados facetwp-type-pager\" data-name=\"total_resultados\" data-type=\"pager\"><\/div>\n\t\t\n<style>\n#text-1555663003 {\n  text-align: left;\n}\n<\/style>\n\t<\/div>\n\t\n\t\t<\/div>\n\t\t\t\t\t<\/div>\n\n\t\n<\/div>\n\t\t<\/div>\n\n\t\t\n<style>\n#section_99971830 {\n  padding-top: 0px;\n  padding-bottom: 0px;\n  margin-bottom: 0px;\n  background-color: rgb(16, 75, 69);\n}\n<\/style>\n\t<\/section>\n\t\n<div class=\"gsp_post_data\" data-post_type=\"page\" data-cat=\"\" data-modified=\"120\" data-title=\"Difusi\u00f3n de Inter\u00e9s P\u00fablico\" data-home=\"https:\/\/www.justiciasantafe.gov.ar\"><\/div>","protected":false},"excerpt":{"rendered":"","protected":false},"author":1,"featured_media":0,"parent":81,"menu_order":4,"comment_status":"closed","ping_status":"closed","template":"","meta":{"_acf_changed":false,"footnotes":""},"class_list":["post-532","page","type-page","status-publish","hentry"],"acf":[],"_links":{"self":[{"href":"https:\/\/www.justiciasantafe.gov.ar\/index.php\/wp-json\/wp\/v2\/pages\/532","targetHints":{"allow":["GET"]}}],"collection":[{"href":"https:\/\/www.justiciasantafe.gov.ar\/index.php\/wp-json\/wp\/v2\/pages"}],"about":[{"href":"https:\/\/www.justiciasantafe.gov.ar\/index.php\/wp-json\/wp\/v2\/types\/page"}],"author":[{"embeddable":true,"href":"https:\/\/www.justiciasantafe.gov.ar\/index.php\/wp-json\/wp\/v2\/users\/1"}],"replies":[{"embeddable":true,"href":"https:\/\/www.justiciasantafe.gov.ar\/index.php\/wp-json\/wp\/v2\/comments?post=532"}],"version-history":[{"count":0,"href":"https:\/\/www.justiciasantafe.gov.ar\/index.php\/wp-json\/wp\/v2\/pages\/532\/revisions"}],"up":[{"embeddable":true,"href":"https:\/\/www.justiciasantafe.gov.ar\/index.php\/wp-json\/wp\/v2\/pages\/81"}],"wp:attachment":[{"href":"https:\/\/www.justiciasantafe.gov.ar\/index.php\/wp-json\/wp\/v2\/media?parent=532"}],"curies":[{"name":"wp","href":"https:\/\/api.w.org\/{rel}","templated":true}]}}