 {"id":546,"date":"2021-11-30T15:06:14","date_gmt":"2021-11-30T18:06:14","guid":{"rendered":"https:\/\/www.justiciasantafe.gov.ar\/?page_id=546"},"modified":"2023-11-02T09:02:17","modified_gmt":"2023-11-02T12:02:17","slug":"servicios-0-800","status":"publish","type":"page","link":"https:\/\/www.justiciasantafe.gov.ar\/index.php\/poder-judicial\/inicio\/servicios-y-comunicaciones\/servicios-0-800\/","title":{"rendered":"Servicios 0-800"},"content":{"rendered":"<div class=\"row\"  id=\"row-980939844\">\n\n\t<div id=\"col-1250920714\" class=\"col small-12 large-12\"  >\n\t\t\t\t<div class=\"col-inner\"  >\n\t\t\t\n\t\t\t\n<div>\n<p><a href=\"tel: 0-800- 7772017\"><b>0-800- 7772017<\/b><\/a><\/p>\n<p><span style=\"font-weight: 400;\">El Poder Judicial ofrece a los profesionales y p\u00fablico en general este servicio gratuito, con cobertura en todo el territorio de la Provincia de Santa Fe.<\/span><\/p>\n<ul>\n<li style=\"font-weight: 400;\" aria-level=\"1\"><span style=\"font-weight: 400;\">Denuncias por Violencia Dom\u00e9stica y de G\u00e9nero accediendo a contacto con las Fiscal\u00edas correspondientes<\/span><\/li>\n<li style=\"font-weight: 400;\" aria-level=\"1\"><span style=\"font-weight: 400;\">\u00a0Acceso a las Defensorias Civiles de Santa Fe y Rosario<\/span><\/li>\n<li style=\"font-weight: 400;\" aria-level=\"1\"><span style=\"font-weight: 400;\">Acceso a la Oficina de certificaciones : Para recibir informaci\u00f3n y consulta sobre Los requisitos a cumplimentar por quienes deban concurrir a certificar firmas o documentos.<\/span><\/li>\n<li style=\"font-weight: 400;\" aria-level=\"1\"><span style=\"font-weight: 400;\">\u00d3rganos jurisdiccionales y dependencias judiciales de toda la Provincia, sus domicilios, tel\u00e9fonos, Magistrados o Funcionarios Judiciales que sean sus titulares.<\/span><\/li>\n<li style=\"font-weight: 400;\" aria-level=\"1\"><span style=\"font-weight: 400;\">Juzgados en turno.<\/span><\/li>\n<li style=\"font-weight: 400;\" aria-level=\"1\"><span style=\"font-weight: 400;\">Horarios de Atenci\u00f3n, matutino y vespertino.<\/span><\/li>\n<li style=\"font-weight: 400;\" aria-level=\"1\"><span style=\"font-weight: 400;\">Concursos, Ex\u00e1menes y Cursos de Capacitaci\u00f3n.<\/span><\/li>\n<\/ul>\n<\/div>\n<ul>\n<li>Horarios de Atenci\u00f3n, matutino y vespertino<\/li>\n<li>Concursos, Ex\u00e1menes y Cursos de Capacitaci\u00f3n<\/li>\n<\/ul>\n\t\t<\/div>\n\t\t\t\t\t<\/div>\n\n\t\n<\/div>\n<div class=\"gsp_post_data\" data-post_type=\"page\" data-cat=\"\" data-modified=\"120\" data-title=\"Servicios 0-800\" data-home=\"https:\/\/www.justiciasantafe.gov.ar\"><\/div>","protected":false},"excerpt":{"rendered":"","protected":false},"author":1,"featured_media":0,"parent":11199,"menu_order":4,"comment_status":"closed","ping_status":"closed","template":"","meta":{"_acf_changed":false,"footnotes":""},"class_list":["post-546","page","type-page","status-publish","hentry"],"acf":[],"_links":{"self":[{"href":"https:\/\/www.justiciasantafe.gov.ar\/index.php\/wp-json\/wp\/v2\/pages\/546","targetHints":{"allow":["GET"]}}],"collection":[{"href":"https:\/\/www.justiciasantafe.gov.ar\/index.php\/wp-json\/wp\/v2\/pages"}],"about":[{"href":"https:\/\/www.justiciasantafe.gov.ar\/index.php\/wp-json\/wp\/v2\/types\/page"}],"author":[{"embeddable":true,"href":"https:\/\/www.justiciasantafe.gov.ar\/index.php\/wp-json\/wp\/v2\/users\/1"}],"replies":[{"embeddable":true,"href":"https:\/\/www.justiciasantafe.gov.ar\/index.php\/wp-json\/wp\/v2\/comments?post=546"}],"version-history":[{"count":0,"href":"https:\/\/www.justiciasantafe.gov.ar\/index.php\/wp-json\/wp\/v2\/pages\/546\/revisions"}],"up":[{"embeddable":true,"href":"https:\/\/www.justiciasantafe.gov.ar\/index.php\/wp-json\/wp\/v2\/pages\/11199"}],"wp:attachment":[{"href":"https:\/\/www.justiciasantafe.gov.ar\/index.php\/wp-json\/wp\/v2\/media?parent=546"}],"curies":[{"name":"wp","href":"https:\/\/api.w.org\/{rel}","templated":true}]}}