 {"id":58639,"date":"2025-11-28T12:13:12","date_gmt":"2025-11-28T15:13:12","guid":{"rendered":"https:\/\/www.justiciasantafe.gov.ar\/?page_id=58639"},"modified":"2025-11-28T12:13:12","modified_gmt":"2025-11-28T15:13:12","slug":"legalizaciones","status":"publish","type":"page","link":"https:\/\/www.justiciasantafe.gov.ar\/index.php\/poder-judicial\/informacion-general\/legalizaciones\/","title":{"rendered":"Legalizaciones"},"content":{"rendered":"<p><span style=\"color: #000000;\"><u><b>\u00bfQu\u00e9 es la legalizaci\u00f3n de firma?<\/b><\/u><\/span><\/p>\n<p>La legalizaci\u00f3n de firma es el proceso mediante el cual una autoridad competente verifica que la firma puesta en un documento corresponde efectivamente al funcionario o profesional autorizado para emitirlo.<br \/>\nEste tr\u00e1mite no valida el contenido del documento, sino \u00fanicamente la autenticidad de su firma y sello.<\/p>\n<p>Es un tr\u00e1mite previo y necesario para tramitar el Apostillado de La Haya, que consiste en un sello que certifica la autenticidad de documentos p\u00fablicos para que tengan validez en los pa\u00edses que hacen parte del Convenio de La Haya de 1961.<\/p>\n<p><span style=\"color: #000000;\"><b><u>\u00bfCu\u00e1ndo es necesaria?<\/u><\/b><\/span><\/p>\n<p>La legalizaci\u00f3n de firma es obligatoria cuando el documento fue firmado por un funcionario o profesional cuya firma no est\u00e1 registrada directamente ante la oficina de Apostilla. Ocurre com\u00fanmente en casos como:<\/p>\n<p>&#8211; Certificaciones emitidas por instituciones educativas p\u00fablicas o privadas.<\/p>\n<p>&#8211; Documentos notariales o autenticaciones.<\/p>\n<p>&#8211; Certificados expedidos por profesionales colegiados (por ejemplo, abogados o contadores).<\/p>\n<p>&#8211; Documentos provenientes de entidades locales o municipales como actas emitidas por el Registro Civil.<br \/>\n\u00bfC\u00f3mo se realiza el tr\u00e1mite?<\/p>\n<p>La Legalizaci\u00f3n se realiza en las sedes Santa Fe y Rosario, en base a las firmas registradas de funcionarios que emitieron el documento, en el horario de 7:15 a 12:45.<\/p>\n<p>Santa Fe: C\u00e1mara de Apelaci\u00f3n en lo Civil y Comercial -Sala I- (San Jer\u00f3nimo 1551, 2\u00b0. Piso)<\/p>\n<p>Rosario: Oficina de Legalizaciones \ud83c\udfdb\ufe0f(Balcarce 1651, planta baja)<\/p>\n<p>Para el tr\u00e1mite se requiere un sellado un sellado de $500 para Legalizaciones (CODIGO: 92227) en Santa Fe Servicios.<\/p>\n<div class=\"gsp_post_data\" data-post_type=\"page\" data-cat=\"\" data-modified=\"120\" data-title=\"Legalizaciones\" data-home=\"https:\/\/www.justiciasantafe.gov.ar\"><\/div>","protected":false},"excerpt":{"rendered":"<p>\u00bfQu\u00e9 es la legalizaci\u00f3n de firma? La legalizaci\u00f3n de firma es el proceso mediante el cual una autoridad competente verifica que la firma puesta en un documento corresponde efectivamente al funcionario o profesional autorizado para emitirlo. Este tr\u00e1mite no valida el contenido del documento, sino \u00fanicamente la autenticidad de su firma y sello. Es un [&#8230;]\n","protected":false},"author":31,"featured_media":0,"parent":83,"menu_order":0,"comment_status":"closed","ping_status":"closed","template":"","meta":{"_acf_changed":false,"footnotes":""},"class_list":["post-58639","page","type-page","status-publish","hentry"],"acf":[],"_links":{"self":[{"href":"https:\/\/www.justiciasantafe.gov.ar\/index.php\/wp-json\/wp\/v2\/pages\/58639","targetHints":{"allow":["GET"]}}],"collection":[{"href":"https:\/\/www.justiciasantafe.gov.ar\/index.php\/wp-json\/wp\/v2\/pages"}],"about":[{"href":"https:\/\/www.justiciasantafe.gov.ar\/index.php\/wp-json\/wp\/v2\/types\/page"}],"author":[{"embeddable":true,"href":"https:\/\/www.justiciasantafe.gov.ar\/index.php\/wp-json\/wp\/v2\/users\/31"}],"replies":[{"embeddable":true,"href":"https:\/\/www.justiciasantafe.gov.ar\/index.php\/wp-json\/wp\/v2\/comments?post=58639"}],"version-history":[{"count":0,"href":"https:\/\/www.justiciasantafe.gov.ar\/index.php\/wp-json\/wp\/v2\/pages\/58639\/revisions"}],"up":[{"embeddable":true,"href":"https:\/\/www.justiciasantafe.gov.ar\/index.php\/wp-json\/wp\/v2\/pages\/83"}],"wp:attachment":[{"href":"https:\/\/www.justiciasantafe.gov.ar\/index.php\/wp-json\/wp\/v2\/media?parent=58639"}],"curies":[{"name":"wp","href":"https:\/\/api.w.org\/{rel}","templated":true}]}}