 {"id":58767,"date":"2025-12-02T10:31:07","date_gmt":"2025-12-02T13:31:07","guid":{"rendered":"https:\/\/www.justiciasantafe.gov.ar\/?page_id=58767"},"modified":"2025-12-02T10:31:07","modified_gmt":"2025-12-02T13:31:07","slug":"certificacion-de-copias","status":"publish","type":"page","link":"https:\/\/www.justiciasantafe.gov.ar\/index.php\/certificacion-de-copias\/","title":{"rendered":"CERTIFICACION DE COPIAS"},"content":{"rendered":"<div>\n<p align=\"JUSTIFY\"><span style=\"font-family: Cambria, serif\"><span style=\"font-size: medium\">La certificaci\u00f3n de copias es un procedimiento administrativo mediante el cual una autoridad judicial competente verifica que una copia de un documento coincide fielmente con su original y deja constancia de ello mediante firma y sello que le otorga validez oficial. Esta copia certificada puede utilizarse en sustituci\u00f3n del documento original para diversos tr\u00e1mites p\u00fablicos o privados.<\/span><\/span><\/p>\n<p align=\"JUSTIFY\"><span style=\"font-family: Cambria, serif\"><span style=\"font-size: medium\">La intervenci\u00f3n del funcionario judicial garantiza la autenticidad y fiabilidad de la copia\/fotocopia de la documentaci\u00f3n certificada.<\/span><\/span><\/p>\n<p align=\"JUSTIFY\"><span style=\"font-family: Cambria, serif\"><span style=\"font-size: medium\">Con la certificaci\u00f3n de copias\/fotocopias se evita la entrega o circulaci\u00f3n de documentos originales (t\u00edtulos escolares, universitarios, actas del Registro Civil, etc.) que puedan da\u00f1arse o extraviarse.<\/span><\/span><\/p>\n<p align=\"JUSTIFY\"><span style=\"font-family: Cambria, serif\"><span style=\"font-size: medium\">A trav\u00e9s de la certificaci\u00f3n de copias se posibilita que ciudadanos y entidades presenten documentos v\u00e1lidos ante organismos p\u00fablicos o privados sin comprometer los originales.<\/span><\/span><\/p>\n<p align=\"JUSTIFY\"><span style=\"font-family: Cambria, serif\"><span style=\"font-size: medium\">Para el tr\u00e1mite es necesario concurrir con originales y copia\/fotocopia completa de cada documento, constancias, t\u00edtulos escolares, universitarios, actas del Registro Civil, etc. que desea certificar.<\/span><\/span><\/p>\n<p align=\"JUSTIFY\"><span style=\"font-family: Cambria, serif\"><span style=\"font-size: medium\">La copia\/fotocopia debe estar completa, si tiene anverso y reverso, de los dos lados. No puede estar cortada, ni faltarle un n\u00famero, sello, etc. Debe ser id\u00e9ntica al original que se presenta.<\/span><\/span><\/p>\n<p align=\"JUSTIFY\"><span style=\"font-family: Cambria, serif\"><span style=\"font-size: medium\">Puede realizar la certificaci\u00f3n de la cantidad de copias que sean necesarias. En la oficina no se cuenta con fotocopiadora, por lo tanto deben traerlas.<\/span><\/span><\/p>\n<p align=\"JUSTIFY\">\n<\/div>\n<p><strong>Tasa retributiva del servicio judicial<\/strong><\/p>\n<table border=\"1\" cellspacing=\"3\" cellpadding=\"2\">\n<thead>\n<tr>\n<th><strong>Tipo de documento<\/strong><\/th>\n<th><strong>Costo<\/strong><br \/>\n<strong>por documento<\/strong><\/th>\n<\/tr>\n<\/thead>\n<tbody>\n<tr>\n<td>Fotocopias de Escrituras notariales, Actas, Contratos, Boletos de Compraventa, Instrumentos Privados<\/td>\n<td>$10000<\/td>\n<\/tr>\n<tr>\n<td>Todos los dem\u00e1s documentos (Fotocopias de actas de Nacimiento, Matrimonio, Defunci\u00f3n, Certificados en general, de la Caja de Jubilaciones, T\u00edtulos, Certificados de estudio, Diplomas, Facturas, Cheques, Documentaci\u00f3n del Automotor (patente, Carnet de Conductor, C\u00e9dulas, T\u00edtulo)<\/td>\n<td>$800<\/td>\n<\/tr>\n<\/tbody>\n<\/table>\n<p><strong><u>El costo se calcula por documento, no por hoja.<\/u><\/strong><\/p>\n<div class=\"gsp_post_data\" data-post_type=\"page\" data-cat=\"\" data-modified=\"120\" data-title=\"CERTIFICACION DE COPIAS\" data-home=\"https:\/\/www.justiciasantafe.gov.ar\"><\/div>","protected":false},"excerpt":{"rendered":"<p>La certificaci\u00f3n de copias es un procedimiento administrativo mediante el cual una autoridad judicial competente verifica que una copia de un documento coincide fielmente con su original y deja constancia de ello mediante firma y sello que le otorga validez oficial. Esta copia certificada puede utilizarse en sustituci\u00f3n del documento original para diversos tr\u00e1mites p\u00fablicos [&#8230;]\n","protected":false},"author":85,"featured_media":0,"parent":0,"menu_order":0,"comment_status":"closed","ping_status":"closed","template":"","meta":{"_acf_changed":false,"footnotes":""},"class_list":["post-58767","page","type-page","status-publish","hentry"],"acf":[],"_links":{"self":[{"href":"https:\/\/www.justiciasantafe.gov.ar\/index.php\/wp-json\/wp\/v2\/pages\/58767","targetHints":{"allow":["GET"]}}],"collection":[{"href":"https:\/\/www.justiciasantafe.gov.ar\/index.php\/wp-json\/wp\/v2\/pages"}],"about":[{"href":"https:\/\/www.justiciasantafe.gov.ar\/index.php\/wp-json\/wp\/v2\/types\/page"}],"author":[{"embeddable":true,"href":"https:\/\/www.justiciasantafe.gov.ar\/index.php\/wp-json\/wp\/v2\/users\/85"}],"replies":[{"embeddable":true,"href":"https:\/\/www.justiciasantafe.gov.ar\/index.php\/wp-json\/wp\/v2\/comments?post=58767"}],"version-history":[{"count":0,"href":"https:\/\/www.justiciasantafe.gov.ar\/index.php\/wp-json\/wp\/v2\/pages\/58767\/revisions"}],"wp:attachment":[{"href":"https:\/\/www.justiciasantafe.gov.ar\/index.php\/wp-json\/wp\/v2\/media?parent=58767"}],"curies":[{"name":"wp","href":"https:\/\/api.w.org\/{rel}","templated":true}]}}