 {"id":60756,"date":"2025-12-26T12:26:41","date_gmt":"2025-12-26T15:26:41","guid":{"rendered":"https:\/\/www.justiciasantafe.gov.ar\/?page_id=60756"},"modified":"2026-03-31T11:10:59","modified_gmt":"2026-03-31T14:10:59","slug":"nomina-de-aprobados","status":"publish","type":"page","link":"https:\/\/www.justiciasantafe.gov.ar\/index.php\/poder-judicial\/institucional\/centro-de-capacitacion-judicial\/nomina-de-aprobados\/","title":{"rendered":"N\u00d3MINA DE APROBADOS"},"content":{"rendered":"<p>&nbsp;<\/p>\n<ol>\n<li>listado <a href=\"https:\/\/www.justiciasantafe.gov.ar\/wp-content\/uploads\/2025\/12\/NOMINA-DE-APROBADOS-Derecho-e-Informatica-Circ.-2-y-3-Edicion-2025-1-1.pdf\" target=\"\" rel=\"attachment wp-att-60864\">N\u00d3MINA DE APROBADOS Derecho e Inform\u00e1tica Circ. 2 y 3 Edici\u00f3n 2025 &#8211;<\/a><\/li>\n<li>listado <a href=\"https:\/\/www.justiciasantafe.gov.ar\/wp-content\/uploads\/2025\/12\/NOMINA-DE-APROBADOS-CAPACITACION-JUDICIAL-Circ.-2-y-3.-edicion-2025-1-2.pdf\" target=\"\" rel=\"attachment wp-att-60883\">N\u00d3MINA DE APROBADOS CAPACITACI\u00d3N JUDICIAL Circ. 2 y 3. edici\u00f3n 2025<\/a><\/li>\n<li>listado<a style=\"font-size: 14.4px\" href=\"https:\/\/www.justiciasantafe.gov.ar\/wp-content\/uploads\/2025\/12\/NOMINA-DE-APROBADOS-Magistratura-JUDICIAL-Circ.-2.-edicion-2025-1-2.pdf\" target=\"\" rel=\"attachment wp-att-60871\">N\u00d3MINA DE APROBADOS Magistratura JUDICIAL Circ. 2. edici\u00f3n 2025<\/a><\/li>\n<li>listado<a href=\"https:\/\/www.justiciasantafe.gov.ar\/wp-content\/uploads\/2025\/12\/NOMINA-DE-APROBADOS-PERICIAS-JUDICIALES-Circ.2-2025-.pdf\" target=\"\" rel=\"attachment wp-att-60939\">N\u00d3MINA DE APROBADOS PERICIAS JUDICIALES Circ.2 2025<\/a><\/li>\n<li><a href=\"https:\/\/www.justiciasantafe.gov.ar\/wp-content\/uploads\/2026\/03\/5.-listado-NOMINA-DE-APROBADOS-PERIODISMO-JUDICIAL-Circ.-2-edicion-2025-2.pdf\">listado\u00a0NOMINA-DE-APROBADOS-PERIODISMO-JUDICIAL-Circ.-2-edicion-2025<\/a><\/li>\n<\/ol>\n<div class=\"gsp_post_data\" data-post_type=\"page\" data-cat=\"\" data-modified=\"120\" data-title=\"N\u00d3MINA DE APROBADOS\" data-home=\"https:\/\/www.justiciasantafe.gov.ar\"><\/div>","protected":false},"excerpt":{"rendered":"<p>&nbsp; listado N\u00d3MINA DE APROBADOS Derecho e Inform\u00e1tica Circ. 2 y 3 Edici\u00f3n 2025 &#8211; listado N\u00d3MINA DE APROBADOS CAPACITACI\u00d3N JUDICIAL Circ. 2 y 3. edici\u00f3n 2025 listadoN\u00d3MINA DE APROBADOS Magistratura JUDICIAL Circ. 2. edici\u00f3n 2025 listadoN\u00d3MINA DE APROBADOS PERICIAS JUDICIALES Circ.2 2025 listado\u00a0NOMINA-DE-APROBADOS-PERIODISMO-JUDICIAL-Circ.-2-edicion-2025<\/p>\n","protected":false},"author":31,"featured_media":0,"parent":483,"menu_order":0,"comment_status":"closed","ping_status":"closed","template":"","meta":{"_acf_changed":false,"footnotes":""},"class_list":["post-60756","page","type-page","status-publish","hentry"],"acf":[],"_links":{"self":[{"href":"https:\/\/www.justiciasantafe.gov.ar\/index.php\/wp-json\/wp\/v2\/pages\/60756","targetHints":{"allow":["GET"]}}],"collection":[{"href":"https:\/\/www.justiciasantafe.gov.ar\/index.php\/wp-json\/wp\/v2\/pages"}],"about":[{"href":"https:\/\/www.justiciasantafe.gov.ar\/index.php\/wp-json\/wp\/v2\/types\/page"}],"author":[{"embeddable":true,"href":"https:\/\/www.justiciasantafe.gov.ar\/index.php\/wp-json\/wp\/v2\/users\/31"}],"replies":[{"embeddable":true,"href":"https:\/\/www.justiciasantafe.gov.ar\/index.php\/wp-json\/wp\/v2\/comments?post=60756"}],"version-history":[{"count":7,"href":"https:\/\/www.justiciasantafe.gov.ar\/index.php\/wp-json\/wp\/v2\/pages\/60756\/revisions"}],"predecessor-version":[{"id":64279,"href":"https:\/\/www.justiciasantafe.gov.ar\/index.php\/wp-json\/wp\/v2\/pages\/60756\/revisions\/64279"}],"up":[{"embeddable":true,"href":"https:\/\/www.justiciasantafe.gov.ar\/index.php\/wp-json\/wp\/v2\/pages\/483"}],"wp:attachment":[{"href":"https:\/\/www.justiciasantafe.gov.ar\/index.php\/wp-json\/wp\/v2\/media?parent=60756"}],"curies":[{"name":"wp","href":"https:\/\/api.w.org\/{rel}","templated":true}]}}