 {"id":64478,"date":"2026-04-06T06:21:21","date_gmt":"2026-04-06T09:21:21","guid":{"rendered":"https:\/\/www.justiciasantafe.gov.ar\/?page_id=64478"},"modified":"2026-04-10T10:14:32","modified_gmt":"2026-04-10T13:14:32","slug":"plataforma-alberdi-fuero-penal","status":"publish","type":"page","link":"https:\/\/www.justiciasantafe.gov.ar\/index.php\/plataforma-alberdi-fuero-penal\/","title":{"rendered":"<strong>PLATAFORMA ALBERDI FUERO PENAL<\/strong>"},"content":{"rendered":"<div style=\"background-color: #124f44; color: #ffffff; align-items: center; justify-content: center; padding: 15px; font-family: 'Montserrat', sans-serif;\">\n<p><img loading=\"lazy\" decoding=\"async\" style=\"margin-right: 20px;\" src=\"https:\/\/www.justiciasantafe.gov.ar\/wp-content\/uploads\/2026\/04\/scale-balanced-solid.png\" alt=\"Balanza\" width=\"50\" height=\"50\" \/><\/p>\n<div style=\"flex-direction: column; line-height: 1.2;\"><span style=\"font-size: 20px; font-weight: 500; letter-spacing: 1px;\">GU\u00cdA DE PRESENTACIONES<\/span><br \/>\n<span style=\"font-size: 20px; font-weight: bold; color: #f2be1a; letter-spacing: 1px; padding-left: 40px;\">Y CONSULTAS<\/span><\/div>\n<\/div>\n\t<div id=\"gap-1410596839\" class=\"gap-element clearfix\" style=\"display:block; height:auto;\">\n\t\t\n<style>\n#gap-1410596839 {\n  padding-top: 30px;\n}\n<\/style>\n\t<\/div>\n\t\n<div class=\"row\"  id=\"row-1232909592\">\n\n\t<div id=\"col-1843314873\" class=\"col medium-12 large-12\"  >\n\t\t\t\t<div class=\"col-inner text-center\"  >\n\t\t\t\n\t\t\t\n<div class=\"section-title\" style=\"color: #124f44; font-size: 22px; font-weight: 600; letter-spacing: 2px; text-transform: uppercase; font-family: 'Montserrat', sans-serif;\">REGLAS GENERALES &#8211; DISTRITO SAN LORENZO<\/div>\n\t\t<\/div>\n\t\t\t\t\t<\/div>\n\n\t\n<\/div>\n\t<div id=\"gap-983049080\" class=\"gap-element clearfix\" style=\"display:block; height:auto;\">\n\t\t\n<style>\n#gap-983049080 {\n  padding-top: 40px;\n}\n<\/style>\n\t<\/div>\n\t\n<div class=\"row align-top row-solid row-box-shadow-1\"  id=\"row-897867006\">\n\n\t<div id=\"col-1555213421\" class=\"col medium-6 small-12 large-6\"  >\n\t\t\t\t<div class=\"col-inner text-center\"  >\n\t\t\t\n\t\t\t\n<div style=\"flex-direction: column; align-items: center; text-align: center; font-family: 'Montserrat', sans-serif;\"><a style=\"text-decoration: none; width: 110px; height: 110px; border-radius: 50%; border: 2px solid #124F44; align-items: center; justify-content: center; margin-bottom: 25px; background-color: #ffffff;\" href=\"https:\/\/login.justiciasantafe.gov.ar\/\" target=\"_blank\" rel=\"noopener\"><br \/>\n<img loading=\"lazy\" decoding=\"async\" src=\"https:\/\/www.justiciasantafe.gov.ar\/wp-content\/uploads\/2026\/04\/laptop-file-solid.png\" alt=\"Portal SAE\" width=\"50\" height=\"50\" \/><br \/>\n<\/a><\/p>\n<p style=\"font-size: 15px; color: #124f44; line-height: 1.6; font-weight: 500; margin: 0; max-width: 400px;\">Todas las presentaciones y consultas deben efectuarse exclusivamente v\u00eda <strong>PORTAL SAE<\/strong>. Ser\u00e1n revisadas exclusivamente en d\u00edas h\u00e1biles de 8:15 a 13:45hs.<\/p>\n<\/div>\n\t\t<\/div>\n\t\t\t\t\n<style>\n#col-1555213421 > .col-inner {\n  padding: 20px;\n}\n<\/style>\n\t<\/div>\n\n\t\n\n\t<div id=\"col-230073922\" class=\"col medium-6 small-12 large-6\"  >\n\t\t\t\t<div class=\"col-inner text-center\"  >\n\t\t\t\n\t\t\t\n<div style=\"flex-direction: column; align-items: center; text-align: center; font-family: 'Montserrat', sans-serif;\"><a style=\"text-decoration: none; width: 110px; height: 110px; border-radius: 50%; border: 2px solid #124F44; align-items: center; justify-content: center; margin-bottom: 25px; background-color: #ffffff;\" href=\"https:\/\/wa.me\/543476352431\" target=\"_blank\" rel=\"noopener\"><br \/>\n<img loading=\"lazy\" decoding=\"async\" src=\"https:\/\/www.justiciasantafe.gov.ar\/wp-content\/uploads\/2026\/04\/mobile-screen-button-solid.png\" alt=\"Contacto\" width=\"45\" height=\"50\" \/><br \/>\n<\/a><\/p>\n<p style=\"font-size: 15px; color: #124f44; line-height: 1.6; font-weight: 500; margin: 0; max-width: 400px;\">Las presentaciones y consultas <strong>urgentes<\/strong> -luego del horario de oficina o en d\u00edas inh\u00e1biles- deber\u00e1n dirigirse, adem\u00e1s, al <strong>celular de turno de la OGJ San Lorenzo (3476697507)<\/strong><\/p>\n<\/div>\n\t\t<\/div>\n\t\t\t\t\n<style>\n#col-230073922 > .col-inner {\n  padding: 20px;\n}\n<\/style>\n\t<\/div>\n\n\t\n<\/div>\n\t<div id=\"gap-78394410\" class=\"gap-element clearfix\" style=\"display:block; height:auto;\">\n\t\t\n<style>\n#gap-78394410 {\n  padding-top: 40px;\n}\n<\/style>\n\t<\/div>\n\t\n<div class=\"row\"  id=\"row-1641020951\">\n\n\t<div id=\"col-353066828\" class=\"col medium-12 large-12\"  >\n\t\t\t\t<div class=\"col-inner text-center\"  >\n\t\t\t\n\t\t\t\n<div class=\"section-title\" style=\"color: #124f44; font-size: 22px; font-weight: 600; letter-spacing: 2px; text-transform: uppercase; font-family: 'Montserrat', sans-serif;\">REFERENCIA R\u00c1PIDA<\/div>\n\t\t<\/div>\n\t\t\t\t\t<\/div>\n\n\t\n<\/div>\n\t<div id=\"gap-2069798058\" class=\"gap-element clearfix\" style=\"display:block; height:auto;\">\n\t\t\n<style>\n#gap-2069798058 {\n  padding-top: 30px;\n}\n<\/style>\n\t<\/div>\n\t\n<div class=\"row\"  id=\"row-566360064\">\n\n\t<div id=\"col-1895514460\" class=\"col medium-12 small-12 large-12\"  >\n\t\t\t\t<div class=\"col-inner\"  >\n\t\t\t\n\t\t\t\n<div style=\"font-family: 'Montserrat', sans-serif;\">\n<table style=\"width: 100%; border-collapse: collapse; margin-bottom: 15px;\">\n<thead>\n<tr>\n<th style=\"background-color: white; padding: 20px; text-align: left; font-size: 14px; font-weight: bolder; border-bottom: 2px solid #124F44; color: #124f44; letter-spacing: 1px; width: 40%;\">\u00bfQU\u00c9?<\/th>\n<th style=\"background-color: white; padding: 20px; text-align: left; font-size: 14px; font-weight: bold; border-bottom: 2px solid #124F44; color: #124f44; letter-spacing: 1px; width: 30%;\">\u00bfCU\u00c1NDO?<\/th>\n<th style=\"background-color: white; padding: 20px; text-align: left; font-size: 14px; font-weight: bold; border-bottom: 2px solid #124F44; color: #124f44; letter-spacing: 1px; width: 30%;\">\u00bfC\u00d3MO?<\/th>\n<\/tr>\n<\/thead>\n<tbody>\n<tr>\n<td style=\"padding: 20px; text-align: left; font-size: 14px; color: #124f44; font-weight: bold;\">PRESENTACIONES Y CONSULTAS NO URGENTES<\/td>\n<td style=\"padding: 20px; text-align: left; font-size: 14px; color: #124f44;\">TODOS LOS D\u00cdAS Y HORARIOS<\/td>\n<td style=\"padding: 20px; text-align: left; font-size: 14px; color: #124f44; font-weight: 600;\">PORTAL SAE<\/td>\n<\/tr>\n<tr>\n<td style=\"padding: 20px; text-align: left; font-size: 14px; color: #124f44; font-weight: bold;\">PRESENTACIONES Y CONSULTAS URGENTES<\/td>\n<td style=\"padding: 20px; text-align: left; font-size: 14px; color: #124f44;\">EN D\u00cdA Y HORARIO H\u00c1BIL (8:15 A 13:45)<\/td>\n<td style=\"padding: 20px; text-align: left; font-size: 14px; color: #124f44; font-weight: 600;\">PORTAL SAE<\/td>\n<\/tr>\n<tr>\n<td style=\"padding: 20px; text-align: left; font-size: 14px; color: #124f44; font-weight: bold;\"><\/td>\n<td style=\"padding: 20px; text-align: left; font-size: 14px; color: #124f44;\">EN D\u00cdA U HORARIO INH\u00c1BIL<\/td>\n<td style=\"padding: 20px; text-align: left; font-size: 14px; color: #124f44; font-weight: 600;\">PORTAL SAE Y AL CELULAR DE TURNO DE LA OGJ SAN LORENZO (3476697507)<\/td>\n<\/tr>\n<tr>\n<td style=\"padding: 20px; text-align: left; font-size: 14px; color: #124f44; border-bottom: 2px solid #124F44; font-weight: bold;\">HABEAS CORPUS &#8211; INCOMPETENCIAS &#8211; OTROS<\/td>\n<td style=\"padding: 20px; text-align: left; font-size: 14px; color: #124f44; border-bottom: 2px solid #124F44;\">REMITIRSE A LO DISPUESTO PRECEDENTEMENTE PARA LAS PRESENTACIONES URGENTES*<\/td>\n<td style=\"padding: 20px; text-align: left; font-size: 14px; color: #124f44; border-bottom: 2px solid #124F44; font-weight: 600;\"><\/td>\n<\/tr>\n<\/tbody>\n<\/table>\n<p style=\"color: #124f44; font-size: 13px; font-style: italic; font-weight: 500; margin: 0;\">*Ver instructivo E.6 presentaciones sin n\u00famero de CUIJ<\/p>\n<\/div>\n\t\t<\/div>\n\t\t\t\t\t<\/div>\n\n\t\n<\/div>\n\t<div id=\"gap-255557074\" class=\"gap-element clearfix\" style=\"display:block; height:auto;\">\n\t\t\n<style>\n#gap-255557074 {\n  padding-top: 40px;\n}\n<\/style>\n\t<\/div>\n\t\n<div class=\"is-divider divider clearfix\" style=\"max-width:100%;height:1px;\"><\/div>\n<div class=\"row\"  id=\"row-1934929122\"><\/div>\n<h1><span style=\"font-size: 140%;\"><span style=\"color: #104b45;\">Instructivos y Formularios<\/span><\/span><\/h1>\n<h2><span style=\"color: #104b45;\">Tutoriales<\/span><\/h2>\n<ul>\n<li><a href=\"https:\/\/www.justiciasantafe.gov.ar\/wp-content\/uploads\/2026\/04\/Portal-SAE-1-1.mp4\"><strong>T.1 &#8211; Ingreso de escritos al Portal del SAE<\/strong><\/a><\/li>\n<\/ul>\n<h2><span style=\"color: #104b45;\">Instructivos<\/span><\/h2>\n<div>\n<ul>\n<li><span style=\"color: #104b45;\"><strong><a style=\"color: #104b45;\" href=\"https:\/\/www.justiciasantafe.gov.ar\/wp-content\/uploads\/2026\/04\/E1-Instructivo-de-alta-de-usuario-y-clave-del-Portal-del-SAE-Personas-Humanas.pdf\" target=\"\" rel=\"attachment wp-att-63175\">E.1 &#8211; Instructivo de alta de usuario y clave del Portal del SAE (Personas Humanas)<\/a><\/strong><\/span><\/li>\n<li><span style=\"color: #104b45;\"><strong><a style=\"color: #104b45;\" href=\"https:\/\/www.justiciasantafe.gov.ar\/wp-content\/uploads\/2026\/04\/E2-Instructivo-de-alta-de-usuario-y-clave-del-Portal-del-SAE-Organismos-publicos-y-privados.pdf\" target=\"\" rel=\"attachment wp-att-63174\">E.2 &#8211; Instructivo de alta de usuario y clave del portal del SAE (Organismos P\u00fablicos y Privados)<\/a><\/strong><\/span><\/li>\n<li><span style=\"color: #104b45;\"><strong><a style=\"color: #104b45;\" href=\"https:\/\/www.justiciasantafe.gov.ar\/wp-content\/uploads\/2026\/04\/E3-Instructivo-para-realizar-presentaciones-digitales.pdf\" target=\"\" rel=\"attachment wp-att-63173\">E.3 &#8211; Instructivo para realizar presentaciones digitales<\/a><\/strong><\/span><\/li>\n<li><span style=\"color: #104b45;\"><strong><a style=\"color: #104b45;\" href=\"https:\/\/www.justiciasantafe.gov.ar\/wp-content\/uploads\/2026\/04\/E4-Instructivo-para-ingresar-solicitud-de-audiencia-en-OGA-Web.pdf\" target=\"\" rel=\"attachment wp-att-63172\">E.4 &#8211; Instructivo para solicitar audiencias en el sistema OGA Web<\/a><\/strong><\/span><\/li>\n<li><span style=\"color: #104b45;\"><strong><a style=\"color: #104b45;\" href=\"https:\/\/www.justiciasantafe.gov.ar\/wp-content\/uploads\/2026\/04\/E5-Instructivo-para-descargar-videos-de-audiencias-realizadas-en-OGJ.pdf\" target=\"\" rel=\"attachment wp-att-63171\">E.5 &#8211; Instructivo para descargar videos de audiencias realizadas en OGJ<\/a><\/strong><\/span><\/li>\n<li><span style=\"color: #104b45;\"><strong><a style=\"color: #104b45;\" href=\"https:\/\/www.justiciasantafe.gov.ar\/wp-content\/uploads\/2026\/04\/E6-Instructivo-de-presentaciones-sin-numero-de-carpeta-judicial.pdf\" target=\"\" rel=\"attachment wp-att-63170\">E.6 &#8211; Instructivo de presentaciones sin n\u00famero de carpeta judicial<\/a><\/strong><\/span><\/li>\n<li><span style=\"color: #104b45;\"><strong><a style=\"color: #104b45;\" href=\"https:\/\/www.justiciasantafe.gov.ar\/wp-content\/uploads\/2026\/04\/E7-Instructivo-para-realizar-presentaciones-en-incidentes.pdf\" target=\"\" rel=\"attachment wp-att-63168\">E.7 &#8211; Instructivo para realizar presentaciones en incidentes<\/a><\/strong><\/span><\/li>\n<li><span style=\"color: #104b45;\"><strong><a style=\"color: #104b45;\" href=\"https:\/\/www.justiciasantafe.gov.ar\/wp-content\/uploads\/2026\/04\/E8-Instructivo-para-verificar-firma-digital.pdf\" target=\"\" rel=\"attachment wp-att-63167\">E.8 &#8211; Instructivo para verificar firma digital<\/a><\/strong><\/span><\/li>\n<li><span style=\"color: #104b45;\"><strong><a style=\"color: #104b45;\" href=\"https:\/\/www.justiciasantafe.gov.ar\/wp-content\/uploads\/2026\/04\/E9-Instructivo-de-presentacion-de-contestaciones-a-comunicaciones-digitales.pdf\" target=\"\" rel=\"attachment wp-att-63167\">E.9 &#8211; <\/a><a style=\"color: #104b45;\" href=\"https:\/\/www.justiciasantafe.gov.ar\/wp-content\/uploads\/2026\/04\/E9-Instructivo-de-presentacion-de-contestaciones-a-comunicaciones-digitales.pdf\" target=\"\" rel=\"attachment wp-att-63169\">Instructivo de presentaci\u00f3n de contestaciones a comunicaciones digitales<\/a><\/strong><\/span><\/li>\n<li><span style=\"color: #104b45;\"><strong><a style=\"color: #104b45;\" href=\"https:\/\/www.justiciasantafe.gov.ar\/wp-content\/uploads\/2026\/04\/E10-Instructivo-para-consultar-carpeta-judicial-en-Portal-del-SAE.pdf\" target=\"\" rel=\"attachment wp-att-63166\">E.10 &#8211; Instructivo para consultar carpeta judicial en Portal del SAE<\/a><\/strong><\/span><\/li>\n<li><span style=\"color: #104b45;\"><strong><a style=\"color: #104b45;\" href=\"https:\/\/www.justiciasantafe.gov.ar\/wp-content\/uploads\/2026\/04\/E11-Instructivo-para-consultar-notificaciones-digitales-en-Portal-del-SAE.pdf\" target=\"\" rel=\"attachment wp-att-63165\">E.11 &#8211; Instructivo para consultar notificaciones digitales en Portal del SAE<\/a><\/strong><\/span><\/li>\n<li><span style=\"color: #104b45;\"><strong><a style=\"color: #104b45;\" href=\"https:\/\/www.justiciasantafe.gov.ar\/wp-content\/uploads\/2026\/04\/E12-Instructivo-para-ingresar-solicitud-de-audiencia-desde-Portal-del-SAE.pdf\" target=\"\" rel=\"attachment wp-att-63165\">E.12 &#8211; Instructivo para ingresar solicitud de audiencia desde Portal del SAE<\/a><\/strong><\/span><\/li>\n<\/ul>\n<h2><span style=\"color: #104b45;\">Formularios<\/span><\/h2>\n<div>\n<ul>\n<li><span style=\"color: #104b45;\"><strong><a style=\"color: #104b45;\" href=\"https:\/\/www.justiciasantafe.gov.ar\/wp-content\/uploads\/2026\/04\/Formulario-Solicitud-de-Clave-Unica-para-ingreso-al-Portal-SAE.pdf\" target=\"\" rel=\"attachment wp-att-63175\">F.1 &#8211; Solicitud de Clave \u00danica para ingreso al Portal SAE (Profesionales)<\/a><\/strong><\/span><\/li>\n<li><span style=\"color: #104b45;\"><strong><a style=\"color: #104b45;\" href=\"https:\/\/www.justiciasantafe.gov.ar\/wp-content\/uploads\/2026\/04\/F.2-Nuevo-Formulario-Solicitud-de-Clave-en-el-Portal-del-SAE-para-Organismos-Publicos-y-Privados-1.pdf\" target=\"\" rel=\"attachment wp-att-63174\">F.2 &#8211; Solicitud de Clave en el Portal del SAE para Organismos P\u00fablicos y Privados<\/a><\/strong><\/span><\/li>\n<\/ul>\n<\/div>\n<\/div>\n<div class=\"gsp_post_data\" data-post_type=\"page\" data-cat=\"\" data-modified=\"120\" data-title=\"&lt;strong&gt;PLATAFORMA ALBERDI FUERO PENAL&lt;\/strong&gt;\" data-home=\"https:\/\/www.justiciasantafe.gov.ar\"><\/div>","protected":false},"excerpt":{"rendered":"<p>GU\u00cdA DE PRESENTACIONES Y CONSULTAS Instructivos y Formularios Tutoriales T.1 &#8211; Ingreso de escritos al Portal del SAE Instructivos E.1 &#8211; Instructivo de alta de usuario y clave del Portal del SAE (Personas Humanas) E.2 &#8211; Instructivo de alta de usuario y clave del portal del SAE (Organismos P\u00fablicos y Privados) E.3 &#8211; Instructivo para [&#8230;]\n","protected":false},"author":163,"featured_media":0,"parent":0,"menu_order":0,"comment_status":"closed","ping_status":"closed","template":"","meta":{"_acf_changed":false,"footnotes":""},"class_list":["post-64478","page","type-page","status-publish","hentry"],"acf":[],"_links":{"self":[{"href":"https:\/\/www.justiciasantafe.gov.ar\/index.php\/wp-json\/wp\/v2\/pages\/64478","targetHints":{"allow":["GET"]}}],"collection":[{"href":"https:\/\/www.justiciasantafe.gov.ar\/index.php\/wp-json\/wp\/v2\/pages"}],"about":[{"href":"https:\/\/www.justiciasantafe.gov.ar\/index.php\/wp-json\/wp\/v2\/types\/page"}],"author":[{"embeddable":true,"href":"https:\/\/www.justiciasantafe.gov.ar\/index.php\/wp-json\/wp\/v2\/users\/163"}],"replies":[{"embeddable":true,"href":"https:\/\/www.justiciasantafe.gov.ar\/index.php\/wp-json\/wp\/v2\/comments?post=64478"}],"version-history":[{"count":13,"href":"https:\/\/www.justiciasantafe.gov.ar\/index.php\/wp-json\/wp\/v2\/pages\/64478\/revisions"}],"predecessor-version":[{"id":65075,"href":"https:\/\/www.justiciasantafe.gov.ar\/index.php\/wp-json\/wp\/v2\/pages\/64478\/revisions\/65075"}],"wp:attachment":[{"href":"https:\/\/www.justiciasantafe.gov.ar\/index.php\/wp-json\/wp\/v2\/media?parent=64478"}],"curies":[{"name":"wp","href":"https:\/\/api.w.org\/{rel}","templated":true}]}}