 {"id":75,"date":"2021-11-19T11:29:57","date_gmt":"2021-11-19T14:29:57","guid":{"rendered":"https:\/\/www.justiciasantafe.gov.ar\/?page_id=75"},"modified":"2026-03-04T11:12:20","modified_gmt":"2026-03-04T14:12:20","slug":"conjueces-6","status":"publish","type":"page","link":"https:\/\/www.justiciasantafe.gov.ar\/index.php\/poder-judicial\/institucional\/conjueces-6\/","title":{"rendered":"Conjueces"},"content":{"rendered":"<p><a href=\"https:\/\/www.justiciasantafe.gov.ar\/wp-content\/uploads\/2026\/03\/Ampliacion-Listado-Conjueces-2026-COLEGIO-DE-CAMARA-DE-APELACION-EN-LO-PENAL-Y-DE-CAMARA-DE-APEL.EJEC_.CARCELARIA-VERA.pdf\">Ampliaci\u00f3n Listado Conjueces 2026 &#8211; Colegio de C\u00e1mara de Apelac. en lo Penal y C\u00e1mara de Apel.en lo Penal y Superv..Carcelaria &#8211; VERA<\/a><\/p>\n<p><a href=\"https:\/\/www.justiciasantafe.gov.ar\/wp-content\/uploads\/2025\/12\/Listado-Conjueces-2026-aprobada.pdf\">Listado Conjueces 2026<\/a><\/p>\n<p><a href=\"https:\/\/www.justiciasantafe.gov.ar\/wp-content\/uploads\/2024\/12\/Listado-Conjueces-2025.pdf\">Listado Conjueces 2025<\/a><\/p>\n<p><a href=\"https:\/\/www.justiciasantafe.gov.ar\/wp-content\/uploads\/2023\/12\/Listado-Conjueces-2024-APROBADA.pdf\">Listado Conjueces 2024<\/a><\/p>\n<p><a href=\"https:\/\/www.justiciasantafe.gov.ar\/wp-content\/uploads\/2022\/12\/Listado-Conjueces-2023-aprobada-2.pdf\">Listado Conjueces 2023 completo<\/a><\/p>\n<p><a title=\"Ver archivo\" href=\"https:\/\/www.justiciasantafe.gov.ar\/wp-content\/uploads\/2022\/09\/Listado-Conjueces-2022-APROBADO-en-el-acuerdo.pdf\" target=\"_blank\" rel=\"noopener\">Listado Conjueces 2022 completo.<\/a><\/p>\n<p><a title=\"Ver archivo\" href=\"https:\/\/www.justiciasantafe.gov.ar\/wp-content\/uploads\/2021\/11\/6754-2.pdf\" target=\"_blank\" rel=\"noopener\">Listado Conjueces 2021 completo.<\/a><\/p>\n<p><a title=\"Ver archivo\" href=\"https:\/\/www.justiciasantafe.gov.ar\/wp-content\/uploads\/2021\/11\/6193-2.pdf\" target=\"_blank\" rel=\"noopener\">Listado Conjueces 2020 completo.<\/a><\/p>\n<p><a title=\"Ver archivo\" href=\"https:\/\/www.justiciasantafe.gov.ar\/wp-content\/uploads\/2021\/11\/5398-3.pdf\" target=\"_blank\" rel=\"noopener\">Listado Conjueces 2019 completo<\/a><\/p>\n<p><a title=\"Ver archivo\" href=\"https:\/\/www.justiciasantafe.gov.ar\/wp-content\/uploads\/2021\/11\/4766-2.pdf\" target=\"_blank\" rel=\"noopener\"> Listado Conjueces 2018 completo.<\/a><\/p>\n<p><a title=\"Ver archivo\" href=\"https:\/\/www.justiciasantafe.gov.ar\/wp-content\/uploads\/2021\/11\/AC391O202017-2.pdf\" target=\"_blank\" rel=\"noopener\">Listado Completo 2017- TOTAL &#8211; PENAL Y CIVIL.<\/a><\/p>\n<p><a title=\"Ver archivo\" href=\"https:\/\/www.justiciasantafe.gov.ar\/wp-content\/uploads\/2021\/11\/AC391O202016-2.pdf\" target=\"_blank\" rel=\"noopener\">Listado Completo 2016 &#8211; TOTAL &#8211; PENAL Y CIVIL.<\/a><\/p>\n<p><a title=\"Ver archivo\" href=\"https:\/\/www.justiciasantafe.gov.ar\/wp-content\/uploads\/2021\/11\/AC391O202015-2.pdf\" target=\"_blank\" rel=\"noopener\">Listado Completo 2015 &#8211; TOTAL &#8211; PENAL Y CIVIL.<\/a><\/p>\n<div class=\"gsp_post_data\" data-post_type=\"page\" data-cat=\"\" data-modified=\"120\" data-title=\"Conjueces\" data-home=\"https:\/\/www.justiciasantafe.gov.ar\"><\/div>","protected":false},"excerpt":{"rendered":"<p>Ampliaci\u00f3n Listado Conjueces 2026 &#8211; Colegio de C\u00e1mara de Apelac. en lo Penal y C\u00e1mara de Apel.en lo Penal y Superv..Carcelaria &#8211; VERA Listado Conjueces 2026 Listado Conjueces 2025 Listado Conjueces 2024 Listado Conjueces 2023 completo Listado Conjueces 2022 completo. Listado Conjueces 2021 completo. Listado Conjueces 2020 completo. Listado Conjueces 2019 completo Listado Conjueces 2018 [&#8230;]\n","protected":false},"author":1,"featured_media":0,"parent":73,"menu_order":0,"comment_status":"closed","ping_status":"closed","template":"page-left-sidebar.php","meta":{"_acf_changed":false,"footnotes":""},"class_list":["post-75","page","type-page","status-publish","hentry"],"acf":[],"_links":{"self":[{"href":"https:\/\/www.justiciasantafe.gov.ar\/index.php\/wp-json\/wp\/v2\/pages\/75","targetHints":{"allow":["GET"]}}],"collection":[{"href":"https:\/\/www.justiciasantafe.gov.ar\/index.php\/wp-json\/wp\/v2\/pages"}],"about":[{"href":"https:\/\/www.justiciasantafe.gov.ar\/index.php\/wp-json\/wp\/v2\/types\/page"}],"author":[{"embeddable":true,"href":"https:\/\/www.justiciasantafe.gov.ar\/index.php\/wp-json\/wp\/v2\/users\/1"}],"replies":[{"embeddable":true,"href":"https:\/\/www.justiciasantafe.gov.ar\/index.php\/wp-json\/wp\/v2\/comments?post=75"}],"version-history":[{"count":2,"href":"https:\/\/www.justiciasantafe.gov.ar\/index.php\/wp-json\/wp\/v2\/pages\/75\/revisions"}],"predecessor-version":[{"id":62658,"href":"https:\/\/www.justiciasantafe.gov.ar\/index.php\/wp-json\/wp\/v2\/pages\/75\/revisions\/62658"}],"up":[{"embeddable":true,"href":"https:\/\/www.justiciasantafe.gov.ar\/index.php\/wp-json\/wp\/v2\/pages\/73"}],"wp:attachment":[{"href":"https:\/\/www.justiciasantafe.gov.ar\/index.php\/wp-json\/wp\/v2\/media?parent=75"}],"curies":[{"name":"wp","href":"https:\/\/api.w.org\/{rel}","templated":true}]}}