 {"id":759,"date":"2021-12-03T16:34:30","date_gmt":"2021-12-03T19:34:30","guid":{"rendered":"https:\/\/www.justiciasantafe.gov.ar\/?page_id=759"},"modified":"2023-11-02T09:02:15","modified_gmt":"2023-11-02T12:02:15","slug":"presentacion-y-recepcion-de-cedulas-entre-profesionales-matriculados-desde-autoconsulta-online","status":"publish","type":"page","link":"https:\/\/www.justiciasantafe.gov.ar\/index.php\/poder-judicial\/inicio\/sistema-de-autoconsulta-de-expedientes-del-poder-judicial-de-santa-fe\/presentacion-y-recepcion-de-cedulas-entre-profesionales-matriculados-desde-autoconsulta-online\/","title":{"rendered":"PRESENTACI\u00d3N Y RECEPCI\u00d3N DE C\u00c9DULAS ENTRE PROFESIONALES MATRICULADOS DESDE AUTOCONSULTA ONLINE"},"content":{"rendered":"<div class=\"row\"  id=\"row-1374356080\">\n\n\t<div id=\"col-1489347868\" class=\"col small-12 large-12\"  >\n\t\t\t\t<div class=\"col-inner\"  >\n\t\t\t\n\t\t\t\n<p>&nbsp;<\/p>\n<ul>\n<li><a href=\"https:\/\/www.justiciasantafe.gov.ar\/wp-content\/uploads\/2021\/12\/Certifico20Acta204320pto208.pdf\" target=\"_blank\" rel=\"noopener\"><strong>Acuerdo de la Corte Suprema de Justicia de fecha 1.12.2020, Acta N\u00b0 43,\u00a0punto 8, que habilita la presentaci\u00f3n y recepci\u00f3n de c\u00e9dulas entre profesionales matriculados desde\u00a0Autoconsulta Online.<\/strong><\/a><\/li>\n<\/ul>\n<div><\/div>\n<ul>\n<li><a href=\"https:\/\/www.justiciasantafe.gov.ar\/wp-content\/uploads\/2022\/10\/Cedulas-entre-profesionales-matriculados-nuevo.pdf\" target=\"_blank\" rel=\"noopener\"><strong>Pautas de funcionamiento para la presentaci\u00f3n y recepci\u00f3n de c\u00e9dulas entre profesionales matriculados desde Autoconsulta Online.<\/strong><\/a><\/li>\n<\/ul>\n<div><\/div>\n<ul>\n<li><a href=\"https:\/\/sisfe.justiciasantafe.gov.ar\/ayuda\" target=\"_blank\" rel=\"noopener\"><strong>Manual de ayuda para el uso del sistema &#8220;Autoconsulta de expedientes SISFE&#8221;<\/strong><\/a><\/li>\n<\/ul>\n<div><\/div>\n<ul>\n<li><a href=\"https:\/\/www.youtube.com\/watch?v=uVamqPchUgQ&amp;list=PLLBykC02gqnK5N2uxI3DH2nuFXAbBGjqC&amp;index=8\"><strong>Capacitaci\u00f3n sobre &#8220;Presentaci\u00f3n y Recepci\u00f3n de C\u00e9dulas entre Profesionales matriculados&#8221;.<\/strong><\/a><\/li>\n<\/ul>\n<div><\/div>\n\t\t<\/div>\n\t\t\t\t\t<\/div>\n\n\t\n<\/div>\n<div class=\"gsp_post_data\" data-post_type=\"page\" data-cat=\"\" data-modified=\"120\" data-title=\"PRESENTACI\u00d3N Y RECEPCI\u00d3N DE C\u00c9DULAS ENTRE PROFESIONALES MATRICULADOS DESDE AUTOCONSULTA ONLINE\" data-home=\"https:\/\/www.justiciasantafe.gov.ar\"><\/div>","protected":false},"excerpt":{"rendered":"","protected":false},"author":1,"featured_media":0,"parent":3488,"menu_order":0,"comment_status":"closed","ping_status":"closed","template":"","meta":{"_acf_changed":false,"footnotes":""},"class_list":["post-759","page","type-page","status-publish","hentry"],"acf":[],"_links":{"self":[{"href":"https:\/\/www.justiciasantafe.gov.ar\/index.php\/wp-json\/wp\/v2\/pages\/759","targetHints":{"allow":["GET"]}}],"collection":[{"href":"https:\/\/www.justiciasantafe.gov.ar\/index.php\/wp-json\/wp\/v2\/pages"}],"about":[{"href":"https:\/\/www.justiciasantafe.gov.ar\/index.php\/wp-json\/wp\/v2\/types\/page"}],"author":[{"embeddable":true,"href":"https:\/\/www.justiciasantafe.gov.ar\/index.php\/wp-json\/wp\/v2\/users\/1"}],"replies":[{"embeddable":true,"href":"https:\/\/www.justiciasantafe.gov.ar\/index.php\/wp-json\/wp\/v2\/comments?post=759"}],"version-history":[{"count":0,"href":"https:\/\/www.justiciasantafe.gov.ar\/index.php\/wp-json\/wp\/v2\/pages\/759\/revisions"}],"up":[{"embeddable":true,"href":"https:\/\/www.justiciasantafe.gov.ar\/index.php\/wp-json\/wp\/v2\/pages\/3488"}],"wp:attachment":[{"href":"https:\/\/www.justiciasantafe.gov.ar\/index.php\/wp-json\/wp\/v2\/media?parent=759"}],"curies":[{"name":"wp","href":"https:\/\/api.w.org\/{rel}","templated":true}]}}