 {"id":789,"date":"2021-12-03T17:07:28","date_gmt":"2021-12-03T20:07:28","guid":{"rendered":"https:\/\/www.justiciasantafe.gov.ar\/?page_id=789"},"modified":"2023-11-02T09:02:17","modified_gmt":"2023-11-02T12:02:17","slug":"coronavirus-covid-19","status":"publish","type":"page","link":"https:\/\/www.justiciasantafe.gov.ar\/index.php\/poder-judicial\/inicio\/coronavirus-covid-19\/","title":{"rendered":"CORONAVIRUS &#8211; COVID 19"},"content":{"rendered":"\n\t<div id=\"col-587399301\" class=\"col small-12 large-12\"  >\n\t\t\t\t<div class=\"col-inner\"  >\n\t\t\t\n\t\t\t\n<div style=\"text-align: center;\"><span style=\"color: #282828;\"><strong>ACORDADAS, DISPOSICIONES, COMUNICACIONES\u00a0 Y MEDIDAS<br \/>\nADOPTADAS POR LA CORTE SUPREMA DE JUSTICIA<\/strong><\/span><\/div>\n<ul>\n<li><a href=\"https:\/\/www.justiciasantafe.gov.ar\/index.php\/poder-judicial\/inicio\/coronavirus-covid-19\/acuerdos-y-resoluciones-csjsf-coronavirus-covid-19\/\"><strong>Acuerdos y Resoluciones CSJSF.<\/strong><\/a><\/li>\n<\/ul>\n<ul>\n<li><span style=\"color: #282828;\"><strong>Informaci\u00f3n para Abogados y Auxiliares de la Justicia\u200b:<\/strong><\/span>\n<ul>\n<li><a href=\"https:\/\/www.justiciasantafe.gov.ar\/wp-content\/uploads\/2022\/09\/pautas-para-efectuar-comunicaciones.pdf\">Pautas para efectuar comunicaciones mediante correo electr\u00f3nico a los Tribunales y Juzgados del Poder Judicial de la Provincia de Santa Fe.<\/a><\/li>\n<li><a href=\"http:\/\/devpjweb.i2tsa.com.ar\/dev\/index.php\/poder-judicial\/inicio-pruebas\/coronavirus-covid-19\/inicio-electronico-de-demandas-en-lote\/\">Inicio Electr\u00f3nico de Demandas<\/a>.<\/li>\n<li><a href=\"https:\/\/www.justiciasantafe.gov.ar\/index.php\/poder-judicial\/inicio\/coronavirus-covid-19\/inicio-electronico-de-demandas-en-lote\/\">Inicio Electr\u00f3nico de Demandas en Lote<\/a>.<\/li>\n<li><a href=\"https:\/\/www.justiciasantafe.gov.ar\/index.php\/poder-judicial\/inicio\/coronavirus-covid-19\/presentacion-electronica-de-escritos-en-expedientes-iniciados-y-en-tramite-autoconsulta-online\/\">Presentaci\u00f3n Electr\u00f3nica de Escritos<\/a>.<\/li>\n<li><a href=\"https:\/\/www.justiciasantafe.gov.ar\/index.php\/poder-judicial\/inicio\/coronavirus-covid-19\/presentacion-y-recepcion-de-cedulas-entre-profesionales-matriculados-desde-autoconsulta-online\/\">Presentaci\u00f3n y recepci\u00f3n de C\u00e9dulas entre Profesionales Matriculados desde Autoconsulta online<\/a>.<\/li>\n<\/ul>\n<\/li>\n<\/ul>\n<ul>\n<li><a href=\"https:\/\/www.justiciasantafe.gov.ar\/index.php\/poder-judicial\/inicio\/coronavirus-covid-19\/circulares-coronavirus-covid-19\/\"><strong>Circulares relacionadas con la situaci\u00f3n originada por la pandemia.<\/strong><\/a><\/li>\n<\/ul>\n<ul>\n<li><a href=\"https:\/\/www.justiciasantafe.gov.ar\/index.php\/poder-judicial\/inicio\/coronavirus-covid-19\/comunicados-de-prensa-coronavirus-covid-19\/\"><strong>Comunicados de Prensa.<\/strong><\/a><\/li>\n<\/ul>\n<ul>\n<li><a href=\"https:\/\/www.justiciasantafe.gov.ar\/index.php\/poder-judicial\/inicio\/coronavirus-covid-19\/comunicacion-visual-y-difusion-grafica-coronavirus-covid-19\/\"><strong>Comunicaci\u00f3n visual y difusi\u00f3n gr\u00e1fica.<\/strong><\/a><\/li>\n<\/ul>\n<ul>\n<li><a href=\"https:\/\/www.justiciasantafe.gov.ar\/wp-content\/uploads\/2022\/09\/Referentes-COVID-19-PJSF.pdf\"><strong>Gu\u00eda pr\u00e1ctica actualizada de actuaci\u00f3n para la prevenci\u00f3n de la transmisi\u00f3n del Coronavirus.<\/strong><\/a><\/li>\n<li><a href=\"https:\/\/www.justiciasantafe.gov.ar\/wp-content\/uploads\/2021\/12\/Referentes20COVID-1920PJSF-1.pdf\"><strong>Referentes en cada Circunscripci\u00f3n Judicial para comunicaci\u00f3n de situaciones vinculadas con COVID-19.<\/strong><\/a><\/li>\n<\/ul>\n<ul>\n<li><a href=\"https:\/\/www.justiciasantafe.gov.ar\/index.php\/poder-judicial\/inicio\/coronavirus-covid-19\/la-corte-suprema-aportara-el-50-de-sus-salarios-para-la-emergencia\/\"><strong>Aporte solidario de la Corte Suprema del 50% \u2013 Invitaci\u00f3n a Magistrados, Funcionarios y adhesi\u00f3n de empleados.<\/strong><\/a><\/li>\n<\/ul>\n<ul>\n<li><span style=\"color: #282828;\"><strong>Formulario \/ Agentes Judiciales inoculados (COVID-19):<\/strong><\/span>\n<ul>\n<li>\u200b<a href=\"https:\/\/docs.google.com\/forms\/d\/e\/1FAIpQLSf_PVjYa4GsIWr-_NBLhAkvMtJW4psObfJ5bwBVRw0YPbD4Vw\/viewform\">Clic aqu\u00ed para acceder al formulario<\/a>\u00a0<span style=\"color: #282828;\"><strong>(utilice preferentemente para el llenado del formulario dispositivos port\u00e1tiles &#8211; smartphone o tablet).<\/strong><\/span><\/li>\n<\/ul>\n<\/li>\n<\/ul>\n<ul>\n<li><span style=\"color: #282828;\"><strong>Descarga de permisos de circulaci\u00f3n:<\/strong><\/span>\n<ul>\n<li><a href=\"http:\/\/credenciales.justiciasantafe.gov.ar\/index.php\/\">Credenciales para el personal judicial afectado.<\/a><\/li>\n<\/ul>\n<\/li>\n<\/ul>\n<ul>\n<li><a href=\"https:\/\/www.justiciasantafe.gov.ar\/wp-content\/uploads\/2022\/09\/Guia-de-Uso-del-Software-Zoom.pdf\"><strong>Manual de uso para realizar reuniones a distancia.<\/strong><\/a><\/li>\n<\/ul>\n<ul>\n<li><a href=\"https:\/\/www.justiciasantafe.gov.ar\/index.php\/poder-judicial\/inicio\/coronavirus-covid-19\/violencia-familiar-y-de-genero\/\"><strong>Violencia Familiar y de G\u00e9nero.<\/strong><\/a><\/li>\n<\/ul>\n\t\t<\/div>\n\t\t\t\t\t<\/div>\n\n\t\n<p>&nbsp;<\/p>\n<div class=\"gsp_post_data\" data-post_type=\"page\" data-cat=\"\" data-modified=\"120\" data-title=\"CORONAVIRUS &#8211; COVID 19\" data-home=\"https:\/\/www.justiciasantafe.gov.ar\"><\/div>","protected":false},"excerpt":{"rendered":"<p>&nbsp;<\/p>\n","protected":false},"author":1,"featured_media":0,"parent":8182,"menu_order":1,"comment_status":"closed","ping_status":"closed","template":"","meta":{"_acf_changed":false,"footnotes":""},"class_list":["post-789","page","type-page","status-publish","hentry"],"acf":[],"_links":{"self":[{"href":"https:\/\/www.justiciasantafe.gov.ar\/index.php\/wp-json\/wp\/v2\/pages\/789","targetHints":{"allow":["GET"]}}],"collection":[{"href":"https:\/\/www.justiciasantafe.gov.ar\/index.php\/wp-json\/wp\/v2\/pages"}],"about":[{"href":"https:\/\/www.justiciasantafe.gov.ar\/index.php\/wp-json\/wp\/v2\/types\/page"}],"author":[{"embeddable":true,"href":"https:\/\/www.justiciasantafe.gov.ar\/index.php\/wp-json\/wp\/v2\/users\/1"}],"replies":[{"embeddable":true,"href":"https:\/\/www.justiciasantafe.gov.ar\/index.php\/wp-json\/wp\/v2\/comments?post=789"}],"version-history":[{"count":0,"href":"https:\/\/www.justiciasantafe.gov.ar\/index.php\/wp-json\/wp\/v2\/pages\/789\/revisions"}],"up":[{"embeddable":true,"href":"https:\/\/www.justiciasantafe.gov.ar\/index.php\/wp-json\/wp\/v2\/pages\/8182"}],"wp:attachment":[{"href":"https:\/\/www.justiciasantafe.gov.ar\/index.php\/wp-json\/wp\/v2\/media?parent=789"}],"curies":[{"name":"wp","href":"https:\/\/api.w.org\/{rel}","templated":true}]}}