 {"id":8292,"date":"2021-12-27T13:43:32","date_gmt":"2021-12-27T16:43:32","guid":{"rendered":"https:\/\/www.justiciasantafe.gov.ar\/?page_id=8292"},"modified":"2023-11-02T09:02:17","modified_gmt":"2023-11-02T12:02:17","slug":"valor-de-la-unidad-jus-en-juzgados-de-circuito-de-la-provincia","status":"publish","type":"page","link":"https:\/\/www.justiciasantafe.gov.ar\/index.php\/poder-judicial\/inicio\/valor-de-la-unidad-jus-en-juzgados-de-circuito-de-la-provincia\/","title":{"rendered":"Valor de la Unidad Jus en Juzgados de Circuito de la Provincia"},"content":{"rendered":"<p><b><i>Detalles del valor de la UNIDAD JUS en Juzgados de Circuito &#8211; Art. 8, Ley 10.160 (t.o. 46\/98)<\/i><\/b><br \/>\n<strong>VALOR UNIDAD JUS JUZGADOS DE CIRCUITO &#8211; LEY 10.160, MODIFICADA POR LEY 13178<\/strong><br \/>\nEn su art\u00edculo 112 dispone hasta 60 Unidades Jus para los Juzgados de Circuito; y, en su art\u00edculo 124 dispone hasta 10 Unidades Jus para los Juzgados Comunitarios de las Peque\u00f1as Causas.<\/p>\n<p><a href=\"https:\/\/www.justiciasantafe.gov.ar\/wp-content\/uploads\/2021\/12\/UNIDAD20JUS-202021.pdf\" target=\"_blank\" rel=\"noopener\"><strong><em>Ver CUADRO UNIDAD JUS &#8211; JUZGADOS DE CIRCUITOS Y COMUNITARIOS &#8211; vigencia 12.10.2021<\/em><\/strong><\/a><br \/>\n<a href=\"https:\/\/www.justiciasantafe.gov.ar\/wp-content\/uploads\/2021\/12\/CUADRO20UNIDAD20JUS20CIRCUITOS20Y20COMUNALES_vigencia_29-6-2020.pdf\"><strong><em>Ver CUADRO UNIDAD JUS &#8211; JUZGADOS DE CIRCUITOS Y COMUNITARIOS &#8211; vigencia 29.6.2020<\/em><\/strong><\/a><br \/>\n<a href=\"https:\/\/www.justiciasantafe.gov.ar\/wp-content\/uploads\/2021\/12\/CUADRO20UNIDAD20JUS20CIRCUITOS20Y20COMUNALES_vigencia_4-11-2019.pdf\" target=\"_blank\" rel=\"noopener\"><strong><em>Ver CUADRO UNIDAD JUS &#8211; JUZGADOS DE CIRCUITOS Y COMUNITARIOS &#8211; vigencia 4.11.2019<\/em><\/strong><\/a><br \/>\n<a href=\"https:\/\/www.justiciasantafe.gov.ar\/wp-content\/uploads\/2021\/12\/CUADRO20UNIDAD20JUS20CIRCUITOS20Y20COMUNALES20noviembre202018.pdf\" target=\"_blank\" rel=\"noopener\"><strong><em>Ver CUADRO UNIDAD JUS &#8211; JUZGADOS DE CIRCUITOS Y COMUNITARIOS &#8211; vigencia 1.12.2018<\/em><\/strong><\/a><br \/>\n<a href=\"https:\/\/www.justiciasantafe.gov.ar\/wp-content\/uploads\/2021\/12\/CUADRO20UNIDAD20JUS20CIRCUITOS20Y20COMUNALES_vigencia_1-4-2017_y_2-5-20171.pdf\" target=\"_blank\" rel=\"noopener\"><strong><em>Ver CUADRO UNIDAD JUS &#8211; JUZGADOS DE CIRCUITOS Y COMUNITARIOS &#8211; vigencia 1.4.2017 y 2.5.2017<\/em><\/strong><\/a><br \/>\n<a href=\"https:\/\/www.justiciasantafe.gov.ar\/wp-content\/uploads\/2021\/12\/CUADRO20UNIDAD20JUS20CIRCUITOS20Y20COMUNALES20abril202016.pdf\" target=\"_blank\" rel=\"noopener\"><strong><em>Ver CUADRO UNIDAD JUS &#8211; JUZGADOS DE CIRCUITOS Y COMUNITARIOS &#8211; vigencia 1.4.2016<\/em><\/strong><\/a><br \/>\n<a href=\"https:\/\/www.justiciasantafe.gov.ar\/wp-content\/uploads\/2021\/12\/CUADRO20UNIDAD20JUS20CIRCUITOS20Y20COMUNALES20DICIEMBRE202014.pdf\" target=\"_blank\" rel=\"noopener\"><strong><em>Ver CUADRO UNIDAD JUS &#8211; JUZGADOS DE CIRCUITOS Y COMUNITARIOS &#8211; vigencia 2.2.2015<\/em><\/strong><\/a><\/p>\n<div class=\"gsp_post_data\" data-post_type=\"page\" data-cat=\"\" data-modified=\"120\" data-title=\"Valor de la Unidad Jus en Juzgados de Circuito de la Provincia\" data-home=\"https:\/\/www.justiciasantafe.gov.ar\"><\/div>","protected":false},"excerpt":{"rendered":"<p>Detalles del valor de la UNIDAD JUS en Juzgados de Circuito &#8211; Art. 8, Ley 10.160 (t.o. 46\/98) VALOR UNIDAD JUS JUZGADOS DE CIRCUITO &#8211; LEY 10.160, MODIFICADA POR LEY 13178 En su art\u00edculo 112 dispone hasta 60 Unidades Jus para los Juzgados de Circuito; y, en su art\u00edculo 124 dispone hasta 10 Unidades Jus [&#8230;]\n","protected":false},"author":12,"featured_media":0,"parent":8182,"menu_order":0,"comment_status":"closed","ping_status":"closed","template":"","meta":{"_acf_changed":false,"footnotes":""},"class_list":["post-8292","page","type-page","status-publish","hentry"],"acf":[],"_links":{"self":[{"href":"https:\/\/www.justiciasantafe.gov.ar\/index.php\/wp-json\/wp\/v2\/pages\/8292","targetHints":{"allow":["GET"]}}],"collection":[{"href":"https:\/\/www.justiciasantafe.gov.ar\/index.php\/wp-json\/wp\/v2\/pages"}],"about":[{"href":"https:\/\/www.justiciasantafe.gov.ar\/index.php\/wp-json\/wp\/v2\/types\/page"}],"author":[{"embeddable":true,"href":"https:\/\/www.justiciasantafe.gov.ar\/index.php\/wp-json\/wp\/v2\/users\/12"}],"replies":[{"embeddable":true,"href":"https:\/\/www.justiciasantafe.gov.ar\/index.php\/wp-json\/wp\/v2\/comments?post=8292"}],"version-history":[{"count":0,"href":"https:\/\/www.justiciasantafe.gov.ar\/index.php\/wp-json\/wp\/v2\/pages\/8292\/revisions"}],"up":[{"embeddable":true,"href":"https:\/\/www.justiciasantafe.gov.ar\/index.php\/wp-json\/wp\/v2\/pages\/8182"}],"wp:attachment":[{"href":"https:\/\/www.justiciasantafe.gov.ar\/index.php\/wp-json\/wp\/v2\/media?parent=8292"}],"curies":[{"name":"wp","href":"https:\/\/api.w.org\/{rel}","templated":true}]}}