 {"id":87,"date":"2021-11-19T11:32:07","date_gmt":"2021-11-19T14:32:07","guid":{"rendered":"https:\/\/www.justiciasantafe.gov.ar\/?page_id=87"},"modified":"2023-11-02T09:02:19","modified_gmt":"2023-11-02T12:02:19","slug":"comunicados-de-prensa","status":"publish","type":"page","link":"https:\/\/www.justiciasantafe.gov.ar\/index.php\/poder-judicial\/prensa\/comunicados-de-prensa\/","title":{"rendered":"Comunicados de prensa"},"content":{"rendered":"\n\t<section class=\"section\" id=\"section_984707436\">\n\t\t<div class=\"section-bg fill\" >\n\t\t\t\t\t\t\t\t\t\n\t\t\t\n\t<div class=\"is-border\"\n\t\tstyle=\"border-width:0px 0px 0px 0px;margin:0px 0px 0px 0;\">\n\t<\/div>\n\n\t\t<\/div>\n\n\t\t\n\n\t\t<div class=\"section-content relative\">\n\t\t\t\n<div class=\"row\"  id=\"row-1505479343\">\n\n\t<div id=\"col-1576373845\" class=\"col small-12 large-12\"  >\n\t\t\t\t<div class=\"col-inner\"  >\n\t\t\t\n\t\t\t\n<div class=\"row\"  id=\"row-138842813\">\n\n\t<div id=\"col-472345701\" class=\"col medium-3 small-6 large-3\"  >\n\t\t\t\t<div class=\"col-inner\"  >\n\t\t\t\n\t\t\t\n\t<div id=\"text-3184442180\" class=\"text hidden\">\n\t\t\n<p style=\"text-align: right;\"><span style=\"color: #ffffff; font-size: 120%;\"><strong>Estado<\/strong><\/span><\/p>\n\t\t\t<\/div>\n\t\n\t\t<\/div>\n\t\t\t\t\t<\/div>\n\n\t\n\n\t<div id=\"col-1325587694\" class=\"col medium-3 small-6 large-3\"  >\n\t\t\t\t<div class=\"col-inner\"  >\n\t\t\t\n\t\t\t\n\t<div id=\"text-3464990887\" class=\"text hidden\">\n\t\t\n<p style=\"text-align: right;\"><span style=\"color: #ffffff; font-size: 120%;\"><strong>Estado<\/strong><\/span><\/p>\n\t\t\t<\/div>\n\t\n\t\t<\/div>\n\t\t\t\t\t<\/div>\n\n\t\n\n\t<div id=\"col-613008922\" class=\"col medium-3 small-6 large-3\"  >\n\t\t\t\t<div class=\"col-inner\"  >\n\t\t\t\n\t\t\t\n<p style=\"text-align: right;\"><span style=\"color: #ffffff; font-size: 120%;\">A\u00f1o<\/span><\/p>\n\t\t<\/div>\n\t\t\t\t\n<style>\n#col-613008922 > .col-inner {\n  margin: 15px 0px 0px 0px;\n}\n<\/style>\n\t<\/div>\n\n\t\n\n\t<div id=\"col-982894347\" class=\"col medium-3 small-6 large-3\"  >\n\t\t\t\t<div class=\"col-inner\"  >\n\t\t\t\n\t\t\t\n\t<div id=\"text-421161056\" class=\"text\">\n\t\t\n<p style=\"text-align: right;\"><div class=\"facetwp-facet facetwp-facet-ao facetwp-type-dropdown\" data-name=\"ao\" data-type=\"dropdown\"><\/div>\n\t\t\n<style>\n#text-421161056 {\n  line-height: 1.2;\n  text-align: right;\n}\n<\/style>\n\t<\/div>\n\t\n\t\t<\/div>\n\t\t\t\t\n<style>\n#col-982894347 > .col-inner {\n  padding: 3px 0px 0px 0px;\n  margin: 7px 0px 0px -10px;\n}\n<\/style>\n\t<\/div>\n\n\t\n<\/div>\n\t\t<\/div>\n\t\t\t\t\n<style>\n#col-1576373845 > .col-inner {\n  padding: 0px 0px 0px 0px;\n  margin: -15px 0px -88px 0px;\n}\n<\/style>\n\t<\/div>\n\n\t\n<\/div>\n\t\t<\/div>\n\n\t\t\n<style>\n#section_984707436 {\n  padding-top: 11px;\n  padding-bottom: 11px;\n  margin-bottom: -1px;\n  background-color: rgb(16, 75, 69);\n}\n<\/style>\n\t<\/section>\n\t\n\t<div id=\"gap-1071950559\" class=\"gap-element clearfix\" style=\"display:block; height:auto;\">\n\t\t\n<style>\n#gap-1071950559 {\n  padding-top: 30px;\n}\n<\/style>\n\t<\/div>\n\t\n<div class=\"facetwp-template\" data-name=\"comunicados_de_prensa\"><div class=\"fwpl-layout el-28h8vl\"><div class=\"fwpl-result r1\"><div class=\"fwpl-row el-e44q9\"><div class=\"fwpl-col fwpl-col el-xrihn\"><div class=\"fwpl-item el-gu3t6\"><h3><a href=\"https:\/\/www.justiciasantafe.gov.ar\/index.php\/comunicado_de_prensa\/quedaron-inauguradas-en-santa-fe-las-xii-jornadas-institucionales-de-la-junta-federal-de-cortes\/\">Quedaron inauguradas en Santa Fe las XII Jornadas Institucionales de la Junta Federal de Cortes<\/a><\/h3><\/div><div class=\"fwpl-item el-sm6c5\">La ceremonia inaugural cont\u00f3 con la presencia de m\u00e1s de 40 jueces y juezas de Cortes de todo el pa\u00eds. ...<\/div><div class=\"fwpl-item el-rdwl1\"><b>Publicado el: <\/b>16-04-2026<\/div><\/div><\/div><\/div><div class=\"fwpl-result r2\"><div class=\"fwpl-row el-e44q9\"><div class=\"fwpl-col fwpl-col el-xrihn\"><div class=\"fwpl-item el-gu3t6\"><h3><a href=\"https:\/\/www.justiciasantafe.gov.ar\/index.php\/comunicado_de_prensa\/causa-sancor-cooperativas-unidas-limitadas\/\">CAUSA SANCOR COOPERATIVAS UNIDAS LIMITADAS<\/a><\/h3><\/div><div class=\"fwpl-item el-sm6c5\">[INFORMACI\u00d3N ACTUALIZADA AL 16.04.2026]...<\/div><div class=\"fwpl-item el-rdwl1\"><b>Publicado el: <\/b>16-04-2026<\/div><\/div><\/div><\/div><div class=\"fwpl-result r3\"><div class=\"fwpl-row el-e44q9\"><div class=\"fwpl-col fwpl-col el-xrihn\"><div class=\"fwpl-item el-gu3t6\"><h3><a href=\"https:\/\/www.justiciasantafe.gov.ar\/index.php\/comunicado_de_prensa\/xii-jornadas-institucionales-de-la-junta-federal-de-cortes\/\">XII Jornadas Institucionales de la Junta Federal de Cortes<\/a><\/h3><\/div><div class=\"fwpl-item el-sm6c5\">Jueves 16 en Santa Fe y viernes 17 en San Jos\u00e9 del Rinc\u00f3n. ...<\/div><div class=\"fwpl-item el-rdwl1\"><b>Publicado el: <\/b>14-04-2026<\/div><\/div><\/div><\/div><div class=\"fwpl-result r4\"><div class=\"fwpl-row el-e44q9\"><div class=\"fwpl-col fwpl-col el-xrihn\"><div class=\"fwpl-item el-gu3t6\"><h3><a href=\"https:\/\/www.justiciasantafe.gov.ar\/index.php\/comunicado_de_prensa\/plataforma-alberdi-nuevo-modelo-de-gestion-judicial-penal-en-santa-fe\/\">PLATAFORMA ALBERDI - Nuevo modelo de Gesti\u00f3n Judicial Penal en Santa Fe<\/a><\/h3><\/div><div class=\"fwpl-item el-sm6c5\">Puesta en producci\u00f3n en el Distrito Judicial San Lorenzo desde el 13 de abril de 2026....<\/div><div class=\"fwpl-item el-rdwl1\"><b>Publicado el: <\/b>10-04-2026<\/div><\/div><\/div><\/div><div class=\"fwpl-result r5\"><div class=\"fwpl-row el-e44q9\"><div class=\"fwpl-col fwpl-col el-xrihn\"><div class=\"fwpl-item el-gu3t6\"><h3><a href=\"https:\/\/www.justiciasantafe.gov.ar\/index.php\/comunicado_de_prensa\/llaman-a-cubrir-distintos-cargos\/\">Llaman a cubrir distintos cargos<\/a><\/h3><\/div><div class=\"fwpl-item el-sm6c5\">El periodo de inscripci\u00f3n qued\u00f3 establecido entre el 13 y el 17 de abril. ...<\/div><div class=\"fwpl-item el-rdwl1\"><b>Publicado el: <\/b>10-04-2026<\/div><\/div><\/div><\/div><div class=\"fwpl-result r6\"><div class=\"fwpl-row el-e44q9\"><div class=\"fwpl-col fwpl-col el-xrihn\"><div class=\"fwpl-item el-gu3t6\"><h3><a href=\"https:\/\/www.justiciasantafe.gov.ar\/index.php\/comunicado_de_prensa\/causa-bioceres-s-a\/\">CAUSA BIOCERES S.A<\/a><\/h3><\/div><div class=\"fwpl-item el-sm6c5\">[Informaci\u00f3n actualizada al: 07.04.2026]...<\/div><div class=\"fwpl-item el-rdwl1\"><b>Publicado el: <\/b>08-04-2026<\/div><\/div><\/div><\/div><div class=\"fwpl-result r7\"><div class=\"fwpl-row el-e44q9\"><div class=\"fwpl-col fwpl-col el-xrihn\"><div class=\"fwpl-item el-gu3t6\"><h3><a href=\"https:\/\/www.justiciasantafe.gov.ar\/index.php\/comunicado_de_prensa\/se-actualizo-el-monto-de-la-unidad-jus-del-art-32-ley-12-851-9\/\">Se actualiz\u00f3 el monto de la Unidad Jus del Art. 32 - Ley 12.851<\/a><\/h3><\/div><div class=\"fwpl-item el-sm6c5\">Con vigencia a partir del 1 de febrero de 2026. ...<\/div><div class=\"fwpl-item el-rdwl1\"><b>Publicado el: <\/b>06-04-2026<\/div><\/div><\/div><\/div><div class=\"fwpl-result r8\"><div class=\"fwpl-row el-e44q9\"><div class=\"fwpl-col fwpl-col el-xrihn\"><div class=\"fwpl-item el-gu3t6\"><h3><a href=\"https:\/\/www.justiciasantafe.gov.ar\/index.php\/comunicado_de_prensa\/causa-emilio-alal-safici\/\">CAUSA EMILIO ALAL SAFICI<\/a><\/h3><\/div><div class=\"fwpl-item el-sm6c5\">[INFORMACI\u00d3N ACTUALIZADA AL 30.03.2026]...<\/div><div class=\"fwpl-item el-rdwl1\"><b>Publicado el: <\/b>31-03-2026<\/div><\/div><\/div><\/div><div class=\"fwpl-result r9\"><div class=\"fwpl-row el-e44q9\"><div class=\"fwpl-col fwpl-col el-xrihn\"><div class=\"fwpl-item el-gu3t6\"><h3><a href=\"https:\/\/www.justiciasantafe.gov.ar\/index.php\/comunicado_de_prensa\/causa-surcos-sa\/\">CAUSA SURCOS SA<\/a><\/h3><\/div><div class=\"fwpl-item el-sm6c5\">[INFORMACI\u00d3N ACTUALIZADA AL 27.03.2026 ]...<\/div><div class=\"fwpl-item el-rdwl1\"><b>Publicado el: <\/b>27-03-2026<\/div><\/div><\/div><\/div><div class=\"fwpl-result r10\"><div class=\"fwpl-row el-e44q9\"><div class=\"fwpl-col fwpl-col el-xrihn\"><div class=\"fwpl-item el-gu3t6\"><h3><a href=\"https:\/\/www.justiciasantafe.gov.ar\/index.php\/comunicado_de_prensa\/la-corte-suprema-impulsa-la-capacitacion-en-oralidad-efectiva-y-registracion-en-el-sisfe\/\">La Corte Suprema impulsa la capacitaci\u00f3n en oralidad efectiva  y registraci\u00f3n en el SISFE<\/a><\/h3><\/div><div class=\"fwpl-item el-sm6c5\">El taller fue dictado por los Dres. H\u00e9ctor Chayer y Juan Pablo Marcet....<\/div><div class=\"fwpl-item el-rdwl1\"><b>Publicado el: <\/b>26-03-2026<\/div><\/div><\/div><\/div><\/div>\n<style>\n.fwpl-layout, .fwpl-row {\n    display: grid;\n}\n.fwpl-layout.el-28h8vl {\n    grid-template-columns: repeat(1, 1fr);\n    grid-gap: 10px;\n}\n.fwpl-btn {\n    text-decoration: none;\n}\n.fwpl-row.el-e44q9 {\n    grid-template-columns: 1fr;\n}\n@media (max-width: 480px) { \n    body .facetwp-template .fwpl-layout,  \n    body .facetwp-template-static .fwpl-layout { grid-template-columns: 1fr; } \n} \n\n<\/style>\n<\/div>\n\t<div id=\"gap-366141808\" class=\"gap-element clearfix\" style=\"display:block; height:auto;\">\n\t\t\n<style>\n#gap-366141808 {\n  padding-top: 30px;\n}\n<\/style>\n\t<\/div>\n\t\n\n\t<section class=\"section\" id=\"section_1643036423\">\n\t\t<div class=\"section-bg fill\" >\n\t\t\t\t\t\t\t\t\t\n\t\t\t\n\t<div class=\"is-border\"\n\t\tstyle=\"border-width:0px 0px 0px 0px;margin:0px 0px 0px 0px;\">\n\t<\/div>\n\n\t\t<\/div>\n\n\t\t\n\n\t\t<div class=\"section-content relative\">\n\t\t\t\n<div class=\"row row-collapse row-full-width align-middle align-center\"  id=\"row-1685666502\">\n\n\t<div id=\"col-548654768\" class=\"col hide-for-medium medium-2 large-2\"  >\n\t\t\t\t<div class=\"col-inner text-right\"  >\n\t\t\t\n\t\t\t\n\t<div id=\"text-2800386409\" class=\"text\">\n\t\t\n<p><span style=\"color: #ffffff;\">Resultados por p\u00e1ginas<\/span><br \/>\n\t\t\n<style>\n#text-2800386409 {\n  text-align: right;\n}\n<\/style>\n\t<\/div>\n\t\n\t\t<\/div>\n\t\t\t\t\n<style>\n#col-548654768 > .col-inner {\n  padding: 20px 4px 0px 0px;\n}\n<\/style>\n\t<\/div>\n\n\t\n\n\t<div id=\"col-610034097\" class=\"col medium-8 large-8\"  >\n\t\t\t\t<div class=\"col-inner\"  >\n\t\t\t\n\t\t\t\n<div class=\"row row-collapse align-middle align-center\"  id=\"row-1840849550\">\n\n\t<div id=\"col-541321533\" class=\"col hide-for-medium medium-3 small-12 large-3\"  >\n\t\t\t\t<div class=\"col-inner text-right\"  >\n\t\t\t\n\t\t\t\n\t<div id=\"text-1040800192\" class=\"text\">\n\t\t\n<div class=\"facetwp-facet facetwp-facet-filas_por_pagina facetwp-type-pager\" data-name=\"filas_por_pagina\" data-type=\"pager\"><\/div>\n\t\t\n<style>\n#text-1040800192 {\n  text-align: right;\n}\n<\/style>\n\t<\/div>\n\t\n\t\t<\/div>\n\t\t\t\t\n<style>\n#col-541321533 > .col-inner {\n  padding: 12px 0px 0px 0px;\n}\n<\/style>\n\t<\/div>\n\n\t\n\n\t<div id=\"col-706725938\" class=\"col medium-6 small-12 large-6\"  >\n\t\t\t\t<div class=\"col-inner text-center\"  >\n\t\t\t\n\t\t\t\n\t<div id=\"text-3276441881\" class=\"text hide-for-medium\">\n\t\t\n<div class=\"facetwp-facet facetwp-facet-paginador facetwp-type-pager\" data-name=\"paginador\" data-type=\"pager\"><\/div>\n\t\t\n<style>\n#text-3276441881 {\n  text-align: center;\n}\n<\/style>\n\t<\/div>\n\t\n\t<div id=\"text-781220129\" class=\"text show-for-medium\">\n\t\t\n<div class=\"facetwp-facet facetwp-facet-paginador_movil facetwp-type-pager\" data-name=\"paginador_movil\" data-type=\"pager\"><\/div>\n\t\t\n<style>\n#text-781220129 {\n  text-align: center;\n}\n<\/style>\n\t<\/div>\n\t\n\t\t<\/div>\n\t\t\t\t\t<\/div>\n\n\t\n\n\t<div id=\"col-68083370\" class=\"col hide-for-medium medium-3 small-12 large-3\"  >\n\t\t\t\t<div class=\"col-inner text-right\"  >\n\t\t\t\n\t\t\t\n\t\t<\/div>\n\t\t\t\t\t<\/div>\n\n\t\n<\/div>\n\t\t<\/div>\n\t\t\t\t\t<\/div>\n\n\t\n\n\t<div id=\"col-296430339\" class=\"col hide-for-medium medium-2 large-2\"  >\n\t\t\t\t<div class=\"col-inner text-left\"  >\n\t\t\t\n\t\t\t\n\t<div id=\"text-2455343810\" class=\"text\">\n\t\t\n<div class=\"facetwp-facet facetwp-facet-total_resultados facetwp-type-pager\" data-name=\"total_resultados\" data-type=\"pager\"><\/div>\n\t\t\n<style>\n#text-2455343810 {\n  text-align: left;\n}\n<\/style>\n\t<\/div>\n\t\n\t\t<\/div>\n\t\t\t\t\t<\/div>\n\n\t\n<\/div>\n\t\t<\/div>\n\n\t\t\n<style>\n#section_1643036423 {\n  padding-top: 0px;\n  padding-bottom: 0px;\n  margin-bottom: 0px;\n  background-color: rgb(16, 75, 69);\n}\n<\/style>\n\t<\/section>\n\t\n<div class=\"gsp_post_data\" data-post_type=\"page\" data-cat=\"\" data-modified=\"120\" data-title=\"Comunicados de prensa\" data-home=\"https:\/\/www.justiciasantafe.gov.ar\"><\/div>","protected":false},"excerpt":{"rendered":"","protected":false},"author":1,"featured_media":0,"parent":81,"menu_order":0,"comment_status":"closed","ping_status":"closed","template":"","meta":{"_acf_changed":false,"footnotes":""},"class_list":["post-87","page","type-page","status-publish","hentry"],"acf":[],"_links":{"self":[{"href":"https:\/\/www.justiciasantafe.gov.ar\/index.php\/wp-json\/wp\/v2\/pages\/87","targetHints":{"allow":["GET"]}}],"collection":[{"href":"https:\/\/www.justiciasantafe.gov.ar\/index.php\/wp-json\/wp\/v2\/pages"}],"about":[{"href":"https:\/\/www.justiciasantafe.gov.ar\/index.php\/wp-json\/wp\/v2\/types\/page"}],"author":[{"embeddable":true,"href":"https:\/\/www.justiciasantafe.gov.ar\/index.php\/wp-json\/wp\/v2\/users\/1"}],"replies":[{"embeddable":true,"href":"https:\/\/www.justiciasantafe.gov.ar\/index.php\/wp-json\/wp\/v2\/comments?post=87"}],"version-history":[{"count":0,"href":"https:\/\/www.justiciasantafe.gov.ar\/index.php\/wp-json\/wp\/v2\/pages\/87\/revisions"}],"up":[{"embeddable":true,"href":"https:\/\/www.justiciasantafe.gov.ar\/index.php\/wp-json\/wp\/v2\/pages\/81"}],"wp:attachment":[{"href":"https:\/\/www.justiciasantafe.gov.ar\/index.php\/wp-json\/wp\/v2\/media?parent=87"}],"curies":[{"name":"wp","href":"https:\/\/api.w.org\/{rel}","templated":true}]}}