 {"id":906,"date":"2021-12-03T17:38:21","date_gmt":"2021-12-03T20:38:21","guid":{"rendered":"https:\/\/www.justiciasantafe.gov.ar\/?page_id=906"},"modified":"2023-11-02T09:02:17","modified_gmt":"2023-11-02T12:02:17","slug":"comunicacion-visual-y-difusion-grafica-coronavirus-covid-19","status":"publish","type":"page","link":"https:\/\/www.justiciasantafe.gov.ar\/index.php\/poder-judicial\/inicio\/coronavirus-covid-19\/comunicacion-visual-y-difusion-grafica-coronavirus-covid-19\/","title":{"rendered":"COMUNICACI\u00d3N VISUAL Y DIFUSI\u00d3N GR\u00c1FICA CORONAVIRUS &#8211; COVID 19"},"content":{"rendered":"<div class=\"row\"  id=\"row-1140105691\">\n\n\t<div id=\"col-79996563\" class=\"col small-12 large-12\"  >\n\t\t\t\t<div class=\"col-inner\"  >\n\t\t\t\n\t\t\t\n<p>&nbsp;<\/p>\n<ul>\n<li><strong><a href=\"https:\/\/www.justiciasantafe.gov.ar\/wp-content\/uploads\/2021\/12\/Afiche.jpg\">AFICHE<\/a><\/strong><\/li>\n<li><strong><a href=\"https:\/\/www.justiciasantafe.gov.ar\/wp-content\/uploads\/2021\/12\/Banner-scaled.jpg\">BANNER<\/a><\/strong><\/li>\n<li><a href=\"https:\/\/www.justiciasantafe.gov.ar\/wp-content\/uploads\/2021\/12\/Volante.jpg\"><strong>VOLANTE<\/strong><\/a><\/li>\n<li><a href=\"https:\/\/www.justiciasantafe.gov.ar\/wp-content\/uploads\/2021\/12\/Placa20Web.jpg\"><strong>PLACA WEB<\/strong><\/a><\/li>\n<li><strong>VIDEO INSTITUCIONAL:<\/strong>\n<ul>\n<li><a href=\"http:\/\/www.justiciasantafe.gov.ar\/ckfinder\/userfiles\/files\/prensa-y-difusion\/video2.mp4\"><strong>EL PODER JUDICIAL EN LA PANDEMIA COVID-19<\/strong><\/a><\/li>\n<li><strong><a href=\"http:\/\/www.justiciasantafe.gov.ar\/ckfinder\/userfiles\/files\/prensa-y-difusion\/Justicia-covid-web-1.mp4\" target=\"_blank\" rel=\"noopener\">LA JUSTICIA EN CIFRAS EN TIEMPOS DE CORONAVIRUS<\/a><\/strong><\/li>\n<\/ul>\n<\/li>\n<li><a href=\"https:\/\/www.justiciasantafe.gov.ar\/wp-content\/uploads\/2021\/12\/FLYER20TELEFONOS20REFERENTES20MC389DICOS20PODER20JUDICIAL.jpg\"><strong>PROFESIONALES REFERENTES ANTE S\u00cdNTOMAS &#8211; COVID-19&#8243;<\/strong><\/a><\/li>\n<\/ul>\n\t\t<\/div>\n\t\t\t\t\t<\/div>\n\n\t\n<\/div>\n<div class=\"gsp_post_data\" data-post_type=\"page\" data-cat=\"\" data-modified=\"120\" data-title=\"COMUNICACI\u00d3N VISUAL Y DIFUSI\u00d3N GR\u00c1FICA CORONAVIRUS &#8211; COVID 19\" data-home=\"https:\/\/www.justiciasantafe.gov.ar\"><\/div>","protected":false},"excerpt":{"rendered":"","protected":false},"author":1,"featured_media":0,"parent":789,"menu_order":0,"comment_status":"closed","ping_status":"closed","template":"","meta":{"_acf_changed":false,"footnotes":""},"class_list":["post-906","page","type-page","status-publish","hentry"],"acf":[],"_links":{"self":[{"href":"https:\/\/www.justiciasantafe.gov.ar\/index.php\/wp-json\/wp\/v2\/pages\/906","targetHints":{"allow":["GET"]}}],"collection":[{"href":"https:\/\/www.justiciasantafe.gov.ar\/index.php\/wp-json\/wp\/v2\/pages"}],"about":[{"href":"https:\/\/www.justiciasantafe.gov.ar\/index.php\/wp-json\/wp\/v2\/types\/page"}],"author":[{"embeddable":true,"href":"https:\/\/www.justiciasantafe.gov.ar\/index.php\/wp-json\/wp\/v2\/users\/1"}],"replies":[{"embeddable":true,"href":"https:\/\/www.justiciasantafe.gov.ar\/index.php\/wp-json\/wp\/v2\/comments?post=906"}],"version-history":[{"count":0,"href":"https:\/\/www.justiciasantafe.gov.ar\/index.php\/wp-json\/wp\/v2\/pages\/906\/revisions"}],"up":[{"embeddable":true,"href":"https:\/\/www.justiciasantafe.gov.ar\/index.php\/wp-json\/wp\/v2\/pages\/789"}],"wp:attachment":[{"href":"https:\/\/www.justiciasantafe.gov.ar\/index.php\/wp-json\/wp\/v2\/media?parent=906"}],"curies":[{"name":"wp","href":"https:\/\/api.w.org\/{rel}","templated":true}]}}