 {"id":9301,"date":"2022-02-17T15:47:00","date_gmt":"2022-02-17T18:47:00","guid":{"rendered":"https:\/\/www.justiciasantafe.gov.ar\/?page_id=9301"},"modified":"2023-11-02T09:02:15","modified_gmt":"2023-11-02T12:02:15","slug":"inicio-electronico-de-demandas-ante-las-mesas-de-entradas-unicas-electronicas-m-e-u-e-y-ante-organos-jurisdiccionales-sin-mesas-de-entradas-unicas-autoconsulta-online","status":"publish","type":"page","link":"https:\/\/www.justiciasantafe.gov.ar\/index.php\/poder-judicial\/inicio\/sistema-de-autoconsulta-de-expedientes-del-poder-judicial-de-santa-fe\/inicio-electronico-de-demandas-ante-las-mesas-de-entradas-unicas-electronicas-m-e-u-e-y-ante-organos-jurisdiccionales-sin-mesas-de-entradas-unicas-autoconsulta-online\/","title":{"rendered":"Inicio electr\u00f3nico de demandas ante las Mesas de Entradas \u00danicas Electr\u00f3nicas (M.E.U.E.) y ante \u00d3rganos jurisdiccionales sin Mesas de Entradas \u00danicas &#8211; Autoconsulta online"},"content":{"rendered":"<ul>\n<li><strong><a href=\"https:\/\/www.justiciasantafe.gov.ar\/wp-content\/uploads\/2023\/04\/CSJSF-Acta-11-25.4.2023-MODIFICACIONES-DEL-SISTEMA-JUDICIAL-SISFE.pdf\"><span style=\"color: #003300;\">Acuerdo de la Corte Suprema de Justicia de fecha 25.4.2023, Acta N\u00b0 11, punto 10, que dispuso la ampliaci\u00f3n de la capacidad de los archivos inform\u00e1ticos en los que sean presentadas demandas y contestaciones de demandas; y la extensi\u00f3n del horario de presentaci\u00f3n electr\u00f3nica de escritos en el sistema de gesti\u00f3n Sisfe.<\/span><\/a><\/strong><\/li>\n<\/ul>\n<ul>\n<li><span style=\"color: #003300;\"><a style=\"color: #003300;\" href=\"https:\/\/www.justiciasantafe.gov.ar\/wp-content\/uploads\/2022\/02\/certif20Acta204620pto208.pdf\" target=\"_blank\" rel=\"noopener\"><strong>Acuerdo de la Corte Suprema de Justicia de fecha 15.12.2020, Acta N\u00b0 46, punto 8, referente al\u00a0inicio de demandas electr\u00f3nicas\u00a0ante las Mesas de Entradas \u00danicas Electr\u00f3nicas (M.E.U.E.) y ante \u00d3rganos jurisdiccionales sin Mesas de Entradas \u00danicas &#8211; Autoconsulta online.<\/strong><\/a><\/span><\/li>\n<\/ul>\n<ul>\n<li><span style=\"color: #003300;\"><strong><a style=\"color: #003300;\" href=\"https:\/\/www.justiciasantafe.gov.ar\/wp-content\/uploads\/2022\/02\/Acuerdo20CSJ20Acta201620p20120de20fecha2010.6.2020.pdf\" target=\"_blank\" rel=\"noopener\">Acuerdo de la Corte Suprema de Justicia de fecha 10.06.2020, Acta N\u00b0 16, punto 1, que habilita el inicio electr\u00f3nico de demandas ante las Mesas de Entradas \u00danicas Electr\u00f3nicas (M.E.U.E.) y ante \u00d3rganos jurisdiccionales sin Mesas de Entradas \u00danicas &#8211; Autoconsulta online.<\/a><\/strong><\/span><\/li>\n<\/ul>\n<ul>\n<li><span style=\"color: #003300;\"><a style=\"color: #003300;\" href=\"https:\/\/www.justiciasantafe.gov.ar\/wp-content\/uploads\/2022\/10\/Demandas-ante-M.E.U.E.-nuevo.pdf\" target=\"_blank\" rel=\"noopener\"><strong>Reglamento para el inicio electr\u00f3nico de demandas ante las Mesas de Entradas \u00danicas Electr\u00f3nicas (M.E.U.E.) &#8211; Autoconsulta online.<\/strong><\/a><\/span><\/li>\n<\/ul>\n<ul>\n<li><span style=\"color: #003300;\"><a style=\"color: #003300;\" href=\"https:\/\/www.justiciasantafe.gov.ar\/wp-content\/uploads\/2022\/10\/Demandas-ante-organos-sin-M.E.U.E.-nuevo.pdf\" target=\"_blank\" rel=\"noopener\"><strong>Reglamento para el inicio electr\u00f3nico de demandas ante \u00d3rganos jurisdiccionales sin Mesas de Entradas \u00danicas &#8211; Autoconsulta online.<\/strong><\/a><\/span><\/li>\n<\/ul>\n<ul>\n<li><span style=\"color: #003300;\"><a style=\"color: #003300;\" href=\"https:\/\/www.justiciasantafe.gov.ar\/wp-content\/uploads\/2022\/02\/listado20MEUE20y20C3B3rganos20jurisdiccionales20-20inicio20electrC3B3nico20de20demandas20.pdf\" target=\"_blank\" rel=\"noopener\"><strong>Listado de Mesas de Entradas \u00danicas Electr\u00f3nicas (M.E.U.E.) y \u00d3rganos Jurisdiccionales sin Mesas de Entradas \u00danicas habilitados para la recepci\u00f3n de demandas por medios electr\u00f3nicos.<\/strong><\/a><\/span><\/li>\n<\/ul>\n<ul>\n<li><span style=\"color: #003300;\"><a style=\"color: #003300;\" href=\"https:\/\/sisfe.justiciasantafe.gov.ar\/ayuda\" target=\"_blank\" rel=\"noopener\"><strong>Manual de ayuda para el uso del sistema &#8220;Autoconsulta de expedientes SISFE&#8221;<\/strong><\/a><\/span><\/li>\n<\/ul>\n<ul>\n<li><span style=\"color: #003300;\"><strong>Capacitaciones:<\/strong><\/span><\/li>\n<\/ul>\n<ul>\n<li style=\"list-style-type: none;\">\n<ul>\n<li><span style=\"color: #003300;\"><a style=\"color: #003300;\" href=\"https:\/\/www.youtube.com\/watch?v=uVamqPchUgQ&amp;list=PLLBykC02gqnK5N2uxI3DH2nuFXAbBGjqC&amp;index=9\" target=\"_blank\" rel=\"noopener\"><strong>Capacitaci\u00f3n sobre &#8220;Inicio Electr\u00f3nico de Demandas&#8221;.<\/strong><\/a><\/span><\/li>\n<li><span style=\"color: #003300;\"><a style=\"color: #003300;\" href=\"https:\/\/www.justiciasantafe.gov.ar\/index.php\/poder-judicial\/inicio\/sistema-de-autoconsulta-de-expedientes-del-poder-judicial-de-santa-fe\/capacitaciones\/\" target=\"_blank\" rel=\"noopener\"><strong>Capacitaciones sobre aspectos jur\u00eddicos y pr\u00e1cticos, destinadas a los Profesionales Matriculados.<\/strong><\/a><\/span><\/li>\n<\/ul>\n<\/li>\n<\/ul>\n<ul>\n<li style=\"list-style-type: none;\"><\/li>\n<li><span style=\"color: #003300;\"><a style=\"color: #003300;\" href=\"https:\/\/www.justiciasantafe.gov.ar\/wp-content\/uploads\/2022\/02\/ResoluciC3B3n.pdf\" target=\"_blank\" rel=\"noopener\"><strong>Resoluci\u00f3n que habilit\u00f3 la presentaci\u00f3n electr\u00f3nica de demandas ante \u00d3rganos jurisdiccionales de Primera Instancia situados en sedes judiciales que no cuentan con Mesas de Entradas \u00danica.<\/strong><\/a><\/span><\/li>\n<\/ul>\n<div class=\"gsp_post_data\" data-post_type=\"page\" data-cat=\"\" data-modified=\"120\" data-title=\"Inicio electr\u00f3nico de demandas ante las Mesas de Entradas \u00danicas Electr\u00f3nicas (M.E.U.E.) y ante \u00d3rganos jurisdiccionales sin Mesas de Entradas \u00danicas &#8211; Autoconsulta online\" data-home=\"https:\/\/www.justiciasantafe.gov.ar\"><\/div>","protected":false},"excerpt":{"rendered":"<p>Acuerdo de la Corte Suprema de Justicia de fecha 25.4.2023, Acta N\u00b0 11, punto 10, que dispuso la ampliaci\u00f3n de la capacidad de los archivos inform\u00e1ticos en los que sean presentadas demandas y contestaciones de demandas; y la extensi\u00f3n del horario de presentaci\u00f3n electr\u00f3nica de escritos en el sistema de gesti\u00f3n Sisfe. Acuerdo de la [&#8230;]\n","protected":false},"author":12,"featured_media":0,"parent":3488,"menu_order":0,"comment_status":"closed","ping_status":"closed","template":"","meta":{"_acf_changed":false,"footnotes":""},"class_list":["post-9301","page","type-page","status-publish","hentry"],"acf":[],"_links":{"self":[{"href":"https:\/\/www.justiciasantafe.gov.ar\/index.php\/wp-json\/wp\/v2\/pages\/9301","targetHints":{"allow":["GET"]}}],"collection":[{"href":"https:\/\/www.justiciasantafe.gov.ar\/index.php\/wp-json\/wp\/v2\/pages"}],"about":[{"href":"https:\/\/www.justiciasantafe.gov.ar\/index.php\/wp-json\/wp\/v2\/types\/page"}],"author":[{"embeddable":true,"href":"https:\/\/www.justiciasantafe.gov.ar\/index.php\/wp-json\/wp\/v2\/users\/12"}],"replies":[{"embeddable":true,"href":"https:\/\/www.justiciasantafe.gov.ar\/index.php\/wp-json\/wp\/v2\/comments?post=9301"}],"version-history":[{"count":0,"href":"https:\/\/www.justiciasantafe.gov.ar\/index.php\/wp-json\/wp\/v2\/pages\/9301\/revisions"}],"up":[{"embeddable":true,"href":"https:\/\/www.justiciasantafe.gov.ar\/index.php\/wp-json\/wp\/v2\/pages\/3488"}],"wp:attachment":[{"href":"https:\/\/www.justiciasantafe.gov.ar\/index.php\/wp-json\/wp\/v2\/media?parent=9301"}],"curies":[{"name":"wp","href":"https:\/\/api.w.org\/{rel}","templated":true}]}}