 {"id":9319,"date":"2022-02-17T15:55:15","date_gmt":"2022-02-17T18:55:15","guid":{"rendered":"https:\/\/www.justiciasantafe.gov.ar\/?page_id=9319"},"modified":"2023-11-02T09:02:15","modified_gmt":"2023-11-02T12:02:15","slug":"presentacion-electronica-de-escritos-en-expedientes-iniciados-y-en-tramite-autoconsulta-online","status":"publish","type":"page","link":"https:\/\/www.justiciasantafe.gov.ar\/index.php\/poder-judicial\/inicio\/sistema-de-autoconsulta-de-expedientes-del-poder-judicial-de-santa-fe\/presentacion-electronica-de-escritos-en-expedientes-iniciados-y-en-tramite-autoconsulta-online\/","title":{"rendered":"Presentaci\u00f3n electr\u00f3nica de escritos en expedientes iniciados y en tr\u00e1mite &#8211; Autoconsulta online"},"content":{"rendered":"<ul>\n<li><a href=\"https:\/\/www.justiciasantafe.gov.ar\/wp-content\/uploads\/2022\/02\/3420Nueva20Funcionalidad.pdf\" target=\"_blank\" rel=\"noopener\"><strong>Acuerdo de la Corte Suprema de Justicia de fecha 21.09.2021, Acta N\u00b0 34, punto 11, sobre la puesta en funcionamiento de una nueva funcionalidad que permite realizar la primera vinculaci\u00f3n de un profesional a un expediente en tr\u00e1mite a trav\u00e9s de SISFE Autoconsulta online.<\/strong><\/a><\/li>\n<\/ul>\n<ul>\n<li><a href=\"https:\/\/www.justiciasantafe.gov.ar\/wp-content\/uploads\/2022\/02\/certif20Acta204620pto209.pdf\" target=\"_blank\" rel=\"noopener\"><strong>Acuerdo de la Corte Suprema de Justicia de fecha 15.12.2020, Acta N\u00b0 46, punto 9, referente a la presentaci\u00f3n electr\u00f3nica de escritos en expedientes en tr\u00e1mite a trav\u00e9s de la Autoconsulta online.<\/strong><\/a><\/li>\n<\/ul>\n<ul>\n<li><strong><a href=\"https:\/\/www.justiciasantafe.gov.ar\/wp-content\/uploads\/2022\/02\/Acta203520p.420presentaciC3B3n20electrC3B3nica20de20escritos.pdf\" target=\"_blank\" rel=\"noopener\">Acuerdo de la Corte Suprema de Justicia de fecha 13.10.2020, Acta N\u00b0 35, que habilit\u00f3 la presentaci\u00f3n y recepci\u00f3n electr\u00f3nica de escritos en expedientes en tr\u00e1mite ante los \u00d3rganos jurisdiccionales, a trav\u00e9s de una funcionalidad de la Autoconsulta online.<\/a><\/strong><\/li>\n<\/ul>\n<div>\n<ul>\n<li><a href=\"https:\/\/www.justiciasantafe.gov.ar\/wp-content\/uploads\/2022\/10\/Presentacion-Electronica-de-Escritos-nuevos.pdf\" target=\"_blank\" rel=\"noopener\"><strong>Pautas de funcionamiento para la presentaci\u00f3n electr\u00f3nica de escritos en expedientes iniciados y en tr\u00e1mite &#8211; Autoconsulta online.<\/strong><\/a><\/li>\n<\/ul>\n<ul>\n<li><a href=\"https:\/\/sisfe.justiciasantafe.gov.ar\/ayuda\" target=\"_blank\" rel=\"noopener\"><strong>Manual de ayuda para el uso del sistema &#8220;Autoconsulta de expedientes SISFE&#8221;<\/strong><\/a><\/li>\n<\/ul>\n<ul>\n<li><strong><a href=\"https:\/\/www.youtube.com\/watch?v=uVamqPchUgQ&amp;list=PLLBykC02gqnK5N2uxI3DH2nuFXAbBGjqC&amp;index=9\" target=\"_blank\" rel=\"noopener\">Capacitaciones para los Profesionales matriculados.<\/a><\/strong><\/li>\n<\/ul>\n<ul>\n<li><strong>Antecedentes:<\/strong>\n<ul>\n<li><strong><a href=\"https:\/\/www.justiciasantafe.gov.ar\/wp-content\/uploads\/2022\/02\/Acta203320-2029.9.2020.pdf\" target=\"_blank\" rel=\"noopener\">Prueba Piloto: Acuerdo de la Corte Suprema\u00a0de Justicia de fecha 29.09.2020, Acta N\u00b0 33.<\/a><\/strong><\/li>\n<li>\u200b<strong><a href=\"https:\/\/www.justiciasantafe.gov.ar\/wp-content\/uploads\/2022\/02\/Cuentas20de20Correo20Institucionales.pdf\" target=\"_blank\" rel=\"noopener\">Gu\u00eda de cuentas de correo electr\u00f3nico oficial &#8211; Acuerdos de la Corte Suprema de Justicia de fecha 14.4.2020, Acta Nro. 11; 13.5.2020, Acta Nro. 14 y 10.6.2020, Acta Nro. 16; y actualizado seg\u00fan Resoluci\u00f3n de Presidencia de fecha 26.8.2020 &#8211; Circular N\u00b0 124\/2020.<\/a><\/strong><\/li>\n<\/ul>\n<\/li>\n<\/ul>\n<\/div>\n<div class=\"gsp_post_data\" data-post_type=\"page\" data-cat=\"\" data-modified=\"120\" data-title=\"Presentaci\u00f3n electr\u00f3nica de escritos en expedientes iniciados y en tr\u00e1mite &#8211; Autoconsulta online\" data-home=\"https:\/\/www.justiciasantafe.gov.ar\"><\/div>","protected":false},"excerpt":{"rendered":"<p>Acuerdo de la Corte Suprema de Justicia de fecha 21.09.2021, Acta N\u00b0 34, punto 11, sobre la puesta en funcionamiento de una nueva funcionalidad que permite realizar la primera vinculaci\u00f3n de un profesional a un expediente en tr\u00e1mite a trav\u00e9s de SISFE Autoconsulta online. Acuerdo de la Corte Suprema de Justicia de fecha 15.12.2020, Acta [&#8230;]\n","protected":false},"author":12,"featured_media":0,"parent":3488,"menu_order":0,"comment_status":"closed","ping_status":"closed","template":"","meta":{"_acf_changed":false,"footnotes":""},"class_list":["post-9319","page","type-page","status-publish","hentry"],"acf":[],"_links":{"self":[{"href":"https:\/\/www.justiciasantafe.gov.ar\/index.php\/wp-json\/wp\/v2\/pages\/9319","targetHints":{"allow":["GET"]}}],"collection":[{"href":"https:\/\/www.justiciasantafe.gov.ar\/index.php\/wp-json\/wp\/v2\/pages"}],"about":[{"href":"https:\/\/www.justiciasantafe.gov.ar\/index.php\/wp-json\/wp\/v2\/types\/page"}],"author":[{"embeddable":true,"href":"https:\/\/www.justiciasantafe.gov.ar\/index.php\/wp-json\/wp\/v2\/users\/12"}],"replies":[{"embeddable":true,"href":"https:\/\/www.justiciasantafe.gov.ar\/index.php\/wp-json\/wp\/v2\/comments?post=9319"}],"version-history":[{"count":0,"href":"https:\/\/www.justiciasantafe.gov.ar\/index.php\/wp-json\/wp\/v2\/pages\/9319\/revisions"}],"up":[{"embeddable":true,"href":"https:\/\/www.justiciasantafe.gov.ar\/index.php\/wp-json\/wp\/v2\/pages\/3488"}],"wp:attachment":[{"href":"https:\/\/www.justiciasantafe.gov.ar\/index.php\/wp-json\/wp\/v2\/media?parent=9319"}],"curies":[{"name":"wp","href":"https:\/\/api.w.org\/{rel}","templated":true}]}}