 {"id":9341,"date":"2022-02-17T16:12:33","date_gmt":"2022-02-17T19:12:33","guid":{"rendered":"https:\/\/www.justiciasantafe.gov.ar\/?page_id=9341"},"modified":"2023-11-02T09:02:15","modified_gmt":"2023-11-02T12:02:15","slug":"la-corte-suprema-dispuso-nuevos-requisitos-para-la-presentacion-de-los-escritos-previstos-en-la-ley-7055","status":"publish","type":"page","link":"https:\/\/www.justiciasantafe.gov.ar\/index.php\/poder-judicial\/inicio\/sistema-de-autoconsulta-de-expedientes-del-poder-judicial-de-santa-fe\/la-corte-suprema-dispuso-nuevos-requisitos-para-la-presentacion-de-los-escritos-previstos-en-la-ley-7055\/","title":{"rendered":"La Corte Suprema dispuso nuevos requisitos para la presentaci\u00f3n de los escritos previstos en la Ley 7055"},"content":{"rendered":"<div>La Corte Suprema de Justicia de Santa Fe dispuso en reuni\u00f3n de acuerdo ordinario, nuevos resguardos formales para la presentaci\u00f3n de escritos en el marco de la Ley 7055.Se trata de nuevos par\u00e1metros formales en orden al gestionamiento de los escritos judiciales de conformidad a las actuales v\u00edas de acceso inform\u00e1tico que otorgan mayor celeridad y tr\u00e1fico a la informaci\u00f3n.<\/p>\n<p>En consecuencia, la forma para la presentaci\u00f3n del escrito judicial referente al Recurso de Inconstitucionalidad previsto por la Ley 7055, deber\u00e1 interponerse mediante un escrito de extensi\u00f3n no mayor a cuarenta p\u00e1ginas de veintis\u00e9is renglones, y con letra de tama\u00f1o claramente legible (no menor de 12). Igual disposici\u00f3n ser\u00e1 de aplicaci\u00f3n para el escrito de contestaci\u00f3n del traslado previsto en el art. 4 de la referida ley.<\/p>\n<p>Asimismo, la m\u00e1xima autoridad judicial provincial orden\u00f3 que el Recurso de Queja por Denegaci\u00f3n del Recurso de Inconstitucionalidad, deber\u00e1 interponerse mediante un escrito de extensi\u00f3n no mayor a veinte p\u00e1ginas de veintis\u00e9is renglones, y con letra de tama\u00f1o claramente legible (no menor de 12).<\/p>\n<p>Dichas medidas comenzar\u00e1n a regir el\u00a0<u><em><strong>1\u00b0 de septiembre de 2021<\/strong><\/em><\/u>.<\/p>\n<p>Para ampliar la informaci\u00f3n aqu\u00ed contenida ver archivo adjunto.<\/p>\n<p>Santa Fe, 19 de agosto de 2021.<br \/>\n<strong>PRENSA \/ PODER JUDICIAL DE SANTA FE<\/strong><\/p>\n<\/div>\n<p>&nbsp;<\/p>\n<h4 class=\"post-title\" style=\"text-align: left;\">Archivos<\/h4>\n<table class=\"twelve alignleft\">\n<tbody>\n<tr>\n<td>\n<ul class=\"link-list\">\n<li><a href=\"https:\/\/www.justiciasantafe.gov.ar\/wp-content\/uploads\/2022\/02\/7383.pdf\" target=\"_blank\" rel=\"noopener\">CSJSF REGLAS PARA LA INTERPOSICI\u00d3N DE ESCRITOS LEY 7055<\/a><\/li>\n<\/ul>\n<\/td>\n<\/tr>\n<\/tbody>\n<\/table>\n<div class=\"clear\"><\/div>\n<div class=\"line\"><\/div>\n<div><\/div>\n<p>&nbsp;<\/p>\n<div class=\"gsp_post_data\" data-post_type=\"page\" data-cat=\"\" data-modified=\"120\" data-title=\"La Corte Suprema dispuso nuevos requisitos para la presentaci\u00f3n de los escritos previstos en la Ley 7055\" data-home=\"https:\/\/www.justiciasantafe.gov.ar\"><\/div>","protected":false},"excerpt":{"rendered":"<p>La Corte Suprema de Justicia de Santa Fe dispuso en reuni\u00f3n de acuerdo ordinario, nuevos resguardos formales para la presentaci\u00f3n de escritos en el marco de la Ley 7055.Se trata de nuevos par\u00e1metros formales en orden al gestionamiento de los escritos judiciales de conformidad a las actuales v\u00edas de acceso inform\u00e1tico que otorgan mayor celeridad [&#8230;]\n","protected":false},"author":12,"featured_media":0,"parent":3488,"menu_order":0,"comment_status":"closed","ping_status":"closed","template":"","meta":{"_acf_changed":false,"footnotes":""},"class_list":["post-9341","page","type-page","status-publish","hentry"],"acf":[],"_links":{"self":[{"href":"https:\/\/www.justiciasantafe.gov.ar\/index.php\/wp-json\/wp\/v2\/pages\/9341","targetHints":{"allow":["GET"]}}],"collection":[{"href":"https:\/\/www.justiciasantafe.gov.ar\/index.php\/wp-json\/wp\/v2\/pages"}],"about":[{"href":"https:\/\/www.justiciasantafe.gov.ar\/index.php\/wp-json\/wp\/v2\/types\/page"}],"author":[{"embeddable":true,"href":"https:\/\/www.justiciasantafe.gov.ar\/index.php\/wp-json\/wp\/v2\/users\/12"}],"replies":[{"embeddable":true,"href":"https:\/\/www.justiciasantafe.gov.ar\/index.php\/wp-json\/wp\/v2\/comments?post=9341"}],"version-history":[{"count":0,"href":"https:\/\/www.justiciasantafe.gov.ar\/index.php\/wp-json\/wp\/v2\/pages\/9341\/revisions"}],"up":[{"embeddable":true,"href":"https:\/\/www.justiciasantafe.gov.ar\/index.php\/wp-json\/wp\/v2\/pages\/3488"}],"wp:attachment":[{"href":"https:\/\/www.justiciasantafe.gov.ar\/index.php\/wp-json\/wp\/v2\/media?parent=9341"}],"curies":[{"name":"wp","href":"https:\/\/api.w.org\/{rel}","templated":true}]}}