 {"id":9376,"date":"2022-02-17T16:34:34","date_gmt":"2022-02-17T19:34:34","guid":{"rendered":"https:\/\/www.justiciasantafe.gov.ar\/?page_id=9376"},"modified":"2023-11-02T09:02:18","modified_gmt":"2023-11-02T12:02:18","slug":"inicio-electronico-de-demandas-en-lote","status":"publish","type":"page","link":"https:\/\/www.justiciasantafe.gov.ar\/index.php\/poder-judicial\/inicio\/coronavirus-covid-19\/inicio-electronico-de-demandas-en-lote\/","title":{"rendered":"Inicio Electr\u00f3nico de Demandas &#8220;en Lote&#8221;"},"content":{"rendered":"<div class=\"row\"  id=\"row-1228868906\">\n\n\t<div id=\"col-389585516\" class=\"col small-12 large-12\"  >\n\t\t\t\t<div class=\"col-inner\"  >\n\t\t\t\n\t\t\t\n<ul>\n<li><a href=\"https:\/\/www.justiciasantafe.gov.ar\/wp-content\/uploads\/2022\/02\/Certifico20Acta204320pto207-1.pdf\" target=\"_blank\" rel=\"noopener\"><strong>Acuerdo de la Corte Suprema de Justicia de fecha 1.12.2020, Acta N\u00b0 43, punto 7, que habilita el inicio electr\u00f3nico de demandas &#8220;en lote&#8221; a trav\u00e9s de una funcionalidad de la Autoconsulta Online y mediante la p\u00e1gina web institucional del Poder Judicial.<\/strong><\/a><\/li>\n<\/ul>\n<div><\/div>\n<ul>\n<li><a href=\"https:\/\/sisfe.justiciasantafe.gov.ar\/ayuda\" target=\"_blank\" rel=\"noopener\"><strong>Manual de ayuda para el uso del sistema &#8220;Autoconsulta de expedientes SISFE&#8221;<\/strong><\/a><\/li>\n<\/ul>\n<div><\/div>\n<ul>\n<li><a href=\"https:\/\/www.youtube.com\/watch?v=uVamqPchUgQ&amp;list=PLLBykC02gqnK5N2uxI3DH2nuFXAbBGjqC&amp;index=9\" target=\"_blank\" rel=\"noopener\"><strong>Capacitaci\u00f3n del d\u00eda 4.12.2020 sobre Inicio Electr\u00f3nico de Demandas &#8220;en Lote&#8221;\u00a0y &#8220;C\u00e9dulas entre Profesionales matriculados&#8221;.<\/strong><\/a><\/li>\n<\/ul>\n\t\t<\/div>\n\t\t\t\t\t<\/div>\n\n\t\n<\/div>\n<div class=\"gsp_post_data\" data-post_type=\"page\" data-cat=\"\" data-modified=\"120\" data-title=\"Inicio Electr\u00f3nico de Demandas &#8220;en Lote&#8221;\" data-home=\"https:\/\/www.justiciasantafe.gov.ar\"><\/div>","protected":false},"excerpt":{"rendered":"","protected":false},"author":12,"featured_media":0,"parent":789,"menu_order":0,"comment_status":"closed","ping_status":"closed","template":"","meta":{"_acf_changed":false,"footnotes":""},"class_list":["post-9376","page","type-page","status-publish","hentry"],"acf":[],"_links":{"self":[{"href":"https:\/\/www.justiciasantafe.gov.ar\/index.php\/wp-json\/wp\/v2\/pages\/9376","targetHints":{"allow":["GET"]}}],"collection":[{"href":"https:\/\/www.justiciasantafe.gov.ar\/index.php\/wp-json\/wp\/v2\/pages"}],"about":[{"href":"https:\/\/www.justiciasantafe.gov.ar\/index.php\/wp-json\/wp\/v2\/types\/page"}],"author":[{"embeddable":true,"href":"https:\/\/www.justiciasantafe.gov.ar\/index.php\/wp-json\/wp\/v2\/users\/12"}],"replies":[{"embeddable":true,"href":"https:\/\/www.justiciasantafe.gov.ar\/index.php\/wp-json\/wp\/v2\/comments?post=9376"}],"version-history":[{"count":0,"href":"https:\/\/www.justiciasantafe.gov.ar\/index.php\/wp-json\/wp\/v2\/pages\/9376\/revisions"}],"up":[{"embeddable":true,"href":"https:\/\/www.justiciasantafe.gov.ar\/index.php\/wp-json\/wp\/v2\/pages\/789"}],"wp:attachment":[{"href":"https:\/\/www.justiciasantafe.gov.ar\/index.php\/wp-json\/wp\/v2\/media?parent=9376"}],"curies":[{"name":"wp","href":"https:\/\/api.w.org\/{rel}","templated":true}]}}