 {"id":945,"date":"2021-12-06T09:21:13","date_gmt":"2021-12-06T12:21:13","guid":{"rendered":"https:\/\/www.justiciasantafe.gov.ar\/?page_id=945"},"modified":"2024-06-27T09:16:35","modified_gmt":"2024-06-27T12:16:35","slug":"firma-digital","status":"publish","type":"page","link":"https:\/\/www.justiciasantafe.gov.ar\/index.php\/poder-judicial\/inicio\/firma-digital\/","title":{"rendered":"Firma Digital"},"content":{"rendered":"<div class=\"row\"  id=\"row-13958600\">\n\n\t<div id=\"col-1386614233\" class=\"col small-12 large-12\"  >\n\t\t\t\t<div class=\"col-inner\"  >\n\t\t\t\n\t\t\t\n<div style=\"text-align: center;\"><strong><u>FIRMA DIGITAL CON TOKEN<\/u><\/strong><\/div>\n<p><strong><u>\u00bfQu\u00e9 es la firma digital?<\/u><\/strong><br \/>\nLa firma digital es una soluci\u00f3n tecnol\u00f3gica que permite a\u00f1adir a documentos digitales y mensajes de correo electr\u00f3nico una huella o marca \u00fanica, a trav\u00e9s de ciertas operaciones matem\u00e1ticas.<br \/>\nConforme la Ley 25.506, la firma digital cumple las mismas exigencias que la firma manuscrita de los documentos en papel, ya que posee las mismas caracter\u00edsticas t\u00e9cnicas de seguridad que una firma en papel, e incluso mayores.<\/p>\n<p><strong><u>\u00bfPara qu\u00e9 sirve?<\/u><\/strong><br \/>\nPara reemplazar de documentaci\u00f3n en papel por su equivalente en formato digital, ahorrando costos, simplificando procedimientos y brindando seguridad en el intercambio de informaci\u00f3n, garantizando la\u00a0<strong><u>autenticidad<\/u><\/strong>\u00a0&#8211;<em>permite identificar al firmante de forma fehaciente<\/em>-, la\u00a0<strong><u>integridad<\/u><\/strong>\u00a0&#8211;<em>permite verificar que el contenido no se ha modificado luego de la firma sin dejar evidencia de la alteraci\u00f3n<\/em>-, y la\u00a0<strong><u>validez jur\u00eddica<\/u><\/strong>\u00a0&#8211;<em>la firma digital tiene la misma validez jur\u00eddica que la firma de pu\u00f1o y letra<\/em>&#8211; del documento firmado digitalmente.<\/p>\n<div class=\"clear\"><\/div>\n\t\t<\/div>\n\t\t\t\t\t<\/div>\n\n\t\n\n\t<div id=\"col-216075788\" class=\"col hide-for-medium small-12 large-12\"  >\n\t\t\t\t<div class=\"col-inner text-left\"  >\n\t\t\t\n\t\t\t\n\n\t<section class=\"section hide-for-medium\" id=\"section_1855764095\">\n\t\t<div class=\"section-bg fill\" >\n\t\t\t\t\t\t\t\t\t\n\t\t\t\n\n\t\t<\/div>\n\n\t\t\n\n\t\t<div class=\"section-content relative\">\n\t\t\t\n<div class=\"row\"  id=\"row-1049980572\">\n\n\t<div id=\"col-1231722697\" class=\"col medium-4 small-12 large-4\"  >\n\t\t\t\t<div class=\"col-inner text-left\"  >\n\t\t\t\n\t\t\t\n\t<div class=\"box has-hover   has-hover box-bounce box-text-bottom\" >\n\n\t\t<div class=\"box-image\" >\n\t\t\t<a href=\"https:\/\/www.justiciasantafe.gov.ar\/index.php\/obtencion-firma-digital-primera-vez-alternativa\/\" >\t\t\t<div class=\"image-overlay-remove\" >\n\t\t\t\t<img loading=\"lazy\" decoding=\"async\" width=\"751\" height=\"250\" src=\"https:\/\/www.justiciasantafe.gov.ar\/wp-content\/uploads\/2023\/03\/boton-firma-digital-1ravez_Mesa-de-trabajo-1.jpg\" class=\"attachment- size-\" alt=\"\" srcset=\"https:\/\/www.justiciasantafe.gov.ar\/wp-content\/uploads\/2023\/03\/boton-firma-digital-1ravez_Mesa-de-trabajo-1.jpg 751w, https:\/\/www.justiciasantafe.gov.ar\/wp-content\/uploads\/2023\/03\/boton-firma-digital-1ravez_Mesa-de-trabajo-1-300x100.jpg 300w\" sizes=\"auto, (max-width: 751px) 100vw, 751px\" \/>\t\t\t\t\t\t\t\t\t\t\t<\/div>\n\t\t\t<\/a>\t\t<\/div>\n\n\t\t<div class=\"box-text show-on-hover hover-fade-out text-center\" style=\"background-color:rgb(0, 64, 64);\">\n\t\t\t<div class=\"box-text-inner\">\n\t\t\t\t\n\t<div id=\"text-3911071097\" class=\"text\">\n\t\t\n<h4>Obtenci\u00f3n de Firma Digital con Token por 1ra vez<\/h4>\n\t\t\n<style>\n#text-3911071097 {\n  font-size: 0.75rem;\n  line-height: 1.5;\n  color: rgb(255, 255, 255);\n}\n#text-3911071097 > * {\n  color: rgb(255, 255, 255);\n}\n<\/style>\n\t<\/div>\n\t\n\t\t\t<\/div>\n\t\t<\/div>\n\t<\/div>\n\t\n\t\t<\/div>\n\t\t\t\t\n<style>\n#col-1231722697 > .col-inner {\n  padding: 0px 0px 0px 0;\n}\n<\/style>\n\t<\/div>\n\n\t\n\n\t<div id=\"col-998108948\" class=\"col medium-4 small-12 large-4\"  >\n\t\t\t\t<div class=\"col-inner text-left\"  >\n\t\t\t\n\t\t\t\n\t<div class=\"box has-hover   has-hover box-bounce box-text-bottom\" >\n\n\t\t<div class=\"box-image\" >\n\t\t\t<a href=\"https:\/\/www.justiciasantafe.gov.ar\/index.php\/renovacion-del-certificado-de-firma\/\" >\t\t\t<div class=\"image-overlay-remove\" >\n\t\t\t\t<img loading=\"lazy\" decoding=\"async\" width=\"751\" height=\"250\" src=\"https:\/\/www.justiciasantafe.gov.ar\/wp-content\/uploads\/2023\/03\/boton-renovar-certificacion-firma-1.jpg\" class=\"attachment- size-\" alt=\"\" srcset=\"https:\/\/www.justiciasantafe.gov.ar\/wp-content\/uploads\/2023\/03\/boton-renovar-certificacion-firma-1.jpg 751w, https:\/\/www.justiciasantafe.gov.ar\/wp-content\/uploads\/2023\/03\/boton-renovar-certificacion-firma-1-300x100.jpg 300w\" sizes=\"auto, (max-width: 751px) 100vw, 751px\" \/>\t\t\t\t\t\t\t\t\t\t\t<\/div>\n\t\t\t<\/a>\t\t<\/div>\n\n\t\t<div class=\"box-text show-on-hover hover-fade-out text-center\" style=\"background-color:rgb(0, 64, 64);\">\n\t\t\t<div class=\"box-text-inner\">\n\t\t\t\t\n\t<div id=\"text-867848043\" class=\"text\">\n\t\t\n<h4>Renovaci\u00f3n del certificado de Firma<\/h4>\n\t\t\n<style>\n#text-867848043 {\n  color: rgb(255, 255, 255);\n}\n#text-867848043 > * {\n  color: rgb(255, 255, 255);\n}\n<\/style>\n\t<\/div>\n\t\n\t\t\t<\/div>\n\t\t<\/div>\n\t<\/div>\n\t\n\t\t<\/div>\n\t\t\t\t\n<style>\n#col-998108948 > .col-inner {\n  padding: 0px 0px 0px 0;\n}\n<\/style>\n\t<\/div>\n\n\t\n\n<\/div>\n<div class=\"row\"  id=\"row-788802729\">\n\n\t<div id=\"col-2067921183\" class=\"col medium-4 small-12 large-4\"  >\n\t\t\t\t<div class=\"col-inner text-left\"  >\n\t\t\t\n\t\t\t\n\t<div class=\"box has-hover   has-hover box-bounce box-text-bottom\" >\n\n\t\t<div class=\"box-image\" >\n\t\t\t<a href=\"https:\/\/www.justiciasantafe.gov.ar\/index.php\/olvide-la-clave-del-token-que-debo-hacer\/\" >\t\t\t<div class=\"image-overlay-remove\" >\n\t\t\t\t<img loading=\"lazy\" decoding=\"async\" width=\"751\" height=\"250\" src=\"https:\/\/www.justiciasantafe.gov.ar\/wp-content\/uploads\/2023\/03\/boton-clave-token_01-1.jpg\" class=\"attachment- size-\" alt=\"\" srcset=\"https:\/\/www.justiciasantafe.gov.ar\/wp-content\/uploads\/2023\/03\/boton-clave-token_01-1.jpg 751w, https:\/\/www.justiciasantafe.gov.ar\/wp-content\/uploads\/2023\/03\/boton-clave-token_01-1-300x100.jpg 300w\" sizes=\"auto, (max-width: 751px) 100vw, 751px\" \/>\t\t\t\t\t\t\t\t\t\t\t<\/div>\n\t\t\t<\/a>\t\t<\/div>\n\n\t\t<div class=\"box-text show-on-hover hover-fade-out text-center\" style=\"background-color:rgb(0, 64, 64);\">\n\t\t\t<div class=\"box-text-inner\">\n\t\t\t\t\n\t<div id=\"text-1325917379\" class=\"text\">\n\t\t\n<h4>Olvide la clave del token, \u00bfqu\u00e9 debo hacer?<\/h4>\n\t\t\n<style>\n#text-1325917379 {\n  color: rgb(255, 255, 255);\n}\n#text-1325917379 > * {\n  color: rgb(255, 255, 255);\n}\n<\/style>\n\t<\/div>\n\t\n\t\t\t<\/div>\n\t\t<\/div>\n\t<\/div>\n\t\n\t\t<\/div>\n\t\t\t\t\n<style>\n#col-2067921183 > .col-inner {\n  padding: 0px 0px 0px 0;\n  margin: -20px 0px 0px 0px;\n}\n<\/style>\n\t<\/div>\n\n\t\n\n\t<div id=\"col-308030367\" class=\"col medium-4 small-12 large-4\"  >\n\t\t\t\t<div class=\"col-inner text-left\"  >\n\t\t\t\n\t\t\t\n\t<div class=\"box has-hover   has-hover box-bounce box-text-bottom\" >\n\n\t\t<div class=\"box-image\" >\n\t\t\t<a href=\"https:\/\/www.justiciasantafe.gov.ar\/index.php\/como-firmar-digitalmente-un-documento\/\" >\t\t\t<div class=\"image-overlay-remove\" >\n\t\t\t\t<img loading=\"lazy\" decoding=\"async\" width=\"751\" height=\"250\" src=\"https:\/\/www.justiciasantafe.gov.ar\/wp-content\/uploads\/2023\/03\/boton-firma-digital-1.jpg\" class=\"attachment- size-\" alt=\"\" srcset=\"https:\/\/www.justiciasantafe.gov.ar\/wp-content\/uploads\/2023\/03\/boton-firma-digital-1.jpg 751w, https:\/\/www.justiciasantafe.gov.ar\/wp-content\/uploads\/2023\/03\/boton-firma-digital-1-300x100.jpg 300w\" sizes=\"auto, (max-width: 751px) 100vw, 751px\" \/>\t\t\t\t\t\t\t\t\t\t\t<\/div>\n\t\t\t<\/a>\t\t<\/div>\n\n\t\t<div class=\"box-text show-on-hover hover-fade-out text-center\" style=\"background-color:rgb(0, 64, 64);\">\n\t\t\t<div class=\"box-text-inner\">\n\t\t\t\t\n\t<div id=\"text-2170054614\" class=\"text\">\n\t\t\n<h4>\u00bfC\u00f3mo firmar digitalmente un documento?<\/h4>\n\t\t\n<style>\n#text-2170054614 {\n  color: rgb(255, 255, 255);\n}\n#text-2170054614 > * {\n  color: rgb(255, 255, 255);\n}\n<\/style>\n\t<\/div>\n\t\n\t\t\t<\/div>\n\t\t<\/div>\n\t<\/div>\n\t\n\t\t<\/div>\n\t\t\t\t\n<style>\n#col-308030367 > .col-inner {\n  padding: 0px 0px 0px 0;\n  margin: -20px 0px 0px 0px;\n}\n<\/style>\n\t<\/div>\n\n\t\n\n<\/div>\n<div class=\"row\"  id=\"row-1705063639\">\n\n\n\n\t<div id=\"col-1327271705\" class=\"col medium-4 small-12 large-4\"  >\n\t\t\t\t<div class=\"col-inner text-center\"  >\n\t\t\t\n\t\t\t\n\t<div class=\"box has-hover   has-hover box-bounce box-text-bottom\" >\n\n\t\t<div class=\"box-image\" >\n\t\t\t<a href=\"https:\/\/www.justiciasantafe.gov.ar\/index.php\/poder-judicial\/inicio\/firma-digital\/obtencion-de-turno-para-firma-digital\/\" >\t\t\t<div class=\"image-overlay-remove\" >\n\t\t\t\t<img loading=\"lazy\" decoding=\"async\" width=\"751\" height=\"250\" src=\"https:\/\/www.justiciasantafe.gov.ar\/wp-content\/uploads\/2023\/03\/boton-firma-digital_01-1.jpg\" class=\"attachment- size-\" alt=\"\" srcset=\"https:\/\/www.justiciasantafe.gov.ar\/wp-content\/uploads\/2023\/03\/boton-firma-digital_01-1.jpg 751w, https:\/\/www.justiciasantafe.gov.ar\/wp-content\/uploads\/2023\/03\/boton-firma-digital_01-1-300x100.jpg 300w\" sizes=\"auto, (max-width: 751px) 100vw, 751px\" \/>\t\t\t\t\t\t\t\t\t\t\t<\/div>\n\t\t\t<\/a>\t\t<\/div>\n\n\t\t<div class=\"box-text show-on-hover hover-fade-out text-center\" style=\"background-color:rgb(0, 64, 64);\">\n\t\t\t<div class=\"box-text-inner\">\n\t\t\t\t\n\t<div id=\"text-1155265247\" class=\"text\">\n\t\t\n<h4>Obtenci\u00f3n de Turno de Firma Digital<\/h4>\n\t\t\n<style>\n#text-1155265247 {\n  color: rgb(255, 255, 255);\n}\n#text-1155265247 > * {\n  color: rgb(255, 255, 255);\n}\n<\/style>\n\t<\/div>\n\t\n\t\t\t<\/div>\n\t\t<\/div>\n\t<\/div>\n\t\n\t\t<\/div>\n\t\t\t\t\n<style>\n#col-1327271705 > .col-inner {\n  padding: 0px 0px 0px 0;\n  margin: -20px 0px 0px 170px;\n}\n<\/style>\n\t<\/div>\n\n\t\n<\/div>\n\t\t<\/div>\n\n\t\t\n<style>\n#section_1855764095 {\n  padding-top: 30px;\n  padding-bottom: 30px;\n}\n<\/style>\n\t<\/section>\n\t\n\t\t<\/div>\n\t\t\t\t\n<style>\n#col-216075788 > .col-inner {\n  margin: -53px 0px -45px 116px;\n}\n<\/style>\n\t<\/div>\n\n\t\n\n\t<div id=\"col-1369834272\" class=\"col show-for-medium medium-4 small-12 large-4\"  >\n\t\t\t\t<div class=\"col-inner\"  >\n\t\t\t\n\t\t\t\n\n\t<section class=\"section show-for-medium\" id=\"section_1051669692\">\n\t\t<div class=\"section-bg fill\" >\n\t\t\t\t\t\t\t\t\t\n\t\t\t\n\n\t\t<\/div>\n\n\t\t\n\n\t\t<div class=\"section-content relative\">\n\t\t\t\n<div class=\"row\"  id=\"row-431929628\">\n\n\t<div id=\"col-924458368\" class=\"col medium-4 small-12 large-4\"  >\n\t\t\t\t<div class=\"col-inner text-left\"  >\n\t\t\t\n\t\t\t\n\t<div class=\"box has-hover   has-hover box-bounce box-text-bottom\" >\n\n\t\t<div class=\"box-image\" >\n\t\t\t<a href=\"https:\/\/www.justiciasantafe.gov.ar\/index.php\/obtencion-firma-digital-primera-vez-alternativa\/\" >\t\t\t<div class=\"image-overlay-remove\" >\n\t\t\t\t<img loading=\"lazy\" decoding=\"async\" width=\"751\" height=\"250\" src=\"https:\/\/www.justiciasantafe.gov.ar\/wp-content\/uploads\/2023\/03\/boton-firma-digital-1ravez_Mesa-de-trabajo-1.jpg\" class=\"attachment- size-\" alt=\"\" srcset=\"https:\/\/www.justiciasantafe.gov.ar\/wp-content\/uploads\/2023\/03\/boton-firma-digital-1ravez_Mesa-de-trabajo-1.jpg 751w, https:\/\/www.justiciasantafe.gov.ar\/wp-content\/uploads\/2023\/03\/boton-firma-digital-1ravez_Mesa-de-trabajo-1-300x100.jpg 300w\" sizes=\"auto, (max-width: 751px) 100vw, 751px\" \/>\t\t\t\t\t\t\t\t\t\t\t<\/div>\n\t\t\t<\/a>\t\t<\/div>\n\n\t\t<div class=\"box-text text-center\" >\n\t\t\t<div class=\"box-text-inner\">\n\t\t\t\t\n\t<div id=\"text-2017859297\" class=\"text\">\n\t\t\n<h4>Obtenci\u00f3n de Firma Digital con Token por primera vez<\/h4>\n\t\t\n<style>\n#text-2017859297 {\n  color: #104b45;\n}\n#text-2017859297 > * {\n  color: #104b45;\n}\n<\/style>\n\t<\/div>\n\t\n\t\t\t<\/div>\n\t\t<\/div>\n\t<\/div>\n\t\n\t\t<\/div>\n\t\t\t\t\n<style>\n#col-924458368 > .col-inner {\n  padding: 0px 0px 0px 0;\n}\n<\/style>\n\t<\/div>\n\n\t\n\n\t<div id=\"col-692982581\" class=\"col medium-4 small-12 large-4\"  >\n\t\t\t\t<div class=\"col-inner text-left\"  >\n\t\t\t\n\t\t\t\n\t<div class=\"box has-hover   has-hover box-bounce box-text-bottom\" >\n\n\t\t<div class=\"box-image\" >\n\t\t\t<a href=\"https:\/\/www.justiciasantafe.gov.ar\/index.php\/renovacion-del-certificado-de-firma\/\" >\t\t\t<div class=\"image-overlay-remove\" >\n\t\t\t\t<img loading=\"lazy\" decoding=\"async\" width=\"751\" height=\"250\" src=\"https:\/\/www.justiciasantafe.gov.ar\/wp-content\/uploads\/2023\/03\/boton-renovar-certificacion-firma-1.jpg\" class=\"attachment- size-\" alt=\"\" srcset=\"https:\/\/www.justiciasantafe.gov.ar\/wp-content\/uploads\/2023\/03\/boton-renovar-certificacion-firma-1.jpg 751w, https:\/\/www.justiciasantafe.gov.ar\/wp-content\/uploads\/2023\/03\/boton-renovar-certificacion-firma-1-300x100.jpg 300w\" sizes=\"auto, (max-width: 751px) 100vw, 751px\" \/>\t\t\t\t\t\t\t\t\t\t\t<\/div>\n\t\t\t<\/a>\t\t<\/div>\n\n\t\t<div class=\"box-text text-center\" >\n\t\t\t<div class=\"box-text-inner\">\n\t\t\t\t\n\t<div id=\"text-2547673157\" class=\"text\">\n\t\t\n<h4>Renovaci\u00f3n del certificado de Firma<\/h4>\n\t\t\n<style>\n#text-2547673157 {\n  color: #104b45;\n}\n#text-2547673157 > * {\n  color: #104b45;\n}\n<\/style>\n\t<\/div>\n\t\n\t\t\t<\/div>\n\t\t<\/div>\n\t<\/div>\n\t\n\t\t<\/div>\n\t\t\t\t\n<style>\n#col-692982581 > .col-inner {\n  padding: 0px 0px 0px 0;\n}\n<\/style>\n\t<\/div>\n\n\t\n\n<\/div>\n<div class=\"row\"  id=\"row-104420558\">\n\n\t<div id=\"col-2026765596\" class=\"col medium-4 small-12 large-4\"  >\n\t\t\t\t<div class=\"col-inner text-left\"  >\n\t\t\t\n\t\t\t\n\t<div class=\"box has-hover   has-hover box-bounce box-text-bottom\" >\n\n\t\t<div class=\"box-image\" >\n\t\t\t<a href=\"https:\/\/www.justiciasantafe.gov.ar\/index.php\/olvide-la-clave-del-token-que-debo-hacer\/\" >\t\t\t<div class=\"image-overlay-remove\" >\n\t\t\t\t<img loading=\"lazy\" decoding=\"async\" width=\"751\" height=\"250\" src=\"https:\/\/www.justiciasantafe.gov.ar\/wp-content\/uploads\/2023\/03\/boton-clave-token_01-1.jpg\" class=\"attachment- size-\" alt=\"\" srcset=\"https:\/\/www.justiciasantafe.gov.ar\/wp-content\/uploads\/2023\/03\/boton-clave-token_01-1.jpg 751w, https:\/\/www.justiciasantafe.gov.ar\/wp-content\/uploads\/2023\/03\/boton-clave-token_01-1-300x100.jpg 300w\" sizes=\"auto, (max-width: 751px) 100vw, 751px\" \/>\t\t\t\t\t\t\t\t\t\t\t<\/div>\n\t\t\t<\/a>\t\t<\/div>\n\n\t\t<div class=\"box-text text-center\" >\n\t\t\t<div class=\"box-text-inner\">\n\t\t\t\t\n\t<div id=\"text-1020709041\" class=\"text\">\n\t\t\n<h4>Olvide la clave del token, \u00bfqu\u00e9 debo hacer?<\/h4>\n\t\t\n<style>\n#text-1020709041 {\n  color: #104b45;\n}\n#text-1020709041 > * {\n  color: #104b45;\n}\n<\/style>\n\t<\/div>\n\t\n\t\t\t<\/div>\n\t\t<\/div>\n\t<\/div>\n\t\n\t\t<\/div>\n\t\t\t\t\n<style>\n#col-2026765596 > .col-inner {\n  padding: 0px 0px 0px 0;\n  margin: 0px 0px 0px 0;\n}\n<\/style>\n\t<\/div>\n\n\t\n\n\t<div id=\"col-1179262804\" class=\"col medium-4 small-12 large-4\"  >\n\t\t\t\t<div class=\"col-inner text-left\"  >\n\t\t\t\n\t\t\t\n\t<div class=\"box has-hover   has-hover box-bounce box-text-bottom\" >\n\n\t\t<div class=\"box-image\" >\n\t\t\t<a href=\"https:\/\/www.justiciasantafe.gov.ar\/index.php\/poder-judicial\/inicio\/firma-digital\/como-firmar-digitalmente-un-documento\/\" >\t\t\t<div class=\"image-overlay-remove\" >\n\t\t\t\t<img loading=\"lazy\" decoding=\"async\" width=\"751\" height=\"250\" src=\"https:\/\/www.justiciasantafe.gov.ar\/wp-content\/uploads\/2023\/03\/boton-firma-digital-1.jpg\" class=\"attachment- size-\" alt=\"\" srcset=\"https:\/\/www.justiciasantafe.gov.ar\/wp-content\/uploads\/2023\/03\/boton-firma-digital-1.jpg 751w, https:\/\/www.justiciasantafe.gov.ar\/wp-content\/uploads\/2023\/03\/boton-firma-digital-1-300x100.jpg 300w\" sizes=\"auto, (max-width: 751px) 100vw, 751px\" \/>\t\t\t\t\t\t\t\t\t\t\t<\/div>\n\t\t\t<\/a>\t\t<\/div>\n\n\t\t<div class=\"box-text text-center\" >\n\t\t\t<div class=\"box-text-inner\">\n\t\t\t\t\n\t<div id=\"text-2715528660\" class=\"text\">\n\t\t\n<h4>\u00bfC\u00f3mo firmar digitalmente un documento?<\/h4>\n\t\t\n<style>\n#text-2715528660 {\n  color: #104b45;\n}\n#text-2715528660 > * {\n  color: #104b45;\n}\n<\/style>\n\t<\/div>\n\t\n\t\t\t<\/div>\n\t\t<\/div>\n\t<\/div>\n\t\n\t\t<\/div>\n\t\t\t\t\n<style>\n#col-1179262804 > .col-inner {\n  padding: 0px 0px 0px 0;\n  margin: 0px 0px 0px 0;\n}\n<\/style>\n\t<\/div>\n\n\t\n\n<\/div>\n<div class=\"row\"  id=\"row-546881355\">\n\n\n\n\t<div id=\"col-685614571\" class=\"col medium-4 small-12 large-4\"  >\n\t\t\t\t<div class=\"col-inner text-left\"  >\n\t\t\t\n\t\t\t\n\t<div class=\"box has-hover   has-hover box-bounce box-text-bottom\" >\n\n\t\t<div class=\"box-image\" >\n\t\t\t<a href=\"https:\/\/www.justiciasantafe.gov.ar\/index.php\/poder-judicial\/inicio\/firma-digital\/obtencion-de-turno-para-firma-digital\/\" >\t\t\t<div class=\"image-overlay-remove\" >\n\t\t\t\t<img loading=\"lazy\" decoding=\"async\" width=\"751\" height=\"250\" src=\"https:\/\/www.justiciasantafe.gov.ar\/wp-content\/uploads\/2023\/03\/boton-firma-digital_01-1.jpg\" class=\"attachment- size-\" alt=\"\" srcset=\"https:\/\/www.justiciasantafe.gov.ar\/wp-content\/uploads\/2023\/03\/boton-firma-digital_01-1.jpg 751w, https:\/\/www.justiciasantafe.gov.ar\/wp-content\/uploads\/2023\/03\/boton-firma-digital_01-1-300x100.jpg 300w\" sizes=\"auto, (max-width: 751px) 100vw, 751px\" \/>\t\t\t\t\t\t\t\t\t\t\t<\/div>\n\t\t\t<\/a>\t\t<\/div>\n\n\t\t<div class=\"box-text text-center\" >\n\t\t\t<div class=\"box-text-inner\">\n\t\t\t\t\n\t<div id=\"text-3239706810\" class=\"text\">\n\t\t\n<h4>Obtenci\u00f3n de Turno de Firma Digital<\/h4>\n\t\t\n<style>\n#text-3239706810 {\n  color: #104b45;\n}\n#text-3239706810 > * {\n  color: #104b45;\n}\n<\/style>\n\t<\/div>\n\t\n\t\t\t<\/div>\n\t\t<\/div>\n\t<\/div>\n\t\n\t\t<\/div>\n\t\t\t\t\n<style>\n#col-685614571 > .col-inner {\n  padding: 0px 0px 0px 0;\n  margin: 0px 0px 0px 0;\n}\n<\/style>\n\t<\/div>\n\n\t\n<\/div>\n\t\t<\/div>\n\n\t\t\n<style>\n#section_1051669692 {\n  padding-top: 30px;\n  padding-bottom: 30px;\n}\n<\/style>\n\t<\/section>\n\t\n\t\t<\/div>\n\t\t\t\t\t<\/div>\n\n\t\n<\/div>\n<div class=\"row\"  id=\"row-1067327031\">\n\n\t<div id=\"col-323593614\" class=\"col small-12 large-12\"  >\n\t\t\t\t<div class=\"col-inner\"  >\n\t\t\t\n\t\t\t\n<div style=\"text-align: center;\">\n<p style=\"text-align: left;\"><strong><u>\u00bfC\u00f3mo valido que un documento est\u00e9 firmado digitalmente?<\/u><\/strong><br \/>\nVer instructivo en:\u00a0<a href=\"https:\/\/www.argentina.gob.ar\/servicio\/valida-los-documentos-electronicos-firmados-digitalmente\">https:\/\/www.argentina.gob.ar\/servicio\/valida-los-documentos-electronicos-firmados-digitalmente<\/a><\/p>\n<p style=\"text-align: left;\">Si te qued\u00f3 alguna duda podes utilizar los siguientes canales de contacto:<\/p>\n<p style=\"text-align: left;\"><strong>Circunscripciones Judiciales Nro. 1, 4 y 5<\/strong>:<\/p>\n<div style=\"text-align: left;\">WhatsApp (s\u00f3lo mensajes):\u00a0 <a href=\"http:\/\/wa.me\/5493426141372\">5493426141372<\/a>\u00a0\u00a0<a href=\"http:\/\/wa.me\/5493426141372\" target=\"_blank\" rel=\"noopener\"><img loading=\"lazy\" decoding=\"async\" class=\"\" src=\"https:\/\/www.justiciasantafe.gov.ar\/wp-content\/uploads\/2021\/12\/222.png\" alt=\"\" width=\"30\" height=\"30\" \/><\/a><\/div>\n<div style=\"text-align: left;\">0342-4572700 interno: 2022.<\/div>\n<p style=\"text-align: left;\"><strong>Circunscripciones Judiciales Nro. 2 y 3:<\/strong><\/p>\n<div style=\"text-align: left;\">\n<p>WhatsApp (s\u00f3lo mensajes):\u00a0 <a href=\"http:\/\/wa.me\/5493416753100\">5493416753100<\/a>\u00a0\u00a0<a href=\"http:\/\/wa.me\/5493416753100\" target=\"_blank\" rel=\"noopener\"><img loading=\"lazy\" decoding=\"async\" class=\"\" src=\"https:\/\/www.justiciasantafe.gov.ar\/wp-content\/uploads\/2021\/12\/222.png\" alt=\"\" width=\"30\" height=\"30\" \/><\/a><\/p>\n<p>0341 4721670\/71- internos: 4302, 4306, 4367, 4289, 4305 -matutino- y 4361 -vespertino-.<\/p>\n<\/div>\n<div class=\"listaitem\" style=\"text-align: left;\"><\/div>\n<div class=\"clear\" style=\"text-align: left;\"><\/div>\n<\/div>\n\t\t<\/div>\n\t\t\t\t\t<\/div>\n\n\t\n<\/div>\n<div class=\"gsp_post_data\" data-post_type=\"page\" data-cat=\"\" data-modified=\"120\" data-title=\"Firma Digital\" data-home=\"https:\/\/www.justiciasantafe.gov.ar\"><\/div>","protected":false},"excerpt":{"rendered":"","protected":false},"author":1,"featured_media":0,"parent":8182,"menu_order":0,"comment_status":"closed","ping_status":"closed","template":"","meta":{"_acf_changed":false,"footnotes":""},"class_list":["post-945","page","type-page","status-publish","hentry"],"acf":[],"_links":{"self":[{"href":"https:\/\/www.justiciasantafe.gov.ar\/index.php\/wp-json\/wp\/v2\/pages\/945","targetHints":{"allow":["GET"]}}],"collection":[{"href":"https:\/\/www.justiciasantafe.gov.ar\/index.php\/wp-json\/wp\/v2\/pages"}],"about":[{"href":"https:\/\/www.justiciasantafe.gov.ar\/index.php\/wp-json\/wp\/v2\/types\/page"}],"author":[{"embeddable":true,"href":"https:\/\/www.justiciasantafe.gov.ar\/index.php\/wp-json\/wp\/v2\/users\/1"}],"replies":[{"embeddable":true,"href":"https:\/\/www.justiciasantafe.gov.ar\/index.php\/wp-json\/wp\/v2\/comments?post=945"}],"version-history":[{"count":0,"href":"https:\/\/www.justiciasantafe.gov.ar\/index.php\/wp-json\/wp\/v2\/pages\/945\/revisions"}],"up":[{"embeddable":true,"href":"https:\/\/www.justiciasantafe.gov.ar\/index.php\/wp-json\/wp\/v2\/pages\/8182"}],"wp:attachment":[{"href":"https:\/\/www.justiciasantafe.gov.ar\/index.php\/wp-json\/wp\/v2\/media?parent=945"}],"curies":[{"name":"wp","href":"https:\/\/api.w.org\/{rel}","templated":true}]}}