 {"id":9612,"date":"2022-02-18T15:15:34","date_gmt":"2022-02-18T18:15:34","guid":{"rendered":"https:\/\/www.justiciasantafe.gov.ar\/?page_id=9612"},"modified":"2023-11-02T09:02:18","modified_gmt":"2023-11-02T12:02:18","slug":"violencia-familiar-y-de-genero","status":"publish","type":"page","link":"https:\/\/www.justiciasantafe.gov.ar\/index.php\/poder-judicial\/inicio\/coronavirus-covid-19\/violencia-familiar-y-de-genero\/","title":{"rendered":"Violencia Familiar y de G\u00e9nero"},"content":{"rendered":"<div class=\"row\"  id=\"row-1513488868\">\n\n\t<div id=\"col-1505820329\" class=\"col small-12 large-12\"  >\n\t\t\t\t<div class=\"col-inner\"  >\n\t\t\t\n\t\t\t\n<ul>\n<li><a href=\"https:\/\/www.justiciasantafe.gov.ar\/index.php\/poder-judicial\/inicio-pruebas\/coronavirus-covid-19\/violencia-familiar-y-de-genero\/vias-de-comunicacion-para-victimas-de-violencia-de-genero-y-de-familia\/\">Comunicado del 12.05.2020: &#8220;V\u00edas de Comunicaci\u00f3n para v\u00edctimas de violencia de g\u00e9nero y de familia\u201d<\/a><\/li>\n<li><a href=\"https:\/\/www.justiciasantafe.gov.ar\/wp-content\/uploads\/2022\/02\/6860-scaled.jpg\">Difusi\u00f3n gr\u00e1fica<\/a><\/li>\n<\/ul>\n\t\t<\/div>\n\t\t\t\t\t<\/div>\n\n\t\n<\/div>\n<div class=\"gsp_post_data\" data-post_type=\"page\" data-cat=\"\" data-modified=\"120\" data-title=\"Violencia Familiar y de G\u00e9nero\" data-home=\"https:\/\/www.justiciasantafe.gov.ar\"><\/div>","protected":false},"excerpt":{"rendered":"","protected":false},"author":12,"featured_media":0,"parent":789,"menu_order":0,"comment_status":"closed","ping_status":"closed","template":"","meta":{"_acf_changed":false,"footnotes":""},"class_list":["post-9612","page","type-page","status-publish","hentry"],"acf":[],"_links":{"self":[{"href":"https:\/\/www.justiciasantafe.gov.ar\/index.php\/wp-json\/wp\/v2\/pages\/9612","targetHints":{"allow":["GET"]}}],"collection":[{"href":"https:\/\/www.justiciasantafe.gov.ar\/index.php\/wp-json\/wp\/v2\/pages"}],"about":[{"href":"https:\/\/www.justiciasantafe.gov.ar\/index.php\/wp-json\/wp\/v2\/types\/page"}],"author":[{"embeddable":true,"href":"https:\/\/www.justiciasantafe.gov.ar\/index.php\/wp-json\/wp\/v2\/users\/12"}],"replies":[{"embeddable":true,"href":"https:\/\/www.justiciasantafe.gov.ar\/index.php\/wp-json\/wp\/v2\/comments?post=9612"}],"version-history":[{"count":0,"href":"https:\/\/www.justiciasantafe.gov.ar\/index.php\/wp-json\/wp\/v2\/pages\/9612\/revisions"}],"up":[{"embeddable":true,"href":"https:\/\/www.justiciasantafe.gov.ar\/index.php\/wp-json\/wp\/v2\/pages\/789"}],"wp:attachment":[{"href":"https:\/\/www.justiciasantafe.gov.ar\/index.php\/wp-json\/wp\/v2\/media?parent=9612"}],"curies":[{"name":"wp","href":"https:\/\/api.w.org\/{rel}","templated":true}]}}