 {"id":9617,"date":"2022-02-18T15:18:18","date_gmt":"2022-02-18T18:18:18","guid":{"rendered":"https:\/\/www.justiciasantafe.gov.ar\/?page_id=9617"},"modified":"2023-11-02T09:02:18","modified_gmt":"2023-11-02T12:02:18","slug":"vias-de-comunicacion-para-victimas-de-violencia-de-genero-y-de-familia","status":"publish","type":"page","link":"https:\/\/www.justiciasantafe.gov.ar\/index.php\/poder-judicial\/inicio\/coronavirus-covid-19\/violencia-familiar-y-de-genero\/vias-de-comunicacion-para-victimas-de-violencia-de-genero-y-de-familia\/","title":{"rendered":"V\u00edas de comunicaci\u00f3n para v\u00edctimas de violencia de G\u00e9nero y de Familia"},"content":{"rendered":"<div class=\"row\"  id=\"row-313142043\">\n\n\t<div id=\"col-181336854\" class=\"col small-12 large-12\"  >\n\t\t\t\t<div class=\"col-inner\"  >\n\t\t\t\n\t\t\t\n<p><img loading=\"lazy\" decoding=\"async\" class=\"wp-image-9619 aligncenter\" src=\"https:\/\/www.justiciasantafe.gov.ar\/wp-content\/uploads\/2022\/02\/95-213x300.jpg\" alt=\"\" width=\"409\" height=\"577\" srcset=\"https:\/\/www.justiciasantafe.gov.ar\/wp-content\/uploads\/2022\/02\/95-213x300.jpg 213w, https:\/\/www.justiciasantafe.gov.ar\/wp-content\/uploads\/2022\/02\/95-727x1024.jpg 727w, https:\/\/www.justiciasantafe.gov.ar\/wp-content\/uploads\/2022\/02\/95-768x1081.jpg 768w, https:\/\/www.justiciasantafe.gov.ar\/wp-content\/uploads\/2022\/02\/95-1091x1536.jpg 1091w, https:\/\/www.justiciasantafe.gov.ar\/wp-content\/uploads\/2022\/02\/95.jpg 1300w\" sizes=\"auto, (max-width: 409px) 100vw, 409px\" \/><\/p>\n<p>&nbsp;<\/p>\n<div>La Procuraci\u00f3n General de la Corte Suprema de Justicia de la Provincia recuerda que se han instrumentado mecanismos\u00a0<strong>no presenciales<\/strong>\u00a0para brindar el servicio de atenci\u00f3n a v\u00edctimas de violencia de g\u00e9nero y\/o familia que comprender la habilitaci\u00f3n espec\u00edfica de l\u00edneas telef\u00f3nicas para llamadas o env\u00edo de mensajes por \u201cwhatsapp\u201d, como as\u00ed tambi\u00e9n la consulta a distancia mediante la utilizaci\u00f3n de correo electr\u00f3nico, y facebook en algunas sedes.<br \/>\nL\u00edneas habilitadas:<\/div>\n<ul>\n<li><strong>Santa Fe<\/strong>\u00a0342 6 13000 (llamadas o\u00a0<em>whatsapp<\/em>)<\/li>\n<\/ul>\n<div>E-mail:\u00a0<a href=\"mailto:fiscaliadedenunciassfe@justiciasantafe.gov.ar\"><u>fiscaliadedenunciassfe@justiciasantaf<\/u><u>e.gov.ar<\/u><\/a><\/div>\n<ul>\n<li><strong>Rosario:<\/strong>\u00a0341 6 100100 (llamadas o\u00a0<em>whatsapp<\/em>)<\/li>\n<\/ul>\n<div>\n<p>E- mail:\u00a0<a href=\"mailto:fiscaliadedenuciasros@justiciasantafe.gov.ar\"><u>fiscaliadedenunciasros@justiciasantafe<\/u><u>.gov.ar<\/u><\/a><\/p>\n<p>Al mismo tiempo y para todos aquellos que necesiten ser asistidos en las\u00a0<u><strong>Defensor\u00edas Civiles<\/strong><\/u>\u00a0y a los efectos de cumplir con el aislamiento obligatorio (ASPO), evitar aglomeraciones y cumplir con el distanciamiento social dispuesto se recuerda que\u00a0<strong>NO ES NECESARIO<\/strong>\u00a0el tr\u00e1mite presencial para lo que tambi\u00e9n especialmente se habilito la l\u00ednea 0800 777-2017 opci\u00f3n 3; y las l\u00edneas y cuentas de correos electr\u00f3nicos siguientes:<\/p>\n<\/div>\n<ul>\n<li>Defensor\u00edas Generales Civiles de Santa Fe: 342 6 300465 (llamadas y\u00a0<em>whatsapp)<\/em><\/li>\n<\/ul>\n<div><em>E- mail:<\/em>\u00a0<a href=\"mailto:defcivconsultasfe@justiciasantafe.gov.ar\"><u>defcivconsultasfe@justiciasantafe.gov.a<\/u><u>r<\/u><\/a><\/div>\n<ul>\n<li>Defensor\u00edas Generales Civiles de Rosario: 341 6 772252 (llamadas y whatsapp)<\/li>\n<\/ul>\n<div>\n<p>E-mail:\u00a0<a href=\"mailto:defcivconsultaros@justiciasantafe.gov.ar\"><u>defcivconsultaros@justiciasantafe.gov<\/u><u>.ar<\/u><\/a><\/p>\n<p>Facebook: defensoriascivilespoderjudicial<\/p>\n<p><strong>\u00a1No salgas de tu casa, tenes derecho a consultar o realizar t\u00fa denuncia por email, llamando, enviando un whatsapp o mensaje al facebook!<\/strong><\/p>\n<\/div>\n<p>&nbsp;<\/p>\n<h4 class=\"post-title\">Archivos<\/h4>\n<table class=\"twelve\">\n<tbody>\n<tr>\n<td>\n<ul class=\"link-list\">\n<li><a href=\"https:\/\/www.justiciasantafe.gov.ar\/wp-content\/uploads\/2022\/02\/6860-1-scaled.jpg\" target=\"_blank\" rel=\"noopener\">FLYER DIFUSI\u00d3N<\/a><\/li>\n<\/ul>\n<\/td>\n<\/tr>\n<\/tbody>\n<\/table>\n\t\t<\/div>\n\t\t\t\t\t<\/div>\n\n\t\n<\/div>\n<div class=\"gsp_post_data\" data-post_type=\"page\" data-cat=\"\" data-modified=\"120\" data-title=\"V\u00edas de comunicaci\u00f3n para v\u00edctimas de violencia de G\u00e9nero y de Familia\" data-home=\"https:\/\/www.justiciasantafe.gov.ar\"><\/div>","protected":false},"excerpt":{"rendered":"","protected":false},"author":12,"featured_media":0,"parent":9612,"menu_order":0,"comment_status":"closed","ping_status":"closed","template":"","meta":{"_acf_changed":false,"footnotes":""},"class_list":["post-9617","page","type-page","status-publish","hentry"],"acf":[],"_links":{"self":[{"href":"https:\/\/www.justiciasantafe.gov.ar\/index.php\/wp-json\/wp\/v2\/pages\/9617","targetHints":{"allow":["GET"]}}],"collection":[{"href":"https:\/\/www.justiciasantafe.gov.ar\/index.php\/wp-json\/wp\/v2\/pages"}],"about":[{"href":"https:\/\/www.justiciasantafe.gov.ar\/index.php\/wp-json\/wp\/v2\/types\/page"}],"author":[{"embeddable":true,"href":"https:\/\/www.justiciasantafe.gov.ar\/index.php\/wp-json\/wp\/v2\/users\/12"}],"replies":[{"embeddable":true,"href":"https:\/\/www.justiciasantafe.gov.ar\/index.php\/wp-json\/wp\/v2\/comments?post=9617"}],"version-history":[{"count":0,"href":"https:\/\/www.justiciasantafe.gov.ar\/index.php\/wp-json\/wp\/v2\/pages\/9617\/revisions"}],"up":[{"embeddable":true,"href":"https:\/\/www.justiciasantafe.gov.ar\/index.php\/wp-json\/wp\/v2\/pages\/9612"}],"wp:attachment":[{"href":"https:\/\/www.justiciasantafe.gov.ar\/index.php\/wp-json\/wp\/v2\/media?parent=9617"}],"curies":[{"name":"wp","href":"https:\/\/api.w.org\/{rel}","templated":true}]}}