 {"id":9777,"date":"2022-02-22T10:57:52","date_gmt":"2022-02-22T13:57:52","guid":{"rendered":"https:\/\/www.justiciasantafe.gov.ar\/?page_id=9777"},"modified":"2023-11-02T09:02:16","modified_gmt":"2023-11-02T12:02:16","slug":"solicitud-de-servicio-de-mediacion","status":"publish","type":"page","link":"https:\/\/www.justiciasantafe.gov.ar\/index.php\/poder-judicial\/inicio\/mediacion\/solicitud-de-servicio-de-mediacion\/","title":{"rendered":"Solicitud de Servicio de Mediaci\u00f3n"},"content":{"rendered":"<p>Complete el formulario y env\u00edelo por mail al Centro de Mediaci\u00f3n (Santa Fe o Rosario)<\/p>\n<p>Archivos<\/p>\n<table class=\"twelve\">\n<tbody>\n<tr>\n<td>\n<ul class=\"link-list\">\n<li><a href=\"https:\/\/www.justiciasantafe.gov.ar\/wp-content\/uploads\/2022\/02\/6163-1.doc\" target=\"_blank\" rel=\"noopener\">Solicitud de mediaci\u00f3n a pedido de parte<\/a><\/li>\n<\/ul>\n<\/td>\n<\/tr>\n<tr>\n<td>\n<ul class=\"link-list\">\n<li><a href=\"https:\/\/www.justiciasantafe.gov.ar\/wp-content\/uploads\/2022\/02\/6164.doc\" target=\"_blank\" rel=\"noopener\">Solicitud de mediaci\u00f3n por derivaci\u00f3n de juzgado<\/a><\/li>\n<\/ul>\n<\/td>\n<\/tr>\n<\/tbody>\n<\/table>\n<div class=\"gsp_post_data\" data-post_type=\"page\" data-cat=\"\" data-modified=\"120\" data-title=\"Solicitud de Servicio de Mediaci\u00f3n\" data-home=\"https:\/\/www.justiciasantafe.gov.ar\"><\/div>","protected":false},"excerpt":{"rendered":"<p>Complete el formulario y env\u00edelo por mail al Centro de Mediaci\u00f3n (Santa Fe o Rosario) Archivos Solicitud de mediaci\u00f3n a pedido de parte Solicitud de mediaci\u00f3n por derivaci\u00f3n de juzgado<\/p>\n","protected":false},"author":12,"featured_media":0,"parent":133,"menu_order":0,"comment_status":"closed","ping_status":"closed","template":"","meta":{"_acf_changed":false,"footnotes":""},"class_list":["post-9777","page","type-page","status-publish","hentry"],"acf":[],"_links":{"self":[{"href":"https:\/\/www.justiciasantafe.gov.ar\/index.php\/wp-json\/wp\/v2\/pages\/9777","targetHints":{"allow":["GET"]}}],"collection":[{"href":"https:\/\/www.justiciasantafe.gov.ar\/index.php\/wp-json\/wp\/v2\/pages"}],"about":[{"href":"https:\/\/www.justiciasantafe.gov.ar\/index.php\/wp-json\/wp\/v2\/types\/page"}],"author":[{"embeddable":true,"href":"https:\/\/www.justiciasantafe.gov.ar\/index.php\/wp-json\/wp\/v2\/users\/12"}],"replies":[{"embeddable":true,"href":"https:\/\/www.justiciasantafe.gov.ar\/index.php\/wp-json\/wp\/v2\/comments?post=9777"}],"version-history":[{"count":0,"href":"https:\/\/www.justiciasantafe.gov.ar\/index.php\/wp-json\/wp\/v2\/pages\/9777\/revisions"}],"up":[{"embeddable":true,"href":"https:\/\/www.justiciasantafe.gov.ar\/index.php\/wp-json\/wp\/v2\/pages\/133"}],"wp:attachment":[{"href":"https:\/\/www.justiciasantafe.gov.ar\/index.php\/wp-json\/wp\/v2\/media?parent=9777"}],"curies":[{"name":"wp","href":"https:\/\/api.w.org\/{rel}","templated":true}]}}