 {"id":9847,"date":"2022-02-22T11:32:59","date_gmt":"2022-02-22T14:32:59","guid":{"rendered":"https:\/\/www.justiciasantafe.gov.ar\/?page_id=9847"},"modified":"2023-11-02T09:02:16","modified_gmt":"2023-11-02T12:02:16","slug":"como-se-accede-a-la-mediacion-judicial","status":"publish","type":"page","link":"https:\/\/www.justiciasantafe.gov.ar\/index.php\/poder-judicial\/inicio\/mediacion\/como-se-accede-a-la-mediacion-judicial\/","title":{"rendered":"C\u00f3mo se accede a la mediaci\u00f3n judicial."},"content":{"rendered":"<p>\u00bfDonde se solicita la Mediaci\u00f3n Judicial?<\/p>\n<p>Se solicita en:<\/p>\n<p>Las oficinas de Mediaci\u00f3n de Rosario o Santa Fe:<\/p>\n<p>Rosario: Oficina de Mediaci\u00f3n de Rosario: Balcarce 1651 P.3 o v\u00eda e \u2013 mail solicitandolo a\u00a0<a href=\"mailto:mediacionros@justiciasantafe.gov.ar\" target=\"_self\" rel=\"noopener\">mediacionros@justiciasantafe.gov.ar<\/a><\/p>\n<p>Santa Fe: Se solicita en la Mesa de Entradas de la Corte Suprema<strong>San Jer\u00f3nimo 1551.<\/strong><\/p>\n<p>En las Defensor\u00edas Zonales de toda la provincia<strong>.<\/strong><\/p>\n<p><strong>DEFENSORIAS GENERALES ZONALES EN LA CIUDAD DE SANTA FE<\/strong><\/p>\n<table class=\"renderedtable\" border=\"0\" cellspacing=\"0\" cellpadding=\"2\">\n<tbody>\n<tr>\n<td>NRO. 1<\/td>\n<td>12 de Octubre y Neuqu\u00e9n &#8211; Santa Fe 4578917<\/td>\n<\/tr>\n<tr>\n<td>NRO. 2<\/td>\n<td>Fray Cayetano Rodr\u00edguez 3714 &#8211; T. 4579036<\/td>\n<\/tr>\n<tr>\n<td>NRO. 3<\/td>\n<td>Alto Verde manzana 2 &#8211; Santa Fe 4577710<\/td>\n<\/tr>\n<\/tbody>\n<\/table>\n<p>&nbsp;<\/p>\n<p><strong>DEFENSORIAS GENERALES ZONALES EN LA CIUDAD DE ROSARIO<\/strong><\/p>\n<p><em>DEFENSORIAS GENERALES ZONALES<\/em><\/p>\n<p><strong>DEFENSORIA Nro. 1<\/strong>\u00a0&#8211; Superi 2464 _Vecinal Independencia 4726568<\/p>\n<p><strong>DEFENSORIA Nro. 2<\/strong>\u00a0&#8211; Av. Per\u00f3n 4602 &#8211; Distrito Oeste 4725631<\/p>\n<p><strong>DEFENSORIA Nro. 3<\/strong>\u00a0&#8211; Pje. Quinta Bicelli 5728 (Bv. Segui 5600) 4725630<\/p>\n<p><strong>DEFENSORIA Nro. 4<\/strong>\u00a0&#8211; Arij\u00f3n 651 4729611<\/p>\n<p><strong>DEFENSORIA Nro. 5<\/strong>\u00a0&#8211; Sanchez de Thomson 166 bis -Planta Baja. Local 6 4729610<\/p>\n<p><strong>DEFENSORIA Nro. 6\u00a0<\/strong>&#8211; Ovidio Lagos 4140 &#8211; 4729612<\/p>\n<p>&nbsp;<\/p>\n<p>Mesa de Entrdas de Juzgados Civiles y Juzgados de Circuito:<\/p>\n<p>San Lorenzo: San Carlos 844 &#8211; C.P. 2200<\/p>\n<p>Venado Tuerto: San Mart\u00edn 631<\/p>\n<p>Villa Constituci\u00f3n: San Mart\u00edn 1348 &#8211; CP 2919<\/p>\n<p>Casilda: Fray Luis Beltr\u00e1n<\/p>\n<p>Reconquista: San Mart\u00edn 1019<\/p>\n<p>Rafaela: Alvear 226 _ C\u00f3digo Postal 2300<\/p>\n<p>&nbsp;<\/p>\n<p style=\"text-align: center;\"><strong>Ante los Jueces Comunales:<\/strong><\/p>\n<table class=\"renderedtable\" border=\"0\" cellspacing=\"0\" cellpadding=\"2\">\n<tbody>\n<tr>\n<td style=\"text-align: left;\">ACEBAL<\/td>\n<td style=\"text-align: left;\" colspan=\"2\">FOFFANO, EMILIO LUJ\u00c1N<\/td>\n<\/tr>\n<tr>\n<td>\u00c1LVAREZ<\/td>\n<td colspan=\"2\">PAZZELLI, LUIS MAR\u00cdA<\/td>\n<\/tr>\n<tr>\n<td>ALVEAR<\/td>\n<td colspan=\"2\">CASTAGNINO, MAR\u00cdA SOL<\/td>\n<\/tr>\n<tr>\n<td>AMENABAR<\/td>\n<td colspan=\"2\">CASALI, MAR\u00cdA CRISTINA<\/td>\n<\/tr>\n<tr>\n<td>BIGAND<\/td>\n<td colspan=\"2\">MARTINO, H\u00c9CTOR GUSTAVO<\/td>\n<\/tr>\n<tr>\n<td>BOMBAL<\/td>\n<td colspan=\"2\">SALVUCHI, MIGUEL \u00c1NGEL<\/td>\n<\/tr>\n<tr>\n<td>BUSTINZA<\/td>\n<td colspan=\"2\">ZUAID, M\u00d3NICA GRACIELA<\/td>\n<\/tr>\n<tr>\n<td>CAMINO ALDAO<\/td>\n<td colspan=\"2\">ZUASNABAR, GLADYS ESTHER<\/td>\n<\/tr>\n<tr>\n<td>CARCARA\u00d1\u00c1<\/td>\n<td colspan=\"2\">KOLLER, ALBERTO LUIS<\/td>\n<\/tr>\n<tr>\n<td>C\u00c1RMEN<\/td>\n<td colspan=\"2\">D\u00cdAZ DE MANAGO, MARTA ELENA<\/td>\n<\/tr>\n<tr>\n<td>CARRERAS<\/td>\n<td colspan=\"2\">GHELFI, DANIEL OVIDIO<\/td>\n<\/tr>\n<tr>\n<td>CARRIZALES<\/td>\n<td colspan=\"2\">MEDERO, SANDRA MAR\u00cdA MARCELINA<\/td>\n<\/tr>\n<tr>\n<td>CORONEL BOGADO<\/td>\n<td colspan=\"2\">PERALTA, ADALBERTO RICARDO<\/td>\n<\/tr>\n<tr>\n<td>CORONEL DOMINGUEZ<\/td>\n<td colspan=\"2\">DANIELE, CARLA JULIA<\/td>\n<\/tr>\n<tr>\n<td>CORREA<\/td>\n<td colspan=\"2\">LUCIANI, LILIANA VIRGINIA<\/td>\n<\/tr>\n<tr>\n<td>CORREA<\/td>\n<td colspan=\"2\">PACE, GABRIEL ENRIQUE<\/td>\n<\/tr>\n<tr>\n<td colspan=\"2\">CRISPI<\/td>\n<td>MOLAR, JOS\u00c9 SERGIO<\/td>\n<\/tr>\n<tr>\n<td colspan=\"2\">DIEGO DE ALVEAR<\/td>\n<td>PERONI, OSCAR ROBERTO<\/td>\n<\/tr>\n<tr>\n<td colspan=\"2\">EMPALME VILLA CONST<\/td>\n<td>BIANCO, OSVALDO ALFREDO JES\u00daS<\/td>\n<\/tr>\n<tr>\n<td colspan=\"2\">FIGHIERA<\/td>\n<td style=\"text-align: left;\">DUNDA, RUB\u00c9N H\u00c9CTOR<\/td>\n<\/tr>\n<tr>\n<td colspan=\"2\">FRAY LUIS BELTRAN<\/td>\n<td>SELAK, JOS\u00c9 ALBERTO<\/td>\n<\/tr>\n<tr>\n<td colspan=\"2\">GABOTO<\/td>\n<td>RODR\u00cdGUEZ, ELISA GRACIELA<\/td>\n<\/tr>\n<tr>\n<td colspan=\"2\">HUGES<\/td>\n<td>CARLETTI, CARLOS ALBERTO<\/td>\n<\/tr>\n<tr>\n<td colspan=\"2\">LABORDEBOY<\/td>\n<td>MART\u00cdNEZ, WALTER RUB\u00c9N<\/td>\n<\/tr>\n<tr>\n<td colspan=\"2\">L\u00d3PEZ<\/td>\n<td>PALAMEDI, VICTORIO ROBERTO<\/td>\n<\/tr>\n<tr>\n<td colspan=\"2\">LOS MOLINOS<\/td>\n<td>MORELLI, JUAN JOS\u00c9<\/td>\n<\/tr>\n<tr>\n<td colspan=\"2\">LOS QUIRQUINCHOS<\/td>\n<td>YSAIA, OSVALDO ANTONIO<\/td>\n<\/tr>\n<tr>\n<td colspan=\"2\">MACIEL<\/td>\n<td>PEDANTE, CLAUDIA PATRICIA<\/td>\n<\/tr>\n<tr>\n<td colspan=\"2\">MAGGIOLO<\/td>\n<td>AVENDA\u00d1O, RUB\u00c9N ORESTE<\/td>\n<\/tr>\n<tr>\n<td colspan=\"2\">M\u00c1XIMO PAZ<\/td>\n<td>KILIBARDA, LEONOR MARTA<\/td>\n<\/tr>\n<tr>\n<td colspan=\"2\">MURFHY<\/td>\n<td>MARCIANO, GRISELDA SERAFINA<\/td>\n<\/tr>\n<tr>\n<td colspan=\"2\">P\u00c9REZ<\/td>\n<td>CALLEGARI, SANDRA MARIEL<\/td>\n<\/tr>\n<tr>\n<td colspan=\"2\">&nbsp;<\/p>\n<p>PTO. GRAL SAN MART\u00cdN<\/td>\n<td>&nbsp;<\/p>\n<p>PELLEGRINI, NORBERTO MARIANO<\/td>\n<\/tr>\n<tr>\n<td colspan=\"2\">PUEBLO ESTHER<\/td>\n<td>CASARO DE VALENTI, MAR\u00cdA DE LAS MERCEDES<\/td>\n<\/tr>\n<tr>\n<td colspan=\"2\">PUJATO<\/td>\n<td>PESCE, EDUARDO ALBERTO<\/td>\n<\/tr>\n<tr>\n<td colspan=\"2\">SAN GER\u00d3NIMO SUD<\/td>\n<td>ODONE, GRACIELA EVANGELINA<\/td>\n<\/tr>\n<tr>\n<td colspan=\"2\">SAN GREGORIO<\/td>\n<td>LOMBARDI, DOMINGO EULOGIO<\/td>\n<\/tr>\n<tr>\n<td colspan=\"2\">SANFORD<\/td>\n<td>TARRE, MERDECES \u00c1NGELA<\/td>\n<\/tr>\n<tr>\n<td colspan=\"2\">SANTA TERESA<\/td>\n<td>PALOMBO DE METIFOGO, MAR\u00cdA CRISTINA<\/td>\n<\/tr>\n<tr>\n<td colspan=\"2\">SGTO. CABRAL<\/td>\n<td>LEQUIO, MIRTA MARCELA<\/td>\n<\/tr>\n<tr>\n<td colspan=\"2\">TEODELINA<\/td>\n<td>SCARDELLATO, LEONCIO ALFONSO<\/td>\n<\/tr>\n<tr>\n<td colspan=\"2\">TIMB\u00daES<\/td>\n<td>GALLUCCI, HUGO EUGENIO<\/td>\n<\/tr>\n<tr>\n<td colspan=\"2\">TORTUGAS<\/td>\n<td>MANCINI, ELIO FRANCISCO<\/td>\n<\/tr>\n<tr>\n<td colspan=\"2\">VILLA AMELIA<\/td>\n<td>SOSA, DIEGO FRANCISCO<\/td>\n<\/tr>\n<tr>\n<td colspan=\"2\">VILLA CA\u00d1\u00c1S<\/td>\n<td>BURONI, MIRTA MABEL<\/td>\n<\/tr>\n<tr>\n<td colspan=\"2\">VILLA ELOISA<\/td>\n<td>DARDINI, MIRTA CLEMENTINA<\/td>\n<\/tr>\n<tr>\n<td style=\"text-align: left;\" colspan=\"2\">ZAVALLA<\/td>\n<td style=\"text-align: left;\">VENTRONI, OMAR NORBERTO<\/td>\n<\/tr>\n<\/tbody>\n<\/table>\n<p>&nbsp;<\/p>\n<p>&nbsp;<\/p>\n<p><strong>Modos de acceso a la mediaci\u00f3n judicial<\/strong>.<\/p>\n<p><strong>A trav\u00e9s de la oficina de Mediaci\u00f3n con sede en la Secretar\u00eda de Rosario y en Santa Fe.<\/strong><\/p>\n<p><strong>A solicitud de parte ante el Mediador<\/strong><strong>:<\/strong><\/p>\n<p>Las personas con conflicto pueden completar un sencillo formulario ante el<strong>\u00a0juez comunal o el defensor zonal<\/strong>\u00a0m\u00e1s cercano y se da inicio al tr\u00e1mite en forma completamente gratuita. El mismo consiste en citar a la otra parte a una reuni\u00f3n donde cada una expone su punto de vista, siendo tarea del mediador conducir el proceso y facilitar la comunicaci\u00f3n entre las partes para que las mismas exploren las alternativas para solucionar el problema, satisfaciendo de la mejor manera posible sus intereses. Es de se\u00f1alar que el mediador es imparcial y neutral, no asesora legalmente y que<strong>\u00a0las partes pueden asistir a estas audiencias con su abogado o hacerse asesorar antes de la firma ya que no est\u00e1n obligados a concurrir con \u00e9l<\/strong>. La concurrencia de las partes a esta audiencia es totalmente voluntaria.<\/p>\n<p>Si llegan a un acuerdo, el acta tendr\u00e1 valor de convenio extrajudicial que podr\u00e1 ser homologado por la Justicia. Caso contrario, se clausurar\u00e1 la mediaci\u00f3n y las partes podr\u00e1n recurrir a otras v\u00edas para solucionar el conflicto, como ser el juicio.<\/p>\n<p><strong>Por derivaci\u00f3n judicial<\/strong><strong>:<\/strong><\/p>\n<p>Ya iniciado el juicio, las partes pueden solicitar al Tribunal una Mediaci\u00f3n. Si el juez lo considera conveniente por las caracter\u00edsticas del caso, tambi\u00e9n puede mandar la causa a Mediaci\u00f3n.<\/p>\n<p>Agregar la Acordada que habilita a todos los juzgados antes de la S\u00edntesis y luego de la rese\u00f1a que hace sobre como se fue dando el sistema.<\/p>\n<p>En fecha 06-12-04 y por Acta N\u00b0 51 se habilito a todos los juzgados de primera y de segunda instancia de la provincia a derivar causas a mediaci\u00f3n dentro de las pautas establecidas en el reglamento de Mediaci\u00f3n de la Provincia.<\/p>\n<p>A estos fines, a cada juzgado se le ha asignado uno o m\u00e1s Mediadores, Defensores Barriales o Jueces Comunales capacitados, que se desempe\u00f1an en lugares pr\u00f3ximos a sus dependencias judiciales. En esta instancia no trabajan como defensores ni como jueces, sino en calidad de Mediadores, con los deberes y responsabilidades que oportunamente les atribuy\u00f3 la Corte.<\/p>\n<p><strong>Juzgados que pueden derivar causas a Mediaci\u00f3n. Causas que pueden ser derivadas.<\/strong><\/p>\n<p>En un principio se habilit\u00f3 a los Juzgados de Primera Instancia de Circuito, de Distrito en lo Civil, Comercial y Laboral, y a los Tribunales Colegiados de Responsabilidad Extracontractual, a derivar a Mediaci\u00f3n causas de Responsabilidad Extracontractual cuyo monto no excediera los 20 mil pesos.<\/p>\n<p>Dicha posibilidad se extendi\u00f3 luego a las causas de origen contractual, por la misma suma.<\/p>\n<p>Hacia fines de 2002 se estableci\u00f3 que toda cuesti\u00f3n &#8220;susceptible de transacci\u00f3n, siempre que no se vulnere el orden p\u00fablico&#8221;, sea de origen contractual o extracontractual, puede ser sometida a Mediaci\u00f3n; agregando a los Colegiados de Familia al listado de Tribunales facultados para derivar tr\u00e1mites seg\u00fan este sistema y eliminando el l\u00edmite de la competencia por valor.<\/p>\n<p>En s\u00edntesis, a partir del 6-12-04 y por Acta N\u00b0 51 todos los juzgados de primera y segunda instancia podr\u00e1n derivar causas a mediaci\u00f3n, (cuando a su criterio, tengan probabilidad de encontrar una soluci\u00f3n entre las partes ), a los mediadores judiciales. debidamente capacitados, quienes cumplir\u00e1n esta funci\u00f3n, sin perduicio de las propias del cargo que ocupan.<\/p>\n<div class=\"gsp_post_data\" data-post_type=\"page\" data-cat=\"\" data-modified=\"120\" data-title=\"C\u00f3mo se accede a la mediaci\u00f3n judicial.\" data-home=\"https:\/\/www.justiciasantafe.gov.ar\"><\/div>","protected":false},"excerpt":{"rendered":"<p>\u00bfDonde se solicita la Mediaci\u00f3n Judicial? Se solicita en: Las oficinas de Mediaci\u00f3n de Rosario o Santa Fe: Rosario: Oficina de Mediaci\u00f3n de Rosario: Balcarce 1651 P.3 o v\u00eda e \u2013 mail solicitandolo a\u00a0mediacionros@justiciasantafe.gov.ar Santa Fe: Se solicita en la Mesa de Entradas de la Corte SupremaSan Jer\u00f3nimo 1551. En las Defensor\u00edas Zonales de toda [&#8230;]\n","protected":false},"author":12,"featured_media":0,"parent":133,"menu_order":0,"comment_status":"closed","ping_status":"closed","template":"","meta":{"_acf_changed":false,"footnotes":""},"class_list":["post-9847","page","type-page","status-publish","hentry"],"acf":[],"_links":{"self":[{"href":"https:\/\/www.justiciasantafe.gov.ar\/index.php\/wp-json\/wp\/v2\/pages\/9847","targetHints":{"allow":["GET"]}}],"collection":[{"href":"https:\/\/www.justiciasantafe.gov.ar\/index.php\/wp-json\/wp\/v2\/pages"}],"about":[{"href":"https:\/\/www.justiciasantafe.gov.ar\/index.php\/wp-json\/wp\/v2\/types\/page"}],"author":[{"embeddable":true,"href":"https:\/\/www.justiciasantafe.gov.ar\/index.php\/wp-json\/wp\/v2\/users\/12"}],"replies":[{"embeddable":true,"href":"https:\/\/www.justiciasantafe.gov.ar\/index.php\/wp-json\/wp\/v2\/comments?post=9847"}],"version-history":[{"count":0,"href":"https:\/\/www.justiciasantafe.gov.ar\/index.php\/wp-json\/wp\/v2\/pages\/9847\/revisions"}],"up":[{"embeddable":true,"href":"https:\/\/www.justiciasantafe.gov.ar\/index.php\/wp-json\/wp\/v2\/pages\/133"}],"wp:attachment":[{"href":"https:\/\/www.justiciasantafe.gov.ar\/index.php\/wp-json\/wp\/v2\/media?parent=9847"}],"curies":[{"name":"wp","href":"https:\/\/api.w.org\/{rel}","templated":true}]}}