 {"id":9853,"date":"2022-02-22T11:44:21","date_gmt":"2022-02-22T14:44:21","guid":{"rendered":"https:\/\/www.justiciasantafe.gov.ar\/?page_id=9853"},"modified":"2023-11-02T09:02:16","modified_gmt":"2023-11-02T12:02:16","slug":"objeto-de-la-mediacion","status":"publish","type":"page","link":"https:\/\/www.justiciasantafe.gov.ar\/index.php\/poder-judicial\/inicio\/mediacion\/objeto-de-la-mediacion\/","title":{"rendered":"Objeto de la mediaci\u00f3n"},"content":{"rendered":"<p>Se trata de un mecanismo destinado a resolver conflictos sin necesidad de litigar en la Justicia ordinaria, que puede satisfacer las expectativas de los ciudadanos en poco tiempo y sin costo alguno. Constituye -adem\u00e1s- una alternativa para agilizar el funcionamiento de los juzgados, que se encuentran atestados de causas y que necesitan a\u00f1os para llegar a una sentencia.<\/p>\n<p>&nbsp;<\/p>\n<p>&#8220;El gran desaf\u00edo de este proyecto consiste en implementar un m\u00e9todo pac\u00edfico para resolver conflictos desde el Poder Judicial y con sus propios integrantes&#8221;. Frente a la necesidad de cambiar la manera de brindar el servicio de Justicia, la Mediaci\u00f3n se constituye en una alternativa ideal para conseguirlo. Su prop\u00f3sito es &#8220;lograr un acuerdo sin los costos en tiempo, dinero y esfuerzo que llevar\u00eda un proceso judicial&#8221;. Es una instancia voluntaria, a la que se puede acudir con o sin el patrocinio de un abogado. El objetivo es impulsar un acercamiento entre las partes en conflicto con la asistencia de un mediador, de manera que aun cuando no se logre un acuerdo, se abran entre ellos caminos de entendimiento.<\/p>\n<p>&nbsp;<\/p>\n<p>El mediador es un &#8220;tercero neutral&#8221;, especialmente capacitado para actuar como facilitador de la comunicaci\u00f3n entre las partes en conflicto. No tiene poder de decisi\u00f3n, ya que el acuerdo parcial o total s\u00f3lo puede surgir de la voluntad de las partes.<\/p>\n<p>&nbsp;<\/p>\n<p>Las partes no concurren al mediador para que \u00e9l les solucione el conflicto, porque el mediador no es juez ni \u00e1rbitro. Su intervenci\u00f3n est\u00e1 destinada a facilitar la comunicaci\u00f3n entre ellas.<\/p>\n<p>&nbsp;<\/p>\n<p>Cualquier conflicto puede ser objeto de una mediaci\u00f3n: asuntos de familia como la tenencia de hijos, r\u00e9gimen de visitas, disputas por alimentos, o cuestiones societarias, patrimoniales como locaciones, ejecuci\u00f3n o resoluci\u00f3n de contratos, indemnizaciones por da\u00f1os y perjuicios, y problemas entre vecinos.<\/p>\n<div class=\"gsp_post_data\" data-post_type=\"page\" data-cat=\"\" data-modified=\"120\" data-title=\"Objeto de la mediaci\u00f3n\" data-home=\"https:\/\/www.justiciasantafe.gov.ar\"><\/div>","protected":false},"excerpt":{"rendered":"<p>Se trata de un mecanismo destinado a resolver conflictos sin necesidad de litigar en la Justicia ordinaria, que puede satisfacer las expectativas de los ciudadanos en poco tiempo y sin costo alguno. Constituye -adem\u00e1s- una alternativa para agilizar el funcionamiento de los juzgados, que se encuentran atestados de causas y que necesitan a\u00f1os para llegar [&#8230;]\n","protected":false},"author":12,"featured_media":0,"parent":133,"menu_order":0,"comment_status":"closed","ping_status":"closed","template":"","meta":{"_acf_changed":false,"footnotes":""},"class_list":["post-9853","page","type-page","status-publish","hentry"],"acf":[],"_links":{"self":[{"href":"https:\/\/www.justiciasantafe.gov.ar\/index.php\/wp-json\/wp\/v2\/pages\/9853","targetHints":{"allow":["GET"]}}],"collection":[{"href":"https:\/\/www.justiciasantafe.gov.ar\/index.php\/wp-json\/wp\/v2\/pages"}],"about":[{"href":"https:\/\/www.justiciasantafe.gov.ar\/index.php\/wp-json\/wp\/v2\/types\/page"}],"author":[{"embeddable":true,"href":"https:\/\/www.justiciasantafe.gov.ar\/index.php\/wp-json\/wp\/v2\/users\/12"}],"replies":[{"embeddable":true,"href":"https:\/\/www.justiciasantafe.gov.ar\/index.php\/wp-json\/wp\/v2\/comments?post=9853"}],"version-history":[{"count":0,"href":"https:\/\/www.justiciasantafe.gov.ar\/index.php\/wp-json\/wp\/v2\/pages\/9853\/revisions"}],"up":[{"embeddable":true,"href":"https:\/\/www.justiciasantafe.gov.ar\/index.php\/wp-json\/wp\/v2\/pages\/133"}],"wp:attachment":[{"href":"https:\/\/www.justiciasantafe.gov.ar\/index.php\/wp-json\/wp\/v2\/media?parent=9853"}],"curies":[{"name":"wp","href":"https:\/\/api.w.org\/{rel}","templated":true}]}}